{"id":71463,"date":"2025-07-29T10:19:43","date_gmt":"2025-07-29T10:19:43","guid":{"rendered":"https:\/\/fv6qoy3ls0.wpdns.site\/produto\/kit-de-puerta-de-granero-godox-bd-10-para-ad300pro\/"},"modified":"2026-01-31T01:41:42","modified_gmt":"2026-01-31T01:41:42","slug":"godox-kit-de-puerta-de-granero-godox-bd-10-para-ad300pro","status":"publish","type":"product","link":"https:\/\/hi-techwonder.com\/es\/producto\/godox-kit-de-puerta-de-granero-godox-bd-10-para-ad300pro\/","title":{"rendered":"Kit de puerta de granero GODOX BD-10 para AD300Pro"},"content":{"rendered":"<p><strong>Kit de puerta de granero GODOX BD-10 para AD300Pro<\/strong><\/p>\n<p>El kit Barndoor de cabezal de flash AD300pro de Godox proporciona lo que necesita para iluminar selectivamente y fomentar la expresi\u00f3n creativa. Las banderas tienen un dise\u00f1o de 4 v\u00edas. Simplemente balancee una o m\u00e1s hojas en la trayectoria del haz del AD300pro para iluminar las \u00e1reas que desea iluminar y mantener la luz fuera de las \u00e1reas que no desea. Tambi\u00e9n se incluyen filtros rojos, amarillos, azules y verdes, as\u00ed como un difusor.   <\/p>\n<p><strong>Funciones<\/strong><\/p>\n<ul>\n<li>Dise\u00f1ado para el Godox AD300 Pro<\/li>\n<li>Proporciona transiciones suaves y naturales, iluminaci\u00f3n de contraste y efectos de sombra<\/li>\n<li>Crea efectos de iluminaci\u00f3n creativos con filtros de color<\/li>\n<li>Incluye filtro difuso y 4 filtros de color en colores amarillo, verde, rojo y azul<\/li>\n<\/ul>\n<p><strong>En la caja<\/strong><\/p>\n<ul>\n<li>Barndoor con 4 v\u00e1lvulas<\/li>\n<li>Adaptador AD-CS<\/li>\n<li>Filtro de color verde<\/li>\n<li>Filtro de color rojo<\/li>\n<li>Filtro de color azul<\/li>\n<li>Filtro de color amarillo<\/li>\n<li>filtro difuso<\/li>\n<\/ul>\n","protected":false},"excerpt":{"rendered":"<p>Kit de puerta de granero GODOX BD-10 para AD300Pro El kit Barndoor de cabezal de flash AD300pro de Godox proporciona<\/p>\n","protected":false},"featured_media":61769,"comment_status":"closed","ping_status":"open","template":"","meta":{"_acf_changed":false},"product_brand":[2555],"product_cat":[1001],"product_tag":[],"class_list":{"0":"post-71463","1":"product","2":"type-product","3":"status-publish","4":"has-post-thumbnail","6":"product_brand-godox-es","7":"product_cat-aletas","9":"first","10":"onbackorder","11":"taxable","12":"shipping-taxable","13":"purchasable","14":"product-type-simple"},"bundled_by":[],"bundle_stock_status":"onbackorder","bundle_stock_quantity":0,"bundle_virtual":false,"bundle_layout":"","bundle_add_to_cart_form_location":"","bundle_editable_in_cart":false,"bundle_sold_individually_context":"","bundle_item_grouping":"","bundle_min_size":"","bundle_max_size":"","bundle_price":[],"bundled_items":[],"bundle_sell_ids":[],"acf":[],"_links":{"self":[{"href":"https:\/\/hi-techwonder.com\/es\/wp-json\/wp\/v2\/product\/71463","targetHints":{"allow":["GET"]}}],"collection":[{"href":"https:\/\/hi-techwonder.com\/es\/wp-json\/wp\/v2\/product"}],"about":[{"href":"https:\/\/hi-techwonder.com\/es\/wp-json\/wp\/v2\/types\/product"}],"replies":[{"embeddable":true,"href":"https:\/\/hi-techwonder.com\/es\/wp-json\/wp\/v2\/comments?post=71463"}],"wp:featuredmedia":[{"embeddable":true,"href":"https:\/\/hi-techwonder.com\/es\/wp-json\/wp\/v2\/media\/61769"}],"wp:attachment":[{"href":"https:\/\/hi-techwonder.com\/es\/wp-json\/wp\/v2\/media?parent=71463"}],"wp:term":[{"taxonomy":"product_brand","embeddable":true,"href":"https:\/\/hi-techwonder.com\/es\/wp-json\/wp\/v2\/product_brand?post=71463"},{"taxonomy":"product_cat","embeddable":true,"href":"https:\/\/hi-techwonder.com\/es\/wp-json\/wp\/v2\/product_cat?post=71463"},{"taxonomy":"product_tag","embeddable":true,"href":"https:\/\/hi-techwonder.com\/es\/wp-json\/wp\/v2\/product_tag?post=71463"}],"curies":[{"name":"wp","href":"https:\/\/api.w.org\/{rel}","templated":true}]}}