{"id":71465,"date":"2025-07-28T23:48:29","date_gmt":"2025-07-28T23:48:29","guid":{"rendered":"https:\/\/fv6qoy3ls0.wpdns.site\/produto\/boya-by-m1dm-microfono-con-dos-solapas\/"},"modified":"2026-03-13T17:39:56","modified_gmt":"2026-03-13T17:39:56","slug":"boya-by-m1dm-microfono-con-dos-solapas","status":"publish","type":"product","link":"https:\/\/hi-techwonder.com\/es\/producto\/boya-by-m1dm-microfono-con-dos-solapas\/","title":{"rendered":"BOYA BY-M1DM Micr\u00f3fono con dos solapas"},"content":{"rendered":"<p>El <strong>BY-M1DM<\/strong> de Boya es un micr\u00f3fono de solapa adecuado para tel\u00e9fonos inteligentes y c\u00e1maras con un bot\u00f3n especial, puede cambiar entre estos dos modos.<\/p>\n<p>Gracias a la longitud del cable de cuatro metros, tiene suficiente libertad de movimiento.<\/p>\n<p>Incluye un clip, una esponja, un adaptador de 3,5 mm a 6,3 mm y una bolsa de transporte.<\/p>\n<p><iframe loading=\"lazy\" style=\"min-height: 500px; width: 100%; height: auto;\" src=\"\/\/www.youtube.com\/embed\/9Zl0pAqo0fU\" width=\"100%\" height=\"auto\" allowfullscreen=\"allowfullscreen\"><\/iframe><\/p>\n<p><strong>Res\u00famenes:<\/strong><\/p>\n<ul>\n<li>Micr\u00f3fono de solapa con clip para tel\u00e9fonos inteligentes, c\u00e1maras, videoc\u00e1maras, grabadoras de audio, tabletas y otros dispositivos de grabaci\u00f3n de audio \/ video<\/li>\n<li>Micr\u00f3fono de condensador omnidireccional<\/li>\n<li>Excelente para entrevistas<\/li>\n<li>Sensibilidad y relaci\u00f3n se\u00f1al-ruido mejoradas<\/li>\n<li>Incluye bolsa de transporte<\/li>\n<\/ul>\n<p>El BOYA BY-M1DM es un micr\u00f3fono de solapa dual universal, con un solo conector est\u00e9reo de 3,5 mm, se puede usar con tel\u00e9fonos inteligentes, c\u00e1maras DSLR, videoc\u00e1maras, grabadoras de audio, PC y otros dispositivos de grabaci\u00f3n.<\/p>\n<p>Consta de dos micr\u00f3fonos de solapa omnidireccionales bien recibidos y un cable de 4 m de largo, es perfecto para entrevistas, presentaciones, podcasts, webcasts o cualquier situaci\u00f3n en la que sea necesario grabar m\u00e1s de un sujeto.<\/p>\n<p>Su cable de 4 m ofrece 2,8 m de distancia entre cada micr\u00f3fono para un posicionamiento c\u00f3modo, mientras que los clips de amarre incluidos permiten el uso con manos libres.<\/p>\n<p><strong>Amplia gama de compatibilidad<\/strong><\/p>\n<p>Compatible con tel\u00e9fonos inteligentes, c\u00e1maras, videoc\u00e1maras, grabadoras de audio, tabletas y otros dispositivos de grabaci\u00f3n de audio \/ video<\/p>\n<p><strong>Patr\u00f3n polar omnidireccional<\/strong><\/p>\n<p>El patr\u00f3n polar omnidireccional proporciona una excelente respuesta fuera del eje, incluso si un sujeto gira la cabeza mientras habla<\/p>\n<p><strong>Dise\u00f1ado para grabar entrevistas<\/strong><\/p>\n<p>Los micr\u00f3fonos de solapa omnidireccionales duales pueden grabar dos funciones de sonido al mismo tiempo<\/p>\n<ul>\n<li>El cable de 4 m de largo le permite usarlo en diversas situaciones<\/li>\n<li>Paquete de energ\u00eda de metal resistente<\/li>\n<\/ul>\n<p style=\"margin: 0px auto; line-height: 24px; padding: 0px; border: 0px; list-style: none;\"><strong>Caracter\u00edsticas t\u00e9cnicas:<\/strong><\/p>\n<table style=\"border-spacing: 0px; border-color: #e2e2e2; width: 600px; height: 220px;\" border=\"1\" cellspacing=\"0\" cellpadding=\"2\">\n<tbody>\n<tr style=\"height: 22px;\">\n<td style=\"padding: 0px; height: 22px; width: 212.222px;\"><strong>Transductor<\/strong><\/td>\n<td style=\"padding: 0px; height: 22px; width: 384.444px;\">Condensador Electret<\/td>\n<\/tr>\n<tr style=\"height: 22px;\">\n<td style=\"padding: 0px; height: 22px; width: 212.222px;\"><strong>Patr\u00f3n<\/strong><\/td>\n<p> polar<\/p>\n<td style=\"padding: 0px; height: 22px; width: 384.444px;\">Omnidireccional<\/td>\n<\/tr>\n<tr style=\"height: 22px;\">\n<td style=\"padding: 0px; height: 22px; width: 212.222px;\"><strong>Rango de frecuencia<\/strong><\/td>\n<td style=\"padding: 0px; height: 22px; width: 384.444px;\">65Hz ~ 18KHz<\/td>\n<\/tr>\n<tr style=\"height: 22px;\">\n<td style=\"padding: 0px; height: 22px; width: 212.222px;\"><strong>Se\u00f1al \/ Ruido<\/strong><\/td>\n<td style=\"padding: 0px; height: 22px; width: 384.444px;\">74dB SPL<\/td>\n<\/tr>\n<tr style=\"height: 22px;\">\n<td style=\"padding: 0px; height: 22px; width: 212.222px;\"><strong>Sensibilidad<\/strong><\/td>\n<td style=\"padding: 0px; height: 22px; width: 384.444px;\">-30dB +\/- 3dB \/ 0dB = 1V \/ Pa, 1kHz<\/td>\n<\/tr>\n<tr style=\"height: 22px;\">\n<td style=\"padding: 0px; height: 22px; width: 212.222px;\"><strong>Impedancia de<\/strong><\/td>\n<p> salida <\/p>\n<td style=\"padding: 0px; height: 22px; width: 384.444px;\">1000 ohmios o menos<\/td>\n<\/tr>\n<tr style=\"height: 22px;\">\n<td style=\"padding: 0px; height: 22px; width: 212.222px;\"><strong>Conector<\/strong><\/td>\n<td style=\"padding: 0px; height: 22px; width: 384.444px;\">Enchufe dorado de 4 polos de 3,5 mm<\/td>\n<\/tr>\n<tr style=\"height: 22px;\">\nRequisito <\/p>\n<td style=\"padding: 0px; height: 22px; width: 212.222px;\"><strong>de energ\u00eda<\/strong><\/td>\n<td style=\"padding: 0px; height: 22px; width: 384.444px;\">LR44 (incluido)<\/td>\n<\/tr>\n<tr style=\"height: 22px;\">\n<td style=\"padding: 0px; height: 22px; width: 212.222px;\"><strong>Longitud del cable<\/strong><\/td>\n<td style=\"padding: 0px; height: 22px; width: 384.444px;\">4 millones<\/td>\n<\/tr>\n<tr style=\"height: 22px;\">\n<td style=\"padding: 0px; height: 22px; width: 212.222px;\"><strong>Peso neto<\/strong><\/td>\n<td style=\"padding: 0px; height: 22px; width: 384.444px;\">68 gramos<\/td>\n<\/tr>\n<\/tbody>\n<\/table>\n","protected":false},"excerpt":{"rendered":"<p>El BY-M1DM de Boya es un micr\u00f3fono de solapa adecuado para tel\u00e9fonos inteligentes y c\u00e1maras con un bot\u00f3n especial, puede<\/p>\n","protected":false},"featured_media":28037,"comment_status":"closed","ping_status":"open","template":"","meta":{"_acf_changed":false},"product_brand":[2621],"product_cat":[896],"product_tag":[],"class_list":{"0":"post-71465","1":"product","2":"type-product","3":"status-publish","4":"has-post-thumbnail","6":"product_brand-boya-es","7":"product_cat-solapa","9":"first","10":"instock","11":"taxable","12":"shipping-taxable","13":"purchasable","14":"product-type-simple"},"bundled_by":[],"bundle_stock_status":"instock","bundle_stock_quantity":1,"bundle_virtual":false,"bundle_layout":"","bundle_add_to_cart_form_location":"","bundle_editable_in_cart":false,"bundle_sold_individually_context":"","bundle_item_grouping":"","bundle_min_size":"","bundle_max_size":"","bundle_price":[],"bundled_items":[],"bundle_sell_ids":[],"acf":[],"_links":{"self":[{"href":"https:\/\/hi-techwonder.com\/es\/wp-json\/wp\/v2\/product\/71465","targetHints":{"allow":["GET"]}}],"collection":[{"href":"https:\/\/hi-techwonder.com\/es\/wp-json\/wp\/v2\/product"}],"about":[{"href":"https:\/\/hi-techwonder.com\/es\/wp-json\/wp\/v2\/types\/product"}],"replies":[{"embeddable":true,"href":"https:\/\/hi-techwonder.com\/es\/wp-json\/wp\/v2\/comments?post=71465"}],"wp:featuredmedia":[{"embeddable":true,"href":"https:\/\/hi-techwonder.com\/es\/wp-json\/wp\/v2\/media\/28037"}],"wp:attachment":[{"href":"https:\/\/hi-techwonder.com\/es\/wp-json\/wp\/v2\/media?parent=71465"}],"wp:term":[{"taxonomy":"product_brand","embeddable":true,"href":"https:\/\/hi-techwonder.com\/es\/wp-json\/wp\/v2\/product_brand?post=71465"},{"taxonomy":"product_cat","embeddable":true,"href":"https:\/\/hi-techwonder.com\/es\/wp-json\/wp\/v2\/product_cat?post=71465"},{"taxonomy":"product_tag","embeddable":true,"href":"https:\/\/hi-techwonder.com\/es\/wp-json\/wp\/v2\/product_tag?post=71465"}],"curies":[{"name":"wp","href":"https:\/\/api.w.org\/{rel}","templated":true}]}}