{"id":71467,"date":"2025-07-29T00:06:04","date_gmt":"2025-07-29T00:06:04","guid":{"rendered":"https:\/\/fv6qoy3ls0.wpdns.site\/produto\/caden-d17-mochila-para-material-fotografico-negro\/"},"modified":"2025-09-04T07:52:14","modified_gmt":"2025-09-04T07:52:14","slug":"caden-d17-mochila-para-material-fotografico-negro","status":"publish","type":"product","link":"https:\/\/hi-techwonder.com\/es\/producto\/caden-d17-mochila-para-material-fotografico-negro\/","title":{"rendered":"CADEN D17 Mochila para Material Fotogr\u00e1fico &#8211; Negro"},"content":{"rendered":"<p><strong>CADEN D17 Mochila para Material Fotogr\u00e1fico &#8211; Negro<\/strong><\/p>\n<p>Mochila dise\u00f1ada para guardar tu c\u00e1mara y accesorios. Se puede convertir f\u00e1cilmente en modo de cabestrillo y convertirse en una mochila de una sola correa. Fabricado en material resistente y duradero. Permite un acceso r\u00e1pido a todos sus equipos.   <\/p>\n<p><strong>Caracter\u00edsticas t\u00e9cnicas:<\/strong><\/p>\n<ul>\n<li>Marca: CADEN<\/li>\n<li>Modelo: D17<\/li>\n<li>Material: 600D<\/li>\n<li>Dimensiones: 25 x 15 x 31 cm<\/li>\n<\/ul>\n","protected":false},"excerpt":{"rendered":"<p>CADEN D17 Mochila para Material Fotogr\u00e1fico &#8211; Negro Mochila dise\u00f1ada para guardar tu c\u00e1mara y accesorios. Se puede convertir f\u00e1cilmente<\/p>\n","protected":false},"featured_media":33709,"comment_status":"closed","ping_status":"open","template":"","meta":{"_acf_changed":false},"product_brand":[2642],"product_cat":[907],"product_tag":[],"class_list":{"0":"post-71467","1":"product","2":"type-product","3":"status-publish","4":"has-post-thumbnail","6":"product_brand-caden-es","7":"product_cat-mochilas-es","9":"first","10":"instock","11":"taxable","12":"shipping-taxable","13":"purchasable","14":"product-type-simple"},"bundled_by":[],"bundle_stock_status":"instock","bundle_stock_quantity":1,"bundle_virtual":false,"bundle_layout":"","bundle_add_to_cart_form_location":"","bundle_editable_in_cart":false,"bundle_sold_individually_context":"","bundle_item_grouping":"","bundle_min_size":"","bundle_max_size":"","bundle_price":[],"bundled_items":[],"bundle_sell_ids":[],"acf":[],"_links":{"self":[{"href":"https:\/\/hi-techwonder.com\/es\/wp-json\/wp\/v2\/product\/71467","targetHints":{"allow":["GET"]}}],"collection":[{"href":"https:\/\/hi-techwonder.com\/es\/wp-json\/wp\/v2\/product"}],"about":[{"href":"https:\/\/hi-techwonder.com\/es\/wp-json\/wp\/v2\/types\/product"}],"replies":[{"embeddable":true,"href":"https:\/\/hi-techwonder.com\/es\/wp-json\/wp\/v2\/comments?post=71467"}],"wp:featuredmedia":[{"embeddable":true,"href":"https:\/\/hi-techwonder.com\/es\/wp-json\/wp\/v2\/media\/33709"}],"wp:attachment":[{"href":"https:\/\/hi-techwonder.com\/es\/wp-json\/wp\/v2\/media?parent=71467"}],"wp:term":[{"taxonomy":"product_brand","embeddable":true,"href":"https:\/\/hi-techwonder.com\/es\/wp-json\/wp\/v2\/product_brand?post=71467"},{"taxonomy":"product_cat","embeddable":true,"href":"https:\/\/hi-techwonder.com\/es\/wp-json\/wp\/v2\/product_cat?post=71467"},{"taxonomy":"product_tag","embeddable":true,"href":"https:\/\/hi-techwonder.com\/es\/wp-json\/wp\/v2\/product_tag?post=71467"}],"curies":[{"name":"wp","href":"https:\/\/api.w.org\/{rel}","templated":true}]}}