{"id":71469,"date":"2025-07-29T00:06:23","date_gmt":"2025-07-29T00:06:23","guid":{"rendered":"https:\/\/fv6qoy3ls0.wpdns.site\/produto\/caden-d10-mochila-de-fotografia-con-conexion-usb-negro\/"},"modified":"2025-09-22T15:27:44","modified_gmt":"2025-09-22T15:27:44","slug":"caden-d10-mochila-de-fotografia-con-conexion-usb-negro","status":"publish","type":"product","link":"https:\/\/hi-techwonder.com\/es\/producto\/caden-d10-mochila-de-fotografia-con-conexion-usb-negro\/","title":{"rendered":"CADEN D10 Mochila de fotograf\u00eda con conexi\u00f3n USB &#8211; Negro"},"content":{"rendered":"<p><strong>CADEN D10 Mochila de fotograf\u00eda con conexi\u00f3n USB &#8211; Negro<\/strong><\/p>\n<p>Mochila dise\u00f1ada para guardar tu c\u00e1mara y accesorios. Fabricado en material resistente y duradero. Permite un acceso r\u00e1pido a todos sus equipos. El acceso al gran compartimento interior se realiza a trav\u00e9s de una cremallera en la parte delantera de la mochila y una cremallera lateral. La parte delantera tambi\u00e9n contiene un bolsillo con cremallera, dos correas en la parte inferior para tr\u00edpode y una entrada con conexi\u00f3n USB. Tirantes ajustables y acolchados.     <\/p>\n<p><strong>Contenido:<\/strong><\/p>\n<ul>\n<li>1 x Mochila<\/li>\n<li>1 x Cubierta para la lluvia<\/li>\n<\/ul>\n<p><strong>Caracter\u00edsticas t\u00e9cnicas:<\/strong><\/p>\n<ul>\n<li>Marca: CADEN<\/li>\n<li>Modelo: D10<\/li>\n<li>Material: 900D<\/li>\n<li>Dimensiones: 28 x 12 x 43cm<\/li>\n<\/ul>\n","protected":false},"excerpt":{"rendered":"<p>CADEN D10 Mochila de fotograf\u00eda con conexi\u00f3n USB &#8211; Negro Mochila dise\u00f1ada para guardar tu c\u00e1mara y accesorios. Fabricado en<\/p>\n","protected":false},"featured_media":33731,"comment_status":"closed","ping_status":"open","template":"","meta":{"_acf_changed":false},"product_brand":[2642],"product_cat":[907],"product_tag":[],"class_list":{"0":"post-71469","1":"product","2":"type-product","3":"status-publish","4":"has-post-thumbnail","6":"product_brand-caden-es","7":"product_cat-mochilas-es","9":"first","10":"instock","11":"taxable","12":"shipping-taxable","13":"purchasable","14":"product-type-simple"},"bundled_by":[],"bundle_stock_status":"instock","bundle_stock_quantity":2,"bundle_virtual":false,"bundle_layout":"","bundle_add_to_cart_form_location":"","bundle_editable_in_cart":false,"bundle_sold_individually_context":"","bundle_item_grouping":"","bundle_min_size":"","bundle_max_size":"","bundle_price":[],"bundled_items":[],"bundle_sell_ids":[],"acf":[],"_links":{"self":[{"href":"https:\/\/hi-techwonder.com\/es\/wp-json\/wp\/v2\/product\/71469","targetHints":{"allow":["GET"]}}],"collection":[{"href":"https:\/\/hi-techwonder.com\/es\/wp-json\/wp\/v2\/product"}],"about":[{"href":"https:\/\/hi-techwonder.com\/es\/wp-json\/wp\/v2\/types\/product"}],"replies":[{"embeddable":true,"href":"https:\/\/hi-techwonder.com\/es\/wp-json\/wp\/v2\/comments?post=71469"}],"wp:featuredmedia":[{"embeddable":true,"href":"https:\/\/hi-techwonder.com\/es\/wp-json\/wp\/v2\/media\/33731"}],"wp:attachment":[{"href":"https:\/\/hi-techwonder.com\/es\/wp-json\/wp\/v2\/media?parent=71469"}],"wp:term":[{"taxonomy":"product_brand","embeddable":true,"href":"https:\/\/hi-techwonder.com\/es\/wp-json\/wp\/v2\/product_brand?post=71469"},{"taxonomy":"product_cat","embeddable":true,"href":"https:\/\/hi-techwonder.com\/es\/wp-json\/wp\/v2\/product_cat?post=71469"},{"taxonomy":"product_tag","embeddable":true,"href":"https:\/\/hi-techwonder.com\/es\/wp-json\/wp\/v2\/product_tag?post=71469"}],"curies":[{"name":"wp","href":"https:\/\/api.w.org\/{rel}","templated":true}]}}