{"id":71470,"date":"2025-07-28T23:53:47","date_gmt":"2025-07-28T23:53:47","guid":{"rendered":"https:\/\/fv6qoy3ls0.wpdns.site\/produto\/escudo-de-aislamiento-acustico-plegable-boya-by-rf5p\/"},"modified":"2026-01-31T03:23:48","modified_gmt":"2026-01-31T03:23:48","slug":"boya-escudo-de-aislamiento-acustico-plegable-boya-by-rf5p","status":"publish","type":"product","link":"https:\/\/hi-techwonder.com\/es\/producto\/boya-escudo-de-aislamiento-acustico-plegable-boya-by-rf5p\/","title":{"rendered":"Escudo de aislamiento ac\u00fastico plegable BOYA BY-RF5P"},"content":{"rendered":"<p><strong>BOYA BY-RF5P Escudo de aislamiento ac\u00fastico plegable<\/strong><\/p>\n<p><strong>Funciones:<\/strong><\/p>\n<ul>\n<li>Espuma ac\u00fastica EVA de alta densidad para absorber la voz fuera del eje.<\/li>\n<li>Ideal para estudios de grabaci\u00f3n en casa, transmisi\u00f3n en vivo o grabaci\u00f3n vocal profesional<\/li>\n<li>Funciona bien con micr\u00f3fonos de condensador USB y micr\u00f3fonos de diafragma grande (BY-PM700 \/ BY-M1000)<\/li>\n<li>F\u00e1cil de usar, plegable y port\u00e1til<\/li>\n<li>Placa posterior de metal ventilada para evitar la reverberaci\u00f3n y el reflejo de la habitaci\u00f3n en la parte posterior<\/li>\n<li>Tornillo y arandela de 3\/8&#8243; para fijaci\u00f3n en soportes<\/li>\n<li>Cuatro patas de apoyo para usar en la mesa<\/li>\n<\/ul>\n<p><strong>Contenido del paquete:<\/strong><\/p>\n<ul>\n<li>1 x Escudo de sonido plegable<\/li>\n<li>1 x Barra de soporte<\/li>\n<li>1 x Adaptador de conversi\u00f3n 5\/8&#8243; \u2013 3\/8&#8243;<\/li>\n<\/ul>\n<p>El BOYA BY-RF5P es un escudo plegable de insonorizaci\u00f3n de micr\u00f3fono que le permite reducir eficazmente los destellos y el ruido durante la grabaci\u00f3n, logrando un sonido claro y de alta calidad. Te permite crear un estudio de grabaci\u00f3n casero, para transmisi\u00f3n en vivo o grabaci\u00f3n vocal profesional. <\/p>\n<p><strong>Espuma ac\u00fastica y placa posterior de metal ventilada<\/strong><\/p>\n<p>El BY-RF5P cuenta con una espuma ac\u00fastica EVA de alta densidad y una placa posterior de metal ventilada. La espuma ac\u00fastica puede absorber la voz fuera del eje desde el frente para reducir la generaci\u00f3n de reverberaci\u00f3n y reflexi\u00f3n de la sala. Los peque\u00f1os orificios en la placa posterior de metal ventilada tambi\u00e9n permiten que la reflexi\u00f3n del sonido pase a trav\u00e9s de la placa.  <\/p>\n<p><strong>Placa de conexi\u00f3n y accesorios esenciales para el montaje del micr\u00f3fono y la fijaci\u00f3n de la barra<\/strong><\/p>\n<p>El BY-RF5P est\u00e1 dise\u00f1ado con una placa de conexi\u00f3n larga y estrecha y equipado con accesorios esenciales. Todos ellos son \u00fatiles en el montaje del micr\u00f3fono y la fijaci\u00f3n del brazo. El escudo est\u00e1 dise\u00f1ado con cuatro patas de soporte. Estas patas te permiten pararte de forma independiente sobre la mesa, lo cual es muy \u00fatil a la hora de crear tus obras sobre la mesa   <\/p>\n<p><strong>Caracter\u00edsticas t\u00e9cnicas:<\/strong><\/p>\n<table border=\"0\" width=\"340\" cellspacing=\"0\" cellpadding=\"2\">\n<colgroup>\n<col width=\"143\">\n<col width=\"189\"> <\/colgroup>\n<tbody>\n<tr>\n<td width=\"143\"> Capacidad m\u00e1xima <\/td>\n<td width=\"189\"> 1 kg <\/td>\n<\/tr>\n<tr>\n<td width=\"143\"> Tama\u00f1o <\/td>\n<p> m\u00ednimo<\/p>\n<td width=\"189\"> 24 x 28 cm <\/td>\n<\/tr>\n<tr>\n<td width=\"143\"> Tama\u00f1o <\/td>\n<p> m\u00e1ximo<\/p>\n<td width=\"189\"> 71 x 28 cm <\/td>\n<\/tr>\n<tr>\n<td width=\"143\"> Peso <\/td>\n<td width=\"189\"> 1 kg <\/td>\n<\/tr>\n<\/tbody>\n<\/table>\n","protected":false},"excerpt":{"rendered":"<p>BOYA BY-RF5P Escudo de aislamiento ac\u00fastico plegable Funciones: Espuma ac\u00fastica EVA de alta densidad para absorber la voz fuera del<\/p>\n","protected":false},"featured_media":29581,"comment_status":"closed","ping_status":"open","template":"","meta":{"_acf_changed":false},"product_brand":[2621],"product_cat":[899],"product_tag":[],"class_list":{"0":"post-71470","1":"product","2":"type-product","3":"status-publish","4":"has-post-thumbnail","6":"product_brand-boya-es","7":"product_cat-otros-accesorios","9":"first","10":"instock","11":"taxable","12":"shipping-taxable","13":"purchasable","14":"product-type-simple"},"bundled_by":[],"bundle_stock_status":"instock","bundle_stock_quantity":1,"bundle_virtual":false,"bundle_layout":"","bundle_add_to_cart_form_location":"","bundle_editable_in_cart":false,"bundle_sold_individually_context":"","bundle_item_grouping":"","bundle_min_size":"","bundle_max_size":"","bundle_price":[],"bundled_items":[],"bundle_sell_ids":[],"acf":[],"_links":{"self":[{"href":"https:\/\/hi-techwonder.com\/es\/wp-json\/wp\/v2\/product\/71470","targetHints":{"allow":["GET"]}}],"collection":[{"href":"https:\/\/hi-techwonder.com\/es\/wp-json\/wp\/v2\/product"}],"about":[{"href":"https:\/\/hi-techwonder.com\/es\/wp-json\/wp\/v2\/types\/product"}],"replies":[{"embeddable":true,"href":"https:\/\/hi-techwonder.com\/es\/wp-json\/wp\/v2\/comments?post=71470"}],"wp:featuredmedia":[{"embeddable":true,"href":"https:\/\/hi-techwonder.com\/es\/wp-json\/wp\/v2\/media\/29581"}],"wp:attachment":[{"href":"https:\/\/hi-techwonder.com\/es\/wp-json\/wp\/v2\/media?parent=71470"}],"wp:term":[{"taxonomy":"product_brand","embeddable":true,"href":"https:\/\/hi-techwonder.com\/es\/wp-json\/wp\/v2\/product_brand?post=71470"},{"taxonomy":"product_cat","embeddable":true,"href":"https:\/\/hi-techwonder.com\/es\/wp-json\/wp\/v2\/product_cat?post=71470"},{"taxonomy":"product_tag","embeddable":true,"href":"https:\/\/hi-techwonder.com\/es\/wp-json\/wp\/v2\/product_tag?post=71470"}],"curies":[{"name":"wp","href":"https:\/\/api.w.org\/{rel}","templated":true}]}}