{"id":71472,"date":"2025-07-28T23:49:10","date_gmt":"2025-07-28T23:49:10","guid":{"rendered":"https:\/\/fv6qoy3ls0.wpdns.site\/produto\/boya-by-xm6-k1-sistema-de-microfono-de-solapa-inalambrico-2-4ghz\/"},"modified":"2026-01-08T17:12:38","modified_gmt":"2026-01-08T17:12:38","slug":"boya-by-xm6-k1-sistema-de-microfono-de-solapa-inalambrico-2-4ghz","status":"publish","type":"product","link":"https:\/\/hi-techwonder.com\/es\/producto\/boya-by-xm6-k1-sistema-de-microfono-de-solapa-inalambrico-2-4ghz\/","title":{"rendered":"BOYA BY-XM6-K1 Sistema de micr\u00f3fono de solapa inal\u00e1mbrico 2.4GHz"},"content":{"rendered":"<p><strong>BOYA BY-XM6-K1<\/strong><\/p>\n<ul>\n<li>Kit de sistema de micr\u00f3fono inal\u00e1mbrico ultracompacto de 2,4 GHz<\/li>\n<li>Ideal para vlogs de una sola persona, videos de YouTube, transmisi\u00f3n en vivo, entrevistas, grabaciones, etc.<\/li>\n<li>Compatible con DSLR, c\u00e1mara sin espejo, tel\u00e9fono inteligente y computadora.<\/li>\n<li>Tecnolog\u00eda de transmisi\u00f3n de se\u00f1al inal\u00e1mbrica de 2,4 GHz.<\/li>\n<li>Sistema de procesamiento y entrega de audio de alta fidelidad y bajo ruido.<\/li>\n<li>Construido con una pantalla OLED f\u00e1cil de usar, v\u00edvida e informativa.<\/li>\n<li>Micr\u00f3fono omnidireccional incorporado y un micr\u00f3fono de solapa en el transmisor.<\/li>\n<li>Conector de salida de auriculares en el receptor para monitoreo en tiempo real.<\/li>\n<li>Las salidas est\u00e9reo y mono est\u00e1n disponibles y se pueden conmutar en el receptor.<\/li>\n<li>Bater\u00edas de iones de litio incorporadas para 7 horas de uso en el transmisor y 6,5 horas de uso en el receptor.<\/li>\n<li>Rango de operaci\u00f3n de hasta 100 m (328 pies) sin obst\u00e1culos.<\/li>\n<li>Equipado con un estuche de carga port\u00e1til<\/li>\n<li>Duplicar las horas de trabajo<\/li>\n<\/ul>\n<p><iframe loading=\"lazy\" style=\"min-height: 500px; width: 100%; height: auto;\" src=\"https:\/\/www.youtube.com\/embed\/zty2a3mE1GE\" width=\"560\" height=\"314\" allowfullscreen=\"allowfullscreen\"><\/iframe><\/p>\n<p>El BOYA BY-XM6-K1, un sistema de micr\u00f3fono inal\u00e1mbrico adaptativo de salto de frecuencia de 2,4 GHz, consta de un transmisor, un receptor y un estuche de carga. Es una captura de sonido perfecta, al tiempo que proporciona una soluci\u00f3n para vlogs de una persona, videos de YouTube, transmisi\u00f3n en vivo, entrevistas, grabaciones, etc. <\/p>\n<p><strong>Tecnolog\u00eda avanzada para una transmisi\u00f3n de se\u00f1al estable<\/strong><\/p>\n<p>El BY-XM6 K1 adopta la avanzada tecnolog\u00eda de transmisi\u00f3n de se\u00f1al inal\u00e1mbrica Adaptive Frequency Hopping (AFH), que puede hacer que el micr\u00f3fono evite autom\u00e1ticamente las partes de frecuencia de salto perturbadas para realizar una transmisi\u00f3n de se\u00f1al estable en el rango de hasta 100 m (328 pies), sin obst\u00e1culos.<\/p>\n<p><strong>Captura y entrega de audio profesional<\/strong><\/p>\n<p>Con una c\u00e1psula de alta calidad, un circuito de procesamiento de se\u00f1al con una relaci\u00f3n se\u00f1al-ruido de m\u00e1s de 84dB, as\u00ed como una relaci\u00f3n de distorsi\u00f3n de menos del 0,1%, el micr\u00f3fono captura mientras ofrece audio de alta calidad, claro y de bajo ruido.<\/p>\n<p><strong>Kit de micr\u00f3fono inal\u00e1mbrico ultravers\u00e1til y f\u00e1cil de usar<\/strong><\/p>\n<p>Con una pantalla OLED v\u00edvida y f\u00e1cil de leer tanto en el transmisor como en el receptor, los usuarios pueden ajustar la transmisi\u00f3n de la se\u00f1al con precisi\u00f3n. Adem\u00e1s, el transmisor tambi\u00e9n est\u00e1 dise\u00f1ado con un micr\u00f3fono omnidireccional incorporado, por lo que los usuarios pueden conectar el transmisor al collar para captar sonidos, mientras que tambi\u00e9n pueden conectar un micr\u00f3fono de solapa a la entrada MIC IN del transmisor para capturar sonido. Adem\u00e1s, este kit de micr\u00f3fono est\u00e1 equipado con un cable de audio TRS-TRS de 3,5 mm y un cable de audio TRS-TRRS de 3,5 mm. Por lo tanto, puede funcionar bien con su c\u00e1mara DSLR o sin espejo, tel\u00e9fono inteligente o computadora, etc.   <\/p>\n<p>El BY-XM6 K1 viene equipado con un estuche de carga port\u00e1til y potente, que facilita su transporte al aire libre. Con la potente bater\u00eda incorporada, el estuche de carga permite que el receptor y el transmisor se carguen completamente al mismo tiempo, sin necesidad de cables. Adem\u00e1s, el indicador de encendido en el estuche de carga permite verificar f\u00e1cilmente la capacidad de la bater\u00eda y el estado de carga.  <\/p>\n<p style=\"margin-bottom: 0cm; border: none; padding: 0cm; widows: 2; orphans: 2;\"><strong><span style=\"color: #000000;\"><span style=\"font-family: apple-system, BlinkMacSystemFont, Segoe UI, Roboto, Oxygen, Ubuntu, Cantarell, Open Sans, Helvetica Neue, sans-serif;\"><span style=\"font-size: medium;\"><span style=\"font-style: normal;\"><strong>Transmisor TX<\/strong><\/span><\/span><\/span><\/strong><\/span><\/p>\n<table style=\"width: 891px;\" border=\"1\" width=\"643\" cellspacing=\"0\" cellpadding=\"2\">\n<colgroup>\n<col style=\"width: 325px;\" width=\"196\">\n<col style=\"width: 565px;\" width=\"437\"> <\/colgroup>\n<tbody>\n<tr>\n<td width=\"196\">\n<p style=\"border: none; padding: 0cm;\">&nbsp;<span style=\"font-size: medium;\"><span style=\"font-style: normal;\">Tipo de transmisi\u00f3n<\/span><\/span><\/p>\n<\/td>\n<td width=\"437\">\n<p style=\"border: none; padding: 0cm;\">&nbsp;<span style=\"font-size: medium;\"><span style=\"font-style: normal;\">Frecuencia digital de 2,4 GHz<\/span><\/span><\/p>\n<\/td>\n<\/tr>\n<tr>\n<td width=\"196\">\n<p style=\"border: none; padding: 0cm;\">&nbsp;<span style=\"font-size: medium;\"><span style=\"font-style: normal;\">Modulaci\u00f3n<\/span><\/span><\/p>\n<\/td>\n<td width=\"437\">\n<p style=\"border: none; padding: 0cm;\">&nbsp;<span style=\"font-size: medium;\"><span style=\"font-style: normal;\">GFSK<\/span><\/span><\/p>\n<\/td>\n<\/tr>\n<tr>\n<td width=\"196\">\n<p style=\"border: none; padding: 0cm;\">&nbsp;<span style=\"font-size: medium;\"><span style=\"font-style: normal;\">Rango de funcionamiento (sin obst\u00e1culos)<\/span><\/span><\/p>\n<\/td>\n<td width=\"437\">\n<p style=\"border: none; padding: 0cm;\">&nbsp;<span style=\"font-size: medium;\"><span style=\"font-style: normal;\">Hasta 328 pies (100 m)<\/span><\/span><\/p>\n<\/td>\n<\/tr>\n<tr>\n<td width=\"196\">\n<p style=\"border: none; padding: 0cm;\">&nbsp;<span style=\"font-size: medium;\"><span style=\"font-style: normal;\">Potencia de salida de RF<\/span><\/span><\/p>\n<\/td>\n<td width=\"437\">\n<p style=\"border: none; padding: 0cm;\">&nbsp;<span style=\"font-size: medium;\"><span style=\"font-style: normal;\">&lt;<\/span><\/span><span style=\"font-size: medium;\"><span style=\"font-style: normal;\">10mW<\/span><\/span><\/p>\n<\/td>\n<\/tr>\n<tr>\n<td width=\"196\">\n<p style=\"border: none; padding: 0cm;\">&nbsp;<span style=\"font-size: medium;\"><span style=\"font-style: normal;\">Patr\u00f3n polar<\/span><\/span><\/p>\n<\/td>\n<td width=\"437\">\n<p style=\"border: none; padding: 0cm;\">&nbsp;<span style=\"font-size: medium;\"><span style=\"font-style: normal;\">Omnidireccional<\/span><\/span><\/p>\n<\/td>\n<\/tr>\n<tr>\n<td width=\"196\">\n<p style=\"border: none; padding: 0cm;\">&nbsp;<span style=\"font-size: medium;\"><span style=\"font-style: normal;\">Respuesta de frecuencia<\/span><\/span><\/p>\n<\/td>\n<td width=\"437\">\n<p style=\"border: none; padding: 0cm;\">&nbsp;<span style=\"font-size: medium;\"><span style=\"font-style: normal;\">50Hz-18KHz<\/span><\/span><\/p>\n<\/td>\n<\/tr>\n<tr>\n<td rowspan=\"2\" width=\"196\">\n<p style=\"border: none; padding: 0cm;\">&nbsp;<span style=\"font-size: medium;\"><span style=\"font-style: normal;\">SPL m\u00e1ximo<\/span><\/span><\/p>\n<\/td>\n<td width=\"437\">\n<p style=\"border: none; padding: 0cm;\">&nbsp;<span style=\"font-size: medium;\"><span style=\"font-style: normal;\">Micr\u00f3fono incorporado: 120dB SPL<\/span><\/span><\/p>\n<\/td>\n<\/tr>\n<tr>\n<td width=\"437\">\n<p style=\"border: none; padding: 0cm;\">&nbsp;<span style=\"font-size: medium;\"><span style=\"font-style: normal;\">Micr\u00f3fono de solapa: 110dB SPL<\/span><\/span><\/p>\n<\/td>\n<\/tr>\n<tr>\n<td rowspan=\"2\" width=\"196\">\n<p style=\"border: none; padding: 0cm;\">&nbsp;<span style=\"font-size: medium;\"><span style=\"font-style: normal;\">Sensibilidad<\/span><\/span><\/p>\n<\/td>\n<td width=\"437\">\n<p style=\"border: none; padding: 0cm;\">&nbsp;<span style=\"font-size: medium;\"><span style=\"font-style: normal;\">Micr\u00f3fono incorporado: -39dB<\/span><\/span><\/p>\n<\/td>\n<\/tr>\n<tr>\n<td width=\"437\">\n<p style=\"border: none; padding: 0cm;\">&nbsp;<span style=\"font-size: medium;\"><span style=\"font-style: normal;\">Micr\u00f3fono de solapa: -39dB<\/span><\/span><\/p>\n<\/td>\n<\/tr>\n<tr>\n<td width=\"196\">\n<p style=\"border: none; padding: 0cm;\">&nbsp;<span style=\"font-size: medium;\"><span style=\"font-style: normal;\">SNR<\/span><\/span><\/p>\n<\/td>\n<td width=\"437\">\n<p style=\"border: none; padding: 0cm;\">&nbsp;<span style=\"font-size: medium;\"><span style=\"font-style: normal;\">&gt;  84dB<\/span><\/span><\/p>\n<\/td>\n<\/tr>\n<tr>\n<td width=\"196\">\n<p style=\"border: none; padding: 0cm;\">&nbsp;<span style=\"font-size: medium;\"><span style=\"font-style: normal;\">Requisitos potentes<\/span><\/span><\/p>\n<\/td>\n<td width=\"437\">\n<p style=\"border: none; padding: 0cm;\">&nbsp;<span style=\"font-size: medium;\"><span style=\"font-style: normal;\">Bater\u00eda de iones de litio incorporada o USB-C DC 5V o contacto de carga<\/span><\/span><\/p>\n<\/td>\n<\/tr>\n<tr>\n<td width=\"196\">\n<p style=\"border: none; padding: 0cm;\">&nbsp;<span style=\"font-size: medium;\"><span style=\"font-style: normal;\">Duraci\u00f3n de la bater\u00eda incorporada<\/span><\/span><\/p>\n<\/td>\n<td width=\"437\">\n<p style=\"border: none; padding: 0cm;\">&nbsp;<span style=\"font-size: medium;\"><span style=\"font-style: normal;\">Aproximadamente 7 horas<\/span><\/span><\/p>\n<\/td>\n<\/tr>\n<tr>\n<td width=\"196\">\n<p style=\"border: none; padding: 0cm;\">&nbsp;<span style=\"font-size: medium;\"><span style=\"font-style: normal;\">Antena<\/span><\/span><\/p>\n<\/td>\n<td width=\"437\">\n<p style=\"border: none; padding: 0cm;\">&nbsp;<span style=\"font-size: medium;\"><span style=\"font-style: normal;\">Antena PIFA<\/span><\/span><\/p>\n<\/td>\n<\/tr>\n<tr>\n<td width=\"196\">\n<p style=\"border: none; padding: 0cm;\">&nbsp;<span style=\"font-size: medium;\"><span style=\"font-style: normal;\">Entradas de audio<\/span><\/span><\/p>\n<\/td>\n<td width=\"437\">\n<p style=\"border: none; padding: 0cm;\">&nbsp;<span style=\"font-size: medium;\"><span style=\"font-style: normal;\">Conector TRS MIC\/LINE IN de 3,5 mm o micr\u00f3fono incorporado<\/span><\/span><\/p>\n<\/td>\n<\/tr>\n<tr>\n<td width=\"196\">\n<p style=\"border: none; padding: 0cm;\">&nbsp;<span style=\"font-size: medium;\"><span style=\"font-style: normal;\">Peso<\/span><\/span><\/p>\n<\/td>\n<td width=\"437\">\n<p style=\"border: none; padding: 0cm;\">&nbsp;<span style=\"font-size: medium;\"><span style=\"font-style: normal;\">Aproximadamente. 32 gramos <\/span><\/span><\/p>\n<\/td>\n<\/tr>\n<tr>\n<td width=\"196\">\n<p style=\"border: none; padding: 0cm;\">&nbsp;<span style=\"font-size: medium;\"><span style=\"font-style: normal;\">Dimensiones<\/span><\/span><\/p>\n<\/td>\n<td width=\"437\">\n<p style=\"border: none; padding: 0cm;\">&nbsp;<span style=\"font-size: medium;\"><span style=\"font-style: normal;\">62,1\u00d731,6\u00d716,5 mm<\/span><\/span><\/p>\n<\/td>\n<\/tr>\n<tr>\n<td width=\"196\">\n<p style=\"border: none; padding: 0cm;\">&nbsp;<span style=\"font-size: medium;\"><span style=\"font-style: normal;\">Temperatura de funcionamiento<\/span><\/span><\/p>\n<\/td>\n<td width=\"437\">\n<p style=\"border: none; padding: 0cm;\">&nbsp;<span style=\"font-size: medium;\"><span style=\"font-style: normal;\">De \u201310 \u00b0C a 50 \u00b0C<\/span><\/span><\/p>\n<\/td>\n<\/tr>\n<tr>\n<td width=\"196\">\n<p style=\"border: none; padding: 0cm;\">&nbsp;<span style=\"font-size: medium;\"><span style=\"font-style: normal;\">Temperatura de almacenamiento<\/span><\/span><\/p>\n<\/td>\n<td width=\"437\">\n<p style=\"border: none; padding: 0cm;\">&nbsp;<span style=\"font-size: medium;\"><span style=\"font-style: normal;\">De \u201320 \u00b0C a +55 \u00b0C<\/span><\/span><\/p>\n<\/td>\n<\/tr>\n<\/tbody>\n<\/table>\n<p style=\"margin-bottom: 0cm; border: none; padding: 0cm; widows: 2; orphans: 2;\"><span style=\"font-family: apple-system, BlinkMacSystemFont, Segoe UI, Roboto, Oxygen, Ubuntu, Cantarell, Open Sans, Helvetica Neue, sans-serif;\"><span style=\"font-size: medium;\"><span style=\"font-style: normal;\"><span style=\"font-weight: normal;\"><\/p>\n<p><\/span><\/span><\/span><\/span><strong><span style=\"font-family: apple-system, BlinkMacSystemFont, Segoe UI, Roboto, Oxygen, Ubuntu, Cantarell, Open Sans, Helvetica Neue, sans-serif;\"><span style=\"font-size: medium;\"><span style=\"font-style: normal;\"><strong>Receptor RX<\/strong><\/span><\/span><\/span><\/strong><\/p>\n<table style=\"width: 904px;\" border=\"1\" width=\"643\" cellspacing=\"0\" cellpadding=\"2\">\n<colgroup>\n<col style=\"width: 331.5px;\" width=\"196\">\n<col style=\"width: 571.5px;\" width=\"437\"> <\/colgroup>\n<tbody>\n<tr>\n<td width=\"196\">\n<p style=\"border: none; padding: 0cm;\">&nbsp;<span style=\"font-size: medium;\"><span style=\"font-style: normal;\">Tipo de transmisi\u00f3n<\/span><\/span><\/p>\n<\/td>\n<td width=\"437\">\n<p style=\"border: none; padding: 0cm;\">&nbsp;<span style=\"font-size: medium;\"><span style=\"font-style: normal;\">Frecuencia digital de 2,4 GHz<\/span><\/span><\/p>\n<\/td>\n<\/tr>\n<tr>\n<td width=\"196\">\n<p style=\"border: none; padding: 0cm;\">&nbsp;<span style=\"font-size: medium;\"><span style=\"font-style: normal;\">Modulaci\u00f3n<\/span><\/span><\/p>\n<\/td>\n<td width=\"437\">\n<p style=\"border: none; padding: 0cm;\">&nbsp;<span style=\"font-size: medium;\"><span style=\"font-style: normal;\">GFSK<\/span><\/span><\/p>\n<\/td>\n<\/tr>\n<tr>\n<td width=\"196\">\n<p style=\"border: none; padding: 0cm;\">&nbsp;<span style=\"font-size: medium;\"><span style=\"font-style: normal;\">Rango de funcionamiento (sin obst\u00e1culos)<\/span><\/span><\/p>\n<\/td>\n<td width=\"437\">\n<p style=\"border: none; padding: 0cm;\">&nbsp;<span style=\"font-size: medium;\"><span style=\"font-style: normal;\">Hasta 328 pies (100 m)<\/span><\/span><\/p>\n<\/td>\n<\/tr>\n<tr>\n<td rowspan=\"2\" width=\"196\">\n<p style=\"border: none; padding: 0cm;\">&nbsp;<span style=\"font-size: medium;\"><span style=\"font-style: normal;\">Conector de salida de audio<\/span><\/span><\/p>\n<\/td>\n<td width=\"437\">\n<p style=\"border: none; padding: 0cm;\">&nbsp;<span style=\"font-size: medium;\"><span style=\"font-style: normal;\">Conector para auriculares de 3,5 mm<\/span><\/span><\/p>\n<\/td>\n<\/tr>\n<tr>\n<td width=\"437\">\n<p style=\"border: none; padding: 0cm;\">&nbsp;<span style=\"font-size: medium;\"><span style=\"font-style: normal;\">Conector de salida TRS de 3,5 mm<\/span><\/span><\/p>\n<\/td>\n<\/tr>\n<tr>\n<td width=\"196\">\n<p style=\"border: none; padding: 0cm;\">&nbsp;<span style=\"font-size: medium;\"><span style=\"font-style: normal;\">Nivel de salida de audio<\/span><\/span><\/p>\n<\/td>\n<td width=\"437\">\n<p style=\"border: none; padding: 0cm;\">&nbsp;<span style=\"font-size: medium;\"><span style=\"font-style: normal;\">De \u201360 dBV a -20 dBV<\/span><\/span><\/p>\n<\/td>\n<\/tr>\n<tr>\n<td width=\"196\">\n<p style=\"border: none; padding: 0cm;\">&nbsp;<span style=\"font-size: medium;\"><span style=\"font-style: normal;\">Requisitos potentes<\/span><\/span><\/p>\n<\/td>\n<td width=\"437\">\n<p style=\"border: none; padding: 0cm;\">&nbsp;<span style=\"font-size: medium;\"><span style=\"font-style: normal;\">Bater\u00eda de iones de litio incorporada o USB-C DC 5V o contacto de carga<\/span><\/span><\/p>\n<\/td>\n<\/tr>\n<tr>\n<td width=\"196\">\n<p style=\"border: none; padding: 0cm;\">&nbsp;<span style=\"font-size: medium;\"><span style=\"font-style: normal;\">Duraci\u00f3n de la bater\u00eda incorporada<\/span><\/span><\/p>\n<\/td>\n<td width=\"437\">\n<p style=\"border: none; padding: 0cm;\">&nbsp;<span style=\"font-size: medium;\"><span style=\"font-style: normal;\">Aproximadamente. 6,5 horas<\/span><\/span><\/p>\n<\/td>\n<\/tr>\n<tr>\n<td width=\"196\">\n<p style=\"border: none; padding: 0cm;\">&nbsp;<span style=\"font-size: medium;\"><span style=\"font-style: normal;\">Antena<\/span><\/span><\/p>\n<\/td>\n<td width=\"437\">\n<p style=\"border: none; padding: 0cm;\">&nbsp;<span style=\"font-size: medium;\"><span style=\"font-style: normal;\">Antena PIFA<\/span><\/span><\/p>\n<\/td>\n<\/tr>\n<tr>\n<td width=\"196\">\n<p style=\"border: none; padding: 0cm;\">&nbsp;<span style=\"font-size: medium;\"><span style=\"font-style: normal;\">Peso<\/span><\/span><\/p>\n<\/td>\n<td width=\"437\">\n<p style=\"border: none; padding: 0cm;\">&nbsp;<span style=\"font-size: medium;\"><span style=\"font-style: normal;\">Aproximadamente. 32 g (1,13 onzas)<\/span><\/span><\/p>\n<\/td>\n<\/tr>\n<tr>\n<td width=\"196\">\n<p style=\"border: none; padding: 0cm;\">&nbsp;<span style=\"font-size: medium;\"><span style=\"font-style: normal;\">Dimensiones<\/span><\/span><\/p>\n<\/td>\n<td width=\"437\">\n<p style=\"border: none; padding: 0cm;\">&nbsp;<span style=\"font-size: medium;\"><span style=\"font-style: normal;\">62,1\u00d731,6\u00d716,5 mm<\/span><\/span><\/p>\n<\/td>\n<\/tr>\n<tr>\n<td width=\"196\">\n<p style=\"border: none; padding: 0cm;\">&nbsp;<span style=\"font-size: medium;\"><span style=\"font-style: normal;\">Temperatura de funcionamiento<\/span><\/span><\/p>\n<\/td>\n<td width=\"437\">\n<p style=\"border: none; padding: 0cm;\">&nbsp;<span style=\"font-size: medium;\"><span style=\"font-style: normal;\">De \u201310 \u00b0C a 50 \u00b0C<\/span><\/span><\/p>\n<\/td>\n<\/tr>\n<tr>\n<td width=\"196\">\n<p style=\"border: none; padding: 0cm;\">&nbsp;<span style=\"font-size: medium;\"><span style=\"font-style: normal;\">Temperatura de almacenamiento<\/span><\/span><\/p>\n<\/td>\n<td width=\"437\">\n<p style=\"border: none; padding: 0cm;\">&nbsp;<span style=\"font-size: medium;\"><span style=\"font-style: normal;\">De \u201320 \u00b0C a +55 \u00b0C<\/span><\/span><\/p>\n<\/td>\n<\/tr>\n<\/tbody>\n<\/table>\n<p style=\"margin-bottom: 0cm; border: none; padding: 0cm; widows: 2; orphans: 2;\"><span style=\"font-size: medium;\"><span style=\"color: #000000;\"><span style=\"font-style: normal;\"><span style=\"font-weight: normal;\"><\/p>\n<p><\/span><\/span><\/span><\/span><\/p>\n<p style=\"margin-bottom: 0cm; border: none; padding: 0cm; widows: 2; orphans: 2;\"><strong><span style=\"font-family: apple-system, BlinkMacSystemFont, Segoe UI, Roboto, Oxygen, Ubuntu, Cantarell, Open Sans, Helvetica Neue, sans-serif;\"><span style=\"font-size: medium;\"><span style=\"font-style: normal;\"><strong>Caja de carga<\/strong><\/span><\/span><\/span><\/strong><\/p>\n<table style=\"width: 799px;\" border=\"1\" width=\"331\" cellspacing=\"3\" cellpadding=\"2\">\n<colgroup>\n<col style=\"width: 424px;\" width=\"191\">\n<col style=\"width: 374px;\" width=\"121\"> <\/colgroup>\n<tbody>\n<tr>\n<td width=\"191\">\n<p style=\"border: none; padding: 0cm;\">&nbsp;<span style=\"font-size: medium;\">Requisitos potentes<\/span><\/p>\n<\/td>\n<td width=\"121\">\n<p style=\"border: none; padding: 0cm;\">&nbsp;<span style=\"font-size: medium;\">USB-C DC 5V\/1.5A<\/span><\/p>\n<\/td>\n<\/tr>\n<tr>\n<td width=\"191\">\n<p style=\"border: none; padding: 0cm;\">&nbsp;<span style=\"font-size: medium;\">Capacidad de potencia<\/span><\/p>\n<\/td>\n<td width=\"121\">\n<p style=\"border: none; padding: 0cm;\">&nbsp;<span style=\"font-size: medium;\">3000mAh<\/span><\/p>\n<\/td>\n<\/tr>\n<tr>\n<td width=\"191\">\n<p style=\"border: none; padding: 0cm;\">&nbsp;<span style=\"font-size: medium;\">Tiempo de carga de la caja<\/span><\/p>\n<\/td>\n<td width=\"121\">\n<p style=\"border: none; padding: 0cm;\">&nbsp;<span style=\"font-size: medium;\">4,5 horas<\/span><\/p>\n<\/td>\n<\/tr>\n<tr>\n<td width=\"191\">\n<p style=\"border: none; padding: 0cm;\">&nbsp;<span style=\"font-size: medium;\">Peso<\/span><\/p>\n<\/td>\n<td width=\"121\">\n<p style=\"border: none; padding: 0cm;\">&nbsp;<span style=\"font-size: medium;\">200g<\/span><\/p>\n<\/td>\n<\/tr>\n<tr>\n<td width=\"191\">\n<p style=\"border: none; padding: 0cm;\">&nbsp;<span style=\"font-size: medium;\">Dimensiones<\/span><\/p>\n<\/td>\n<td width=\"121\">\n<p style=\"border: none; padding: 0cm;\">&nbsp;<span style=\"font-size: medium;\">125&#215;96,8\u00d735,6 mm<\/span><\/p>\n<\/td>\n<\/tr>\n<tr>\n<td width=\"191\">\n<p style=\"border: none; padding: 0cm;\">&nbsp;<span style=\"font-size: medium;\">Temperatura de funcionamiento<\/span><\/p>\n<\/td>\n<td width=\"121\">\n<p style=\"border: none; padding: 0cm;\">&nbsp;<span style=\"font-size: medium;\">-10\u00b0C a 50?<\/span><\/p>\n<\/td>\n<\/tr>\n<tr>\n<td width=\"191\">\n<p style=\"border: none; padding: 0cm;\">&nbsp;<span style=\"font-size: medium;\">Temperatura de almacenamiento<\/span><\/p>\n<\/td>\n<td width=\"121\">\n<p style=\"border: none; padding: 0cm;\">&nbsp;<span style=\"font-size: medium;\">\u00bfDe -20 \u00b0C a +55?<\/span><\/p>\n<\/td>\n<\/tr>\n<\/tbody>\n<\/table>\n","protected":false},"excerpt":{"rendered":"<p>BOYA BY-XM6-K1 Kit de sistema de micr\u00f3fono inal\u00e1mbrico ultracompacto de 2,4 GHz Ideal para vlogs de una sola persona, videos<\/p>\n","protected":false},"featured_media":28302,"comment_status":"closed","ping_status":"open","template":"","meta":{"_acf_changed":false},"product_brand":[2621],"product_cat":[895],"product_tag":[],"class_list":{"0":"post-71472","1":"product","2":"type-product","3":"status-publish","4":"has-post-thumbnail","6":"product_brand-boya-es","7":"product_cat-kits-inalambricos","9":"first","10":"instock","11":"taxable","12":"shipping-taxable","13":"purchasable","14":"product-type-simple"},"bundled_by":[],"bundle_stock_status":"instock","bundle_stock_quantity":2,"bundle_virtual":false,"bundle_layout":"","bundle_add_to_cart_form_location":"","bundle_editable_in_cart":false,"bundle_sold_individually_context":"","bundle_item_grouping":"","bundle_min_size":"","bundle_max_size":"","bundle_price":[],"bundled_items":[],"bundle_sell_ids":[],"acf":[],"_links":{"self":[{"href":"https:\/\/hi-techwonder.com\/es\/wp-json\/wp\/v2\/product\/71472","targetHints":{"allow":["GET"]}}],"collection":[{"href":"https:\/\/hi-techwonder.com\/es\/wp-json\/wp\/v2\/product"}],"about":[{"href":"https:\/\/hi-techwonder.com\/es\/wp-json\/wp\/v2\/types\/product"}],"replies":[{"embeddable":true,"href":"https:\/\/hi-techwonder.com\/es\/wp-json\/wp\/v2\/comments?post=71472"}],"wp:featuredmedia":[{"embeddable":true,"href":"https:\/\/hi-techwonder.com\/es\/wp-json\/wp\/v2\/media\/28302"}],"wp:attachment":[{"href":"https:\/\/hi-techwonder.com\/es\/wp-json\/wp\/v2\/media?parent=71472"}],"wp:term":[{"taxonomy":"product_brand","embeddable":true,"href":"https:\/\/hi-techwonder.com\/es\/wp-json\/wp\/v2\/product_brand?post=71472"},{"taxonomy":"product_cat","embeddable":true,"href":"https:\/\/hi-techwonder.com\/es\/wp-json\/wp\/v2\/product_cat?post=71472"},{"taxonomy":"product_tag","embeddable":true,"href":"https:\/\/hi-techwonder.com\/es\/wp-json\/wp\/v2\/product_tag?post=71472"}],"curies":[{"name":"wp","href":"https:\/\/api.w.org\/{rel}","templated":true}]}}