{"id":71473,"date":"2025-07-29T00:16:33","date_gmt":"2025-07-29T00:16:33","guid":{"rendered":"https:\/\/fv6qoy3ls0.wpdns.site\/produto\/caden-h5-bolsa-para-6-filtros-circulares\/"},"modified":"2025-07-29T00:16:33","modified_gmt":"2025-07-29T00:16:33","slug":"caden-h5-bolsa-para-6-filtros-circulares","status":"publish","type":"product","link":"https:\/\/hi-techwonder.com\/es\/producto\/caden-h5-bolsa-para-6-filtros-circulares\/","title":{"rendered":"CADEN H5 Bolsa para 6 filtros circulares"},"content":{"rendered":"<p><strong>CADEN H5 Bolsa para 6 filtros circulares<\/strong><\/p>\n<p>Proteja sus filtros del polvo y los ara\u00f1azos no deseados. Esta bolsa no solo proteger\u00e1 tus filtros, sino que te ayudar\u00e1 a organizarlos. <\/p>\n<p><strong>Contenido del paquete:<\/strong><\/p>\n<ul>\n<li>1 x Bolsa de filtro&nbsp;<\/li>\n<\/ul>\n<p><strong>Caracter\u00edsticas t\u00e9cnicas:<\/strong><\/p>\n<ul>\n<li>Marca: CADEN<\/li>\n<li>Modelo: H5<\/li>\n<li>Di\u00e1metro del filtro: hasta 77 mm<\/li>\n<li>Capacidad: 6 filtros<\/li>\n<\/ul>\n","protected":false},"excerpt":{"rendered":"<p>CADEN H5 Bolsa para 6 filtros circulares Proteja sus filtros del polvo y los ara\u00f1azos no deseados. Esta bolsa no<\/p>\n","protected":false},"featured_media":36984,"comment_status":"closed","ping_status":"open","template":"","meta":{"_acf_changed":false},"product_brand":[2642],"product_cat":[908],"product_tag":[],"class_list":{"0":"post-71473","1":"product","2":"type-product","3":"status-publish","4":"has-post-thumbnail","6":"product_brand-caden-es","7":"product_cat-organizadores-es","9":"first","10":"instock","11":"taxable","12":"shipping-taxable","13":"purchasable","14":"product-type-simple"},"bundled_by":[],"bundle_stock_status":"instock","bundle_stock_quantity":1,"bundle_virtual":false,"bundle_layout":"","bundle_add_to_cart_form_location":"","bundle_editable_in_cart":false,"bundle_sold_individually_context":"","bundle_item_grouping":"","bundle_min_size":"","bundle_max_size":"","bundle_price":[],"bundled_items":[],"bundle_sell_ids":[],"acf":[],"_links":{"self":[{"href":"https:\/\/hi-techwonder.com\/es\/wp-json\/wp\/v2\/product\/71473","targetHints":{"allow":["GET"]}}],"collection":[{"href":"https:\/\/hi-techwonder.com\/es\/wp-json\/wp\/v2\/product"}],"about":[{"href":"https:\/\/hi-techwonder.com\/es\/wp-json\/wp\/v2\/types\/product"}],"replies":[{"embeddable":true,"href":"https:\/\/hi-techwonder.com\/es\/wp-json\/wp\/v2\/comments?post=71473"}],"wp:featuredmedia":[{"embeddable":true,"href":"https:\/\/hi-techwonder.com\/es\/wp-json\/wp\/v2\/media\/36984"}],"wp:attachment":[{"href":"https:\/\/hi-techwonder.com\/es\/wp-json\/wp\/v2\/media?parent=71473"}],"wp:term":[{"taxonomy":"product_brand","embeddable":true,"href":"https:\/\/hi-techwonder.com\/es\/wp-json\/wp\/v2\/product_brand?post=71473"},{"taxonomy":"product_cat","embeddable":true,"href":"https:\/\/hi-techwonder.com\/es\/wp-json\/wp\/v2\/product_cat?post=71473"},{"taxonomy":"product_tag","embeddable":true,"href":"https:\/\/hi-techwonder.com\/es\/wp-json\/wp\/v2\/product_tag?post=71473"}],"curies":[{"name":"wp","href":"https:\/\/api.w.org\/{rel}","templated":true}]}}