{"id":71475,"date":"2025-07-29T00:00:14","date_gmt":"2025-07-29T00:00:14","guid":{"rendered":"https:\/\/fv6qoy3ls0.wpdns.site\/produto\/caden-k11-bolso-de-hombro-negro\/"},"modified":"2026-03-02T17:16:31","modified_gmt":"2026-03-02T17:16:31","slug":"caden-k11-bolso-de-hombro-negro","status":"publish","type":"product","link":"https:\/\/hi-techwonder.com\/es\/producto\/caden-k11-bolso-de-hombro-negro\/","title":{"rendered":"CADEN K11 Bolso de hombro &#8211; Negro"},"content":{"rendered":"<p><strong>CADEN K11 Bolso de hombro &#8211; Negro<\/strong><\/p>\n<p>Bolso bandolera dise\u00f1ado para guardar tu c\u00e1mara, fabricado en material resistente y duradero. Permite un acceso r\u00e1pido a su equipo. Este bolso bandolera es pr\u00e1ctico, fiable y completamente seguro. Especialmente dise\u00f1ado para que cada elemento ofrezca la m\u00e1xima funcionalidad. Gracias a sus compartimentos, te permite llevar tu c\u00e1mara de forma ordenada, junto con tus objetivos adicionales, accesorios, tarjetas y bater\u00edas. Gracias a su dise\u00f1o ergon\u00f3mico, podr\u00e1s acceder a tu equipo al instante y sin complicaciones.     <\/p>\n<p><strong>Contenido:<\/strong><\/p>\n<ul>\n<li>1 x Bolso de hombro<\/li>\n<li>1 x Cubierta para la lluvia<\/li>\n<\/ul>\n<p><strong>Caracter\u00edsticas t\u00e9cnicas:<\/strong><\/p>\n<ul>\n<li>Marca: CADEN<\/li>\n<li>Modelo: K11<\/li>\n<li>Material: PVC<\/li>\n<li>Dimensiones: 35 x 14 x 25 cm<\/li>\n<\/ul>\n","protected":false},"excerpt":{"rendered":"<p>CADEN K11 Bolso de hombro &#8211; Negro Bolso bandolera dise\u00f1ado para guardar tu c\u00e1mara, fabricado en material resistente y duradero.<\/p>\n","protected":false},"featured_media":31535,"comment_status":"closed","ping_status":"open","template":"","meta":{"_acf_changed":false},"product_brand":[2642],"product_cat":[906],"product_tag":[],"class_list":{"0":"post-71475","1":"product","2":"type-product","3":"status-publish","4":"has-post-thumbnail","6":"product_brand-caden-es","7":"product_cat-de-hombro","9":"first","10":"instock","11":"taxable","12":"shipping-taxable","13":"purchasable","14":"product-type-simple"},"bundled_by":[],"bundle_stock_status":"instock","bundle_stock_quantity":1,"bundle_virtual":false,"bundle_layout":"","bundle_add_to_cart_form_location":"","bundle_editable_in_cart":false,"bundle_sold_individually_context":"","bundle_item_grouping":"","bundle_min_size":"","bundle_max_size":"","bundle_price":[],"bundled_items":[],"bundle_sell_ids":[],"acf":[],"_links":{"self":[{"href":"https:\/\/hi-techwonder.com\/es\/wp-json\/wp\/v2\/product\/71475","targetHints":{"allow":["GET"]}}],"collection":[{"href":"https:\/\/hi-techwonder.com\/es\/wp-json\/wp\/v2\/product"}],"about":[{"href":"https:\/\/hi-techwonder.com\/es\/wp-json\/wp\/v2\/types\/product"}],"replies":[{"embeddable":true,"href":"https:\/\/hi-techwonder.com\/es\/wp-json\/wp\/v2\/comments?post=71475"}],"wp:featuredmedia":[{"embeddable":true,"href":"https:\/\/hi-techwonder.com\/es\/wp-json\/wp\/v2\/media\/31535"}],"wp:attachment":[{"href":"https:\/\/hi-techwonder.com\/es\/wp-json\/wp\/v2\/media?parent=71475"}],"wp:term":[{"taxonomy":"product_brand","embeddable":true,"href":"https:\/\/hi-techwonder.com\/es\/wp-json\/wp\/v2\/product_brand?post=71475"},{"taxonomy":"product_cat","embeddable":true,"href":"https:\/\/hi-techwonder.com\/es\/wp-json\/wp\/v2\/product_cat?post=71475"},{"taxonomy":"product_tag","embeddable":true,"href":"https:\/\/hi-techwonder.com\/es\/wp-json\/wp\/v2\/product_tag?post=71475"}],"curies":[{"name":"wp","href":"https:\/\/api.w.org\/{rel}","templated":true}]}}