{"id":71476,"date":"2025-07-29T00:06:23","date_gmt":"2025-07-29T00:06:23","guid":{"rendered":"https:\/\/fv6qoy3ls0.wpdns.site\/produto\/caden-l4-mochila-fotografica-negro\/"},"modified":"2025-09-22T15:30:12","modified_gmt":"2025-09-22T15:30:12","slug":"caden-l4-mochila-fotografica-negro","status":"publish","type":"product","link":"https:\/\/hi-techwonder.com\/es\/producto\/caden-l4-mochila-fotografica-negro\/","title":{"rendered":"CADEN L4 Mochila Fotogr\u00e1fica &#8211; Negro"},"content":{"rendered":"<p><strong>CADEN L4 Mochila Fotogr\u00e1fica &#8211; Negro<\/strong><\/p>\n<p>Mochila dise\u00f1ada para guardar tu c\u00e1mara y accesorios. Mant\u00e9n tu equipo fotogr\u00e1fico protegido y organizado en esta mochila ligera y deportiva. Esta mochila tiene un compartimento principal personalizable. Los materiales resistentes a las condiciones clim\u00e1ticas extremas ayudan a preservar tu mochila.   <\/p>\n<p><strong>Caracter\u00edsticas t\u00e9cnicas:<\/strong><\/p>\n<ul>\n<li>Marca: CADEN<\/li>\n<li>Modelo: D17<\/li>\n<li>Material: 600D<\/li>\n<li>Dimensiones: 31 x 17 x 41 cm<\/li>\n<\/ul>\n","protected":false},"excerpt":{"rendered":"<p>CADEN L4 Mochila Fotogr\u00e1fica &#8211; Negro Mochila dise\u00f1ada para guardar tu c\u00e1mara y accesorios. Mant\u00e9n tu equipo fotogr\u00e1fico protegido y<\/p>\n","protected":false},"featured_media":33734,"comment_status":"closed","ping_status":"open","template":"","meta":{"_acf_changed":false},"product_brand":[2642],"product_cat":[907],"product_tag":[],"class_list":{"0":"post-71476","1":"product","2":"type-product","3":"status-publish","4":"has-post-thumbnail","6":"product_brand-caden-es","7":"product_cat-mochilas-es","9":"first","10":"instock","11":"taxable","12":"shipping-taxable","13":"purchasable","14":"product-type-simple"},"bundled_by":[],"bundle_stock_status":"instock","bundle_stock_quantity":2,"bundle_virtual":false,"bundle_layout":"","bundle_add_to_cart_form_location":"","bundle_editable_in_cart":false,"bundle_sold_individually_context":"","bundle_item_grouping":"","bundle_min_size":"","bundle_max_size":"","bundle_price":[],"bundled_items":[],"bundle_sell_ids":[],"acf":[],"_links":{"self":[{"href":"https:\/\/hi-techwonder.com\/es\/wp-json\/wp\/v2\/product\/71476","targetHints":{"allow":["GET"]}}],"collection":[{"href":"https:\/\/hi-techwonder.com\/es\/wp-json\/wp\/v2\/product"}],"about":[{"href":"https:\/\/hi-techwonder.com\/es\/wp-json\/wp\/v2\/types\/product"}],"replies":[{"embeddable":true,"href":"https:\/\/hi-techwonder.com\/es\/wp-json\/wp\/v2\/comments?post=71476"}],"wp:featuredmedia":[{"embeddable":true,"href":"https:\/\/hi-techwonder.com\/es\/wp-json\/wp\/v2\/media\/33734"}],"wp:attachment":[{"href":"https:\/\/hi-techwonder.com\/es\/wp-json\/wp\/v2\/media?parent=71476"}],"wp:term":[{"taxonomy":"product_brand","embeddable":true,"href":"https:\/\/hi-techwonder.com\/es\/wp-json\/wp\/v2\/product_brand?post=71476"},{"taxonomy":"product_cat","embeddable":true,"href":"https:\/\/hi-techwonder.com\/es\/wp-json\/wp\/v2\/product_cat?post=71476"},{"taxonomy":"product_tag","embeddable":true,"href":"https:\/\/hi-techwonder.com\/es\/wp-json\/wp\/v2\/product_tag?post=71476"}],"curies":[{"name":"wp","href":"https:\/\/api.w.org\/{rel}","templated":true}]}}