{"id":71478,"date":"2025-07-28T23:49:10","date_gmt":"2025-07-28T23:49:10","guid":{"rendered":"https:\/\/fv6qoy3ls0.wpdns.site\/produto\/boya-by-xm6-s1-sistema-de-microfono-inalambrico-de-solapa-2-4ghz\/"},"modified":"2025-11-05T00:27:48","modified_gmt":"2025-11-05T00:27:48","slug":"boya-by-xm6-s1-sistema-de-microfono-inalambrico-de-solapa-2-4ghz","status":"publish","type":"product","link":"https:\/\/hi-techwonder.com\/es\/producto\/boya-by-xm6-s1-sistema-de-microfono-inalambrico-de-solapa-2-4ghz\/","title":{"rendered":"BOYA BY-XM6-S1 Sistema de micr\u00f3fono inal\u00e1mbrico de solapa 2.4GHz"},"content":{"rendered":"<p><strong>BOYA BY-XM6-S1 Sistema de micr\u00f3fono de solapa inal\u00e1mbrico ultracompacto de 2,4 GHz<\/strong><\/p>\n<p><strong>Funciones:<\/strong><\/p>\n<ul>\n<li>Ideal para vlogs de una sola persona, transmisi\u00f3n en vivo, videos de YouTube, entrevistas, grabaciones, etc.<\/li>\n<li>Compatible con c\u00e1maras DSLR, sin espejo, tel\u00e9fonos inteligentes y computadoras<\/li>\n<li>Tecnolog\u00eda de transmisi\u00f3n de se\u00f1al inal\u00e1mbrica de 2,4 GHz<\/li>\n<li>Construido con una pantalla OLED informativa, v\u00edvida y f\u00e1cil de usar<\/li>\n<li>Contiene un micr\u00f3fono omnidireccional integrado en el transmisor y un micr\u00f3fono de solapa<\/li>\n<li>Contiene una salida de auriculares en el receptor para monitoreo en tiempo real<\/li>\n<li>Salidas est\u00e9reo y mono disponibles y seleccionables en el receptor<\/li>\n<li>Bater\u00edas de iones de litio incorporadas para 7 horas de uso en el transmisor y 6,5 horas de uso en el receptor<\/li>\n<li>Rango de operaci\u00f3n de hasta 100 m sin obst\u00e1culos<\/li>\n<\/ul>\n<p><strong>Contenido del paquete:<\/strong><\/p>\n<ul>\n<li>1 x receptor RX BY-XM6<\/li>\n<li>1 x Transmisor TX BY-XM6<\/li>\n<li>1 x micr\u00f3fono de solapa<\/li>\n<li>1 x Clip de micr\u00f3fono de solapa<\/li>\n<li>2 x Cable de carga USB tipo C (USB-C)<\/li>\n<li>1 x espuma de micr\u00f3fono de solapa<\/li>\n<li>1 x protector de piel de micr\u00f3fono incorporado<\/li>\n<li>1 x Cable de salida TRS TRS de 3,5 mm para c\u00e1maras<\/li>\n<li>1 x Cable de salida TRS TRRS de 3,5 mm para tel\u00e9fonos inteligentes<\/li>\n<li>1 x Bolsa de almacenamiento<\/li>\n<\/ul>\n<p>El sistema BOYA BY-XM6-S1 es incre\u00edblemente ligero y ultracompacto. Ofrece un sonido de calidad de transmisi\u00f3n excepcional para DSLR, Mirrorless y videoc\u00e1maras, tel\u00e9fonos inteligentes, tabletas, computadoras, etc. Es ideal para la creaci\u00f3n de contenido, vlogging, periodismo y mucho m\u00e1s.  <\/p>\n<p><iframe loading=\"lazy\" style=\"min-height: 500px; width: 100%; height: auto;\" src=\"https:\/\/www.youtube.com\/embed\/zty2a3mE1GE\" width=\"560\" height=\"314\" allowfullscreen=\"allowfullscreen\"><\/iframe><\/p>\n<p><strong>Caracter\u00edsticas t\u00e9cnicas:<\/strong><\/p>\n<div style=\"padding: 0px; border: 0px; margin: 0px auto; list-style: none;\"><strong>Transmisor<\/strong><\/div>\n<table style=\"border-spacing: 0px; width: 51.1741%; height: 527.066px;\" border=\"1\" cellspacing=\"0\">\n<tbody>\n<tr style=\"height: 22.9167px;\">\n<td style=\"padding: 0px; width: 45.7992%; height: 22.9167px;\">\n<div style=\"padding: 0px; border: 0px; margin: 0px auto; list-style: none;\">Tipo de transmisi\u00f3n<\/div>\n<\/td>\n<td style=\"padding: 0px; width: 54.0466%; height: 22.9167px;\">\n<div style=\"padding: 0px; border: 0px; margin: 0px auto; list-style: none;\">&nbsp;Frecuencia digital de 2,4 GHz<\/div>\n<\/td>\n<\/tr>\n<tr style=\"height: 22.9167px;\">\n<td style=\"padding: 0px; width: 45.7992%; height: 22.9167px;\">\n<div style=\"padding: 0px; border: 0px; margin: 0px auto; list-style: none;\">Modulaci\u00f3n<\/div>\n<\/td>\n<td style=\"padding: 0px; width: 54.0466%; height: 22.9167px;\">\n<div style=\"padding: 0px; border: 0px; margin: 0px auto; list-style: none;\">&nbsp;GFSK<\/div>\n<\/td>\n<\/tr>\n<tr style=\"height: 45.816px;\">\n<td style=\"padding: 0px; width: 45.7992%; height: 45.816px;\">\n<div style=\"padding: 0px; border: 0px; margin: 0px auto; list-style: none;\">Alcance (sin obst\u00e1culos)<\/div>\n<\/td>\n<td style=\"padding: 0px; width: 54.0466%; height: 45.816px;\">\n<div style=\"padding: 0px; border: 0px; margin: 0px auto; list-style: none;\">Hasta 100 m<\/div>\n<\/td>\n<\/tr>\n<tr style=\"height: 22.9167px;\">\n<td style=\"padding: 0px; width: 45.7992%; height: 22.9167px;\">\n<div style=\"padding: 0px; border: 0px; margin: 0px auto; list-style: none;\">Potencia de salida de RF<\/div>\n<\/td>\n<td style=\"padding: 0px; width: 54.0466%; height: 22.9167px;\">\n<div style=\"padding: 0px; border: 0px; margin: 0px auto; list-style: none;\">&lt;10mW<\/div>\n<\/td>\n<\/tr>\n<tr style=\"height: 22.9167px;\">\n<td style=\"padding: 0px; width: 45.7992%; height: 22.9167px;\">\n<div style=\"padding: 0px; border: 0px; margin: 0px auto; list-style: none;\">Patr\u00f3n polar<\/div>\n<\/td>\n<td style=\"padding: 0px; width: 54.0466%; height: 22.9167px;\">\n<div style=\"padding: 0px; border: 0px; margin: 0px auto; list-style: none;\">&nbsp;Omnidireccional<\/div>\n<\/td>\n<\/tr>\n<tr style=\"height: 22.9167px;\">\n<td style=\"padding: 0px; width: 45.7992%; height: 22.9167px;\">\n<div style=\"padding: 0px; border: 0px; margin: 0px auto; list-style: none;\">Respuesta de frecuencia<\/div>\n<\/td>\n<td style=\"padding: 0px; width: 54.0466%; height: 22.9167px;\">\n<div style=\"padding: 0px; border: 0px; margin: 0px auto; list-style: none;\">&nbsp;50Hz-18KHz<\/div>\n<\/td>\n<\/tr>\n<tr style=\"height: 22.9167px;\">\n<td style=\"padding: 0px; width: 45.7992%; height: 45.8334px;\" rowspan=\"2\">\n<div style=\"padding: 0px; border: 0px; margin: 0px auto; list-style: none;\">SPL m\u00e1ximo<\/div>\n<\/td>\n<td style=\"padding: 0px; width: 54.0466%; height: 22.9167px;\">\n<div style=\"padding: 0px; border: 0px; margin: 0px auto; list-style: none;\">Micr\u00f3fono incorporado: 120dB SPL<\/div>\n<\/td>\n<\/tr>\n<tr style=\"height: 22.9167px;\">\n<td style=\"padding: 0px; width: 54.0466%; height: 22.9167px;\">\n<div style=\"padding: 0px; border: 0px; margin: 0px auto; list-style: none;\">Micr\u00f3fono de solapa: 110dB SPL<\/div>\n<\/td>\n<\/tr>\n<tr style=\"height: 22.9167px;\">\n<td style=\"padding: 0px; width: 45.7992%; height: 45.8334px;\" rowspan=\"2\">\n<div style=\"padding: 0px; border: 0px; margin: 0px auto; list-style: none;\">Sensibilidad<\/div>\n<\/td>\n<td style=\"padding: 0px; width: 54.0466%; height: 22.9167px;\">\n<div style=\"padding: 0px; border: 0px; margin: 0px auto; list-style: none;\">Micr\u00f3fono incorporado: -39dB<\/div>\n<\/td>\n<\/tr>\n<tr style=\"height: 22.9167px;\">\n<td style=\"padding: 0px; width: 54.0466%; height: 22.9167px;\">\n<div style=\"padding: 0px; border: 0px; margin: 0px auto; list-style: none;\">Micr\u00f3fono de solapa: -39dB<\/div>\n<\/td>\n<\/tr>\n<tr style=\"height: 22.9167px;\">\n<td style=\"padding: 0px; width: 45.7992%; height: 22.9167px;\">\n<div style=\"padding: 0px; border: 0px; margin: 0px auto; list-style: none;\">SNR<\/div>\n<\/td>\n<td style=\"padding: 0px; width: 54.0466%; height: 22.9167px;\">\n<div style=\"padding: 0px; border: 0px; margin: 0px auto; list-style: none;\">&nbsp;&gt;  84dB<\/div>\n<\/td>\n<\/tr>\n<tr style=\"height: 68.75px;\">\n<td style=\"padding: 0px; width: 45.7992%; height: 68.75px;\">\n<div style=\"padding: 0px; border: 0px; margin: 0px auto; list-style: none;\">Alimentaci\u00f3n<\/div>\n<\/td>\n<td style=\"padding: 0px; width: 54.0466%; height: 68.75px;\">\n<div style=\"padding: 0px; border: 0px; margin: 0px auto; list-style: none;\">Bater\u00eda de iones de litio incorporada o USB-C DC 5V o contacto de carga<\/div>\n<\/td>\n<\/tr>\n<tr style=\"height: 22.9167px;\">\n<td style=\"padding: 0px; width: 45.7992%; height: 22.9167px;\">\n<div style=\"padding: 0px; border: 0px; margin: 0px auto; list-style: none;\">Duraci\u00f3n de la bater\u00eda incorporada<\/div>\n<\/td>\n<td style=\"padding: 0px; width: 54.0466%; height: 22.9167px;\">\n<div style=\"padding: 0px; border: 0px; margin: 0px auto; list-style: none;\">Aproxi. 7 horas <\/div>\n<\/td>\n<\/tr>\n<tr style=\"height: 22.9167px;\">\n<td style=\"padding: 0px; width: 45.7992%; height: 22.9167px;\">\n<div style=\"padding: 0px; border: 0px; margin: 0px auto; list-style: none;\">Antena<\/div>\n<\/td>\n<td style=\"padding: 0px; width: 54.0466%; height: 22.9167px;\">\n<div style=\"padding: 0px; border: 0px; margin: 0px auto; list-style: none;\">&nbsp;Antena PIFA<\/div>\n<\/td>\n<\/tr>\n<tr style=\"height: 45.8333px;\">\n<td style=\"padding: 0px; width: 45.7992%; height: 45.8333px;\">\n<div style=\"padding: 0px; border: 0px; margin: 0px auto; list-style: none;\">Entradas de audio<\/div>\n<\/td>\n<td style=\"padding: 0px; width: 54.0466%; height: 45.8333px;\">\n<div style=\"padding: 0px; border: 0px; margin: 0px auto; list-style: none;\">Conector TRS MIC\/LINE IN de 3,5 mm o micr\u00f3fono incorporado<\/div>\n<\/td>\n<\/tr>\n<tr style=\"height: 22.9167px;\">\n<td style=\"padding: 0px; width: 45.7992%; height: 22.9167px;\">\n<div style=\"padding: 0px; border: 0px; margin: 0px auto; list-style: none;\">Peso<\/div>\n<\/td>\n<td style=\"padding: 0px; width: 54.0466%; height: 22.9167px;\">\n<div style=\"padding: 0px; border: 0px; margin: 0px auto; list-style: none;\">&nbsp;Aproxi. 32 gramos <\/div>\n<\/td>\n<\/tr>\n<tr style=\"height: 22.9167px;\">\n<td style=\"padding: 0px; width: 45.7992%; height: 22.9167px;\">\n<div style=\"padding: 0px; border: 0px; margin: 0px auto; list-style: none;\">Dimensiones<\/div>\n<\/td>\n<td style=\"padding: 0px; width: 54.0466%; height: 22.9167px;\">\n<div style=\"padding: 0px; border: 0px; margin: 0px auto; list-style: none;\">&nbsp;62,1 x 31,6 x 16,5 mm<\/div>\n<\/td>\n<\/tr>\n<tr style=\"height: 22.9167px;\">\n<td style=\"padding: 0px; width: 45.7992%; height: 22.9167px;\">\n<div style=\"padding: 0px; border: 0px; margin: 0px auto; list-style: none;\">Temperatura de funcionamiento<\/div>\n<\/td>\n<td style=\"padding: 0px; width: 54.0466%; height: 22.9167px;\">\n<div style=\"padding: 0px; border: 0px; margin: 0px auto; list-style: none;\">&nbsp;De \u201310 \u00b0C a 50 \u00b0C<\/div>\n<\/td>\n<\/tr>\n<tr style=\"height: 22.9167px;\">\n<td style=\"padding: 0px; width: 45.7992%; height: 22.9167px;\">\n<div style=\"padding: 0px; border: 0px; margin: 0px auto; list-style: none;\">Temperatura de almacenamiento<\/div>\n<\/td>\n<td style=\"padding: 0px; width: 54.0466%; height: 22.9167px;\">\n<div style=\"padding: 0px; border: 0px; margin: 0px auto; list-style: none;\">&nbsp;De \u201320 \u00b0C a +55 \u00b0C<\/div>\n<\/td>\n<\/tr>\n<\/tbody>\n<\/table>\n<div style=\"padding: 0px; border: 0px; margin: 0px auto; list-style: none;\">&nbsp;<\/div>\n<div style=\"padding: 0px; border: 0px; margin: 0px auto; list-style: none;\"><strong><span style=\"font-family: ????;\">Receptor<\/strong><\/span>&nbsp;<\/div>\n<table style=\"border-spacing: 0px; width: 51.1741%; height: 335.937px;\" border=\"1\" cellspacing=\"0\">\n<tbody>\n<tr style=\"height: 22.3958px;\">\n<td style=\"padding: 0px; width: 45.5342%; height: 22.3958px;\">\n<div style=\"padding: 0px; border: 0px; margin: 0px auto; list-style: none;\">Tipo de transmisi\u00f3n<\/div>\n<\/td>\n<td style=\"padding: 0px; width: 53.9405%; height: 22.3958px;\">\n<div style=\"padding: 0px; border: 0px; margin: 0px auto; list-style: none;\">&nbsp;Frecuencia digital de 2,4 GHz<\/div>\n<\/td>\n<\/tr>\n<tr style=\"height: 22.3958px;\">\n<td style=\"padding: 0px; width: 45.5342%; height: 22.3958px;\">\n<div style=\"padding: 0px; border: 0px; margin: 0px auto; list-style: none;\">Modulaci\u00f3n<\/div>\n<\/td>\n<td style=\"padding: 0px; width: 53.9405%; height: 22.3958px;\">\n<div style=\"padding: 0px; border: 0px; margin: 0px auto; list-style: none;\">&nbsp;GFSK<\/div>\n<\/td>\n<\/tr>\n<tr style=\"height: 22.3958px;\">\n<td style=\"padding: 0px; width: 45.5342%; height: 22.3958px;\">\n<div style=\"padding: 0px; border: 0px; margin: 0px auto; list-style: none;\">Alcance (sin obst\u00e1culos)<\/div>\n<\/td>\n<td style=\"padding: 0px; width: 53.9405%; height: 22.3958px;\">\n<div style=\"padding: 0px; border: 0px; margin: 0px auto; list-style: none;\">&nbsp;Hasta 100 m<\/div>\n<\/td>\n<\/tr>\n<tr style=\"height: 22.3958px;\">\n<td style=\"padding: 0px; width: 45.5342%; height: 44.7916px;\" rowspan=\"2\">\n<div style=\"padding: 0px; border: 0px; margin: 0px auto; list-style: none;\">&nbsp;Conector de salida de audio<\/div>\n<\/td>\n<td style=\"padding: 0px; width: 53.9405%; height: 22.3958px;\">\n<div style=\"padding: 0px; border: 0px; margin: 0px auto; list-style: none;\">&nbsp;Conector para auriculares de 3,5 mm<\/div>\n<\/td>\n<\/tr>\n<tr style=\"height: 22.3958px;\">\n<td style=\"padding: 0px; width: 53.9405%; height: 22.3958px;\">\n<div style=\"padding: 0px; border: 0px; margin: 0px auto; list-style: none;\">&nbsp;Conector de salida TRS de 3,5 mm<\/div>\n<\/td>\n<\/tr>\n<tr style=\"height: 22.3958px;\">\n<td style=\"padding: 0px; width: 45.5342%; height: 22.3958px;\">\n<div style=\"padding: 0px; border: 0px; margin: 0px auto; list-style: none;\">Nivel de salida de audio<\/div>\n<\/td>\n<td style=\"padding: 0px; width: 53.9405%; height: 22.3958px;\">\n<div style=\"padding: 0px; border: 0px; margin: 0px auto; list-style: none;\">&nbsp;De \u201360 dBV a -20 dBV<\/div>\n<\/td>\n<\/tr>\n<tr style=\"height: 44.7917px;\">\n<td style=\"padding: 0px; width: 45.5342%; height: 44.7917px;\">\n<div style=\"padding: 0px; border: 0px; margin: 0px auto; list-style: none;\">Alimentaci\u00f3n<\/div>\n<\/td>\n<td style=\"padding: 0px; width: 53.9405%; height: 44.7917px;\">\n<div style=\"padding: 0px; border: 0px; margin: 0px auto; list-style: none;\">Bater\u00eda de iones de litio incorporada o USB-C DC 5V o contacto de carga<\/div>\n<\/td>\n<\/tr>\n<tr style=\"height: 22.3958px;\">\n<td style=\"padding: 0px; width: 45.5342%; height: 22.3958px;\">\n<div style=\"padding: 0px; border: 0px; margin: 0px auto; list-style: none;\">Duraci\u00f3n de la bater\u00eda incorporada<\/div>\n<\/td>\n<td style=\"padding: 0px; width: 53.9405%; height: 22.3958px;\">\n<div style=\"padding: 0px; border: 0px; margin: 0px auto; list-style: none;\">&nbsp;Aproxi. 6,5 horas <\/div>\n<\/td>\n<\/tr>\n<tr style=\"height: 22.3958px;\">\n<td style=\"padding: 0px; width: 45.5342%; height: 22.3958px;\">\n<div style=\"padding: 0px; border: 0px; margin: 0px auto; list-style: none;\">Antena<\/div>\n<\/td>\n<td style=\"padding: 0px; width: 53.9405%; height: 22.3958px;\">\n<div style=\"padding: 0px; border: 0px; margin: 0px auto; list-style: none;\">&nbsp;Antena PIFA<\/div>\n<\/td>\n<\/tr>\n<tr style=\"height: 22.3958px;\">\n<td style=\"padding: 0px; width: 45.5342%; height: 22.3958px;\">\n<div style=\"padding: 0px; border: 0px; margin: 0px auto; list-style: none;\">&nbsp;Peso<\/div>\n<\/td>\n<td style=\"padding: 0px; width: 53.9405%; height: 22.3958px;\">\n<div style=\"padding: 0px; border: 0px; margin: 0px auto; list-style: none;\">&nbsp;Aproxi. 32 gramos <\/div>\n<\/td>\n<\/tr>\n<tr style=\"height: 22.3958px;\">\n<td style=\"padding: 0px; width: 45.5342%; height: 22.3958px;\">\n<div style=\"padding: 0px; border: 0px; margin: 0px auto; list-style: none;\">&nbsp;Dimensiones<\/div>\n<\/td>\n<td style=\"padding: 0px; width: 53.9405%; height: 22.3958px;\">\n<div style=\"padding: 0px; border: 0px; margin: 0px auto; list-style: none;\">&nbsp;62,1 x 31,6 x 16,5 mm<\/div>\n<\/td>\n<\/tr>\n<tr style=\"height: 22.3958px;\">\n<td style=\"padding: 0px; width: 45.5342%; height: 22.3958px;\">\n<div style=\"padding: 0px; border: 0px; margin: 0px auto; list-style: none;\">Temperatura de funcionamiento<\/div>\n<\/td>\n<td style=\"padding: 0px; width: 53.9405%; height: 22.3958px;\">\n<div style=\"padding: 0px; border: 0px; margin: 0px auto; list-style: none;\">&nbsp;De \u201310 \u00b0C a 50 \u00b0C<\/div>\n<\/td>\n<\/tr>\n<tr style=\"height: 44.7917px;\">\n<td style=\"padding: 0px; width: 45.5342%; height: 44.7917px;\">\n<div style=\"padding: 0px; border: 0px; margin: 0px auto; list-style: none;\">Temperatura de almacenamiento<\/div>\n<\/td>\n<td style=\"padding: 0px; width: 53.9405%; height: 44.7917px;\">\n<div style=\"padding: 0px; border: 0px; margin: 0px auto; list-style: none;\">&nbsp;De \u201320 \u00b0C a +55 \u00b0C<\/div>\n<\/td>\n<\/tr>\n<\/tbody>\n<\/table>\n","protected":false},"excerpt":{"rendered":"<p>BOYA BY-XM6-S1 Sistema de micr\u00f3fono de solapa inal\u00e1mbrico ultracompacto de 2,4 GHz Funciones: Ideal para vlogs de una sola persona,<\/p>\n","protected":false},"featured_media":28282,"comment_status":"closed","ping_status":"open","template":"","meta":{"_acf_changed":false},"product_brand":[2621],"product_cat":[895],"product_tag":[],"class_list":{"0":"post-71478","1":"product","2":"type-product","3":"status-publish","4":"has-post-thumbnail","6":"product_brand-boya-es","7":"product_cat-kits-inalambricos","9":"first","10":"instock","11":"taxable","12":"shipping-taxable","13":"purchasable","14":"product-type-simple"},"bundled_by":[],"bundle_stock_status":"instock","bundle_stock_quantity":2,"bundle_virtual":false,"bundle_layout":"","bundle_add_to_cart_form_location":"","bundle_editable_in_cart":false,"bundle_sold_individually_context":"","bundle_item_grouping":"","bundle_min_size":"","bundle_max_size":"","bundle_price":[],"bundled_items":[],"bundle_sell_ids":[],"acf":[],"_links":{"self":[{"href":"https:\/\/hi-techwonder.com\/es\/wp-json\/wp\/v2\/product\/71478","targetHints":{"allow":["GET"]}}],"collection":[{"href":"https:\/\/hi-techwonder.com\/es\/wp-json\/wp\/v2\/product"}],"about":[{"href":"https:\/\/hi-techwonder.com\/es\/wp-json\/wp\/v2\/types\/product"}],"replies":[{"embeddable":true,"href":"https:\/\/hi-techwonder.com\/es\/wp-json\/wp\/v2\/comments?post=71478"}],"wp:featuredmedia":[{"embeddable":true,"href":"https:\/\/hi-techwonder.com\/es\/wp-json\/wp\/v2\/media\/28282"}],"wp:attachment":[{"href":"https:\/\/hi-techwonder.com\/es\/wp-json\/wp\/v2\/media?parent=71478"}],"wp:term":[{"taxonomy":"product_brand","embeddable":true,"href":"https:\/\/hi-techwonder.com\/es\/wp-json\/wp\/v2\/product_brand?post=71478"},{"taxonomy":"product_cat","embeddable":true,"href":"https:\/\/hi-techwonder.com\/es\/wp-json\/wp\/v2\/product_cat?post=71478"},{"taxonomy":"product_tag","embeddable":true,"href":"https:\/\/hi-techwonder.com\/es\/wp-json\/wp\/v2\/product_tag?post=71478"}],"curies":[{"name":"wp","href":"https:\/\/api.w.org\/{rel}","templated":true}]}}