{"id":71479,"date":"2025-07-29T00:06:23","date_gmt":"2025-07-29T00:06:23","guid":{"rendered":"https:\/\/fv6qoy3ls0.wpdns.site\/produto\/caden-d6-3s-mochila-con-conexion-usb-negro\/"},"modified":"2026-04-24T14:07:03","modified_gmt":"2026-04-24T13:07:03","slug":"caden-d6-3s-mochila-con-conexion-usb-negro","status":"publish","type":"product","link":"https:\/\/hi-techwonder.com\/es\/producto\/caden-d6-3s-mochila-con-conexion-usb-negro\/","title":{"rendered":"CADEN D6-3S Mochila con conexi\u00f3n USB &#8211; Negro"},"content":{"rendered":"<p><strong>Mochila de fotograf\u00eda D6-L con conexi\u00f3n USB &#8211; Negro<\/strong><strong> &#8211; Negro Talla L<\/strong><\/p>\n<p>Mochila dise\u00f1ada para guardar tu c\u00e1mara y accesorios. Fabricado en material resistente y duradero. Permite un acceso r\u00e1pido a todos sus equipos. El acceso al gran compartimento interior se realiza a trav\u00e9s de una cremallera en la parte posterior de la mochila. La parte delantera contiene un bolsillo con cremallera, los bolsillos laterales abiertos, una correa de tr\u00edpode en el lateral y una entrada conectada por USB en el lateral. Tirantes ajustables y acolchados.     <\/p>\n<p><strong>Contenido:<\/strong><\/p>\n<ul>\n<li>1 x Mochila<\/li>\n<li>1 x Cubierta para la lluvia<\/li>\n<\/ul>\n<p><strong>Caracter\u00edsticas t\u00e9cnicas:<\/strong><\/p>\n<ul>\n<li>Marca: CADEN<\/li>\n<li>Modelo: D6-L<\/li>\n<li>Material: 600D<\/li>\n<li>Dimensiones: 29 x 15 x 37 cm<\/li>\n<\/ul>\n","protected":false},"excerpt":{"rendered":"<p>Mochila de fotograf\u00eda D6-L con conexi\u00f3n USB &#8211; Negro &#8211; Negro Talla L Mochila dise\u00f1ada para guardar tu c\u00e1mara y<\/p>\n","protected":false},"featured_media":33712,"comment_status":"closed","ping_status":"open","template":"","meta":{"_acf_changed":false},"product_brand":[2642],"product_cat":[907],"product_tag":[],"class_list":{"0":"post-71479","1":"product","2":"type-product","3":"status-publish","4":"has-post-thumbnail","6":"product_brand-caden-es","7":"product_cat-mochilas-es","9":"first","10":"instock","11":"taxable","12":"shipping-taxable","13":"purchasable","14":"product-type-simple"},"bundled_by":[],"bundle_stock_status":"instock","bundle_stock_quantity":2,"bundle_virtual":false,"bundle_layout":"","bundle_add_to_cart_form_location":"","bundle_editable_in_cart":false,"bundle_sold_individually_context":"","bundle_item_grouping":"","bundle_min_size":"","bundle_max_size":"","bundle_price":[],"bundled_items":[],"bundle_sell_ids":[],"acf":[],"_links":{"self":[{"href":"https:\/\/hi-techwonder.com\/es\/wp-json\/wp\/v2\/product\/71479","targetHints":{"allow":["GET"]}}],"collection":[{"href":"https:\/\/hi-techwonder.com\/es\/wp-json\/wp\/v2\/product"}],"about":[{"href":"https:\/\/hi-techwonder.com\/es\/wp-json\/wp\/v2\/types\/product"}],"replies":[{"embeddable":true,"href":"https:\/\/hi-techwonder.com\/es\/wp-json\/wp\/v2\/comments?post=71479"}],"wp:featuredmedia":[{"embeddable":true,"href":"https:\/\/hi-techwonder.com\/es\/wp-json\/wp\/v2\/media\/33712"}],"wp:attachment":[{"href":"https:\/\/hi-techwonder.com\/es\/wp-json\/wp\/v2\/media?parent=71479"}],"wp:term":[{"taxonomy":"product_brand","embeddable":true,"href":"https:\/\/hi-techwonder.com\/es\/wp-json\/wp\/v2\/product_brand?post=71479"},{"taxonomy":"product_cat","embeddable":true,"href":"https:\/\/hi-techwonder.com\/es\/wp-json\/wp\/v2\/product_cat?post=71479"},{"taxonomy":"product_tag","embeddable":true,"href":"https:\/\/hi-techwonder.com\/es\/wp-json\/wp\/v2\/product_tag?post=71479"}],"curies":[{"name":"wp","href":"https:\/\/api.w.org\/{rel}","templated":true}]}}