{"id":71481,"date":"2025-07-29T09:01:18","date_gmt":"2025-07-29T09:01:18","guid":{"rendered":"https:\/\/fv6qoy3ls0.wpdns.site\/produto\/bresser-binoculares-de-vision-nocturna-digital-3x20-negro\/"},"modified":"2026-01-08T17:14:46","modified_gmt":"2026-01-08T17:14:46","slug":"bresser-binoculares-de-vision-nocturna-digital-3x20-negro","status":"publish","type":"product","link":"https:\/\/hi-techwonder.com\/es\/producto\/bresser-binoculares-de-vision-nocturna-digital-3x20-negro\/","title":{"rendered":"BRESSER Binoculares de visi\u00f3n nocturna digital 3&#215;20 (Negro)"},"content":{"rendered":"<p><strong>Binoculares de visi\u00f3n nocturna digital Bresser 3&#215;20 (negro)<\/strong><\/p>\n<p><strong>Caracter\u00edsticas principales:<\/strong><\/p>\n<ul>\n<li>Producto solo para uso civil.<\/li>\n<li>Dispositivo digital de visi\u00f3n nocturna.<\/li>\n<li>Funci\u00f3n de zoom digital.<\/li>\n<li>Iluminador infrarrojo incorporado con niveles de intensidad.<\/li>\n<li>Alcance: unos 100 m.<\/li>\n<li>Cable de tr\u00edpode.<\/li>\n<li>Alimentado por bater\u00edas: 8 pilas AA (no incluidas).<\/li>\n<\/ul>\n<p><strong>Contenido del paquete:<\/strong><\/p>\n<ul>\n<li>Dispositivo de visi\u00f3n nocturna.<\/li>\n<li>Monedero.<\/li>\n<li>Asa de transporte acolchada.<\/li>\n<li>Manual.<\/li>\n<\/ul>\n<p style=\"text-align: justify;\">Este dispositivo digital de visi\u00f3n nocturna tiene una pantalla grande y una rosca de tr\u00edpode. Este instrumento no es propenso a funcionar mal debido a la sobreexposici\u00f3n de la iluminaci\u00f3n, ya que est\u00e1 equipado con la nueva tecnolog\u00eda digital y no con la versi\u00f3n anal\u00f3gica tradicional. Aunque est\u00e1 dise\u00f1ado para usarse durante el crep\u00fasculo o el amanecer, la iluminaci\u00f3n IR incorporada permite al observador ver en la oscuridad total. Debido a la amplia visi\u00f3n, tiene la oportunidad de mirar a distancia en el dispositivo de visi\u00f3n nocturna. El aumento de 3x (6x con zoom digital) permite ver los objetos distantes con mayor detalle. La distancia m\u00e1xima de observaci\u00f3n es de aproximadamente 100 m.     <\/p>\n<p style=\"text-align: justify;\"><strong>Binoculares de visi\u00f3n nocturna digital Bresser 3&#215;20 Especificaciones (negro):<\/strong><\/p>\n<p style=\"text-align: justify;\"><em>CAMPO DE APLICACI\u00d3N<\/em><\/p>\n<table style=\"border-collapse: collapse; width: 99.9795%;\" border=\"1\">\n<tbody>\n<tr>\n<td style=\"width: 49.1758%;\">Campo de aplicaci\u00f3n<\/td>\n<td style=\"width: 49.1758%;\">\n<p style=\"text-align: justify;\">Pesca<\/p>\n<p style=\"text-align: justify;\">Ocio<\/p>\n<p style=\"text-align: justify;\">Espeleolog\u00eda<\/p>\n<p style=\"text-align: justify;\">Acosar<\/p>\n<p style=\"text-align: justify;\">Seguridad<\/p>\n<p style=\"text-align: justify;\">B\u00fasqueda y rescate<\/p>\n<p style=\"text-align: justify;\">Observaci\u00f3n de vida silvestre<\/p>\n<\/td>\n<\/tr>\n<\/tbody>\n<\/table>\n<p style=\"text-align: justify;\"><em>ESPECIFICACIONES \u00d3PTICAS<\/em><\/p>\n<table style=\"border-collapse: collapse; width: 99.9795%; height: 223.958px;\" border=\"1\">\n<tbody>\n<tr style=\"height: 22.3958px;\">\n<td style=\"width: 49.1758%; height: 22.3958px;\">Dise\u00f1o \u00f3ptico<\/td>\n<td style=\"width: 49.1758%; height: 22.3958px;\">Digital<\/td>\n<\/tr>\n<tr style=\"height: 22.3958px;\">\n<td style=\"width: 49.1758%; height: 22.3958px;\">Expansi\u00f3n de<\/td>\n<td style=\"width: 49.1758%; height: 22.3958px;\">3<\/td>\n<\/tr>\n<tr style=\"height: 22.3958px;\">\n<td style=\"width: 49.1758%; height: 22.3958px;\">Expansi\u00f3n hasta<\/td>\n<td style=\"width: 49.1758%; height: 22.3958px;\">6<\/td>\n<\/tr>\n<tr style=\"height: 22.3958px;\">\n<td style=\"width: 49.1758%; height: 22.3958px;\">Ampliaci\u00f3n de zoom m\u00edn.<\/td>\n<td style=\"width: 49.1758%; height: 22.3958px;\">3<\/td>\n<\/tr>\n<tr style=\"height: 22.3958px;\">\n<td style=\"width: 49.1758%; height: 22.3958px;\">Ampliaci\u00f3n Zoom m\u00e1x.<\/td>\n<td style=\"width: 49.1758%; height: 22.3958px;\">6<\/td>\n<\/tr>\n<tr style=\"height: 22.3958px;\">\n<td style=\"width: 49.1758%; height: 22.3958px;\">Lente de espejo\/di\u00e1metro.<\/td>\n<td style=\"width: 49.1758%; height: 22.3958px;\">20 mil\u00edmetros<\/td>\n<\/tr>\n<tr style=\"height: 22.3958px;\">\n<td style=\"width: 49.1758%; height: 22.3958px;\">Tipo de recubrimiento<\/td>\n<td style=\"width: 49.1758%; height: 22.3958px;\">Totalmente recubierto<\/td>\n<\/tr>\n<tr style=\"height: 22.3958px;\">\n<td style=\"width: 49.1758%; height: 22.3958px;\">Color del recubrimiento<\/td>\n<td style=\"width: 49.1758%; height: 22.3958px;\">azul<\/td>\n<\/tr>\n<tr style=\"height: 22.3958px;\">\n<td style=\"width: 49.1758%; height: 22.3958px;\">Oculares para usuarios de<\/td>\n<p> gafas<\/p>\n<td style=\"width: 49.1758%; height: 22.3958px;\">\u221a<\/td>\n<\/tr>\n<tr style=\"height: 22.3958px;\">\n<td style=\"width: 49.1758%; height: 22.3958px;\">Campo de visi\u00f3n a 1000m<\/td>\n<td style=\"width: 49.1758%; height: 22.3958px;\">175 millones<\/td>\n<\/tr>\n<tr>\n<td style=\"width: 49.1758%;\">Campo de visi\u00f3n<\/td>\n<td style=\"width: 49.1758%;\">10 grados<\/td>\n<\/tr>\n<tr>\n<td style=\"width: 49.1758%;\">Enfoque cercano <\/td>\n<td style=\"width: 49.1758%;\">1 m<\/td>\n<\/tr>\n<\/tbody>\n<\/table>\n<p style=\"text-align: justify;\"><em>ELECTR\u00d3NICA, HARDWARE Y SOFTWARE<\/em><\/p>\n<table style=\"border-collapse: collapse; width: 99.9795%; height: 223.958px;\" border=\"1\">\n<tbody>\n<tr style=\"height: 22.3958px;\">\n<td style=\"width: 49.1758%; height: 22.3958px;\">Fuente de alimentaci\u00f3n <\/td>\n<td style=\"width: 49.1758%; height: 22.3958px;\">Bater\u00edas de 1,5 V<\/td>\n<\/tr>\n<tr style=\"height: 22.3958px;\">\n<td style=\"width: 49.1758%; height: 22.3958px;\">Bater\u00edas requeridas<\/td>\n<td style=\"width: 49.1758%; height: 22.3958px;\">8x AA (Mignon), 1,5 V<\/td>\n<\/tr>\n<tr style=\"height: 22.3958px;\">\n<td style=\"width: 49.1758%; height: 22.3958px;\">Duraci\u00f3n de la bater\u00eda<\/td>\n<td style=\"width: 49.1758%; height: 22.3958px;\">6h<\/td>\n<\/tr>\n<tr style=\"height: 22.3958px;\">\n<td style=\"width: 49.1758%; height: 22.3958px;\">Iluminaci\u00f3n infrarroja<\/td>\n<td style=\"width: 49.1758%; height: 22.3958px;\">Iluminaci\u00f3n IR, 850 nm<\/td>\n<\/tr>\n<tr style=\"height: 22.3958px;\">\n<td style=\"width: 49.1758%; height: 22.3958px;\">Cintur\u00f3n<\/td>\n<td style=\"width: 49.1758%; height: 22.3958px;\">100 metros<\/td>\n<\/tr>\n<tr style=\"height: 22.3958px;\">\n<td style=\"width: 49.1758%; height: 22.3958px;\">Iluminador<\/td>\n<p> infrarrojo incorporado <\/p>\n<td style=\"width: 49.1758%; height: 22.3958px;\">\u221a<\/td>\n<\/tr>\n<tr style=\"height: 22.3958px;\">\n<td style=\"width: 49.1758%; height: 22.3958px;\">Tipo de pantalla<\/td>\n<td style=\"width: 49.1758%; height: 22.3958px;\">Isa\u00edas 4:3<\/td>\n<\/tr>\n<tr style=\"height: 22.3958px;\">\n<td style=\"width: 49.1758%; height: 22.3958px;\">Tipo de sensor<\/td>\n<td style=\"width: 49.1758%; height: 22.3958px;\">Color CMOS<\/td>\n<\/tr>\n<tr style=\"height: 22.3958px;\">\n<td style=\"width: 49.1758%; height: 22.3958px;\">Navegaci\u00f3n<\/td>\n<td style=\"width: 49.1758%; height: 22.3958px;\">Botones de control<\/td>\n<\/tr>\n<\/tbody>\n<\/table>\n<p style=\"text-align: justify;\"><em>DATOS T\u00c9CNICOS GENERALES<\/em><\/p>\n<table style=\"border-collapse: collapse; width: 99.9795%; height: 153.771px;\" border=\"1\">\n<tbody>\n<tr style=\"height: 22.3958px;\">\n<td style=\"width: 49.1758%; height: 22.3958px;\">Color<\/td>\n<td style=\"width: 49.1758%; height: 22.3958px;\">Gris<\/td>\n<\/tr>\n<tr style=\"height: 22.3958px;\">\nMaterial <\/p>\n<td style=\"width: 49.1758%; height: 22.3958px;\">del cuerpo<\/td>\n<td style=\"width: 49.1758%; height: 22.3958px;\">Pl\u00e1stico<\/td>\n<\/tr>\n<tr style=\"height: 19.3958px;\">\nRosca adaptadora de <\/p>\n<td style=\"width: 49.1758%; height: 19.3958px;\">tr\u00edpode<\/td>\n<td style=\"width: 49.1758%; height: 19.3958px;\">\u221a<\/td>\n<\/tr>\n<tr style=\"height: 22.3958px;\">\n<td style=\"width: 49.1758%; height: 22.3958px;\">Rango de temperatura m\u00ednimo (\u00b0C) <\/td>\n<td style=\"width: 49.1758%; height: 22.3958px;\">-20<\/td>\n<\/tr>\n<tr style=\"height: 22.3958px;\">\n<td style=\"width: 49.1758%; height: 22.3958px;\">Rango de temperatura m\u00e1x. (\u00b0C) <\/td>\n<td style=\"width: 49.1758%; height: 22.3958px;\">60<\/td>\n<\/tr>\n<tr style=\"height: 22.3958px;\">\n<td style=\"width: 49.1758%; height: 22.3958px;\">Garant\u00eda extendida<\/td>\n<td style=\"width: 49.1758%; height: 22.3958px;\">5 a\u00f1os<\/td>\n<\/tr>\n<\/tbody>\n<\/table>\n<p style=\"text-align: justify;\"><em>DIMENSIONES Y PESOS<\/em><\/p>\n<table style=\"border-collapse: collapse; width: 99.9795%;\" border=\"1\">\n<tbody>\n<tr>\n<td style=\"width: 49.1758%;\">Longitud total<\/td>\n<td style=\"width: 49.1758%;\">185 mil\u00edmetros<\/td>\n<\/tr>\n<tr>\n<td style=\"width: 49.1758%;\">Ancho total<\/td>\n<td style=\"width: 49.1758%;\">145 mil\u00edmetros<\/td>\n<\/tr>\n<tr>\n<td style=\"width: 49.1758%;\">Altura total<\/td>\n<td style=\"width: 49.1758%;\">55 mm<\/td>\n<\/tr>\n<tr>\n<td style=\"width: 49.1758%;\">Peso neto (sin acceso).<\/td>\n<td style=\"width: 49.1758%;\">680 gramos<\/td>\n<\/tr>\n<\/tbody>\n<\/table>\n","protected":false},"excerpt":{"rendered":"<p>Binoculares de visi\u00f3n nocturna digital Bresser 3&#215;20 (negro) Caracter\u00edsticas principales: Producto solo para uso civil. Dispositivo digital de visi\u00f3n nocturna.<\/p>\n","protected":false},"featured_media":44123,"comment_status":"closed","ping_status":"open","template":"","meta":{"_acf_changed":false},"product_brand":[2674],"product_cat":[1066],"product_tag":[],"class_list":{"0":"post-71481","1":"product","2":"type-product","3":"status-publish","4":"has-post-thumbnail","6":"product_brand-bresser-es","7":"product_cat-prismaticos","9":"first","10":"instock","11":"taxable","12":"shipping-taxable","13":"purchasable","14":"product-type-simple"},"bundled_by":[],"bundle_stock_status":"instock","bundle_stock_quantity":1,"bundle_virtual":false,"bundle_layout":"","bundle_add_to_cart_form_location":"","bundle_editable_in_cart":false,"bundle_sold_individually_context":"","bundle_item_grouping":"","bundle_min_size":"","bundle_max_size":"","bundle_price":[],"bundled_items":[],"bundle_sell_ids":[],"acf":[],"_links":{"self":[{"href":"https:\/\/hi-techwonder.com\/es\/wp-json\/wp\/v2\/product\/71481","targetHints":{"allow":["GET"]}}],"collection":[{"href":"https:\/\/hi-techwonder.com\/es\/wp-json\/wp\/v2\/product"}],"about":[{"href":"https:\/\/hi-techwonder.com\/es\/wp-json\/wp\/v2\/types\/product"}],"replies":[{"embeddable":true,"href":"https:\/\/hi-techwonder.com\/es\/wp-json\/wp\/v2\/comments?post=71481"}],"wp:featuredmedia":[{"embeddable":true,"href":"https:\/\/hi-techwonder.com\/es\/wp-json\/wp\/v2\/media\/44123"}],"wp:attachment":[{"href":"https:\/\/hi-techwonder.com\/es\/wp-json\/wp\/v2\/media?parent=71481"}],"wp:term":[{"taxonomy":"product_brand","embeddable":true,"href":"https:\/\/hi-techwonder.com\/es\/wp-json\/wp\/v2\/product_brand?post=71481"},{"taxonomy":"product_cat","embeddable":true,"href":"https:\/\/hi-techwonder.com\/es\/wp-json\/wp\/v2\/product_cat?post=71481"},{"taxonomy":"product_tag","embeddable":true,"href":"https:\/\/hi-techwonder.com\/es\/wp-json\/wp\/v2\/product_tag?post=71481"}],"curies":[{"name":"wp","href":"https:\/\/api.w.org\/{rel}","templated":true}]}}