{"id":71487,"date":"2025-07-29T00:27:03","date_gmt":"2025-07-29T00:27:03","guid":{"rendered":"https:\/\/fv6qoy3ls0.wpdns.site\/produto\/montura-l-blackmagic-pyxis-6k\/"},"modified":"2026-03-31T14:39:58","modified_gmt":"2026-03-31T13:39:58","slug":"blackmagic-montura-l-blackmagic-pyxis-6k","status":"publish","type":"product","link":"https:\/\/hi-techwonder.com\/es\/producto\/blackmagic-montura-l-blackmagic-pyxis-6k\/","title":{"rendered":"Montura L BLACKMAGIC PYXIS 6K"},"content":{"rendered":"<p class=\"MsoNormal\"><b>T\u00edtulo:<\/b> Blackmagic PYXIS 6K L-Mount, c\u00e1mara de cine digital<br \/>\nde fotograma completo de alto rendimiento para producciones profesionales<br \/>Para presupuesto y\/o accesorios adicionales, p\u00f3ngase en contacto con nosotros.<\/p>\n<div class=\"MsoNormal\" align=\"center\" style=\"text-align:center\">\n<hr size=\"0\" width=\"100%\" noshade align=\"center\">\n<\/div>\n<p class=\"MsoNormal\"><b>Funciones<\/b><\/p>\n<ul style=\"margin-top:0cm\" type=\"disc\">\n<li class=\"MsoNormal\">Sensor<br \/>\n HDR de fotograma completo de 6048 x 4032 con filtro \u00f3ptico de paso bajo e ISO<br \/>\n nativo dual (400 y 3200).<\/li>\n<li class=\"MsoNormal\">Montura de lente activa con montura<br \/>\n L, compatible con lentes de fotograma completo y adaptadores<br \/>\n de lentes adicionales.<\/li>\n<li class=\"MsoNormal\">Resoluci\u00f3n de grabaci\u00f3n<br \/>\n de hasta 6K (6048 x 4032), con soporte para m\u00faltiples relaciones de<br \/>\n aspecto (16:9, 4:3, DCI y m\u00e1s).<\/li>\n<li class=\"MsoNormal\">Rango<br \/>\n din\u00e1mico de 13 pasos.<\/li>\n<li class=\"MsoNormal\">Pantalla<br \/>\n LCD t\u00e1ctil capacitiva de 4&#8243; con resoluci\u00f3n de 1920 x 1080 y brillo de<br \/>\n 1500 nits para una mejor visibilidad en exteriores.<\/li>\n<li class=\"MsoNormal\">Grabaci\u00f3n<br \/>\n Blackmagic RAW y proxies H.264, con opciones de compresi\u00f3n a tasas de bits constantes<br \/>\n y variables, lo que garantiza flexibilidad en el almacenamiento y<br \/>\n la postproducci\u00f3n.<\/li>\n<li class=\"MsoNormal\">Control de<br \/>\n lentes con funciones de iris y enfoque autom\u00e1tico en lentes electr\u00f3nicos<br \/>\n compatibles.<\/li>\n<li class=\"MsoNormal\">Compatible<br \/>\n con controles externos como Blackmagic Zoom Demand y Focus Demand e<br \/>\n integraci\u00f3n con iPad, Bluetooth y USB PTP para control remoto.<\/li>\n<\/ul>\n<div class=\"MsoNormal\" align=\"center\" style=\"text-align:center\">\n<hr size=\"0\" width=\"100%\" noshade align=\"center\">\n<\/div>\n<p class=\"MsoNormal\"><b>Contenido del paquete<\/b><\/p>\n<ul style=\"margin-top:0cm\" type=\"disc\">\n<li class=\"MsoNormal\">\n 1 Un. C\u00e1mara Blackmagic PYXIS 6K con montura L <\/li>\n<li class=\"MsoNormal\">\n 1 Un. Cubierta antipolvo para la torre de lentes <\/li>\n<li class=\"MsoNormal\">\n 1 Un. Placa est\u00e1ndar PYXIS <\/li>\n<li class=\"MsoNormal\">\n 1 Un. Placa SSD PYXIS <\/li>\n<li class=\"MsoNormal\">\n 1 Un. Fuente de alimentaci\u00f3n externa de 60 W con conector de seguridad y<br \/>\n adaptadores internacionales <\/li>\n<li class=\"MsoNormal\">\n 1 Un. Clave de activaci\u00f3n de DaVinci Resolve Studio <\/li>\n<li class=\"MsoNormal\">\n 1 Un. Folleto introductorio <\/li>\n<\/ul>\n<div class=\"MsoNormal\" align=\"center\" style=\"text-align:center\">\n<hr size=\"0\" width=\"100%\" noshade align=\"center\">\n<\/div>\n<p class=\"MsoNormal\">&nbsp;<video controls=\"\" src=\"https:\/\/downloads.blackmagicdesign.com\/videos\/products\/blackmagicpyxis\/landing\/customizability\/20240412-6h11ij\/customizability.hd.1080p.mp4\" width=\"640\" height=\"360\" class=\"note-video-clip\"><\/video><\/p>\n<p class=\"MsoNormal\"><b>Descripci\u00f3n detallada<\/b><br \/>La Blackmagic PYXIS 6K es una c\u00e1mara de cine de fotograma completo dise\u00f1ada para<br \/>\nfilmar con alta calidad y flexibilidad en producciones de cine, televisi\u00f3n y<br \/>\nstreaming. Con un sensor de 36 mm x 24 mm, la c\u00e1mara ofrece grabaciones de hasta 6K con una resoluci\u00f3n de<br \/>\n6048 x 4032. El rango din\u00e1mico de 13 pasos y el ISO<br \/>\n dual (400 y 3200) garantizan im\u00e1genes detalladas y ricas en entornos con<br \/>\ndiferentes condiciones de luz. La montura activa con montura L admite una amplia gama de lentes y adaptadores, lo que garantiza una<br \/>\npersonalizaci\u00f3n completa para<br \/>\ndiversas necesidades de producci\u00f3n.   <\/p>\n<p class=\"MsoNormal\">La pantalla t\u00e1ctil LCD de 4&#8243; con brillo de 1500 nits permite<br \/>\nuna visualizaci\u00f3n clara en exteriores, mientras que la interfaz permite<br \/>\najustes r\u00e1pidos. La c\u00e1mara ofrece m\u00faltiples velocidades de fotogramas, con hasta 120 fps en<br \/>\n1080 HD, adapt\u00e1ndose a diversas demandas de disparo. Blackmagic PYXIS 6K<br \/>\ngraba en formatos Blackmagic RAW con compresi\u00f3n ajustable y admite proxies<br \/>\n H.264, lo que permite diferentes configuraciones de almacenamiento y postproducci\u00f3n.  <\/p>\n<div class=\"MsoNormal\" align=\"center\" style=\"text-align:center\">\n<hr size=\"0\" width=\"100%\" noshade align=\"center\">\n<\/div>\n<p class=\"MsoNormal\"><b>Especificaciones t\u00e9cnicas<\/b><\/p>\n<ul style=\"margin-top:0cm\" type=\"disc\">\n<li class=\"MsoNormal\"><b>Tama\u00f1o<br \/>\n Sensor efectivo:<\/b> 36 mm x 24 mm (fotograma completo)<\/li>\n<li class=\"MsoNormal\"><b>Montura de lente: Montura<br \/>\n<\/b> L activa<\/li>\n<li class=\"MsoNormal\"><b>Control de<br \/>\n lentes:<\/b> iris y enfoque autom\u00e1tico en lentes compatibles<br \/>\n electr\u00f3nicamente<\/li>\n<li class=\"MsoNormal\"><b>Cintur\u00f3n<br \/>\n Din\u00e1mica:<\/b> 13 paradas<\/li>\n<li class=\"MsoNormal\"><b>ISO<br \/>\n Dual Native:<\/b> 400 y 3200<\/li>\n<li class=\"MsoNormal\"><b>Resoluciones<br \/>\n de disparo:<\/b><\/li>\n<ul style=\"margin-top:0cm\" type=\"circle\">\n<li class=\"MsoNormal\">6048<br \/>\n x 4032 (Open Gate 3:2) hasta 36 fps<\/li>\n<li class=\"MsoNormal\">4832<br \/>\n x 4032 (anam\u00f3rfico 6:5) hasta 36 fps<\/li>\n<li class=\"MsoNormal\">6048<br \/>\n x 3408 (6K 16:9) hasta 46 fps<\/li>\n<li class=\"MsoNormal\">6048<br \/>\n x 3200 (6K DCI 17:9) hasta 48 fps<\/li>\n<li class=\"MsoNormal\">6048<br \/>\n x 2520 (6K 2.4:1) hasta 60 fps<\/li>\n<li class=\"MsoNormal\">4096<br \/>\n x 3072 (Super 35 4:3) hasta 50 fps<\/li>\n<li class=\"MsoNormal\">4096<br \/>\n x 2304 (4K 16:9) hasta 60 fps<\/li>\n<li class=\"MsoNormal\">4096<br \/>\n x 2160 (4K DCI 17:9) hasta 60 fps<\/li>\n<li class=\"MsoNormal\">2112<br \/>\n x 1184 (Super 16 16:9) hasta 100 fps<\/li>\n<li class=\"MsoNormal\">1920<br \/>\n x 1080 (1080 HD 16:9) hasta 120 fps<\/li>\n<\/ul>\n<li class=\"MsoNormal\"><b>Velocidades de fotogramas<br \/>\n :<\/b> Compatible con proyectos de 23,98, 24, 25, 29,97, 30,<br \/>\n 50, 59,94 y 60 fps. Velocidades de fotogramas fuera de velocidad de hasta 60 fps en 6K 2.4:1 y<br \/>\n DCI 4K, 100 fps en Super 16 16:9 y 120 fps en 1080 HD. <\/li>\n<li class=\"MsoNormal\"><b>Centro de atenci\u00f3n:<\/b> Enfoque<br \/>\n autom\u00e1tico disponible con lentes compatibles.<\/li>\n<li class=\"MsoNormal\"><b>Control del<br \/>\n iris:<\/b> Ajuste manual y autom\u00e1tico del iris en lentes electr\u00f3nicas<br \/>\n compatibles.<\/li>\n<li class=\"MsoNormal\"><b>Dimensiones<br \/>\n de la pantalla:<\/b> 4&#8243; con una resoluci\u00f3n de 1920 x 1080 y brillo de 1500 nits.<\/li>\n<li class=\"MsoNormal\"><b>Tipo de<br \/>\n pantalla:<\/b> pantalla t\u00e1ctil capacitiva LCD.<\/li>\n<li class=\"MsoNormal\"><b>Soporte<br \/>\n de metadatos:<\/b> Grabaci\u00f3n autom\u00e1tica de la configuraci\u00f3n de la c\u00e1mara y<br \/>\n los datos de la claqueta, como el proyecto, el n\u00famero de escena y las notas.<\/li>\n<li class=\"MsoNormal\"><b>Reloj<br \/>\n de c\u00f3digo de tiempo:<\/b> alta precisi\u00f3n con una desviaci\u00f3n de menos de 1 fotograma<br \/>\n cada 8 horas.<\/li>\n<li class=\"MsoNormal\"><b>Conexiones<br \/>\n de video:<\/b> Sin entrada, 1 salida SDI de 12G hasta 2160p60 y 1 USB-C.<\/li>\n<li class=\"MsoNormal\"><b>Entradas de audio anal\u00f3gico:<br \/>\n<\/b> 1 entrada miniXLR y 1 entrada est\u00e9reo de 3,5 mm<br \/>\n.<\/li>\n<li class=\"MsoNormal\"><b>Salidas de audio anal\u00f3gicas<br \/>\n :<\/b> 1 salida de auriculares de 3,5 mm.<\/li>\n<li class=\"MsoNormal\"><b>Sincronizaci\u00f3n:<\/b> Tri-Sync,<br \/>\n Black Burst, Timecode.<\/li>\n<li class=\"MsoNormal\"><b>Interfaz<br \/>\n de computadora: USB tipo C<\/b> para grabar en unidades externas y<br \/>\n control remoto.<\/li>\n<li class=\"MsoNormal\"><b>Ethernet:<\/b> 1 x RJ-45 1 Gb\/s<br \/>\n (10\/100\/1000 BASE-T).<\/li>\n<li class=\"MsoNormal\"><b>Est\u00e1ndares de video compatibles<br \/>\n :<\/b> HD y Ultra HD (1080p23.98 a 1080p60,<br \/>\n 2160p23.98 a 2160p60).<\/li>\n<li class=\"MsoNormal\"><b>Muestreo de audio SDI<br \/>\n :<\/b> 48 kHz y 24 bits.<\/li>\n<li class=\"MsoNormal\"><b>Medio<br \/>\n Compatible:<\/b> CFexpress tipo B y USB-C.<\/li>\n<li class=\"MsoNormal\"><b>Formatos<br \/>\n multimedia:<\/b> exFAT (Windows\/Mac) y HFS+ (Mac).<\/li>\n<li class=\"MsoNormal\"><b>Codecs:<\/b> Blackmagic<br \/>\n RAW (relaciones de compresi\u00f3n ajustables), proxies H.264.<\/li>\n<li class=\"MsoNormal\"><b>Software incluido:<\/b> Blackmagic OS, DaVinci<br \/>\n Resolve Studio (activaci\u00f3n de Mac y Windows), configuraci\u00f3n de la c\u00e1mara Blackmagic, reproductor RAW<br \/>\n , RAW QuickLook, SDK RAW, prueba de velocidad RAW.<\/li>\n<li class=\"MsoNormal\"><b>Compatibilidad<br \/>\n del sistema operativo:<\/b> macOS Ventura y superior, Windows 10 y 11.<\/li>\n<li class=\"MsoNormal\"><b>Fuente de<br \/>\n alimentaci\u00f3n externa:<\/b> DC 12V 60W, compatible con bater\u00edas<br \/>\n BP-U.<\/li>\n<li class=\"MsoNormal\"><b>Accesorios<br \/>\n Opcional:<\/b> Mango de cine Blackmagic URSA, visor electr\u00f3nico de cine y placa de roseta<br \/>\n PYXIS.<\/li>\n<li class=\"MsoNormal\"><b>Especificaciones<br \/>\n ambientales:<\/b><\/li>\n<ul style=\"margin-top:0cm\" type=\"circle\">\n<li class=\"MsoNormal\">Temperatura<br \/>\n de funcionamiento: 0 a 40 \u00b0C<\/li>\n<li class=\"MsoNormal\">Temperatura<br \/>\n de almacenamiento: -20 a 45 \u00b0C<\/li>\n<li class=\"MsoNormal\">Humedad<br \/>\n relativa: 0 a 90%, sin condensaci\u00f3n<\/li>\n<\/ul>\n<li class=\"MsoNormal\"><b>Peso:<\/b> Aproximadamente<br \/>\n 1,3 kg (solo cuerpo de la c\u00e1mara).<\/li>\n<\/ul>\n<div class=\"MsoNormal\" align=\"center\" style=\"text-align:center\">\n<hr size=\"0\" width=\"100%\" noshade align=\"center\">\n<\/div>\n<p class=\"MsoNormal\"><b>Dimensiones del paquete<\/b><\/p>\n<ul style=\"margin-top:0cm\" type=\"disc\">\n<li class=\"MsoNormal\">Aproximadamente:<br \/>\n 38 cm x 27 cm x 19 cm.<\/li>\n<\/ul>\n<div class=\"MsoNormal\" align=\"center\" style=\"text-align:center\">\n<hr size=\"0\" width=\"100%\" noshade align=\"center\">\n<\/div>\n<p class=\"MsoNormal\"><b>Informaci\u00f3n adicional<\/b><br \/>Nota: Im\u00e1genes ilustrativas. Equipo ilustrativo no incluido. Consulte<br \/>\nel contenido y las especificaciones del paquete para obtener m\u00e1s detalles.  <\/p>\n<p class=\"MsoNormal\">Para presupuesto y\/o accesorios adicionales, p\u00f3ngase en contacto con<br \/>\nnosotros.<\/p>\n","protected":false},"excerpt":{"rendered":"<p>T\u00edtulo: Blackmagic PYXIS 6K L-Mount, c\u00e1mara de cine digital de fotograma completo de alto rendimiento para producciones profesionalesPara presupuesto y\/o<\/p>\n","protected":false},"featured_media":40895,"comment_status":"closed","ping_status":"open","template":"","meta":{"_acf_changed":false},"product_brand":[2658],"product_cat":[934],"product_tag":[],"class_list":{"0":"post-71487","1":"product","2":"type-product","3":"status-publish","4":"has-post-thumbnail","6":"product_brand-blackmagic-es","7":"product_cat-video-es-2","9":"first","10":"onbackorder","11":"taxable","12":"shipping-taxable","13":"purchasable","14":"product-type-simple"},"bundled_by":[],"bundle_stock_status":"onbackorder","bundle_stock_quantity":null,"bundle_virtual":false,"bundle_layout":"","bundle_add_to_cart_form_location":"","bundle_editable_in_cart":false,"bundle_sold_individually_context":"","bundle_item_grouping":"","bundle_min_size":"","bundle_max_size":"","bundle_price":[],"bundled_items":[],"bundle_sell_ids":[],"acf":[],"_links":{"self":[{"href":"https:\/\/hi-techwonder.com\/es\/wp-json\/wp\/v2\/product\/71487","targetHints":{"allow":["GET"]}}],"collection":[{"href":"https:\/\/hi-techwonder.com\/es\/wp-json\/wp\/v2\/product"}],"about":[{"href":"https:\/\/hi-techwonder.com\/es\/wp-json\/wp\/v2\/types\/product"}],"replies":[{"embeddable":true,"href":"https:\/\/hi-techwonder.com\/es\/wp-json\/wp\/v2\/comments?post=71487"}],"wp:featuredmedia":[{"embeddable":true,"href":"https:\/\/hi-techwonder.com\/es\/wp-json\/wp\/v2\/media\/40895"}],"wp:attachment":[{"href":"https:\/\/hi-techwonder.com\/es\/wp-json\/wp\/v2\/media?parent=71487"}],"wp:term":[{"taxonomy":"product_brand","embeddable":true,"href":"https:\/\/hi-techwonder.com\/es\/wp-json\/wp\/v2\/product_brand?post=71487"},{"taxonomy":"product_cat","embeddable":true,"href":"https:\/\/hi-techwonder.com\/es\/wp-json\/wp\/v2\/product_cat?post=71487"},{"taxonomy":"product_tag","embeddable":true,"href":"https:\/\/hi-techwonder.com\/es\/wp-json\/wp\/v2\/product_tag?post=71487"}],"curies":[{"name":"wp","href":"https:\/\/api.w.org\/{rel}","templated":true}]}}