{"id":71488,"date":"2025-07-29T09:22:47","date_gmt":"2025-07-29T09:22:47","guid":{"rendered":"https:\/\/fv6qoy3ls0.wpdns.site\/produto\/canon-rf-85mm-f-2-macro-is-stm\/"},"modified":"2026-05-13T13:10:12","modified_gmt":"2026-05-13T12:10:12","slug":"canon-rf-85mm-f-2-macro-is-stm","status":"publish","type":"product","link":"https:\/\/hi-techwonder.com\/es\/producto\/canon-rf-85mm-f-2-macro-is-stm\/","title":{"rendered":"CANON RF 85mm f\/2 Macro IS STM"},"content":{"rendered":"<p><strong>CANON RF 85mm f\/2 Macro IS STM<\/strong><\/p>\n<p><strong>Funciones:<\/strong><\/p>\n<ul>\n<li>Ideal para retratos<\/li>\n<li>Estabilizaci\u00f3n de imagen IS avanzada de 5 pasos<\/li>\n<li>Enfoque macro para detalles excepcionales, 0,5x<\/li>\n<li>Motor STM, enfoque suave para video, r\u00e1pido para im\u00e1genes fijas<\/li>\n<li>Recubrimiento Super Spectra para reducir las im\u00e1genes fantasma y los destellos<\/li>\n<li>Tama\u00f1o compacto de 78 x 90,5 mm<\/li>\n<\/ul>\n<p><strong>Contenido del paquete:<\/strong><\/p>\n<ul>\n<li>RF RF 85mm f\/2 Macro IS STM<\/li>\n<li>Contraportada<\/li>\n<li>Portada<\/li>\n<li>Manual de usuario<\/li>\n<\/ul>\n<p>Captura el verdadero esp\u00edritu de tu sujeto con un objetivo que ofrece una sutil perspectiva de teleobjetivo para retratos favorecedores, con un enfoque macro corto y un estabilizador de imagen de 5 pasos para una excelente versatilidad.<\/p>\n<p>Lleva tus retratos al siguiente nivel con un objetivo fijo RF compacto y ligero que aplana a tus sujetos y te inspira a descubrir hermosos detalles, y mucho m\u00e1s.<\/p>\n<p><strong>El objetivo ideal para retratos<\/strong><\/p>\n<p>Con una distancia focal de 85 mm, este es un objetivo ideal para retratos favorecedores, produciendo resultados elegantes con hermosos fondos suaves gracias a una gran apertura de f\/2.<\/p>\n<p><strong>Siempre excelentes resultados<\/strong><\/p>\n<p>La montura RF ofrece un rendimiento incre\u00edble con impresionantes niveles de detalle en sus im\u00e1genes, as\u00ed como un perfil DLO incorporado para la optimizaci\u00f3n de la lente en la c\u00e1mara.<\/p>\n<p><strong>Ac\u00e9rcate<\/strong><\/p>\n<p>Enfoca hasta 35 cm y con macro de 0,5x para descubrir detalles, capturando im\u00e1genes con una claridad excepcional en toda el \u00e1rea gracias a una alta apertura m\u00ednima de f\/29.<\/p>\n<p><strong>R\u00e1pido, elegante y silencioso<\/strong><\/p>\n<p>Un motor STM permite un AF suave y silencioso, mientras que el anillo de control del objetivo te permite configurar f\u00e1cilmente los ajustes. Crea \u00e1reas borrosas y suaves gracias a una apertura de nueve hojas. <\/p>\n<p><strong>Compacto y ligero<\/strong><\/p>\n<p>Con un peso de solo 500 g, el objetivo es discreto y compacto, y con unas dimensiones de solo 78&#215;90,5 mm, es f\u00e1cil de llevar para tener m\u00e1s oportunidades creativas.<\/p>\n<p><strong>Caracter\u00edsticas t\u00e9cnicas:<\/strong><\/p>\n<table border=\"0\" width=\"100%\" cellspacing=\"0\" cellpadding=\"2\">\n<colgroup>\n<col width=\"120*\">\n<col width=\"136*\"><\/colgroup>\n<tbody>\n<tr>\n<td width=\"47%\">\n<p style=\"border: none; padding: 0cm; font-weight: normal;\" align=\"LEFT\">Distancia focal<\/p>\n<\/td>\n<td width=\"53%\">\n<p style=\"border: none; padding: 0cm; font-weight: normal;\">85 mm<\/p>\n<\/td>\n<\/tr>\n<tr>\n<td width=\"47%\">\n<p style=\"border: none; padding: 0cm; font-weight: normal;\" align=\"LEFT\">Apertura m\u00e1xima<\/p>\n<\/td>\n<td width=\"53%\">&nbsp;<\/td>\n<\/tr>\n<\/tbody>\n<\/table>\n<table border=\"0\" width=\"100%\" cellspacing=\"0\" cellpadding=\"2\">\n<tbody>\n<tr>\n<td width=\"53%\"><span style=\"color: #666666;\">f\/2<\/span><\/td>\n<\/tr>\n<\/tbody>\n<\/table>\n<table border=\"0\" width=\"100%\" cellspacing=\"0\" cellpadding=\"2\">\n<tbody>\n<tr>\n<td width=\"53%\"> <\/td>\n<\/tr>\n<tr>\n<td width=\"47%\"> <span style=\"color: #666666;\">Montura de <\/span><\/td>\n<p> lente<\/p>\n<td width=\"53%\"> <span style=\"color: #666666;\">Canon RF <\/span><\/td>\n<\/tr>\n<tr>\n<td width=\"47%\"> <span style=\"color: #666666;\">Compatibilidad de <\/span><\/td>\n<p> formatos<\/p>\n<td width=\"53%\"> <span style=\"color: #666666;\">Fotograma completo <\/span><\/td>\n<\/tr>\n<tr>\n<td width=\"47%\"> <span style=\"color: #666666;\">\u00c1ngulo de visi\u00f3n <\/span><\/td>\n<td width=\"53%\"> <span style=\"color: #666666;\">28\u00b0 30&#8242; <\/span><\/td>\n<\/tr>\n<tr>\n Distancia <\/p>\n<td width=\"47%\"> <span style=\"color: #666666;\">m\u00ednima de enfoque <\/span><\/td>\n<td width=\"53%\"> <span style=\"color: #666666;\">1,15&#8242; \/ 35,05 cm <\/span><\/td>\n<\/tr>\n<tr>\n<td width=\"47%\"> <span style=\"color: #666666;\">Aumento <\/span><\/td>\n<p> m\u00e1ximo<\/p>\n<td width=\"53%\"> <span style=\"color: #666666;\">0,5 veces <\/span><\/td>\n<\/tr>\n<tr>\n Relaci\u00f3n<br \/>\n de <\/p>\n<td width=\"47%\"> <span style=\"color: #666666;\">reproducci\u00f3n macro <\/span><\/td>\n<td width=\"53%\"> <span style=\"color: #666666;\">1:2 <\/span><\/td>\n<\/tr>\n<tr>\n<td width=\"47%\"> <span style=\"color: #666666;\">Dise\u00f1o <\/span><\/td>\n<p> \u00f3ptico<\/p>\n<td width=\"53%\"> <span style=\"color: #666666;\">12 elementos en 11 grupos <\/span><\/td>\n<\/tr>\n<tr>\n<td width=\"47%\"> <span style=\"color: #666666;\">Hojas de <\/span><\/td>\n<p> diafragma<\/p>\n<td width=\"53%\"> <span style=\"color: #666666;\">9, redondeado <\/span><\/td>\n<\/tr>\n<tr>\n<td width=\"47%\"> <span style=\"color: #666666;\">Tipo de <\/span><\/td>\n<p> enfoque<\/p>\n<td width=\"53%\"> <span style=\"color: #666666;\">Enfoque autom\u00e1tico <\/span><\/td>\n<\/tr>\n<tr>\n<td width=\"47%\"> <span style=\"color: #666666;\">Estabilizaci\u00f3n de <\/span><\/td>\n<p> imagen<\/p>\n<td width=\"53%\"> <span style=\"color: #666666;\">S\u00ed <\/span><\/td>\n<\/tr>\n<tr>\n<td width=\"47%\"> <span style=\"color: #666666;\">Tama\u00f1o del <\/span><\/td>\n<p> filtro<\/p>\n<td width=\"53%\"> <span style=\"color: #666666;\">67 mm (Frontal) <\/span><\/td>\n<\/tr>\n<tr>\n<td width=\"47%\"> <span style=\"color: #666666;\">Dimensiones (\u00f8 x L) <\/span><\/td>\n<td width=\"53%\"> <span style=\"color: #666666;\">78 x 90,5 mil\u00edmetros <\/span><\/td>\n<\/tr>\n<tr>\n<td width=\"47%\"> <span style=\"color: #666666;\">Peso <\/span><\/td>\n<td width=\"53%\"> <span style=\"color: #666666;\">500 gramos <\/span><\/td>\n<\/tr>\n<\/tbody>\n<\/table>\n","protected":false},"excerpt":{"rendered":"<p>CANON RF 85mm f\/2 Macro IS STM Funciones: Ideal para retratos Estabilizaci\u00f3n de imagen IS avanzada de 5 pasos Enfoque<\/p>\n","protected":false},"featured_media":48154,"comment_status":"closed","ping_status":"closed","template":"","meta":{"_acf_changed":false},"product_brand":[2538],"product_cat":[1062],"product_tag":[],"class_list":{"0":"post-71488","1":"product","2":"type-product","3":"status-publish","4":"has-post-thumbnail","6":"product_brand-canon-es","7":"product_cat-mirrorless-objectivos","8":"pa_abertura-maxima-f-2-es","9":"pa_cor-negro","10":"pa_designs-especiais-macro-es","11":"pa_diametro-67mm-es","12":"pa_estabilizacao-de-imagem-si","13":"pa_montagem-da-objetiva-canon-rf-es","14":"pa_sensor-fotograma-completo","15":"pa_tipo-de-foco-enfoque-automatico","16":"pa_tipo-de-objetiva-teleobjetivo","17":"pa_zoom-fixa-fijo","19":"first","20":"instock","21":"sale","22":"taxable","23":"shipping-taxable","24":"purchasable","25":"product-type-simple"},"bundled_by":[],"bundle_stock_status":"instock","bundle_stock_quantity":1,"bundle_virtual":false,"bundle_layout":"","bundle_add_to_cart_form_location":"","bundle_editable_in_cart":false,"bundle_sold_individually_context":"","bundle_item_grouping":"","bundle_min_size":"","bundle_max_size":"","bundle_price":[],"bundled_items":[],"bundle_sell_ids":[],"acf":[],"_links":{"self":[{"href":"https:\/\/hi-techwonder.com\/es\/wp-json\/wp\/v2\/product\/71488","targetHints":{"allow":["GET"]}}],"collection":[{"href":"https:\/\/hi-techwonder.com\/es\/wp-json\/wp\/v2\/product"}],"about":[{"href":"https:\/\/hi-techwonder.com\/es\/wp-json\/wp\/v2\/types\/product"}],"replies":[{"embeddable":true,"href":"https:\/\/hi-techwonder.com\/es\/wp-json\/wp\/v2\/comments?post=71488"}],"wp:featuredmedia":[{"embeddable":true,"href":"https:\/\/hi-techwonder.com\/es\/wp-json\/wp\/v2\/media\/48154"}],"wp:attachment":[{"href":"https:\/\/hi-techwonder.com\/es\/wp-json\/wp\/v2\/media?parent=71488"}],"wp:term":[{"taxonomy":"product_brand","embeddable":true,"href":"https:\/\/hi-techwonder.com\/es\/wp-json\/wp\/v2\/product_brand?post=71488"},{"taxonomy":"product_cat","embeddable":true,"href":"https:\/\/hi-techwonder.com\/es\/wp-json\/wp\/v2\/product_cat?post=71488"},{"taxonomy":"product_tag","embeddable":true,"href":"https:\/\/hi-techwonder.com\/es\/wp-json\/wp\/v2\/product_tag?post=71488"}],"curies":[{"name":"wp","href":"https:\/\/api.w.org\/{rel}","templated":true}]}}