{"id":71491,"date":"2025-07-29T09:23:41","date_gmt":"2025-07-29T09:23:41","guid":{"rendered":"https:\/\/fv6qoy3ls0.wpdns.site\/produto\/canon-rf-s-10-18mm-f-4-5-6-3-is-stm\/"},"modified":"2026-05-13T13:10:19","modified_gmt":"2026-05-13T12:10:19","slug":"canon-rf-s-10-18mm-f-4-5-6-3-is-stm","status":"publish","type":"product","link":"https:\/\/hi-techwonder.com\/es\/producto\/canon-rf-s-10-18mm-f-4-5-6-3-is-stm\/","title":{"rendered":"CANON RF-S 10-18mm f\/4.5-6.3 IS STM"},"content":{"rendered":"<p><strong>CANON RF-S 10-18mm f\/4.5-6.3 IS STM<\/strong><\/p>\n<p><strong>Funciones:<\/strong><\/p>\n<ul>\n<li>APS-C f\/4.5-6.3 a f\/32<\/li>\n<li>16-29 mm (equivalente a fotograma completo)<\/li>\n<li>Motor AF paso a paso STM<\/li>\n<li>Diafragma de 7 hojas<\/li>\n<li>Estabilizador \u00f3ptico de imagen<\/li>\n<li>Un elemento asf\u00e9rico, dos elementos UD<\/li>\n<\/ul>\n<p><strong>Contenido del paquete:<\/strong><\/p>\n<ul>\n<li>Canon RF-S 10-18mm f\/4.5-6.3 IS STM Objetivo \/ Objetivo&nbsp;<\/li>\n<li>Tapa de lente Canon E-49<\/li>\n<li>Bayoneta de lente Canon RF<\/li>\n<\/ul>\n<p><strong>Detalles sobre el objetivo Canon RF-S 10-18mm f\/4.5-6.3 IS STM<\/strong><\/p>\n<p><iframe loading=\"lazy\" style=\"min-height: 500px; width: 100%; height: auto;\" src=\"https:\/\/www.youtube.com\/embed\/onORsm2T9_o?si=s1Ui0gQhw4UU3euk\" width=\"560\" height=\"314\" allowfullscreen=\"allowfullscreen\"><\/iframe><\/p>\n<p><strong>Ampl\u00eda tu perspectiva<\/strong><\/p>\n<ul>\n<li style=\"text-align: justify;\">Con un zoom gran angular impresionantemente ligero, el objetivo RF-S 10-18mm f\/4.5-6.3 IS STM de Canon ofrece im\u00e1genes de alta calidad y la m\u00e1xima movilidad. Dise\u00f1ado para c\u00e1maras sin espejo con montura RF de formato APS-C, este objetivo ofrece un rango de distancia focal equivalente a fotograma completo de 16-29 mm. La estabilizaci\u00f3n \u00f3ptica de imagen en el objetivo ofrece cuatro pasos de correcci\u00f3n o seis pasos con IS coordinado cuando se combina con una c\u00e1mara compatible. Dos elementos de dispersi\u00f3n ultrabaja y un elemento asf\u00e9rico ayudan a crear im\u00e1genes m\u00e1s n\u00edtidas y reducen las aberraciones crom\u00e1ticas y esf\u00e9ricas. El RF-S 10-18 mm se beneficia del revestimiento Super Spectra de Canon, que minimiza las im\u00e1genes fantasma y los destellos al tiempo que aumenta el contraste. Adem\u00e1s, este objetivo se puede instalar en c\u00e1maras APS-C y de la serie EOS R de fotograma completo sin necesidad de un adaptador debido a su montura RF.     <\/li>\n<\/ul>\n<p><strong>Enfoque autom\u00e1tico suave y silencioso<\/strong><\/p>\n<ul>\n<li style=\"text-align: justify;\">Un motor AF paso a paso STM tipo tornillo de avance impulsa el RF-S 10-18 mm, produciendo un enfoque autom\u00e1tico casi silencioso para aplicaciones de fotograf\u00eda y video. La anulaci\u00f3n de enfoque manual a tiempo completo est\u00e1 disponible, lo que permite m\u00e1s opciones al enfocar, lo que es particularmente \u00fatil para trabajos de primer plano. Cualquier \u00e1rea desenfocada de su encuadre se hace m\u00e1s agradable visualmente gracias al diafragma de siete hojas de la lente.  <\/li>\n<\/ul>\n<p><strong>Incre\u00edblemente ligero<\/strong><\/p>\n<ul>\n<li style=\"text-align: justify;\">Con un peso de solo 150 g y unas medidas de 69 x 44,9 mm, este zoom gran angular es el compa\u00f1ero de viaje perfecto que te permite disparar sin tr\u00edpode durante horas sin molestias. Si bien la compresi\u00f3n de la lente le permite guardarla en la mayor\u00eda de las bolsas de la c\u00e1mara, su rango de zoom vers\u00e1til es pr\u00e1ctico para vlogging, as\u00ed como para una variedad de aplicaciones fotogr\u00e1ficas como fotograf\u00eda de paisajes, interiores, naturaleza y arquitectura. <\/li>\n<\/ul>\n<p><strong>Caracter\u00edsticas t\u00e9cnicas:<\/strong><\/p>\n<div class=\"group_fDXOr6EpR9 keySpec_fDXOr6EpR9\" style=\"box-sizing: inherit; margin-bottom: 2.1875rem; box-shadow: #cccccc 0px 0px 4px 1px; font-family: OpenSans, 'Segoe UI', Helvetica, Roboto, Arial, sans-serif; font-size: 16px; background-color: #ffffff;\">\n<div class=\"name_fDXOr6EpR9 firstGroupInItem_fDXOr6EpR9\" style=\"box-sizing: inherit; border-bottom: 2px solid #3f9a59; color: #3f9a59; font-size: 2rem; line-height: 2rem; padding: 0.9375rem 1.75rem; align-items: center; background: #f0f8ee; display: flex;\" data-selenium=\"specsItemGroupName\"><strong><span style=\"box-sizing: inherit; vertical-align: inherit;\"><span style=\"box-sizing: inherit; vertical-align: inherit;\">Principal<\/span><\/span><\/strong><\/div>\n<table class=\"table_fDXOr6EpR9\" style=\"box-sizing: inherit; width: 936.656px;\" data-selenium=\"specsItemGroupTable\">\n<tbody style=\"box-sizing: inherit;\">\n<tr class=\"pair_KqJ3Q3GPKv keySpec_KqJ3Q3GPKv\" style=\"box-sizing: inherit; border-bottom: 0.0625rem solid #e5e5e5;\" data-selenium=\"specsItemGroupTableRow\">\n<td class=\"label_KqJ3Q3GPKv \" style=\"box-sizing: inherit; border-top: none; padding: 1.25rem 0.625rem 1.25rem 1.8125rem; width: 355.922px; font-size: 1.125rem; font-weight: 600; line-height: 1.375rem; vertical-align: baseline;\" data-selenium=\"specsItemGroupTableColumnLabel\"><span style=\"box-sizing: inherit; vertical-align: inherit;\">Distancia focal<\/span><\/td>\n<td class=\"value_KqJ3Q3GPKv \" style=\"box-sizing: inherit; font-size: 1.125rem; line-height: 1.375rem; vertical-align: baseline; padding: 1.25rem 0px 1.25rem 2.5rem;\" data-selenium=\"specsItemGroupTableColumnValue\">\n<div class=\"expandableValue_KqJ3Q3GPKv\" style=\"box-sizing: inherit; height: auto;\">De 10 a 18 mm (equivalente a 35 mm: de 16 a 29 mm)<\/div>\n<\/td>\n<\/tr>\n<tr class=\"pair_KqJ3Q3GPKv keySpec_KqJ3Q3GPKv\" style=\"box-sizing: inherit; border-bottom: 0.0625rem solid #e5e5e5;\" data-selenium=\"specsItemGroupTableRow\">\n<td class=\"label_KqJ3Q3GPKv\" style=\"box-sizing: inherit; border-top: none; padding: 1.25rem 0.625rem 1.25rem 1.8125rem; width: 355.922px; font-size: 1.125rem; font-weight: 600; line-height: 1.375rem; vertical-align: baseline;\" data-selenium=\"specsItemGroupTableColumnLabel\"><span style=\"box-sizing: inherit; vertical-align: inherit;\">Apertura m\u00e1xima<\/span><\/td>\n<td class=\"value_KqJ3Q3GPKv\" style=\"box-sizing: inherit; font-size: 1.125rem; line-height: 1.375rem; vertical-align: baseline; padding: 1.25rem 0px 1.25rem 2.5rem;\" data-selenium=\"specsItemGroupTableColumnValue\">\n<div class=\"expandableValue_KqJ3Q3GPKv\" style=\"box-sizing: inherit; height: auto;\">f\/4.5 a 6.3<\/div>\n<\/td>\n<\/tr>\n<tr class=\"pair_KqJ3Q3GPKv keySpec_KqJ3Q3GPKv\" style=\"box-sizing: inherit; border-bottom: 0.0625rem solid #e5e5e5;\" data-selenium=\"specsItemGroupTableRow\">\n<td class=\"label_KqJ3Q3GPKv\" style=\"box-sizing: inherit; border-top: none; padding: 1.25rem 0.625rem 1.25rem 1.8125rem; width: 355.922px; font-size: 1.125rem; font-weight: 600; line-height: 1.375rem; vertical-align: baseline;\" data-selenium=\"specsItemGroupTableColumnLabel\"><span style=\"box-sizing: inherit; vertical-align: inherit;\">Montura de lente<\/span><\/td>\n<td class=\"value_KqJ3Q3GPKv\" style=\"box-sizing: inherit; font-size: 1.125rem; line-height: 1.375rem; vertical-align: baseline; padding: 1.25rem 0px 1.25rem 2.5rem;\" data-selenium=\"specsItemGroupTableColumnValue\">\n<div class=\"expandableValue_KqJ3Q3GPKv\" style=\"box-sizing: inherit; height: auto;\">Canon RF<\/div>\n<\/td>\n<\/tr>\n<tr class=\"pair_KqJ3Q3GPKv keySpec_KqJ3Q3GPKv\" style=\"box-sizing: inherit; border-bottom: 0.0625rem solid #e5e5e5;\" data-selenium=\"specsItemGroupTableRow\">\n<td class=\"label_KqJ3Q3GPKv\" style=\"box-sizing: inherit; border-top: none; padding: 1.25rem 0.625rem 1.25rem 1.8125rem; width: 355.922px; font-size: 1.125rem; font-weight: 600; line-height: 1.375rem; vertical-align: baseline;\" data-selenium=\"specsItemGroupTableColumnLabel\"><span style=\"box-sizing: inherit; vertical-align: inherit;\">Cobertura de la forma de la lente<\/span><\/td>\n<td class=\"value_KqJ3Q3GPKv\" style=\"box-sizing: inherit; font-size: 1.125rem; line-height: 1.375rem; vertical-align: baseline; padding: 1.25rem 0px 1.25rem 2.5rem;\" data-selenium=\"specsItemGroupTableColumnValue\">\n<div class=\"expandableValue_KqJ3Q3GPKv\" style=\"box-sizing: inherit; height: auto;\">APS-C<\/div>\n<\/td>\n<\/tr>\n<tr class=\"pair_KqJ3Q3GPKv keySpec_KqJ3Q3GPKv\" style=\"box-sizing: inherit; border-bottom: 0.0625rem solid #e5e5e5;\" data-selenium=\"specsItemGroupTableRow\">\n<td class=\"label_KqJ3Q3GPKv\" style=\"box-sizing: inherit; border-top: none; padding: 1.25rem 0.625rem 1.25rem 1.8125rem; width: 355.922px; font-size: 1.125rem; font-weight: 600; line-height: 1.375rem; vertical-align: baseline;\" data-selenium=\"specsItemGroupTableColumnLabel\"><span style=\"box-sizing: inherit; vertical-align: inherit;\">Tipo de enfoque<\/span><\/td>\n<td class=\"value_KqJ3Q3GPKv\" style=\"box-sizing: inherit; font-size: 1.125rem; line-height: 1.375rem; vertical-align: baseline; padding: 1.25rem 0px 1.25rem 2.5rem;\" data-selenium=\"specsItemGroupTableColumnValue\">\n<div class=\"expandableValue_KqJ3Q3GPKv\" style=\"box-sizing: inherit; height: auto;\">Autom\u00e1tico<\/div>\n<\/td>\n<\/tr>\n<tr class=\"pair_KqJ3Q3GPKv keySpec_KqJ3Q3GPKv\" style=\"box-sizing: inherit; border-bottom: 0.0625rem solid #e5e5e5;\" data-selenium=\"specsItemGroupTableRow\">\n<td class=\"label_KqJ3Q3GPKv\" style=\"box-sizing: inherit; border-top: none; padding: 1.25rem 0.625rem 1.25rem 1.8125rem; width: 355.922px; font-size: 1.125rem; font-weight: 600; line-height: 1.375rem; vertical-align: baseline;\" data-selenium=\"specsItemGroupTableColumnLabel\"><span style=\"box-sizing: inherit; vertical-align: inherit;\">Estabilizaci\u00f3n de imagen<\/span><\/td>\n<td class=\"value_KqJ3Q3GPKv\" style=\"box-sizing: inherit; font-size: 1.125rem; line-height: 1.375rem; vertical-align: baseline; padding: 1.25rem 0px 1.25rem 2.5rem;\" data-selenium=\"specsItemGroupTableColumnValue\">\n<div class=\"expandableValue_KqJ3Q3GPKv\" style=\"box-sizing: inherit; height: auto;\">S\u00ed<\/div>\n<\/td>\n<\/tr>\n<tr class=\"pair_KqJ3Q3GPKv keySpec_KqJ3Q3GPKv\" style=\"box-sizing: inherit; border-bottom: 0.0625rem solid #e5e5e5;\" data-selenium=\"specsItemGroupTableRow\">\n<td class=\"label_KqJ3Q3GPKv\" style=\"box-sizing: inherit; border-top: none; padding: 1.25rem 0.625rem 1.25rem 1.8125rem; width: 355.922px; font-size: 1.125rem; font-weight: 600; line-height: 1.375rem; vertical-align: baseline;\" data-selenium=\"specsItemGroupTableColumnLabel\"><span style=\"box-sizing: inherit; vertical-align: inherit;\">Tama\u00f1o del filtro<\/span><\/td>\n<td class=\"value_KqJ3Q3GPKv\" style=\"box-sizing: inherit; font-size: 1.125rem; line-height: 1.375rem; vertical-align: baseline; padding: 1.25rem 0px 1.25rem 2.5rem;\" data-selenium=\"specsItemGroupTableColumnValue\">\n<div class=\"expandableValue_KqJ3Q3GPKv\" style=\"box-sizing: inherit; height: auto;\">49 mm (frontal)<\/div>\n<\/td>\n<\/tr>\n<\/tbody>\n<\/table>\n<\/div>\n<div class=\"group_fDXOr6EpR9\" style=\"box-sizing: inherit; margin-bottom: 2.1875rem; font-family: OpenSans, 'Segoe UI', Helvetica, Roboto, Arial, sans-serif; font-size: 16px; background-color: #ffffff;\">\n<table class=\"table_fDXOr6EpR9\" style=\"box-sizing: inherit; width: 936.656px; height: 320.568px;\" data-selenium=\"specsItemGroupTable\">\n<tbody style=\"box-sizing: inherit;\">\n<tr class=\"pair_KqJ3Q3GPKv\" style=\"box-sizing: inherit; border-bottom: 0.0625rem solid #e5e5e5; height: 22.8977px;\" data-selenium=\"specsItemGroupTableRow\">\n<td class=\"label_KqJ3Q3GPKv \" style=\"box-sizing: inherit; border-top: none; padding: 1.25rem 0px; width: 355.922px; color: #666666; font-size: 1.125rem; line-height: 1.375rem; vertical-align: baseline; height: 22.8977px;\" data-selenium=\"specsItemGroupTableColumnLabel\"><span style=\"box-sizing: inherit; vertical-align: inherit;\">Apertura m\u00e1xima<\/span><\/td>\n<td class=\"value_KqJ3Q3GPKv \" style=\"box-sizing: inherit; color: #666666; font-size: 1.125rem; line-height: 1.375rem; vertical-align: baseline; padding: 1.25rem 0px 1.25rem 2.5rem; height: 22.8977px;\" data-selenium=\"specsItemGroupTableColumnValue\">\n<div class=\"expandableValue_KqJ3Q3GPKv\" style=\"box-sizing: inherit;\">f\/4.5 a 6.3<\/div>\n<\/td>\n<\/tr>\n<tr class=\"pair_KqJ3Q3GPKv\" style=\"box-sizing: inherit; border-bottom: 0.0625rem solid #e5e5e5; height: 22.8977px;\" data-selenium=\"specsItemGroupTableRow\">\n<td class=\"label_KqJ3Q3GPKv\" style=\"box-sizing: inherit; border-top: none; padding: 1.25rem 0px; width: 355.922px; color: #666666; font-size: 1.125rem; line-height: 1.375rem; vertical-align: baseline; height: 22.8977px;\" data-selenium=\"specsItemGroupTableColumnLabel\"><span style=\"box-sizing: inherit; vertical-align: inherit;\">Apertura m\u00ednima<\/span><\/td>\n<td class=\"value_KqJ3Q3GPKv\" style=\"box-sizing: inherit; color: #666666; font-size: 1.125rem; line-height: 1.375rem; vertical-align: baseline; padding: 1.25rem 0px 1.25rem 2.5rem; height: 22.8977px;\" data-selenium=\"specsItemGroupTableColumnValue\">\n<div class=\"expandableValue_KqJ3Q3GPKv\" style=\"box-sizing: inherit;\">f\/32<\/div>\n<\/td>\n<\/tr>\n<tr class=\"pair_KqJ3Q3GPKv\" style=\"box-sizing: inherit; border-bottom: 0.0625rem solid #e5e5e5; height: 22.8977px;\" data-selenium=\"specsItemGroupTableRow\">\n<td class=\"label_KqJ3Q3GPKv\" style=\"box-sizing: inherit; border-top: none; padding: 1.25rem 0px; width: 355.922px; color: #666666; font-size: 1.125rem; line-height: 1.375rem; vertical-align: baseline; height: 22.8977px;\" data-selenium=\"specsItemGroupTableColumnLabel\"><span style=\"box-sizing: inherit; vertical-align: inherit;\">Montura de lente<\/span><\/td>\n<td class=\"value_KqJ3Q3GPKv\" style=\"box-sizing: inherit; color: #666666; font-size: 1.125rem; line-height: 1.375rem; vertical-align: baseline; padding: 1.25rem 0px 1.25rem 2.5rem; height: 22.8977px;\" data-selenium=\"specsItemGroupTableColumnValue\">\n<div class=\"expandableValue_KqJ3Q3GPKv\" style=\"box-sizing: inherit;\">Canon RF<\/div>\n<\/td>\n<\/tr>\n<tr class=\"pair_KqJ3Q3GPKv\" style=\"box-sizing: inherit; border-bottom: 0.0625rem solid #e5e5e5; height: 22.8977px;\" data-selenium=\"specsItemGroupTableRow\">\n<td class=\"label_KqJ3Q3GPKv\" style=\"box-sizing: inherit; border-top: none; padding: 1.25rem 0px; width: 355.922px; color: #666666; font-size: 1.125rem; line-height: 1.375rem; vertical-align: baseline; height: 22.8977px;\" data-selenium=\"specsItemGroupTableColumnLabel\"><span style=\"box-sizing: inherit; vertical-align: inherit;\">Cobertura de la forma de la lente<\/span><\/td>\n<td class=\"value_KqJ3Q3GPKv\" style=\"box-sizing: inherit; color: #666666; font-size: 1.125rem; line-height: 1.375rem; vertical-align: baseline; padding: 1.25rem 0px 1.25rem 2.5rem; height: 22.8977px;\" data-selenium=\"specsItemGroupTableColumnValue\">\n<div class=\"expandableValue_KqJ3Q3GPKv\" style=\"box-sizing: inherit;\">APS-C<\/div>\n<\/td>\n<\/tr>\n<tr class=\"pair_KqJ3Q3GPKv\" style=\"box-sizing: inherit; border-bottom: 0.0625rem solid #e5e5e5; height: 22.8977px;\" data-selenium=\"specsItemGroupTableRow\">\n<td class=\"label_KqJ3Q3GPKv\" style=\"box-sizing: inherit; border-top: none; padding: 1.25rem 0px; width: 355.922px; color: #666666; font-size: 1.125rem; line-height: 1.375rem; vertical-align: baseline; height: 22.8977px;\" data-selenium=\"specsItemGroupTableColumnLabel\"><span style=\"box-sizing: inherit; vertical-align: inherit;\">\u00c1ngulo<\/span><\/td>\n<td class=\"value_KqJ3Q3GPKv\" style=\"box-sizing: inherit; color: #666666; font-size: 1.125rem; line-height: 1.375rem; vertical-align: baseline; padding: 1.25rem 0px 1.25rem 2.5rem; height: 22.8977px;\" data-selenium=\"specsItemGroupTableColumnValue\">\n<div class=\"expandableValue_KqJ3Q3GPKv\" style=\"box-sizing: inherit;\">107\u00b0 30&#8242; hasta 74\u00b0 20&#8242;<\/div>\n<\/td>\n<\/tr>\n<tr class=\"pair_KqJ3Q3GPKv\" style=\"box-sizing: inherit; border-bottom: 0.0625rem solid #e5e5e5; height: 22.8977px;\" data-selenium=\"specsItemGroupTableRow\">\n<td class=\"label_KqJ3Q3GPKv\" style=\"box-sizing: inherit; border-top: none; padding: 1.25rem 0px; width: 355.922px; color: #666666; font-size: 1.125rem; line-height: 1.375rem; vertical-align: baseline; height: 22.8977px;\" data-selenium=\"specsItemGroupTableColumnLabel\"><span style=\"box-sizing: inherit; vertical-align: inherit;\">Distancia m\u00ednima de enfoque<\/span><\/td>\n<td class=\"value_KqJ3Q3GPKv\" style=\"box-sizing: inherit; color: #666666; font-size: 1.125rem; line-height: 1.375rem; vertical-align: baseline; padding: 1.25rem 0px 1.25rem 2.5rem; height: 22.8977px;\" data-selenium=\"specsItemGroupTableColumnValue\">\n<div class=\"expandableValue_KqJ3Q3GPKv\" style=\"box-sizing: inherit;\">5,5&#8243;\/14 cm<\/div>\n<\/td>\n<\/tr>\n<tr class=\"pair_KqJ3Q3GPKv\" style=\"box-sizing: inherit; border-bottom: 0.0625rem solid #e5e5e5; height: 22.8977px;\" data-selenium=\"specsItemGroupTableRow\">\n<td class=\"label_KqJ3Q3GPKv\" style=\"box-sizing: inherit; border-top: none; padding: 1.25rem 0px; width: 355.922px; color: #666666; font-size: 1.125rem; line-height: 1.375rem; vertical-align: baseline; height: 22.8977px;\" data-selenium=\"specsItemGroupTableColumnLabel\"><span style=\"box-sizing: inherit; vertical-align: inherit;\">Aumento m\u00e1ximo<\/span><\/td>\n<td class=\"value_KqJ3Q3GPKv\" style=\"box-sizing: inherit; color: #666666; font-size: 1.125rem; line-height: 1.375rem; vertical-align: baseline; padding: 1.25rem 0px 1.25rem 2.5rem; height: 22.8977px;\" data-selenium=\"specsItemGroupTableColumnValue\">\n<div class=\"expandableValue_KqJ3Q3GPKv\" style=\"box-sizing: inherit;\">0,23 veces<\/div>\n<\/td>\n<\/tr>\n<tr class=\"pair_KqJ3Q3GPKv\" style=\"box-sizing: inherit; border-bottom: 0.0625rem solid #e5e5e5; height: 22.8977px;\" data-selenium=\"specsItemGroupTableRow\">\n<td class=\"label_KqJ3Q3GPKv\" style=\"box-sizing: inherit; border-top: none; padding: 1.25rem 0px; width: 355.922px; color: #666666; font-size: 1.125rem; line-height: 1.375rem; vertical-align: baseline; height: 22.8977px;\" data-selenium=\"specsItemGroupTableColumnLabel\"><span style=\"box-sizing: inherit; vertical-align: inherit;\">Dise\u00f1o \u00f3ptico<\/span><\/td>\n<td class=\"value_KqJ3Q3GPKv\" style=\"box-sizing: inherit; color: #666666; font-size: 1.125rem; line-height: 1.375rem; vertical-align: baseline; padding: 1.25rem 0px 1.25rem 2.5rem; height: 22.8977px;\" data-selenium=\"specsItemGroupTableColumnValue\">\n<div class=\"expandableValue_KqJ3Q3GPKv\" style=\"box-sizing: inherit;\">12 elementos en 10 grupos<\/div>\n<\/td>\n<\/tr>\n<tr class=\"pair_KqJ3Q3GPKv\" style=\"box-sizing: inherit; border-bottom: 0.0625rem solid #e5e5e5; height: 22.8977px;\" data-selenium=\"specsItemGroupTableRow\">\n<td class=\"label_KqJ3Q3GPKv\" style=\"box-sizing: inherit; border-top: none; padding: 1.25rem 0px; width: 355.922px; color: #666666; font-size: 1.125rem; line-height: 1.375rem; vertical-align: baseline; height: 22.8977px;\" data-selenium=\"specsItemGroupTableColumnLabel\"><span style=\"box-sizing: inherit; vertical-align: inherit;\">Hojas de diafragma<\/span><\/td>\n<td class=\"value_KqJ3Q3GPKv\" style=\"box-sizing: inherit; color: #666666; font-size: 1.125rem; line-height: 1.375rem; vertical-align: baseline; padding: 1.25rem 0px 1.25rem 2.5rem; height: 22.8977px;\" data-selenium=\"specsItemGroupTableColumnValue\">\n<div class=\"expandableValue_KqJ3Q3GPKv\" style=\"box-sizing: inherit;\">7<\/div>\n<\/td>\n<\/tr>\n<tr class=\"pair_KqJ3Q3GPKv\" style=\"box-sizing: inherit; border-bottom: 0.0625rem solid #e5e5e5; height: 22.8977px;\" data-selenium=\"specsItemGroupTableRow\">\n<td class=\"label_KqJ3Q3GPKv\" style=\"box-sizing: inherit; border-top: none; padding: 1.25rem 0px; width: 355.922px; color: #666666; font-size: 1.125rem; line-height: 1.375rem; vertical-align: baseline; height: 22.8977px;\" data-selenium=\"specsItemGroupTableColumnLabel\"><span style=\"box-sizing: inherit; vertical-align: inherit;\">Tipo de enfoque<\/span><\/td>\n<td class=\"value_KqJ3Q3GPKv\" style=\"box-sizing: inherit; color: #666666; font-size: 1.125rem; line-height: 1.375rem; vertical-align: baseline; padding: 1.25rem 0px 1.25rem 2.5rem; height: 22.8977px;\" data-selenium=\"specsItemGroupTableColumnValue\">\n<div class=\"expandableValue_KqJ3Q3GPKv\" style=\"box-sizing: inherit;\">Autom\u00e1tico<\/div>\n<\/td>\n<\/tr>\n<tr class=\"pair_KqJ3Q3GPKv\" style=\"box-sizing: inherit; border-bottom: 0.0625rem solid #e5e5e5; height: 22.8977px;\" data-selenium=\"specsItemGroupTableRow\">\n<td class=\"label_KqJ3Q3GPKv\" style=\"box-sizing: inherit; border-top: none; padding: 1.25rem 0px; width: 355.922px; color: #666666; font-size: 1.125rem; line-height: 1.375rem; vertical-align: baseline; height: 22.8977px;\" data-selenium=\"specsItemGroupTableColumnLabel\"><span style=\"box-sizing: inherit; vertical-align: inherit;\">Estabilizaci\u00f3n de imagen<\/span><\/td>\n<td class=\"value_KqJ3Q3GPKv\" style=\"box-sizing: inherit; color: #666666; font-size: 1.125rem; line-height: 1.375rem; vertical-align: baseline; padding: 1.25rem 0px 1.25rem 2.5rem; height: 22.8977px;\" data-selenium=\"specsItemGroupTableColumnValue\">\n<div class=\"expandableValue_KqJ3Q3GPKv\" style=\"box-sizing: inherit;\">S\u00ed<\/div>\n<\/td>\n<\/tr>\n<tr class=\"pair_KqJ3Q3GPKv\" style=\"box-sizing: inherit; border-bottom: 0.0625rem solid #e5e5e5; height: 22.8977px;\" data-selenium=\"specsItemGroupTableRow\">\n<td class=\"label_KqJ3Q3GPKv\" style=\"box-sizing: inherit; border-top: none; padding: 1.25rem 0px; width: 355.922px; color: #666666; font-size: 1.125rem; line-height: 1.375rem; vertical-align: baseline; height: 22.8977px;\" data-selenium=\"specsItemGroupTableColumnLabel\"><span style=\"box-sizing: inherit; vertical-align: inherit;\">Tama\u00f1o del filtro<\/span><\/td>\n<td class=\"value_KqJ3Q3GPKv\" style=\"box-sizing: inherit; color: #666666; font-size: 1.125rem; line-height: 1.375rem; vertical-align: baseline; padding: 1.25rem 0px 1.25rem 2.5rem; height: 22.8977px;\" data-selenium=\"specsItemGroupTableColumnValue\">\n<div class=\"expandableValue_KqJ3Q3GPKv\" style=\"box-sizing: inherit;\">49 mm (frontal)<\/div>\n<\/td>\n<\/tr>\n<tr class=\"pair_KqJ3Q3GPKv\" style=\"box-sizing: inherit; border-bottom: 0.0625rem solid #e5e5e5; height: 22.8977px;\" data-selenium=\"specsItemGroupTableRow\">\n<td class=\"label_KqJ3Q3GPKv\" style=\"box-sizing: inherit; border-top: none; padding: 1.25rem 0px; width: 355.922px; color: #666666; font-size: 1.125rem; line-height: 1.375rem; vertical-align: baseline; height: 22.8977px;\" data-selenium=\"specsItemGroupTableColumnLabel\"><span style=\"box-sizing: inherit; vertical-align: inherit;\">Dimensiones (\u00f8 x L)<\/span><\/td>\n<td class=\"value_KqJ3Q3GPKv\" style=\"box-sizing: inherit; color: #666666; font-size: 1.125rem; line-height: 1.375rem; vertical-align: baseline; padding: 1.25rem 0px 1.25rem 2.5rem; height: 22.8977px;\" data-selenium=\"specsItemGroupTableColumnValue\">\n<div class=\"expandableValue_KqJ3Q3GPKv\" style=\"box-sizing: inherit;\">69 x 44,9 mil\u00edmetros<\/div>\n<\/td>\n<\/tr>\n<tr class=\"pair_KqJ3Q3GPKv\" style=\"box-sizing: inherit; border-bottom: 0.0625rem solid #e5e5e5; height: 22.8977px;\" data-selenium=\"specsItemGroupTableRow\">\n<td class=\"label_KqJ3Q3GPKv\" style=\"box-sizing: inherit; border-top: none; padding: 1.25rem 0px; width: 355.922px; color: #666666; font-size: 1.125rem; line-height: 1.375rem; vertical-align: baseline; height: 22.8977px;\" data-selenium=\"specsItemGroupTableColumnLabel\"><span style=\"box-sizing: inherit; vertical-align: inherit;\">Peso<\/span><\/td>\n<td class=\"value_KqJ3Q3GPKv\" style=\"box-sizing: inherit; color: #666666; font-size: 1.125rem; line-height: 1.375rem; vertical-align: baseline; padding: 1.25rem 0px 1.25rem 2.5rem; height: 22.8977px;\" data-selenium=\"specsItemGroupTableColumnValue\">\n<div class=\"expandableValue_KqJ3Q3GPKv\" style=\"box-sizing: inherit;\">150 gramos<\/div>\n<\/td>\n<\/tr>\n<\/tbody>\n<\/table>\n<\/div>\n","protected":false},"excerpt":{"rendered":"<p>CANON RF-S 10-18mm f\/4.5-6.3 IS STM Funciones: APS-C f\/4.5-6.3 a f\/32 16-29 mm (equivalente a fotograma completo) Motor AF paso<\/p>\n","protected":false},"featured_media":48402,"comment_status":"closed","ping_status":"closed","template":"","meta":{"_acf_changed":false},"product_brand":[2538],"product_cat":[1062],"product_tag":[],"class_list":{"0":"post-71491","1":"product","2":"type-product","3":"status-publish","4":"has-post-thumbnail","6":"product_brand-canon-es","7":"product_cat-mirrorless-objectivos","8":"pa_abertura-maxima-f-4-5-6-3-es","9":"pa_cor-negro","10":"pa_diametro-49mm-es","11":"pa_estabilizacao-de-imagem-si","12":"pa_montagem-da-objetiva-canon-rf-es","13":"pa_sensor-aps-c-es","14":"pa_tipo-de-foco-enfoque-automatico","15":"pa_tipo-de-objetiva-gran-angular","16":"pa_zoom-fixa-zoom-externo-es","18":"first","19":"pre-order","20":"sale","21":"taxable","22":"shipping-taxable","23":"purchasable","24":"product-type-simple"},"bundled_by":[],"bundle_stock_status":"pre-order","bundle_stock_quantity":null,"bundle_virtual":false,"bundle_layout":"","bundle_add_to_cart_form_location":"","bundle_editable_in_cart":false,"bundle_sold_individually_context":"","bundle_item_grouping":"","bundle_min_size":"","bundle_max_size":"","bundle_price":[],"bundled_items":[],"bundle_sell_ids":[],"acf":[],"_links":{"self":[{"href":"https:\/\/hi-techwonder.com\/es\/wp-json\/wp\/v2\/product\/71491","targetHints":{"allow":["GET"]}}],"collection":[{"href":"https:\/\/hi-techwonder.com\/es\/wp-json\/wp\/v2\/product"}],"about":[{"href":"https:\/\/hi-techwonder.com\/es\/wp-json\/wp\/v2\/types\/product"}],"replies":[{"embeddable":true,"href":"https:\/\/hi-techwonder.com\/es\/wp-json\/wp\/v2\/comments?post=71491"}],"wp:featuredmedia":[{"embeddable":true,"href":"https:\/\/hi-techwonder.com\/es\/wp-json\/wp\/v2\/media\/48402"}],"wp:attachment":[{"href":"https:\/\/hi-techwonder.com\/es\/wp-json\/wp\/v2\/media?parent=71491"}],"wp:term":[{"taxonomy":"product_brand","embeddable":true,"href":"https:\/\/hi-techwonder.com\/es\/wp-json\/wp\/v2\/product_brand?post=71491"},{"taxonomy":"product_cat","embeddable":true,"href":"https:\/\/hi-techwonder.com\/es\/wp-json\/wp\/v2\/product_cat?post=71491"},{"taxonomy":"product_tag","embeddable":true,"href":"https:\/\/hi-techwonder.com\/es\/wp-json\/wp\/v2\/product_tag?post=71491"}],"curies":[{"name":"wp","href":"https:\/\/api.w.org\/{rel}","templated":true}]}}