{"id":71493,"date":"2025-07-29T09:22:39","date_gmt":"2025-07-29T09:22:39","guid":{"rendered":"https:\/\/fv6qoy3ls0.wpdns.site\/produto\/canon-rf-70-200mm-f2-8l-is-usm\/"},"modified":"2026-04-21T11:04:08","modified_gmt":"2026-04-21T10:04:08","slug":"canon-rf-70-200mm-f2-8l-is-usm","status":"publish","type":"product","link":"https:\/\/hi-techwonder.com\/es\/producto\/canon-rf-70-200mm-f2-8l-is-usm\/","title":{"rendered":"CANON RF 70-200mm F2.8L IS USM"},"content":{"rendered":"<p><strong>CANON RF 70-200mm F2.8L IS USM<\/strong><\/p>\n<p><strong>Funciones:<\/strong><\/p>\n<ul>\n<li>Montura Montura RF Montagem<\/li>\n<li>Formato de fotograma completo<\/li>\n<li>Rango de apertura: f\/2.8 a f\/22<\/li>\n<li>Elementos asf\u00e9ricos y UD para im\u00e1genes excepcionalmente n\u00edtidas<\/li>\n<li>Estabilizador de imagen de 5 pasos, estabilidad excepcional con muy poca luz<\/li>\n<li>Dual Nano USM, para un enfoque continuo silencioso, r\u00e1pido y suave<\/li>\n<li>Compacto y ligero para una excelente portabilidad<\/li>\n<li>Anillo de control del objetivo, cambia los ajustes mientras sigues viendo al sujeto<\/li>\n<\/ul>\n<p><strong>Contenido del paquete:<\/strong><\/p>\n<ul>\n<li>Canon RF 70-200mm F2.8L IS USM<\/li>\n<li>Cubierta frontal E-77 II 77mm<\/li>\n<li>Contraportada RF<\/li>\n<li>ET-83FW III Parasol<\/li>\n<li>Anillo de montaje del tr\u00edpode E<\/li>\n<li>LP1424 Bolsa de almacenamiento<\/li>\n<\/ul>\n<p><iframe loading=\"lazy\" style=\"min-height: 500px; width: 100%; height: auto;\" src=\"\/\/www.youtube.com\/embed\/wnELQw33ies\" width=\"560\" height=\"314\" allowfullscreen=\"allowfullscreen\"><\/iframe><\/p>\n<p><strong>Canon RF 70-200mm F2.8L IS USM<\/strong><br \/>Captura el mundo con una flexibilidad y calidad extraordinarias gracias a un teleobjetivo zoom F2.8 supercompacto que cuenta con un estabilizador de imagen de cinco pasos para obtener excelentes resultados sin tr\u00edpode, un enfoque m\u00e1s corto de hasta 0,7 m y el AF m\u00e1s r\u00e1pido de la historia.<\/p>\n<p><strong>Dise\u00f1o inigualable, calidad extraordinaria<\/strong><br \/>Este teleobjetivo F2.8 de alto rendimiento es el tercero de la tr\u00edada de objetivos RF esenciales de Canon, que ofrece una calidad de imagen excepcional en un cuerpo compacto dise\u00f1ado para funcionar en todas las condiciones.<\/p>\n<p><strong>Un pr\u00e1ctico objetivo zoom profesional para uso general<\/strong><br \/>Un objetivo potente y esencial con una apertura constante de F2.8 en todo su rango de distancia focal de 70-200 mm, ideal para viajes, vida silvestre, noticias y deportes.<\/p>\n<p><strong>Rendimiento \u00e1gil garantizado<\/strong><br \/>Por primera vez en un objetivo Canon, los motores duales Nano USM ofrecen nuevos e incre\u00edbles niveles de enfoque continuo r\u00e1pido y silencioso, ideal para tomar fotograf\u00edas o v\u00eddeos.<\/p>\n<p><strong>Excelente calidad \u00f3ptica de la serie L<\/strong><br \/>El objetivo zoom anuncia una nueva era en el rendimiento del objetivo con un estabilizador de imagen de 5 pasos, una apertura de 9 hojas, elementos asf\u00e9ricos y Super UD, y revestimientos SWC y Super Spectra.<\/p>\n<p><strong>Construcci\u00f3n avanzada de la serie L<\/strong><br \/>Esta lente de la serie L cuenta con protecci\u00f3n contra la intemperie y recubrimientos de fluorita para proteger contra el polvo y el agua, as\u00ed como pintura resistente al calor para mantener la lente fresca en condiciones clim\u00e1ticas c\u00e1lidas.<\/p>\n<p><strong>Compacto y pr\u00e1ctico<\/strong><br \/>Gracias a su dise\u00f1o avanzado, este objetivo zoom es m\u00e1s compacto y ligero que su equivalente EF, con un AF r\u00e1pido y un enfoque corto mejorado.<\/p>\n<p><strong><span style=\"font-size: medium;\">Caracter\u00edsticas t\u00e9cnicas:<\/strong><\/span><\/p>\n<table border=\"0\" width=\"546\" cellspacing=\"0\" cellpadding=\"2\">\n<colgroup>\n<col width=\"265\">\n<col width=\"273\"> <\/colgroup>\n<tbody>\n<tr>\n<td width=\"265\"><span style=\"font-size: medium;\">Distancia focal: <\/span><\/td>\n<td width=\"273\"><span style=\"font-size: medium;\">De 70 a 200 mm<\/span><\/td>\n<\/tr>\n<tr>\n<td width=\"265\"><span style=\"font-size: medium;\">Apertura m\u00e1xima: <\/span><\/td>\n<td width=\"273\"><span style=\"font-size: medium;\">F\/2.8<\/span><\/td>\n<\/tr>\n<tr>\n<td width=\"265\"><span style=\"font-size: medium;\">Apertura m\u00ednima: <\/span><\/td>\n<td width=\"273\"><span style=\"font-size: medium;\">f\/32<\/span><\/td>\n<\/tr>\n<tr>\n<td width=\"265\"><span style=\"font-size: medium;\">Tipo de montaje: <\/span><\/td>\n<td width=\"273\"><span style=\"font-size: medium;\">Canon RF<\/span><\/td>\n<\/tr>\n<tr>\n<td width=\"265\"><span style=\"font-size: medium;\">Formato: <\/span><\/td>\n<td width=\"273\"><span style=\"font-size: medium;\">Fotograma completo <\/span><\/td>\n<\/tr>\n<tr>\n<td width=\"265\"><span style=\"font-size: medium;\">\u00c1ngulo: <\/span><\/td>\n<td width=\"273\"><span style=\"font-size: medium;\">De 34\u00b0 a 12\u00b0 <\/span><\/td>\n<\/tr>\n<tr>\n<td width=\"265\"><span style=\"font-size: medium;\">Aumento m\u00e1ximo: <\/span><\/td>\n<td width=\"273\"><span style=\"font-size: medium;\">0,23 veces <\/span><\/td>\n<\/tr>\n<tr>\n<td width=\"265\"><span style=\"font-size: medium;\">Distancia m\u00ednima. Centro de atenci\u00f3n:   <\/span><\/td>\n<td width=\"273\"><span style=\"font-size: medium;\">70 cm  <\/span><\/td>\n<\/tr>\n<tr>\n<td width=\"265\"><span style=\"font-size: medium;\">Dise\u00f1o \u00f3ptico: <\/span><\/td>\n<td width=\"273\"><span style=\"font-size: medium;\">17 elementos en 13 grupos <\/span><\/td>\n<\/tr>\n<tr>\n<td width=\"265\"><span style=\"font-size: medium;\">Hojas de diafragma: <\/span><\/td>\n<td width=\"273\"><span style=\"font-size: medium;\">9, redondeado <\/span><\/td>\n<\/tr>\n<tr>\n<td width=\"265\"><span style=\"font-size: medium;\">Tipo de enfoque: <\/span><\/td>\n<td width=\"273\"><span style=\"font-size: medium;\">Autom\u00e1tico <\/span><\/td>\n<\/tr>\n<tr>\n<td width=\"265\"><span style=\"font-size: medium;\">Estabilizador de imagen: <\/span><\/td>\n<td width=\"273\"><span style=\"font-size: medium;\">S\u00ed<\/span><\/td>\n<\/tr>\n<tr>\n<td width=\"265\"><span style=\"font-size: medium;\">Tama\u00f1o del filtro:<\/span><\/td>\n<td width=\"273\"><span style=\"font-size: medium;\">77 mm (frontal)<\/span><\/td>\n<\/tr>\n<tr>\n<td width=\"265\"><span style=\"font-size: medium;\">Dimensiones (\u00f8 x Longitud): <\/span><\/td>\n<td width=\"273\"><span style=\"font-size: medium;\">89,9 x 146 mil\u00edmetros <\/span><\/td>\n<\/tr>\n<tr>\n<td width=\"265\"><span style=\"font-size: medium;\">Peso: <\/span><\/td>\n<td width=\"273\"><span style=\"font-size: medium;\">1070 gramos<\/span><\/td>\n<\/tr>\n<\/tbody>\n<\/table>\n","protected":false},"excerpt":{"rendered":"<p>CANON RF 70-200mm F2.8L IS USM Funciones: Montura Montura RF Montagem Formato de fotograma completo Rango de apertura: f\/2.8 a<\/p>\n","protected":false},"featured_media":48140,"comment_status":"closed","ping_status":"closed","template":"","meta":{"_acf_changed":false},"product_brand":[2538],"product_cat":[1062],"product_tag":[],"class_list":{"0":"post-71493","1":"product","2":"type-product","3":"status-publish","4":"has-post-thumbnail","6":"product_brand-canon-es","7":"product_cat-mirrorless-objectivos","8":"pa_abertura-maxima-f-2-8-es","9":"pa_cor-blanco","10":"pa_diametro-77mm-es","11":"pa_estabilizacao-de-imagem-si","12":"pa_montagem-da-objetiva-canon-rf-es","13":"pa_sensor-fotograma-completo","14":"pa_tipo-de-foco-enfoque-automatico","15":"pa_tipo-de-objetiva-teleobjetivo","16":"pa_zoom-fixa-zoom-externo-es","18":"first","19":"instock","20":"sale","21":"taxable","22":"shipping-taxable","23":"purchasable","24":"product-type-simple"},"bundled_by":["90939","91014"],"bundle_stock_status":"instock","bundle_stock_quantity":1,"bundle_virtual":false,"bundle_layout":"","bundle_add_to_cart_form_location":"","bundle_editable_in_cart":false,"bundle_sold_individually_context":"","bundle_item_grouping":"","bundle_min_size":"","bundle_max_size":"","bundle_price":[],"bundled_items":[],"bundle_sell_ids":[],"acf":[],"_links":{"self":[{"href":"https:\/\/hi-techwonder.com\/es\/wp-json\/wp\/v2\/product\/71493","targetHints":{"allow":["GET"]}}],"collection":[{"href":"https:\/\/hi-techwonder.com\/es\/wp-json\/wp\/v2\/product"}],"about":[{"href":"https:\/\/hi-techwonder.com\/es\/wp-json\/wp\/v2\/types\/product"}],"replies":[{"embeddable":true,"href":"https:\/\/hi-techwonder.com\/es\/wp-json\/wp\/v2\/comments?post=71493"}],"wp:featuredmedia":[{"embeddable":true,"href":"https:\/\/hi-techwonder.com\/es\/wp-json\/wp\/v2\/media\/48140"}],"wp:attachment":[{"href":"https:\/\/hi-techwonder.com\/es\/wp-json\/wp\/v2\/media?parent=71493"}],"wp:term":[{"taxonomy":"product_brand","embeddable":true,"href":"https:\/\/hi-techwonder.com\/es\/wp-json\/wp\/v2\/product_brand?post=71493"},{"taxonomy":"product_cat","embeddable":true,"href":"https:\/\/hi-techwonder.com\/es\/wp-json\/wp\/v2\/product_cat?post=71493"},{"taxonomy":"product_tag","embeddable":true,"href":"https:\/\/hi-techwonder.com\/es\/wp-json\/wp\/v2\/product_tag?post=71493"}],"curies":[{"name":"wp","href":"https:\/\/api.w.org\/{rel}","templated":true}]}}