{"id":71494,"date":"2025-07-29T09:24:42","date_gmt":"2025-07-29T09:24:42","guid":{"rendered":"https:\/\/fv6qoy3ls0.wpdns.site\/produto\/canon-rf-75-300mm-f4-5-6\/"},"modified":"2026-05-05T14:28:35","modified_gmt":"2026-05-05T13:28:35","slug":"canon-rf-75-300mm-f4-5-6","status":"publish","type":"product","link":"https:\/\/hi-techwonder.com\/es\/producto\/canon-rf-75-300mm-f4-5-6\/","title":{"rendered":"CANON RF 75-300mm F4-5.6"},"content":{"rendered":"<p class=\"MsoNormal\"><b>Canon RF 75-300mm F4-5.6 &#8211; Teleobjetivo Zoom<\/b><\/p>\n<p class=\"MsoNormal\">&nbsp;El RF<br \/>\n75-300mm F4-5.6 de Canon es un teleobjetivo ligero y asequible que es ideal para aquellos que buscan<br \/>\nampliar el alcance de su fotograf\u00eda de naturaleza, eventos deportivos o<br \/>\nretratos espont\u00e1neos. Compatible con las c\u00e1maras de la serie EOS R con montura RF. <\/p>\n<p><\/p>\n<p class=\"MsoNormal\"><b>Especificaciones t\u00e9cnicas<o:p><\/o:p><\/b><\/p>\n<ul style=\"margin-top:0cm\" type=\"disc\">\n<li class=\"MsoNormal\">Construcci\u00f3n \u00f3ptica: 13 elementos en 9<br \/>\n grupos<o:p><\/o:p><\/li>\n<li class=\"MsoNormal\">Hojas<br \/>\n de diafragma: 7<o:p><\/o:p><\/li>\n<li class=\"MsoNormal\">Apertura<br \/>\n m\u00e1xima: f\/4 (a 75 mm) \u2013 f\/5,6 (a 300 mm)<o:p><\/o:p><\/li>\n<li class=\"MsoNormal\">Apertura<br \/>\n m\u00ednima: f\/32 \u2013 f\/45<o:p><\/o:p><\/li>\n<li class=\"MsoNormal\">Distancia m\u00ednima de enfoque: 1,5 m<o:p><\/o:p><\/li>\n<li class=\"MsoNormal\">Aumento<br \/>\n m\u00e1ximo:<o:p><\/o:p><\/li>\n<ul style=\"margin-top:0cm\" type=\"circle\">\n<li class=\"MsoNormal\">0,06\u00d7<br \/>\n (a 75 mm)<o:p><\/o:p><\/li>\n<li class=\"MsoNormal\">0,25\u00d7<br \/>\n (a 300 mm)<o:p><\/o:p><\/li>\n<\/ul>\n<li class=\"MsoNormal\">\u00c1ngulo de visi\u00f3n (horizontal,<br \/>\n vertical, diagonal):<o:p><\/o:p><\/li>\n<ul style=\"margin-top:0cm\" type=\"circle\">\n<li class=\"MsoNormal\">27\u00b0<br \/>\n \u2013 6\u00b0 50&#8242; \/ 18\u00b0 11&#8242; \u2013 4\u00b0 35&#8242; \/ 32\u00b0 11&#8242; \u2013 8\u00b0 15&#8242;<o:p><\/o:p><\/li>\n<\/ul>\n<\/ul>\n<ul style=\"margin-top:0cm\" type=\"disc\">\n<li class=\"MsoNormal\">Di\u00e1metro<br \/>\n del filtro: 58 mm<o:p><\/o:p><\/li>\n<li class=\"MsoNormal\">Dimensiones<br \/>\n (\u00d8 \u00d7 longitud): 71,2 \u00d7 146,1 mm<o:p><\/o:p><\/li>\n<li class=\"MsoNormal\">Peso:<br \/>\n 507g<o:p><\/o:p><\/li>\n<\/ul>\n<p><\/p>\n<p class=\"MsoNormal\"><b>Funciones<o:p><\/o:p><\/b><\/p>\n<ul style=\"margin-top:0cm\" type=\"disc\">\n<li class=\"MsoNormal\">Estabilizaci\u00f3n de imagen: No incluida<o:p><\/o:p><\/li>\n<li class=\"MsoNormal\">Enfoque<br \/>\n autom\u00e1tico (AF): Motor de CC<o:p><\/o:p><\/li>\n<li class=\"MsoNormal\">Recubrimiento:<br \/>\n Super Spectra<o:p><\/o:p><\/li>\n<li class=\"MsoNormal\">Resistencia al polvo \/ humedad: No aplicable<o:p><\/o:p><\/li>\n<\/ul>\n<p><\/p>\n<p class=\"MsoNormal\"><b>Accesorios:<o:p><\/o:p><\/b><\/p>\n<p class=\"MsoNormal\"><b>Incluido<o:p><\/o:p><\/b><\/p>\n<ul style=\"margin-top:0cm\" type=\"disc\">\n<li class=\"MsoNormal\">Tapa<br \/>\n frontal E-58 II<o:p><\/o:p><\/li>\n<li class=\"MsoNormal\">Cubierta<br \/>\n trasera antipolvo RF<o:p><\/o:p><\/li>\n<\/ul>\n<p class=\"MsoNormal\"><b>&nbsp;<\/b><\/p>\n<p class=\"MsoNormal\"><b>Compatibilidad<\/b><\/p>\n<ul style=\"margin-top:0cm\" type=\"disc\">\n<li class=\"MsoNormal\">Filtros: filtro de 58 mm<\/li>\n<\/ul>\n","protected":false},"excerpt":{"rendered":"<p>Canon RF 75-300mm F4-5.6 &#8211; Teleobjetivo Zoom &nbsp;El RF 75-300mm F4-5.6 de Canon es un teleobjetivo ligero y asequible que<\/p>\n","protected":false},"featured_media":48678,"comment_status":"closed","ping_status":"closed","template":"","meta":{"_acf_changed":false},"product_brand":[2538],"product_cat":[1062],"product_tag":[],"class_list":{"0":"post-71494","1":"product","2":"type-product","3":"status-publish","4":"has-post-thumbnail","6":"product_brand-canon-es","7":"product_cat-mirrorless-objectivos","8":"pa_abertura-maxima-f-4-5-6-es","9":"pa_cor-negro","10":"pa_diametro-58mm-es","11":"pa_estabilizacao-de-imagem-no","12":"pa_montagem-da-objetiva-canon-rf-es","13":"pa_sensor-fotograma-completo","14":"pa_tipo-de-foco-enfoque-automatico","15":"pa_tipo-de-objetiva-teleobjetivo","16":"pa_zoom-fixa-zoom-externo-es","18":"first","19":"instock","20":"sale","21":"taxable","22":"shipping-taxable","23":"purchasable","24":"product-type-simple"},"bundled_by":[],"bundle_stock_status":"instock","bundle_stock_quantity":1,"bundle_virtual":false,"bundle_layout":"","bundle_add_to_cart_form_location":"","bundle_editable_in_cart":false,"bundle_sold_individually_context":"","bundle_item_grouping":"","bundle_min_size":"","bundle_max_size":"","bundle_price":[],"bundled_items":[],"bundle_sell_ids":[],"acf":[],"_links":{"self":[{"href":"https:\/\/hi-techwonder.com\/es\/wp-json\/wp\/v2\/product\/71494","targetHints":{"allow":["GET"]}}],"collection":[{"href":"https:\/\/hi-techwonder.com\/es\/wp-json\/wp\/v2\/product"}],"about":[{"href":"https:\/\/hi-techwonder.com\/es\/wp-json\/wp\/v2\/types\/product"}],"replies":[{"embeddable":true,"href":"https:\/\/hi-techwonder.com\/es\/wp-json\/wp\/v2\/comments?post=71494"}],"wp:featuredmedia":[{"embeddable":true,"href":"https:\/\/hi-techwonder.com\/es\/wp-json\/wp\/v2\/media\/48678"}],"wp:attachment":[{"href":"https:\/\/hi-techwonder.com\/es\/wp-json\/wp\/v2\/media?parent=71494"}],"wp:term":[{"taxonomy":"product_brand","embeddable":true,"href":"https:\/\/hi-techwonder.com\/es\/wp-json\/wp\/v2\/product_brand?post=71494"},{"taxonomy":"product_cat","embeddable":true,"href":"https:\/\/hi-techwonder.com\/es\/wp-json\/wp\/v2\/product_cat?post=71494"},{"taxonomy":"product_tag","embeddable":true,"href":"https:\/\/hi-techwonder.com\/es\/wp-json\/wp\/v2\/product_tag?post=71494"}],"curies":[{"name":"wp","href":"https:\/\/api.w.org\/{rel}","templated":true}]}}