{"id":71496,"date":"2025-07-29T09:22:55","date_gmt":"2025-07-29T09:22:55","guid":{"rendered":"https:\/\/fv6qoy3ls0.wpdns.site\/produto\/canon-rf-70-200mm-f-4l-is-usm\/"},"modified":"2026-04-21T11:04:09","modified_gmt":"2026-04-21T10:04:09","slug":"canon-rf-70-200mm-f-4l-is-usm","status":"publish","type":"product","link":"https:\/\/hi-techwonder.com\/es\/producto\/canon-rf-70-200mm-f-4l-is-usm\/","title":{"rendered":"CANON RF 70-200mm f\/4L IS USM"},"content":{"rendered":"<p><strong>Gran rendimiento, dise\u00f1o compacto<\/strong><\/p>\n<p>Captura el mundo con la calidad de la serie L gracias a un teleobjetivo zoom compacto y ligero que cuenta con un estabilizador \u00f3ptico de imagen de cinco pasos para obtener excelentes resultados sin tr\u00edpode, un enfoque m\u00e1s corto de hasta 0,6 m y un enfoque extremadamente autom\u00e1tico<\/p>\n<p><strong>Compacto, ligero y port\u00e1til<\/strong><\/p>\n<p>Ideal para viajes, deportes y vida silvestre debido a su tama\u00f1o compacto y peso ligero, el objetivo RF 70-200mm F4L IS USM incluye caracter\u00edsticas profesionales en un tama\u00f1o peque\u00f1o, sin ocupar mucho espacio en un kit.<\/p>\n<p><strong>Calidad de imagen de nivel profesional<\/strong><\/p>\n<p>Adem\u00e1s del revestimiento Air Sphere, cuatro lentes UD corrigen las aberraciones. El iris de 9 hojas y la apertura constante de F4 permiten un excelente bokeh, incluso a la distancia de enfoque m\u00e1s corta de 0,6 m. <\/p>\n<p><strong>Estabilizaci\u00f3n avanzada<\/strong><\/p>\n<p>Dise\u00f1ado para disparar sin tr\u00edpode de forma estable, el estabilizador \u00f3ptico de imagen proporciona una gran confianza, con hasta 5 pasos disponibles.<\/p>\n<p><strong>AF preciso, r\u00e1pido y silencioso<\/strong><\/p>\n<p>Los motores duales Nano USM ofrecen nuevos niveles incre\u00edbles de enfoque continuo r\u00e1pido y silencioso, ideales para tomar fotograf\u00edas o videos.<\/p>\n<p><strong>Construcci\u00f3n sin concesiones<\/strong><\/p>\n<p>Esta lente de la serie L cuenta con protecci\u00f3n contra la intemperie y recubrimientos de fluorita para proteger contra el polvo y el agua, as\u00ed como pintura resistente al calor para reflejar el calor en condiciones clim\u00e1ticas c\u00e1lidas.<\/p>\n<p><strong>Una lente para cada ocasi\u00f3n<\/strong><\/p>\n<p>Incre\u00edblemente n\u00edtido con im\u00e1genes ricas, el objetivo RF 70-200mm F4L IS USM te da la libertad de componer tu toma perfecta.<\/p>\n<p><strong>FOTOGRAF\u00cdA DE NATURALEZA<\/strong><\/p>\n<p><img loading=\"lazy\" decoding=\"async\" src=\"https:\/\/i1.adis.ws\/i\/canon\/rf70-200mm-f4-l-is-usm_sample_wildlife_one_7b9cba27766a44b18e225dffc62fdcdf?%24block-grid-16by9%24\" alt=\"\" width=\"660\" height=\"372\"><\/p>\n<p><em>Ac\u00e9rcate a la acci\u00f3n<\/em><\/p>\n<p>El AF continuo r\u00e1pido y casi silencioso te permite acercarte a la acci\u00f3n.<\/p>\n<p><strong>FOTOGRAF\u00cdA DE RETRATO<\/strong><\/p>\n<p><img loading=\"lazy\" decoding=\"async\" src=\"https:\/\/i1.adis.ws\/i\/canon\/rf70-200mm-f4-l-is-usm_sample_portraiture_one_8e6e7d7658f346a7a3226cd7cf4e25ab?%24block-grid-16by9%24\" alt=\"\" width=\"660\" height=\"372\"><\/p>\n<p><em>Captura la emoci\u00f3n<\/em><\/p>\n<p>Tonos de piel llamativos y colores reales para retratos impresionantes.<\/p>\n<p><strong>FOTOGRAF\u00cdA DE VIAJES<\/strong><\/p>\n<p><img loading=\"lazy\" decoding=\"async\" src=\"https:\/\/i1.adis.ws\/i\/canon\/rf70-200mm-f4-l-is-usm_sample_travel_one_a78ecfcb8acc408590e7b34e1b5c2469?%24block-grid-16by9%24\" alt=\"\" width=\"660\" height=\"372\"><\/p>\n<p><em>Descubre tu mundo<\/em><\/p>\n<p>Captura toda la extensi\u00f3n del mundo que te rodea con una claridad asombrosa.<\/p>\n<p><strong>RES\u00daMENES<\/strong><\/p>\n<ul>\n<li>Lente con montura RF\/formato de fotograma completo<\/li>\n<li>Rango de apertura: f\/4 a f\/32<\/li>\n<li>Cuatro elementos de dispersi\u00f3n ultrabaja<\/li>\n<li>Recubrimientos de esfera de aire y fl\u00faor<\/li>\n<li>Sistema AF Nano USM dual<\/li>\n<li>Estabilizador \u00f3ptico de imagen<\/li>\n<li>Anillo de control personalizable<\/li>\n<li>Construcci\u00f3n sellada contra la intemperie<\/li>\n<\/ul>\n<p><iframe loading=\"lazy\" style=\"width: 100%; height: auto; min-height: 500px;\" src=\"https:\/\/www.youtube.com\/embed\/CicdXk868S4\" width=\"560\" height=\"314\" allowfullscreen=\"allowfullscreen\"><\/iframe><\/p>\n<p>Popular por su alcance y flexibilidad, el RF 70-200mm f\/4L IS USM de Canon es una nueva versi\u00f3n de esta distancia focal bien considerada, con un factor de forma impresionantemente elegante y ligero, perfecto para sus c\u00e1maras mirrorless de fotograma completo. La apertura m\u00e1xima constante de f\/4 logra un equilibrio entre ser lo suficientemente brillante para disparar con luz disponible y al mismo tiempo contribuir al dise\u00f1o especialmente port\u00e1til y port\u00e1til. Como complemento, hay un estabilizador \u00f3ptico de imagen adecuado, que compensa hasta 5 paradas de movimiento de la c\u00e1mara, o hasta 7,5 paradas impresionantes de correcci\u00f3n de movimiento cuando se combina con un cuerpo tipo EOS R con IBIS.  <\/p>\n<p>\u00d3pticamente, este objetivo incorpora cuatro elementos UD, que suprimen una variedad de aberraciones en todo el rango del zoom para una alta claridad, y tambi\u00e9n se presenta un revestimiento Air Sphere para reducir los destellos y las im\u00e1genes fantasma. El distinguido sistema \u00f3ptico se equilibra con un sistema de enfoque Dual Nano USM, que ofrece un rendimiento de enfoque autom\u00e1tico r\u00e1pido y casi silencioso con anulaci\u00f3n de enfoque manual a tiempo completo. Adem\u00e1s, este 70-200 mm est\u00e1 sellado contra la intemperie y tiene un revestimiento de fl\u00faor para proteger los elementos delanteros y traseros.  <\/p>\n<ul>\n<li>El vers\u00e1til teleobjetivo zoom est\u00e1 dise\u00f1ado para su uso con c\u00e1maras mirrorless de fotograma completo con montura RF de Canon.<\/li>\n<li>La apertura m\u00e1xima constante de f\/4 ofrece un rendimiento constante en todo el rango de zoom y tambi\u00e9n contribuye al dise\u00f1o relativamente liviano y al factor de forma compacto.<\/li>\n<li>Cuatro elementos UD (dispersi\u00f3n ultrabaja) ayudan a minimizar las aberraciones crom\u00e1ticas y las franjas de color para proporcionar una mayor claridad y precisi\u00f3n de color.<\/li>\n<li>Se ha aplicado un revestimiento de esfera de aire (ASC) a los elementos de la lente para reducir los destellos a contraluz y las im\u00e1genes fantasma para mantener la transmisi\u00f3n de luz y el alto contraste en condiciones de iluminaci\u00f3n intensa.<\/li>\n<li>Un estabilizador \u00f3ptico de imagen ayuda a minimizar la apariencia de movimiento de la c\u00e1mara en 5 paradas para permitir trabajar mejor en condiciones de poca luz y con velocidades de obturaci\u00f3n m\u00e1s lentas. Adem\u00e1s, cuando se trabaja con c\u00e1maras seleccionadas, puede haber hasta 7.5 paradas de estabilizaci\u00f3n disponibles con el estabilizador \u00f3ptico de imagen coordinado y el estabilizador de imagen en el cuerpo. <\/li>\n<li>El sistema Dual Nano USM utiliza un USM de tipo anillo y un mecanismo STM para realizar un enfoque r\u00e1pido y preciso que tambi\u00e9n es suave y casi silencioso para adaptarse a aplicaciones de fotograf\u00eda y video. Este sistema de enfoque tambi\u00e9n ofrece un control de enfoque manual a tiempo completo cuando se trabaja en el modo AF de disparo \u00fanico. <\/li>\n<li>El anillo de control configurable se puede utilizar para ajustar una variedad de configuraciones de exposici\u00f3n, incluida la apertura, ISO y compensaci\u00f3n de exposici\u00f3n.<\/li>\n<li>Se ha aplicado una capa protectora de fl\u00faor al elemento delantero y trasero para resistir las huellas dactilares y las manchas y facilitar significativamente la limpieza de estos elementos.<\/li>\n<li>Como miembro de la estimada serie L, esta lente tiene un dise\u00f1o resistente a la intemperie que protege contra el polvo y la humedad para permitir su uso en condiciones adversas.<\/li>\n<\/ul>\n<p><strong><span style=\"color: #000000;\">Caracter\u00edsticas t\u00e9cnicas<\/strong><\/span><\/p>\n<table class=\"table_o418fscimQZEg1oshu4aX\" style=\"box-sizing: inherit; width: 829px; font-family: OpenSans, 'Segoe UI', Helvetica, Roboto, Arial, sans-serif; font-size: 16px; background-color: #ffffff;\" data-selenium=\"specsItemGroupTable\">\n<tbody style=\"box-sizing: inherit;\">\n<tr class=\"pair_3u9fnESIQrtuEu6ye_zM4k\" style=\"box-sizing: inherit; border-bottom: 0.0625rem solid #e7e7e7;\" data-selenium=\"specsItemGroupTableRow\">\n<td class=\"label_3bLwbW8ibvYc5tUwpKVQsL firstSpecWhenNoGroupName_2L9ob5rxYHNpmiwoNrY0FE\" style=\"box-sizing: inherit; width: 315px; padding: 0px 0px 1.25rem; border-top: none; vertical-align: baseline; font-size: 1.125rem; color: #666666; line-height: 1.375rem;\" data-selenium=\"specsItemGroupTableColumnLabel\">Distancia<\/td>\n<p> focal<\/p>\n<td class=\"value_11Av1yGkVYn9TX48mQeu9v firstSpecWhenNoGroupName_2L9ob5rxYHNpmiwoNrY0FE\" style=\"box-sizing: inherit; vertical-align: baseline; font-size: 1.125rem; color: #666666; line-height: 1.375rem; padding: 0px 0px 1.25rem 2.5rem;\" data-selenium=\"specsItemGroupTableColumnValue\">De 70 a 200 mm<\/td>\n<\/tr>\n<tr class=\"pair_3u9fnESIQrtuEu6ye_zM4k\" style=\"box-sizing: inherit; border-bottom: 0.0625rem solid #e7e7e7;\" data-selenium=\"specsItemGroupTableRow\">\n<td class=\"label_3bLwbW8ibvYc5tUwpKVQsL\" style=\"box-sizing: inherit; width: 315px; padding: 1.25rem 0px; border-top: none; vertical-align: baseline; font-size: 1.125rem; color: #666666; line-height: 1.375rem;\" data-selenium=\"specsItemGroupTableColumnLabel\">Apertura<\/td>\n<p> m\u00e1xima<\/p>\n<td class=\"value_11Av1yGkVYn9TX48mQeu9v\" style=\"box-sizing: inherit; vertical-align: baseline; font-size: 1.125rem; color: #666666; line-height: 1.375rem; padding: 1.25rem 0px 1.25rem 2.5rem;\" data-selenium=\"specsItemGroupTableColumnValue\">f\/4<\/td>\n<\/tr>\n<tr class=\"pair_3u9fnESIQrtuEu6ye_zM4k\" style=\"box-sizing: inherit; border-bottom: 0.0625rem solid #e7e7e7;\" data-selenium=\"specsItemGroupTableRow\">\n<td class=\"label_3bLwbW8ibvYc5tUwpKVQsL\" style=\"box-sizing: inherit; width: 315px; padding: 1.25rem 0px; border-top: none; vertical-align: baseline; font-size: 1.125rem; color: #666666; line-height: 1.375rem;\" data-selenium=\"specsItemGroupTableColumnLabel\">Apertura<\/td>\n<p> m\u00ednima<\/p>\n<td class=\"value_11Av1yGkVYn9TX48mQeu9v\" style=\"box-sizing: inherit; vertical-align: baseline; font-size: 1.125rem; color: #666666; line-height: 1.375rem; padding: 1.25rem 0px 1.25rem 2.5rem;\" data-selenium=\"specsItemGroupTableColumnValue\">f\/32<\/td>\n<\/tr>\n<tr class=\"pair_3u9fnESIQrtuEu6ye_zM4k\" style=\"box-sizing: inherit; border-bottom: 0.0625rem solid #e7e7e7;\" data-selenium=\"specsItemGroupTableRow\">\n<td class=\"label_3bLwbW8ibvYc5tUwpKVQsL\" style=\"box-sizing: inherit; width: 315px; padding: 1.25rem 0px; border-top: none; vertical-align: baseline; font-size: 1.125rem; color: #666666; line-height: 1.375rem;\" data-selenium=\"specsItemGroupTableColumnLabel\">Montura de<\/td>\n<p> lente<\/p>\n<td class=\"value_11Av1yGkVYn9TX48mQeu9v\" style=\"box-sizing: inherit; vertical-align: baseline; font-size: 1.125rem; color: #666666; line-height: 1.375rem; padding: 1.25rem 0px 1.25rem 2.5rem;\" data-selenium=\"specsItemGroupTableColumnValue\">Canon RF<\/td>\n<\/tr>\n<tr class=\"pair_3u9fnESIQrtuEu6ye_zM4k\" style=\"box-sizing: inherit; border-bottom: 0.0625rem solid #e7e7e7;\" data-selenium=\"specsItemGroupTableRow\">\n<td class=\"label_3bLwbW8ibvYc5tUwpKVQsL\" style=\"box-sizing: inherit; width: 315px; padding: 1.25rem 0px; border-top: none; vertical-align: baseline; font-size: 1.125rem; color: #666666; line-height: 1.375rem;\" data-selenium=\"specsItemGroupTableColumnLabel\">Compatibilidad de<\/td>\n<p> formatos<\/p>\n<td class=\"value_11Av1yGkVYn9TX48mQeu9v\" style=\"box-sizing: inherit; vertical-align: baseline; font-size: 1.125rem; color: #666666; line-height: 1.375rem; padding: 1.25rem 0px 1.25rem 2.5rem;\" data-selenium=\"specsItemGroupTableColumnValue\">Fotograma completo<\/td>\n<\/tr>\n<tr class=\"pair_3u9fnESIQrtuEu6ye_zM4k\" style=\"box-sizing: inherit; border-bottom: 0.0625rem solid #e7e7e7;\" data-selenium=\"specsItemGroupTableRow\">\n<td class=\"label_3bLwbW8ibvYc5tUwpKVQsL\" style=\"box-sizing: inherit; width: 315px; padding: 1.25rem 0px; border-top: none; vertical-align: baseline; font-size: 1.125rem; color: #666666; line-height: 1.375rem;\" data-selenium=\"specsItemGroupTableColumnLabel\">\u00c1ngulo de visi\u00f3n<\/td>\n<td class=\"value_11Av1yGkVYn9TX48mQeu9v\" style=\"box-sizing: inherit; vertical-align: baseline; font-size: 1.125rem; color: #666666; line-height: 1.375rem; padding: 1.25rem 0px 1.25rem 2.5rem;\" data-selenium=\"specsItemGroupTableColumnValue\">De 34\u00b0 a 12\u00b0<\/td>\n<\/tr>\n<tr class=\"pair_3u9fnESIQrtuEu6ye_zM4k\" style=\"box-sizing: inherit; border-bottom: 0.0625rem solid #e7e7e7;\" data-selenium=\"specsItemGroupTableRow\">\nDistancia <\/p>\n<td class=\"label_3bLwbW8ibvYc5tUwpKVQsL\" style=\"box-sizing: inherit; width: 315px; padding: 1.25rem 0px; border-top: none; vertical-align: baseline; font-size: 1.125rem; color: #666666; line-height: 1.375rem;\" data-selenium=\"specsItemGroupTableColumnLabel\">m\u00ednima de enfoque<\/td>\n<td class=\"value_11Av1yGkVYn9TX48mQeu9v\" style=\"box-sizing: inherit; vertical-align: baseline; font-size: 1.125rem; color: #666666; line-height: 1.375rem; padding: 1.25rem 0px 1.25rem 2.5rem;\" data-selenium=\"specsItemGroupTableColumnValue\">2&#8242; \/ 60 cm<\/td>\n<\/tr>\n<tr class=\"pair_3u9fnESIQrtuEu6ye_zM4k\" style=\"box-sizing: inherit; border-bottom: 0.0625rem solid #e7e7e7;\" data-selenium=\"specsItemGroupTableRow\">\n<td class=\"label_3bLwbW8ibvYc5tUwpKVQsL\" style=\"box-sizing: inherit; width: 315px; padding: 1.25rem 0px; border-top: none; vertical-align: baseline; font-size: 1.125rem; color: #666666; line-height: 1.375rem;\" data-selenium=\"specsItemGroupTableColumnLabel\">Aumento<\/td>\n<p> m\u00e1ximo<\/p>\n<td class=\"value_11Av1yGkVYn9TX48mQeu9v\" style=\"box-sizing: inherit; vertical-align: baseline; font-size: 1.125rem; color: #666666; line-height: 1.375rem; padding: 1.25rem 0px 1.25rem 2.5rem;\" data-selenium=\"specsItemGroupTableColumnValue\">0,28 veces<\/td>\n<\/tr>\n<tr class=\"pair_3u9fnESIQrtuEu6ye_zM4k\" style=\"box-sizing: inherit; border-bottom: 0.0625rem solid #e7e7e7;\" data-selenium=\"specsItemGroupTableRow\">\n<td class=\"label_3bLwbW8ibvYc5tUwpKVQsL\" style=\"box-sizing: inherit; width: 315px; padding: 1.25rem 0px; border-top: none; vertical-align: baseline; font-size: 1.125rem; color: #666666; line-height: 1.375rem;\" data-selenium=\"specsItemGroupTableColumnLabel\">Tipo de<\/td>\n<p> enfoque<\/p>\n<td class=\"value_11Av1yGkVYn9TX48mQeu9v\" style=\"box-sizing: inherit; vertical-align: baseline; font-size: 1.125rem; color: #666666; line-height: 1.375rem; padding: 1.25rem 0px 1.25rem 2.5rem;\" data-selenium=\"specsItemGroupTableColumnValue\">Enfoque autom\u00e1tico<\/td>\n<\/tr>\n<tr class=\"pair_3u9fnESIQrtuEu6ye_zM4k\" style=\"box-sizing: inherit; border-bottom: 0.0625rem solid #e7e7e7;\" data-selenium=\"specsItemGroupTableRow\">\n<td class=\"label_3bLwbW8ibvYc5tUwpKVQsL\" style=\"box-sizing: inherit; width: 315px; padding: 1.25rem 0px; border-top: none; vertical-align: baseline; font-size: 1.125rem; color: #666666; line-height: 1.375rem;\" data-selenium=\"specsItemGroupTableColumnLabel\">Estabilizaci\u00f3n de<\/td>\n<p> imagen<\/p>\n<td class=\"value_11Av1yGkVYn9TX48mQeu9v\" style=\"box-sizing: inherit; vertical-align: baseline; font-size: 1.125rem; color: #666666; line-height: 1.375rem; padding: 1.25rem 0px 1.25rem 2.5rem;\" data-selenium=\"specsItemGroupTableColumnValue\">S\u00ed<\/td>\n<\/tr>\n<tr class=\"pair_3u9fnESIQrtuEu6ye_zM4k\" style=\"box-sizing: inherit; border-bottom: 0.0625rem solid #e7e7e7;\" data-selenium=\"specsItemGroupTableRow\">\n<td class=\"label_3bLwbW8ibvYc5tUwpKVQsL\" style=\"box-sizing: inherit; width: 315px; padding: 1.25rem 0px; border-top: none; vertical-align: baseline; font-size: 1.125rem; color: #666666; line-height: 1.375rem;\" data-selenium=\"specsItemGroupTableColumnLabel\">Tama\u00f1o del<\/td>\n<p> filtro<\/p>\n<td class=\"value_11Av1yGkVYn9TX48mQeu9v\" style=\"box-sizing: inherit; vertical-align: baseline; font-size: 1.125rem; color: #666666; line-height: 1.375rem; padding: 1.25rem 0px 1.25rem 2.5rem;\" data-selenium=\"specsItemGroupTableColumnValue\">77 mm (delantero)<\/td>\n<\/tr>\n<tr class=\"pair_3u9fnESIQrtuEu6ye_zM4k\" style=\"box-sizing: inherit; border-bottom: 0.0625rem solid #e7e7e7;\" data-selenium=\"specsItemGroupTableRow\">\n<td class=\"label_3bLwbW8ibvYc5tUwpKVQsL\" style=\"box-sizing: inherit; width: 315px; padding: 1.25rem 0px; border-top: none; vertical-align: baseline; font-size: 1.125rem; color: #666666; line-height: 1.375rem;\" data-selenium=\"specsItemGroupTableColumnLabel\">Dimensiones (\u00f8 x L)<\/td>\n<td class=\"value_11Av1yGkVYn9TX48mQeu9v\" style=\"box-sizing: inherit; vertical-align: baseline; font-size: 1.125rem; color: #666666; line-height: 1.375rem; padding: 1.25rem 0px 1.25rem 2.5rem;\" data-selenium=\"specsItemGroupTableColumnValue\">3,3 x 4,7&#8243; \/ 83 x 120 mm<\/td>\n<\/tr>\n<tr class=\"pair_3u9fnESIQrtuEu6ye_zM4k\" style=\"box-sizing: inherit; border-bottom: 0.0625rem solid #e7e7e7;\" data-selenium=\"specsItemGroupTableRow\">\n<td class=\"label_3bLwbW8ibvYc5tUwpKVQsL\" style=\"box-sizing: inherit; width: 315px; padding: 1.25rem 0px; border-top: none; vertical-align: baseline; font-size: 1.125rem; color: #666666; line-height: 1.375rem;\" data-selenium=\"specsItemGroupTableColumnLabel\">Peso<\/td>\n<td class=\"value_11Av1yGkVYn9TX48mQeu9v\" style=\"box-sizing: inherit; vertical-align: baseline; font-size: 1.125rem; color: #666666; line-height: 1.375rem; padding: 1.25rem 0px 1.25rem 2.5rem;\" data-selenium=\"specsItemGroupTableColumnValue\">1,5 libras \/ 695 g<\/td>\n<\/tr>\n<\/tbody>\n<\/table>\n<p><strong>En la caja<\/strong><\/p>\n<ul>\n<li>Objetivo Canon RF 70-200mm f\/4L IS USM<\/li>\n<li>Tapa de lente Canon E-77 II 77mm<\/li>\n<li>Tapa antipolvo de lente Canon RF<\/li>\n<li>Parasol ET-83G (WIII)<\/li>\n<li>Estuche para lentes Canon LP1319<\/li>\n<\/ul>\n","protected":false},"excerpt":{"rendered":"<p>Gran rendimiento, dise\u00f1o compacto Captura el mundo con la calidad de la serie L gracias a un teleobjetivo zoom compacto<\/p>\n","protected":false},"featured_media":48175,"comment_status":"closed","ping_status":"closed","template":"","meta":{"_acf_changed":false},"product_brand":[2538],"product_cat":[1062],"product_tag":[],"class_list":{"0":"post-71496","1":"product","2":"type-product","3":"status-publish","4":"has-post-thumbnail","6":"product_brand-canon-es","7":"product_cat-mirrorless-objectivos","8":"pa_abertura-maxima-f-4-es","9":"pa_cor-negro","10":"pa_diametro-77mm-es","11":"pa_estabilizacao-de-imagem-si","12":"pa_montagem-da-objetiva-canon-rf-es","13":"pa_sensor-fotograma-completo","14":"pa_tipo-de-foco-enfoque-automatico","15":"pa_tipo-de-objetiva-teleobjetivo","16":"pa_zoom-fixa-zoom-externo-es","18":"first","19":"onbackorder","20":"sale","21":"taxable","22":"shipping-taxable","23":"purchasable","24":"product-type-simple"},"bundled_by":[],"bundle_stock_status":"onbackorder","bundle_stock_quantity":null,"bundle_virtual":false,"bundle_layout":"","bundle_add_to_cart_form_location":"","bundle_editable_in_cart":false,"bundle_sold_individually_context":"","bundle_item_grouping":"","bundle_min_size":"","bundle_max_size":"","bundle_price":[],"bundled_items":[],"bundle_sell_ids":[],"acf":[],"_links":{"self":[{"href":"https:\/\/hi-techwonder.com\/es\/wp-json\/wp\/v2\/product\/71496","targetHints":{"allow":["GET"]}}],"collection":[{"href":"https:\/\/hi-techwonder.com\/es\/wp-json\/wp\/v2\/product"}],"about":[{"href":"https:\/\/hi-techwonder.com\/es\/wp-json\/wp\/v2\/types\/product"}],"replies":[{"embeddable":true,"href":"https:\/\/hi-techwonder.com\/es\/wp-json\/wp\/v2\/comments?post=71496"}],"wp:featuredmedia":[{"embeddable":true,"href":"https:\/\/hi-techwonder.com\/es\/wp-json\/wp\/v2\/media\/48175"}],"wp:attachment":[{"href":"https:\/\/hi-techwonder.com\/es\/wp-json\/wp\/v2\/media?parent=71496"}],"wp:term":[{"taxonomy":"product_brand","embeddable":true,"href":"https:\/\/hi-techwonder.com\/es\/wp-json\/wp\/v2\/product_brand?post=71496"},{"taxonomy":"product_cat","embeddable":true,"href":"https:\/\/hi-techwonder.com\/es\/wp-json\/wp\/v2\/product_cat?post=71496"},{"taxonomy":"product_tag","embeddable":true,"href":"https:\/\/hi-techwonder.com\/es\/wp-json\/wp\/v2\/product_tag?post=71496"}],"curies":[{"name":"wp","href":"https:\/\/api.w.org\/{rel}","templated":true}]}}