{"id":71499,"date":"2025-07-29T09:22:55","date_gmt":"2025-07-29T09:22:55","guid":{"rendered":"https:\/\/fv6qoy3ls0.wpdns.site\/produto\/canon-rf-50mm-f-1-8-stm\/"},"modified":"2026-04-21T11:04:09","modified_gmt":"2026-04-21T10:04:09","slug":"canon-rf-50mm-f-1-8-stm","status":"publish","type":"product","link":"https:\/\/hi-techwonder.com\/es\/producto\/canon-rf-50mm-f-1-8-stm\/","title":{"rendered":"CANON RF 50mm f\/1.8 STM"},"content":{"rendered":"<p><strong>LUCES<\/strong><\/p>\n<ul>\n<li>Lente de montura RF \/ formato de fotograma completo<\/li>\n<li>Rango de apertura: f\/1.8 a f\/22<\/li>\n<li>Un elemento asf\u00e9rico<\/li>\n<li>Recubrimiento Super Spectra<\/li>\n<li>Motor AF paso a paso STM<\/li>\n<li>Anillo de control personalizable<\/li>\n<li>Diafragma redondeado de 7 hojas<\/li>\n<\/ul>\n<p><iframe loading=\"lazy\" style=\"width: 100%; height: auto; min-height: 500px;\" src=\"https:\/\/www.youtube.com\/embed\/T1bnJuQDwBw\" width=\"560\" height=\"314\" allowfullscreen=\"allowfullscreen\"><\/iframe><\/p>\n<p>Compacto, ligero y con un enfoque cercano, el RF 50mm f\/1.8 STM de Canon es un elegante objetivo de cuerpo entero que ofrece un campo de visi\u00f3n cl\u00e1sico y vers\u00e1til y un dise\u00f1o especialmente compacto. Un objetivo ideal para la fotograf\u00eda de todo el d\u00eda y a pie, este 50mm f\/1.8 se caracteriza por su dise\u00f1o brillante para la fotograf\u00eda con luz disponible y un control adecuado de la profundidad de campo. El dise\u00f1o \u00f3ptico incorpora un elemento asf\u00e9rico, que reduce las aberraciones y distorsiones esf\u00e9ricas, y tambi\u00e9n cuenta con un revestimiento Super Spectra para minimizar los destellos y las im\u00e1genes fantasma para mejorar el contraste y la precisi\u00f3n del color. Adem\u00e1s, un motor STM ofrece un rendimiento de enfoque autom\u00e1tico impresionantemente silencioso y suave y una anulaci\u00f3n del enfoque manual a tiempo completo. Adem\u00e1s, un anillo de control configurable le permite ajustar la configuraci\u00f3n de exposici\u00f3n, incluido ISO, apertura y compensaci\u00f3n de exposici\u00f3n, desde la propia lente.    <\/p>\n<ul>\n<li>El prime de longitud completa est\u00e1 dise\u00f1ado para su uso con c\u00e1maras digitales mirrorless con montura RF de fotograma completo de Canon.<\/li>\n<li>La apertura m\u00e1xima brillante de f\/1.8 se adapta al trabajo en condiciones de iluminaci\u00f3n dif\u00edciles y tambi\u00e9n ofrece un mayor control sobre la profundidad de campo.<\/li>\n<li>Un elemento asf\u00e9rico moldeado con precisi\u00f3n (PMo) suprime las aberraciones esf\u00e9ricas y la distorsi\u00f3n para una alta nitidez y una representaci\u00f3n precisa del sujeto.<\/li>\n<li>El recubrimiento Super Spectra se ha aplicado a elementos individuales para minimizar las im\u00e1genes fantasma y los destellos para un mayor contraste y neutralidad de color cuando se trabaja en condiciones de iluminaci\u00f3n intensas.<\/li>\n<li>El motor paso a paso STM ofrece un rendimiento de enfoque autom\u00e1tico r\u00e1pido, silencioso, suave y preciso que es ideal para la grabaci\u00f3n de videos y fotograf\u00edas.<\/li>\n<li>El anillo de control configurable se puede utilizar para ajustar una variedad de configuraciones de exposici\u00f3n, incluida la apertura, ISO y compensaci\u00f3n de exposici\u00f3n.<\/li>\n<li>El diafragma redondeado de siete hojas contribuye a una agradable calidad de bokeh.<\/li>\n<\/ul>\n<div class=\"title_1tNQ83iPOOgJ6m5fVkxmSw\" style=\"box-sizing: inherit; padding: 2.8125rem 0px; text-transform: capitalize; font-family: OpenSans, 'Segoe UI', Helvetica, Roboto, Arial, sans-serif; font-size: 16px; background-color: #ffffff;\">\n<h2 class=\"title1_17KKS47kFEQb7ynVBsRb_5 reset_gKJdXkYBaMDV-W3ignvsP primary_ELb2ysditdCtk24iMBTUs\" style=\"box-sizing: inherit; margin: 0px; font-weight: 400; font-size: 2rem; line-height: 2.5rem; color: #333333;\" data-selenium=\"specsItemTitle\">Especificaciones del RF 50mm F\/1.8 STM de Canon<\/h2>\n<\/div>\n<div class=\"group_K7YrQottgVsRZ4B6zAaGG\" style=\"box-sizing: inherit; margin-bottom: 2.1875rem; font-family: OpenSans, 'Segoe UI', Helvetica, Roboto, Arial, sans-serif; font-size: 16px; background-color: #ffffff;\">\n<table class=\"table_o418fscimQZEg1oshu4aX\" style=\"box-sizing: inherit; width: 837px;\" data-selenium=\"specsItemGroupTable\">\n<tbody style=\"box-sizing: inherit;\">\n<tr class=\"pair_3u9fnESIQrtuEu6ye_zM4k\" style=\"box-sizing: inherit; border-bottom: 0.0625rem solid #e7e7e7;\" data-selenium=\"specsItemGroupTableRow\">\n<td class=\"label_3bLwbW8ibvYc5tUwpKVQsL firstSpecWhenNoGroupName_2L9ob5rxYHNpmiwoNrY0FE\" style=\"box-sizing: inherit; width: 318px; padding: 0px 0px 1.25rem; border-top: none; vertical-align: baseline; font-size: 1.125rem; color: #666666; line-height: 1.375rem;\" data-selenium=\"specsItemGroupTableColumnLabel\">Distancia focal<\/td>\n<td class=\"value_11Av1yGkVYn9TX48mQeu9v firstSpecWhenNoGroupName_2L9ob5rxYHNpmiwoNrY0FE\" style=\"box-sizing: inherit; vertical-align: baseline; font-size: 1.125rem; color: #666666; line-height: 1.375rem; padding: 0px 0px 1.25rem 2.5rem;\" data-selenium=\"specsItemGroupTableColumnValue\">50 mil\u00edmetros<\/td>\n<\/tr>\n<tr class=\"pair_3u9fnESIQrtuEu6ye_zM4k\" style=\"box-sizing: inherit; border-bottom: 0.0625rem solid #e7e7e7;\" data-selenium=\"specsItemGroupTableRow\">\n<td class=\"label_3bLwbW8ibvYc5tUwpKVQsL\" style=\"box-sizing: inherit; width: 318px; padding: 1.25rem 0px; border-top: none; vertical-align: baseline; font-size: 1.125rem; color: #666666; line-height: 1.375rem;\" data-selenium=\"specsItemGroupTableColumnLabel\">M\u00e1xima<\/td>\n<p> apertura<\/p>\n<td class=\"value_11Av1yGkVYn9TX48mQeu9v\" style=\"box-sizing: inherit; vertical-align: baseline; font-size: 1.125rem; color: #666666; line-height: 1.375rem; padding: 1.25rem 0px 1.25rem 2.5rem;\" data-selenium=\"specsItemGroupTableColumnValue\">f\/1.8<\/td>\n<\/tr>\n<tr class=\"pair_3u9fnESIQrtuEu6ye_zM4k\" style=\"box-sizing: inherit; border-bottom: 0.0625rem solid #e7e7e7;\" data-selenium=\"specsItemGroupTableRow\">\n<td class=\"label_3bLwbW8ibvYc5tUwpKVQsL\" style=\"box-sizing: inherit; width: 318px; padding: 1.25rem 0px; border-top: none; vertical-align: baseline; font-size: 1.125rem; color: #666666; line-height: 1.375rem;\" data-selenium=\"specsItemGroupTableColumnLabel\">Apertura<\/td>\n<p> m\u00ednima<\/p>\n<td class=\"value_11Av1yGkVYn9TX48mQeu9v\" style=\"box-sizing: inherit; vertical-align: baseline; font-size: 1.125rem; color: #666666; line-height: 1.375rem; padding: 1.25rem 0px 1.25rem 2.5rem;\" data-selenium=\"specsItemGroupTableColumnValue\">f\/22<\/td>\n<\/tr>\n<tr class=\"pair_3u9fnESIQrtuEu6ye_zM4k\" style=\"box-sizing: inherit; border-bottom: 0.0625rem solid #e7e7e7;\" data-selenium=\"specsItemGroupTableRow\">\n<td class=\"label_3bLwbW8ibvYc5tUwpKVQsL\" style=\"box-sizing: inherit; width: 318px; padding: 1.25rem 0px; border-top: none; vertical-align: baseline; font-size: 1.125rem; color: #666666; line-height: 1.375rem;\" data-selenium=\"specsItemGroupTableColumnLabel\">Montura de lente<\/td>\n<td class=\"value_11Av1yGkVYn9TX48mQeu9v\" style=\"box-sizing: inherit; vertical-align: baseline; font-size: 1.125rem; color: #666666; line-height: 1.375rem; padding: 1.25rem 0px 1.25rem 2.5rem;\" data-selenium=\"specsItemGroupTableColumnValue\">Canon RF<\/td>\n<\/tr>\n<tr class=\"pair_3u9fnESIQrtuEu6ye_zM4k\" style=\"box-sizing: inherit; border-bottom: 0.0625rem solid #e7e7e7;\" data-selenium=\"specsItemGroupTableRow\">\n<td class=\"label_3bLwbW8ibvYc5tUwpKVQsL\" style=\"box-sizing: inherit; width: 318px; padding: 1.25rem 0px; border-top: none; vertical-align: baseline; font-size: 1.125rem; color: #666666; line-height: 1.375rem;\" data-selenium=\"specsItemGroupTableColumnLabel\">Compatibilidad de formatos<\/td>\n<td class=\"value_11Av1yGkVYn9TX48mQeu9v\" style=\"box-sizing: inherit; vertical-align: baseline; font-size: 1.125rem; color: #666666; line-height: 1.375rem; padding: 1.25rem 0px 1.25rem 2.5rem;\" data-selenium=\"specsItemGroupTableColumnValue\">Imagen completa<\/td>\n<\/tr>\n<tr class=\"pair_3u9fnESIQrtuEu6ye_zM4k\" style=\"box-sizing: inherit; border-bottom: 0.0625rem solid #e7e7e7;\" data-selenium=\"specsItemGroupTableRow\">\n<td class=\"label_3bLwbW8ibvYc5tUwpKVQsL\" style=\"box-sizing: inherit; width: 318px; padding: 1.25rem 0px; border-top: none; vertical-align: baseline; font-size: 1.125rem; color: #666666; line-height: 1.375rem;\" data-selenium=\"specsItemGroupTableColumnLabel\">\u00c1ngulo de visi\u00f3n<\/td>\n<td class=\"value_11Av1yGkVYn9TX48mQeu9v\" style=\"box-sizing: inherit; vertical-align: baseline; font-size: 1.125rem; color: #666666; line-height: 1.375rem; padding: 1.25rem 0px 1.25rem 2.5rem;\" data-selenium=\"specsItemGroupTableColumnValue\">46\u00b0<\/td>\n<\/tr>\n<tr class=\"pair_3u9fnESIQrtuEu6ye_zM4k\" style=\"box-sizing: inherit; border-bottom: 0.0625rem solid #e7e7e7;\" data-selenium=\"specsItemGroupTableRow\">\n<td class=\"label_3bLwbW8ibvYc5tUwpKVQsL\" style=\"box-sizing: inherit; width: 318px; padding: 1.25rem 0px; border-top: none; vertical-align: baseline; font-size: 1.125rem; color: #666666; line-height: 1.375rem;\" data-selenium=\"specsItemGroupTableColumnLabel\">Distancia m\u00ednima de enfoque<\/td>\n<td class=\"value_11Av1yGkVYn9TX48mQeu9v\" style=\"box-sizing: inherit; vertical-align: baseline; font-size: 1.125rem; color: #666666; line-height: 1.375rem; padding: 1.25rem 0px 1.25rem 2.5rem;\" data-selenium=\"specsItemGroupTableColumnValue\">11,8&#8243; \/ 30 cm<\/td>\n<\/tr>\n<tr class=\"pair_3u9fnESIQrtuEu6ye_zM4k\" style=\"box-sizing: inherit; border-bottom: 0.0625rem solid #e7e7e7;\" data-selenium=\"specsItemGroupTableRow\">\n<td class=\"label_3bLwbW8ibvYc5tUwpKVQsL\" style=\"box-sizing: inherit; width: 318px; padding: 1.25rem 0px; border-top: none; vertical-align: baseline; font-size: 1.125rem; color: #666666; line-height: 1.375rem;\" data-selenium=\"specsItemGroupTableColumnLabel\">Aumento m\u00e1ximo<\/td>\n<td class=\"value_11Av1yGkVYn9TX48mQeu9v\" style=\"box-sizing: inherit; vertical-align: baseline; font-size: 1.125rem; color: #666666; line-height: 1.375rem; padding: 1.25rem 0px 1.25rem 2.5rem;\" data-selenium=\"specsItemGroupTableColumnValue\">0,25 veces<\/td>\n<\/tr>\n<tr class=\"pair_3u9fnESIQrtuEu6ye_zM4k\" style=\"box-sizing: inherit; border-bottom: 0.0625rem solid #e7e7e7;\" data-selenium=\"specsItemGroupTableRow\">\n<td class=\"label_3bLwbW8ibvYc5tUwpKVQsL\" style=\"box-sizing: inherit; width: 318px; padding: 1.25rem 0px; border-top: none; vertical-align: baseline; font-size: 1.125rem; color: #666666; line-height: 1.375rem;\" data-selenium=\"specsItemGroupTableColumnLabel\">Hojas de diafragma<\/td>\n<td class=\"value_11Av1yGkVYn9TX48mQeu9v\" style=\"box-sizing: inherit; vertical-align: baseline; font-size: 1.125rem; color: #666666; line-height: 1.375rem; padding: 1.25rem 0px 1.25rem 2.5rem;\" data-selenium=\"specsItemGroupTableColumnValue\">7, redondeado<\/td>\n<\/tr>\n<tr class=\"pair_3u9fnESIQrtuEu6ye_zM4k\" style=\"box-sizing: inherit; border-bottom: 0.0625rem solid #e7e7e7;\" data-selenium=\"specsItemGroupTableRow\">\n<td class=\"label_3bLwbW8ibvYc5tUwpKVQsL\" style=\"box-sizing: inherit; width: 318px; padding: 1.25rem 0px; border-top: none; vertical-align: baseline; font-size: 1.125rem; color: #666666; line-height: 1.375rem;\" data-selenium=\"specsItemGroupTableColumnLabel\">Tipo de enfoque<\/td>\n<td class=\"value_11Av1yGkVYn9TX48mQeu9v\" style=\"box-sizing: inherit; vertical-align: baseline; font-size: 1.125rem; color: #666666; line-height: 1.375rem; padding: 1.25rem 0px 1.25rem 2.5rem;\" data-selenium=\"specsItemGroupTableColumnValue\">Autom\u00e1tico<\/td>\n<\/tr>\n<tr class=\"pair_3u9fnESIQrtuEu6ye_zM4k\" style=\"box-sizing: inherit; border-bottom: 0.0625rem solid #e7e7e7;\" data-selenium=\"specsItemGroupTableRow\">\n<td class=\"label_3bLwbW8ibvYc5tUwpKVQsL\" style=\"box-sizing: inherit; width: 318px; padding: 1.25rem 0px; border-top: none; vertical-align: baseline; font-size: 1.125rem; color: #666666; line-height: 1.375rem;\" data-selenium=\"specsItemGroupTableColumnLabel\">Estabilizaci\u00f3n de imagen<\/td>\n<td class=\"value_11Av1yGkVYn9TX48mQeu9v\" style=\"box-sizing: inherit; vertical-align: baseline; font-size: 1.125rem; color: #666666; line-height: 1.375rem; padding: 1.25rem 0px 1.25rem 2.5rem;\" data-selenium=\"specsItemGroupTableColumnValue\">No<\/td>\n<\/tr>\n<tr class=\"pair_3u9fnESIQrtuEu6ye_zM4k\" style=\"box-sizing: inherit; border-bottom: 0.0625rem solid #e7e7e7;\" data-selenium=\"specsItemGroupTableRow\">\n<td class=\"label_3bLwbW8ibvYc5tUwpKVQsL\" style=\"box-sizing: inherit; width: 318px; padding: 1.25rem 0px; border-top: none; vertical-align: baseline; font-size: 1.125rem; color: #666666; line-height: 1.375rem;\" data-selenium=\"specsItemGroupTableColumnLabel\">Tama\u00f1o del filtro<\/td>\n<td class=\"value_11Av1yGkVYn9TX48mQeu9v\" style=\"box-sizing: inherit; vertical-align: baseline; font-size: 1.125rem; color: #666666; line-height: 1.375rem; padding: 1.25rem 0px 1.25rem 2.5rem;\" data-selenium=\"specsItemGroupTableColumnValue\">43 mm (delantero)<\/td>\n<\/tr>\n<tr class=\"pair_3u9fnESIQrtuEu6ye_zM4k\" style=\"box-sizing: inherit; border-bottom: 0.0625rem solid #e7e7e7;\" data-selenium=\"specsItemGroupTableRow\">\n<td class=\"label_3bLwbW8ibvYc5tUwpKVQsL\" style=\"box-sizing: inherit; width: 318px; padding: 1.25rem 0px; border-top: none; vertical-align: baseline; font-size: 1.125rem; color: #666666; line-height: 1.375rem;\" data-selenium=\"specsItemGroupTableColumnLabel\">Dimensiones (\u00f8 x L)<\/td>\n<td class=\"value_11Av1yGkVYn9TX48mQeu9v\" style=\"box-sizing: inherit; vertical-align: baseline; font-size: 1.125rem; color: #666666; line-height: 1.375rem; padding: 1.25rem 0px 1.25rem 2.5rem;\" data-selenium=\"specsItemGroupTableColumnValue\">2,7 x 1,6&#8243; \/ 69 x 40 mm<\/td>\n<\/tr>\n<tr class=\"pair_3u9fnESIQrtuEu6ye_zM4k\" style=\"box-sizing: inherit; border-bottom: 0.0625rem solid #e7e7e7;\" data-selenium=\"specsItemGroupTableRow\">\n<td class=\"label_3bLwbW8ibvYc5tUwpKVQsL\" style=\"box-sizing: inherit; width: 318px; padding: 1.25rem 0px; border-top: none; vertical-align: baseline; font-size: 1.125rem; color: #666666; line-height: 1.375rem;\" data-selenium=\"specsItemGroupTableColumnLabel\">Peso<\/td>\n<td class=\"value_11Av1yGkVYn9TX48mQeu9v\" style=\"box-sizing: inherit; vertical-align: baseline; font-size: 1.125rem; color: #666666; line-height: 1.375rem; padding: 1.25rem 0px 1.25rem 2.5rem;\" data-selenium=\"specsItemGroupTableColumnValue\">5.6 oz \/ 160 g<\/td>\n<\/tr>\n<\/tbody>\n<\/table>\n<\/div>\n","protected":false},"excerpt":{"rendered":"<p>LUCES Lente de montura RF \/ formato de fotograma completo Rango de apertura: f\/1.8 a f\/22 Un elemento asf\u00e9rico Recubrimiento<\/p>\n","protected":false},"featured_media":48172,"comment_status":"closed","ping_status":"closed","template":"","meta":{"_acf_changed":false},"product_brand":[2538],"product_cat":[1062],"product_tag":[],"class_list":{"0":"post-71499","1":"product","2":"type-product","3":"status-publish","4":"has-post-thumbnail","6":"product_brand-canon-es","7":"product_cat-mirrorless-objectivos","8":"pa_abertura-maxima-f-1-8-es","9":"pa_cor-negro","10":"pa_diametro-43mm-es","11":"pa_estabilizacao-de-imagem-no","12":"pa_montagem-da-objetiva-canon-rf-es","13":"pa_sensor-fotograma-completo","14":"pa_tipo-de-foco-enfoque-manual","15":"pa_tipo-de-objetiva-estandar","16":"pa_zoom-fixa-fijo","18":"first","19":"instock","20":"sale","21":"taxable","22":"shipping-taxable","23":"purchasable","24":"product-type-simple"},"bundled_by":[],"bundle_stock_status":"instock","bundle_stock_quantity":1,"bundle_virtual":false,"bundle_layout":"","bundle_add_to_cart_form_location":"","bundle_editable_in_cart":false,"bundle_sold_individually_context":"","bundle_item_grouping":"","bundle_min_size":"","bundle_max_size":"","bundle_price":[],"bundled_items":[],"bundle_sell_ids":[],"acf":[],"_links":{"self":[{"href":"https:\/\/hi-techwonder.com\/es\/wp-json\/wp\/v2\/product\/71499","targetHints":{"allow":["GET"]}}],"collection":[{"href":"https:\/\/hi-techwonder.com\/es\/wp-json\/wp\/v2\/product"}],"about":[{"href":"https:\/\/hi-techwonder.com\/es\/wp-json\/wp\/v2\/types\/product"}],"replies":[{"embeddable":true,"href":"https:\/\/hi-techwonder.com\/es\/wp-json\/wp\/v2\/comments?post=71499"}],"wp:featuredmedia":[{"embeddable":true,"href":"https:\/\/hi-techwonder.com\/es\/wp-json\/wp\/v2\/media\/48172"}],"wp:attachment":[{"href":"https:\/\/hi-techwonder.com\/es\/wp-json\/wp\/v2\/media?parent=71499"}],"wp:term":[{"taxonomy":"product_brand","embeddable":true,"href":"https:\/\/hi-techwonder.com\/es\/wp-json\/wp\/v2\/product_brand?post=71499"},{"taxonomy":"product_cat","embeddable":true,"href":"https:\/\/hi-techwonder.com\/es\/wp-json\/wp\/v2\/product_cat?post=71499"},{"taxonomy":"product_tag","embeddable":true,"href":"https:\/\/hi-techwonder.com\/es\/wp-json\/wp\/v2\/product_tag?post=71499"}],"curies":[{"name":"wp","href":"https:\/\/api.w.org\/{rel}","templated":true}]}}