{"id":71500,"date":"2025-07-29T09:22:31","date_gmt":"2025-07-29T09:22:31","guid":{"rendered":"https:\/\/fv6qoy3ls0.wpdns.site\/produto\/canon-rf-50mm-f-1-2l-usm\/"},"modified":"2026-05-07T00:55:35","modified_gmt":"2026-05-06T23:55:35","slug":"canon-rf-50mm-f-1-2l-usm","status":"publish","type":"product","link":"https:\/\/hi-techwonder.com\/es\/producto\/canon-rf-50mm-f-1-2l-usm\/","title":{"rendered":"CANON RF 50mm f\/1.2L USM"},"content":{"rendered":"<p><strong>ASPECTOS DESTACADOS DEL PRODUCTO<\/strong><\/p>\n<ul>\n<li>Lente con montura RF\/formato de fotograma completo<\/li>\n<li>Rango de apertura: f\/1.2 a f\/16<\/li>\n<li>Un elemento UD, un elemento asf\u00e9rico<\/li>\n<li>Sistema AF de motor ultras\u00f3nico tipo anillo<\/li>\n<li>Anillo de control personalizable<\/li>\n<li>Diafragma redondeado de 10 hojas<\/li>\n<\/ul>\n<div>&nbsp;<\/div>\n<div>Distinguido por su velocidad, el RF 50mm f\/1.2L USM de Canon es una longitud normal deseable debido a su vers\u00e1til distancia focal y su brillante apertura m\u00e1xima de f\/1.2. Este dise\u00f1o r\u00e1pido sobresale en condiciones de iluminaci\u00f3n dif\u00edciles y tambi\u00e9n beneficia el trabajo con poca profundidad de campo y t\u00e9cnicas de enfoque selectivo. El dise\u00f1o \u00f3ptico incorpora un elemento UD y un elemento asf\u00e9rico, que ayudan a reducir las aberraciones crom\u00e1ticas y esf\u00e9ricas para producir una mayor claridad y nitidez. Un diafragma redondeado de 10 hojas tambi\u00e9n beneficia la calidad del bokeh para adaptarse a sujetos aislantes con profundidad de campo. Complementando las capacidades de imagen hay un motor ultras\u00f3nico de tipo anillo de ajuste, que ofrece un enfoque autom\u00e1tico r\u00e1pido y casi silencioso y una anulaci\u00f3n de enfoque manual a tiempo completo. Adem\u00e1s, un anillo de control \u00fanico est\u00e1 integrado en el dise\u00f1o de la lente para un control intuitivo sobre la configuraci\u00f3n de exposici\u00f3n de la lente.     <\/p>\n<ul>\n<li>El prime de longitud completa est\u00e1 dise\u00f1ado para las c\u00e1maras digitales mirrorless con montura RF de fotograma completo de Canon.<\/li>\n<li>La apertura m\u00e1xima excepcionalmente brillante de f\/1.2 le brinda un amplio control sobre la profundidad de campo para aplicaciones de enfoque selectivo y tambi\u00e9n beneficia el trabajo en situaciones de poca luz.<\/li>\n<li>Se presenta un elemento de dispersi\u00f3n ultrabaja (UD) que ayuda a minimizar las aberraciones crom\u00e1ticas y las franjas de color para proporcionar una mayor claridad y precisi\u00f3n de color.<\/li>\n<li>Se utiliza un elemento asf\u00e9rico para corregir aberraciones y distorsiones esf\u00e9ricas para una mejor nitidez y una representaci\u00f3n precisa.<\/li>\n<li>El motor ultras\u00f3nico de tipo anillo (USM), junto con algoritmos de enfoque optimizados y una CPU de alta velocidad, se emplea para proporcionar un rendimiento de enfoque autom\u00e1tico r\u00e1pido, preciso y silencioso, as\u00ed como un reemplazo de enfoque manual a tiempo completo.<\/li>\n<li>El anillo de control configurable se puede utilizar para ajustar una variedad de configuraciones de exposici\u00f3n, incluida la apertura, ISO y compensaci\u00f3n de exposici\u00f3n.<\/li>\n<li>Como miembro de la estimada serie L, esta lente presenta un dise\u00f1o resistente a la intemperie que protege contra el polvo y la humedad para permitir su uso en condiciones adversas.<\/li>\n<li>El diafragma redondeado de 10 hojas contribuye a una agradable calidad de bokeh.<\/li>\n<\/ul>\n<\/div>\n<div>&nbsp;<\/div>\n<div>\n<table style=\"width: 563px;\" border=\"0\" cellspacing=\"0\" cellpadding=\"2\">\n<colgroup>\n<col width=\"241\"><\/colgroup>\n<colgroup>\n<col width=\"314\"><\/colgroup>\n<tbody>\n<tr>\n<th colspan=\"2\" width=\"559\">\n<p style=\"border: none; padding: 0cm; font-style: normal; font-weight: normal;\"><a name=\"11011\"><\/a><span style=\"font-size: x-large;\">interino<\/span><\/p>\n<\/th>\n<\/tr>\n<tr>\n<td width=\"241\">\n<p style=\"border-top: none; border-bottom: 1px solid #e6e7e8; border-left: none; border-right: none; padding: 0cm 0cm 0.53cm 0cm;\">Distancia focal<\/p>\n<\/td>\n<td width=\"314\">\n<p style=\"border-top: none; border-bottom: 1px solid #e6e7e8; border-left: none; border-right: none; padding: 0cm 0cm 0.53cm 0cm;\">50 mil\u00edmetros<\/p>\n<\/td>\n<\/tr>\n<tr>\n<td width=\"241\">\n<p style=\"border-top: none; border-bottom: 1px solid #e6e7e8; border-left: none; border-right: none; padding: 0cm 0cm 0.53cm 0cm;\">Abertura<\/p>\n<\/td>\n<td width=\"314\">\n<p style=\"border-top: none; border-bottom: 1px solid #e6e7e8; border-left: none; border-right: none; padding: 0cm 0cm 0.53cm 0cm;\">M\u00e1ximo: f\/1.2<br \/>M\u00ednimo: f\/16<\/p>\n<\/td>\n<\/tr>\n<tr>\n<td width=\"241\">\n<p style=\"border-top: none; border-bottom: 1px solid #e6e7e8; border-left: none; border-right: none; padding: 0cm 0cm 0.53cm 0cm;\">Tipo de montaje de la c\u00e1mara<\/p>\n<\/td>\n<td width=\"314\">\n<p style=\"border-top: none; border-bottom: 1px solid #e6e7e8; border-left: none; border-right: none; padding: 0cm 0cm 0.53cm 0cm;\">Canon RF<\/p>\n<\/td>\n<\/tr>\n<tr>\n<td width=\"241\">\n<p style=\"border-top: none; border-bottom: 1px solid #e6e7e8; border-left: none; border-right: none; padding: 0cm 0cm 0.53cm 0cm;\">Compatibilidad de formatos<\/p>\n<\/td>\n<td width=\"314\">\n<p style=\"border-top: none; border-bottom: 1px solid #e6e7e8; border-left: none; border-right: none; padding: 0cm 0cm 0.53cm 0cm;\">Pel\u00edcula de 35 mm \/ sensor digital de fotograma completo<\/p>\n<\/td>\n<\/tr>\n<tr>\n<td width=\"241\">\n<p style=\"border-top: none; border-bottom: 1px solid #e6e7e8; border-left: none; border-right: none; padding: 0cm 0cm 0.53cm 0cm;\">\u00c1ngulo<\/p>\n<\/td>\n<td width=\"314\">\n<p style=\"border-top: none; border-bottom: 1px solid #e6e7e8; border-left: none; border-right: none; padding: 0cm 0cm 0.53cm 0cm;\">46\u00b0<\/p>\n<\/td>\n<\/tr>\n<tr>\n<td width=\"241\">\n<p style=\"border-top: none; border-bottom: 1px solid #e6e7e8; border-left: none; border-right: none; padding: 0cm 0cm 0.53cm 0cm;\">Distancia m\u00ednima de enfoque<\/p>\n<\/td>\n<td width=\"314\">\n<p style=\"border-top: none; border-bottom: 1px solid #e6e7e8; border-left: none; border-right: none; padding: 0cm 0cm 0.53cm 0cm;\">1,31&#8242; \/ 40 cm<\/p>\n<\/td>\n<\/tr>\n<tr>\n<td width=\"241\">\n<p style=\"border-top: none; border-bottom: 1px solid #e6e7e8; border-left: none; border-right: none; padding: 0cm 0cm 0.53cm 0cm;\">Ampliaci\u00f3n<\/p>\n<\/td>\n<td width=\"314\">\n<p style=\"border-top: none; border-bottom: 1px solid #e6e7e8; border-left: none; border-right: none; padding: 0cm 0cm 0.53cm 0cm;\">0,19 veces<\/p>\n<\/td>\n<\/tr>\n<tr>\n<td width=\"241\">\n<p style=\"border-top: none; border-bottom: 1px solid #e6e7e8; border-left: none; border-right: none; padding: 0cm 0cm 0.53cm 0cm;\">Velocidad m\u00e1xima de reproducci\u00f3n<\/p>\n<\/td>\n<td width=\"314\">\n<p style=\"border-top: none; border-bottom: 1px solid #e6e7e8; border-left: none; border-right: none; padding: 0cm 0cm 0.53cm 0cm;\">1:5.25<\/p>\n<\/td>\n<\/tr>\n<tr>\n<td width=\"241\">\n<p style=\"border-top: none; border-bottom: 1px solid #e6e7e8; border-left: none; border-right: none; padding: 0cm 0cm 0.53cm 0cm;\">Dise\u00f1o \u00f3ptico<\/p>\n<\/td>\n<td width=\"314\">\n<p style=\"border-top: none; border-bottom: 1px solid #e6e7e8; border-left: none; border-right: none; padding: 0cm 0cm 0.53cm 0cm;\">15 elementos en 9 grupos<\/p>\n<\/td>\n<\/tr>\n<tr>\n<td width=\"241\">\n<p style=\"border-top: none; border-bottom: 1px solid #e6e7e8; border-left: none; border-right: none; padding: 0cm 0cm 0.53cm 0cm;\">Hojas de diafragma<\/p>\n<\/td>\n<td width=\"314\">\n<p style=\"border-top: none; border-bottom: 1px solid #e6e7e8; border-left: none; border-right: none; padding: 0cm 0cm 0.53cm 0cm;\">10, redondeado<\/p>\n<\/td>\n<\/tr>\n<\/tbody>\n<\/table>\n<table style=\"width: 211px;\" border=\"0\" cellspacing=\"0\" cellpadding=\"2\">\n<colgroup>\n<col width=\"156\"><\/colgroup>\n<colgroup>\n<col width=\"47\"><\/colgroup>\n<tbody>\n<tr>\n<th colspan=\"2\" width=\"207\">\n<p style=\"border: none; padding: 0cm; font-style: normal; font-weight: normal;\"><a name=\"23001\"><\/a><span style=\"font-size: x-large;\">Recursos<\/span><\/p>\n<\/th>\n<\/tr>\n<tr>\n<td width=\"156\">\n<p style=\"border-top: none; border-bottom: 1px solid #e6e7e8; border-left: none; border-right: none; padding: 0cm 0cm 0.53cm 0cm;\">Estabilizaci\u00f3n de imagen<\/p>\n<\/td>\n<td width=\"47\">\n<p style=\"border: none; padding: 0cm;\"><em>Ninguno<\/em><\/p>\n<\/td>\n<\/tr>\n<tr>\n<td width=\"156\">\n<p style=\"border-top: none; border-bottom: 1px solid #e6e7e8; border-left: none; border-right: none; padding: 0cm 0cm 0.53cm 0cm;\">Autom\u00e1tico<\/p>\n<\/td>\n<td width=\"47\">\n<p style=\"border-top: none; border-bottom: 1px solid #e6e7e8; border-left: none; border-right: none; padding: 0cm 0cm 0.53cm 0cm;\">S\u00ed<\/p>\n<\/td>\n<\/tr>\n<\/tbody>\n<\/table>\n<table style=\"width: 457px;\" border=\"0\" cellspacing=\"0\" cellpadding=\"2\">\n<colgroup>\n<col width=\"147\"><\/colgroup>\n<colgroup>\n<col width=\"302\"><\/colgroup>\n<tbody>\n<tr>\n<th colspan=\"2\" width=\"453\">\n<p style=\"border: none; padding: 0cm; font-style: normal; font-weight: normal;\"><a name=\"11501\"><\/a><span style=\"font-size: x-large;\">F\u00edsico<\/span><\/p>\n<\/th>\n<\/tr>\n<tr>\n<td width=\"147\">\n<p style=\"border-top: none; border-bottom: 1px solid #e6e7e8; border-left: none; border-right: none; padding: 0cm 0cm 0.53cm 0cm;\">Tema de filtro<\/p>\n<\/td>\n<td width=\"302\">\n<p style=\"border-top: none; border-bottom: 1px solid #e6e7e8; border-left: none; border-right: none; padding: 0cm 0cm 0.53cm 0cm;\">Frontal: 77 mm<\/p>\n<\/td>\n<\/tr>\n<tr>\n<td width=\"147\">\n<p style=\"border-top: none; border-bottom: 1px solid #e6e7e8; border-left: none; border-right: none; padding: 0cm 0cm 0.53cm 0cm;\">Dimensiones (DxL)<\/p>\n<\/td>\n<td width=\"302\">\n<p style=\"border-top: none; border-bottom: 1px solid #e6e7e8; border-left: none; border-right: none; padding: 0cm 0cm 0.53cm 0cm;\">Aproximadamente. 3,54 x 4,25&#8243; \/ 89,8 x 108 mm <\/p>\n<\/td>\n<\/tr>\n<tr>\n<td width=\"147\">\n<p style=\"border-top: none; border-bottom: 1px solid #e6e7e8; border-left: none; border-right: none; padding: 0cm 0cm 0.53cm 0cm;\">Peso<\/p>\n<\/td>\n<td width=\"302\">\n<p style=\"border-top: none; border-bottom: 1px solid #e6e7e8; border-left: none; border-right: none; padding: 0cm 0cm 0.53cm 0cm;\">2,09 libras \/ 950 g<\/p>\n<\/td>\n<\/tr>\n<\/tbody>\n<\/table>\n<\/div>\n","protected":false},"excerpt":{"rendered":"<p>ASPECTOS DESTACADOS DEL PRODUCTO Lente con montura RF\/formato de fotograma completo Rango de apertura: f\/1.2 a f\/16 Un elemento UD,<\/p>\n","protected":false},"featured_media":48119,"comment_status":"closed","ping_status":"closed","template":"","meta":{"_acf_changed":false},"product_brand":[138],"product_cat":[355],"product_tag":[],"class_list":{"0":"post-71500","1":"product","2":"type-product","3":"status-publish","4":"has-post-thumbnail","6":"product_brand-canon","7":"product_cat-mirrorless-objetivas","8":"pa_abertura-maxima-f-1-2","9":"pa_cor-preto","10":"pa_diametro-77mm","11":"pa_estabilizacao-de-imagem-nao","12":"pa_montagem-da-objetiva-canon-rf","13":"pa_sensor-full-frame","14":"pa_tipo-de-foco-foco-automatico","15":"pa_tipo-de-objetiva-standard","16":"pa_zoom-fixa-fixa","18":"first","19":"onbackorder","20":"taxable","21":"shipping-taxable","22":"purchasable","23":"product-type-simple"},"bundled_by":[],"bundle_stock_status":"onbackorder","bundle_stock_quantity":null,"bundle_virtual":false,"bundle_layout":"","bundle_add_to_cart_form_location":"","bundle_editable_in_cart":false,"bundle_sold_individually_context":"","bundle_item_grouping":"","bundle_min_size":"","bundle_max_size":"","bundle_price":[],"bundled_items":[],"bundle_sell_ids":[],"acf":[],"_links":{"self":[{"href":"https:\/\/hi-techwonder.com\/es\/wp-json\/wp\/v2\/product\/71500","targetHints":{"allow":["GET"]}}],"collection":[{"href":"https:\/\/hi-techwonder.com\/es\/wp-json\/wp\/v2\/product"}],"about":[{"href":"https:\/\/hi-techwonder.com\/es\/wp-json\/wp\/v2\/types\/product"}],"replies":[{"embeddable":true,"href":"https:\/\/hi-techwonder.com\/es\/wp-json\/wp\/v2\/comments?post=71500"}],"wp:featuredmedia":[{"embeddable":true,"href":"https:\/\/hi-techwonder.com\/es\/wp-json\/wp\/v2\/media\/48119"}],"wp:attachment":[{"href":"https:\/\/hi-techwonder.com\/es\/wp-json\/wp\/v2\/media?parent=71500"}],"wp:term":[{"taxonomy":"product_brand","embeddable":true,"href":"https:\/\/hi-techwonder.com\/es\/wp-json\/wp\/v2\/product_brand?post=71500"},{"taxonomy":"product_cat","embeddable":true,"href":"https:\/\/hi-techwonder.com\/es\/wp-json\/wp\/v2\/product_cat?post=71500"},{"taxonomy":"product_tag","embeddable":true,"href":"https:\/\/hi-techwonder.com\/es\/wp-json\/wp\/v2\/product_tag?post=71500"}],"curies":[{"name":"wp","href":"https:\/\/api.w.org\/{rel}","templated":true}]}}