{"id":71501,"date":"2025-07-29T09:23:54","date_gmt":"2025-07-29T09:23:54","guid":{"rendered":"https:\/\/fv6qoy3ls0.wpdns.site\/produto\/canon-rf-35mm-f-1-4l-vcm\/"},"modified":"2026-04-21T11:04:20","modified_gmt":"2026-04-21T10:04:20","slug":"canon-rf-35mm-f-1-4l-vcm","status":"publish","type":"product","link":"https:\/\/hi-techwonder.com\/es\/producto\/canon-rf-35mm-f-1-4l-vcm\/","title":{"rendered":"CANON RF 35mm f\/1.4L VCM"},"content":{"rendered":"<h3><b>CANON RF 35mm F1.4L VCM<\/b><\/h3>\n<p><strong>Funciones<\/strong><br \/>\u2022 Lente h\u00edbrida de 35 mm con una apertura r\u00e1pida de f\/1.4, ideal tanto para fotograf\u00edas como para videos<br \/>\u2022 Anillo de iris blando con bloqueo para ajuste manual durante las grabaciones de video<br \/>\u2022 Apertura circular de 11 hojas para un bokeh art\u00edstico y control de profundidad de campo<br \/>\u2022 Dise\u00f1o \u00f3ptico avanzado con elementos asf\u00e9ricos y UD para obtener im\u00e1genes n\u00edtidas y de alta calidad<br \/>\u2022 Sistema de enfoque Nano USM y VCM para un enfoque r\u00e1pido, silencioso y preciso<br \/>\u2022 Los recubrimientos Super Spectra y ASC garantizan reflejos reducidos y una nitidez mejorada<br \/>\u2022 Anillo de control personalizable y bot\u00f3n de funci\u00f3n para una configuraci\u00f3n intuitiva de la c\u00e1mara<br \/>\u2022 Cuerpo ligero y compacto con dise\u00f1o de la serie L de alta resistencia, adecuado para grabar en lugares dif\u00edciles<br \/>\u2022 Revestimiento de fluorita en el elemento frontal para proteger contra la suciedad y las manchas<\/p>\n<p><img decoding=\"async\" src=\"https:\/\/i1.adis.ws\/i\/canon\/rf-35mm-f1.4l-vcm_hero_2993de9a268c434e91f06c79d54d069b?%24block-hero-header-3by2-dt%24\" style=\"width: 25%;\" alt=\"\"><\/p>\n<p><strong>Contenido del paquete<\/strong><br \/>\u2022 1 objetivo RF 35mm F1.4L VCM de Canon<br \/>\u2022 1x Cubierta frontal E-67II<br \/>\u2022 1x Parasol EW-73F<br \/>\u2022 1x Estuche LP1219<br \/>\u2022 1x Tapa trasera para lente RF<\/p>\n<p><img decoding=\"async\" src=\"https:\/\/i1.adis.ws\/i\/canon\/rf-35mm-f1.4l-vcm_gallery2_05_75bd5d8a494d49f5965daf0543a51142?%24media-gallery-desktop%24\" style=\"width: 25%;\" alt=\"\"><\/p>\n<p><strong>Descripci\u00f3n<\/strong><br \/>El RF 35mm F1.4L VCM de Canon es un objetivo gran angular h\u00edbrido que destaca por su versatilidad y calidad \u00f3ptica, ideal para la narraci\u00f3n creativa tanto en fotograf\u00eda como en v\u00eddeo. Su r\u00e1pida apertura de f\/1.4 ofrece un excelente rendimiento en condiciones de poca luz, mientras que el anillo de iris permite ajustes suaves para la grabaci\u00f3n de video cinematogr\u00e1fico. Equipado con tecnolog\u00eda Nano USM y VCM, este objetivo ofrece un enfoque r\u00e1pido y silencioso, que es esencial para capturar momentos con precisi\u00f3n. Adem\u00e1s, el dise\u00f1o compacto y liviano brinda comodidad y flexibilidad, lo que lo hace ideal para usar con soportes de video. La serie L garantiza una construcci\u00f3n resistente y confiable que est\u00e1 lista para desaf\u00edos en cualquier entorno.    <\/p>\n<p><img decoding=\"async\" src=\"https:\/\/i1.adis.ws\/i\/canon\/rf-35mm-f1.4l-vcm_gallery2_04_f6fff758697241f194e0687e0490d01b?%24media-gallery-desktop%24\" style=\"width: 25%;\" alt=\"\"><\/p>\n<p><strong>Informaci\u00f3n adicional<\/strong><\/p>\n<p>Nota: Im\u00e1genes ilustrativas. Equipo adicional no incluido. Consulte el contenido y las especificaciones del paquete para obtener m\u00e1s detalles.  <\/p>\n<p><strong>Especificaciones t\u00e9cnicas<\/strong><\/p>\n<ul>\n<li><strong>Tama\u00f1o de imagen<\/strong>: Fotograma completo<\/li>\n<li><strong>\u00c1ngulo de visi\u00f3n<\/strong>:\n<ul>\n<li>Horizontal: 54\u00b0<\/li>\n<li>Vertical: 38\u00b0<\/li>\n<li>Diagonal: 63\u00b0<\/li>\n<\/ul>\n<\/li>\n<li><strong>Construcci\u00f3n de lentes (elementos\/grupos):<\/strong> 14 elementos en 11 grupos<\/li>\n<li><strong>\u00d3ptica especial<\/strong>: 2 elementos UD y 2 elementos asf\u00e9ricos GMo para correcci\u00f3n de aberraciones<\/li>\n<li><strong>Funciones especiales<\/strong>: anillo de iris con cerradura, ideal para ajustes de video<\/li>\n<li><strong>N\u00famero de hojas de diafragma<\/strong>: 11<\/li>\n<li><strong>Apertura m\u00ednima<\/strong>: f\/16<\/li>\n<li><strong>Distancia m\u00ednima de enfoque<\/strong>: 0,28 m<\/li>\n<li><strong>Aumento m\u00e1ximo<\/strong>: 0.18x<\/li>\n<li><strong>Anillo de control<\/strong>: S\u00ed<\/li>\n<li><strong>Estabilizador de imagen (OIS):<\/strong> No<\/li>\n<li><strong>Estabilizador de imagen IBIS x OIS<\/strong>: hasta 7 pasos en c\u00e1maras con IBIS coordinado<\/li>\n<li><strong>Actuador AF<\/strong>: Nano USM y VCM<\/li>\n<li><strong>Recubrimientos<\/strong>: ASC, Super Spectra y Fluorita (en el elemento frontal)<\/li>\n<li><strong>Compatibilidad del extensor<\/strong>: No compatible<\/li>\n<li><strong>Accesorios<\/strong>:\n<ul>\n<li><strong>Tapa del objetivo<\/strong>: E-67II<\/li>\n<li><strong>Sombrilla<\/strong>: EW-73F<\/li>\n<li><strong>Estuche\/Bolsa<\/strong>: LP1219<\/li>\n<li><strong>Tapa trasera<\/strong>: tapa antipolvo para lente RF<\/li>\n<li><strong>Otros accesorios<\/strong>: Portafiltros en la parte trasera<\/li>\n<\/ul>\n<\/li>\n<li><strong>Caracter\u00edsticas f\u00edsicas<\/strong>:\n<ul>\n<li>Resistencia al polvo y la humedad: S\u00ed<\/li>\n<\/ul>\n<\/li>\n<li><strong>Di\u00e1metro del filtro frontal<\/strong>: 67 mm<\/li>\n<li><strong>Dimensiones (di\u00e1metro m\u00e1x. x longitud):<\/strong> aprox. 76,5 x 99,3 mm <\/li>\n<li><strong>Peso<\/strong>: 555 g<\/li>\n<\/ul>\n","protected":false},"excerpt":{"rendered":"<p>CANON RF 35mm F1.4L VCM Funciones\u2022 Lente h\u00edbrida de 35 mm con una apertura r\u00e1pida de f\/1.4, ideal tanto para<\/p>\n","protected":false},"featured_media":48461,"comment_status":"closed","ping_status":"closed","template":"","meta":{"_acf_changed":false},"product_brand":[2538],"product_cat":[1062],"product_tag":[],"class_list":{"0":"post-71501","1":"product","2":"type-product","3":"status-publish","4":"has-post-thumbnail","6":"product_brand-canon-es","7":"product_cat-mirrorless-objectivos","8":"pa_abertura-maxima-f-1-4-es","9":"pa_cor-negro","10":"pa_diametro-67mm-es","11":"pa_estabilizacao-de-imagem-si","12":"pa_montagem-da-objetiva-canon-rf-es","13":"pa_sensor-fotograma-completo","14":"pa_tipo-de-foco-enfoque-automatico","15":"pa_tipo-de-objetiva-estandar","16":"pa_zoom-fixa-fijo","18":"first","19":"instock","20":"sale","21":"taxable","22":"shipping-taxable","23":"purchasable","24":"product-type-simple"},"bundled_by":[],"bundle_stock_status":"instock","bundle_stock_quantity":1,"bundle_virtual":false,"bundle_layout":"","bundle_add_to_cart_form_location":"","bundle_editable_in_cart":false,"bundle_sold_individually_context":"","bundle_item_grouping":"","bundle_min_size":"","bundle_max_size":"","bundle_price":[],"bundled_items":[],"bundle_sell_ids":[],"acf":[],"_links":{"self":[{"href":"https:\/\/hi-techwonder.com\/es\/wp-json\/wp\/v2\/product\/71501","targetHints":{"allow":["GET"]}}],"collection":[{"href":"https:\/\/hi-techwonder.com\/es\/wp-json\/wp\/v2\/product"}],"about":[{"href":"https:\/\/hi-techwonder.com\/es\/wp-json\/wp\/v2\/types\/product"}],"replies":[{"embeddable":true,"href":"https:\/\/hi-techwonder.com\/es\/wp-json\/wp\/v2\/comments?post=71501"}],"wp:featuredmedia":[{"embeddable":true,"href":"https:\/\/hi-techwonder.com\/es\/wp-json\/wp\/v2\/media\/48461"}],"wp:attachment":[{"href":"https:\/\/hi-techwonder.com\/es\/wp-json\/wp\/v2\/media?parent=71501"}],"wp:term":[{"taxonomy":"product_brand","embeddable":true,"href":"https:\/\/hi-techwonder.com\/es\/wp-json\/wp\/v2\/product_brand?post=71501"},{"taxonomy":"product_cat","embeddable":true,"href":"https:\/\/hi-techwonder.com\/es\/wp-json\/wp\/v2\/product_cat?post=71501"},{"taxonomy":"product_tag","embeddable":true,"href":"https:\/\/hi-techwonder.com\/es\/wp-json\/wp\/v2\/product_tag?post=71501"}],"curies":[{"name":"wp","href":"https:\/\/api.w.org\/{rel}","templated":true}]}}