{"id":71502,"date":"2025-07-29T09:22:35","date_gmt":"2025-07-29T09:22:35","guid":{"rendered":"https:\/\/fv6qoy3ls0.wpdns.site\/produto\/canon-rf-35mm-f-1-8-is-macro-stm\/"},"modified":"2026-05-05T14:28:25","modified_gmt":"2026-05-05T13:28:25","slug":"canon-rf-35mm-f-1-8-is-macro-stm","status":"publish","type":"product","link":"https:\/\/hi-techwonder.com\/es\/producto\/canon-rf-35mm-f-1-8-is-macro-stm\/","title":{"rendered":"CANON RF 35mm f\/1.8 IS Macro STM"},"content":{"rendered":"<p><span style=\"font-size: small;\"><strong>ASPECTOS DESTACADOS DEL PRODUCTO<\/strong><\/p>\n<p><\/span><\/p>\n<ul>\n<li><span style=\"font-size: small;\">Lente de montura RF \/ formato de fotograma completo<\/span><\/li>\n<li><span style=\"font-size: small;\">Rango de apertura: f\/1.8 a f\/22<\/span><\/li>\n<li><span style=\"font-size: small;\">Recubrimiento Super Spectra<\/span><\/li>\n<li><span style=\"font-size: small;\">Motor AF paso a paso STM<\/span><\/li>\n<li><span style=\"font-size: small;\">1:2 M\u00e1x. Aumento, enfoque m\u00ednimo de 6.7&#8243; <\/span><\/li>\n<li><span style=\"font-size: small;\">Estabilizador \u00f3ptico de imagen<\/span><\/li>\n<li><span style=\"font-size: small;\">Anillo de control personalizable<\/span><\/li>\n<li><span style=\"font-size: small;\">Diafragma redondeado de 9 hojas<\/span><\/li>\n<\/ul>\n<div><span style=\"font-size: small;\">&nbsp;<\/span><\/div>\n<div><span style=\"font-size: small;\">Compacto, ligero y de enfoque cercano, el RF 35mm f\/1.8 IS Macro STM de Canon es un objetivo fijo gran angular \u00fanico que combina la versatilidad de un objetivo gran angular general con la especialidad de un macro \u00f3ptico 1:2. Un dise\u00f1o \u00f3ptico avanzado se beneficia de un recubrimiento Super Spectra, que ayuda a controlar los destellos y las im\u00e1genes fantasma para aumentar el contraste y la precisi\u00f3n del color cuando se trabaja en condiciones de luz o contraluz. Capaz de enfocar hasta 6.7&#8243; a la mitad del tama\u00f1o real, este lente es ideal para fotografiar todo, desde primeros planos de plantas hasta escenas callejeras y paisajes. La brillante apertura m\u00e1xima de f\/1.8 le brinda un mayor control sobre la profundidad de campo y tambi\u00e9n se adapta a una variedad de condiciones de iluminaci\u00f3n. Complementando esto hay una estabilizaci\u00f3n de imagen efectiva de cinco pasos, que minimiza la apariencia del movimiento de la c\u00e1mara para tomas m\u00e1s n\u00edtidas. Adem\u00e1s, un motor STM ofrece un rendimiento de enfoque autom\u00e1tico impresionantemente silencioso y suave y una anulaci\u00f3n del enfoque manual a tiempo completo. Adem\u00e1s, un anillo de control configurable le permite ajustar la configuraci\u00f3n de exposici\u00f3n, incluido ISO, apertura y compensaci\u00f3n de exposici\u00f3n, desde la propia lente.      <\/p>\n<p><\/span><\/p>\n<ul>\n<li><span style=\"font-size: small;\">El gran angular prime est\u00e1 dise\u00f1ado para su uso con c\u00e1maras digitales sin espejo con montura RF de fotograma completo de Canon.<\/span><\/li>\n<li><span style=\"font-size: small;\">La apertura m\u00e1xima brillante de f\/1.8 se adapta al trabajo en condiciones de iluminaci\u00f3n dif\u00edciles y tambi\u00e9n ofrece un mayor control sobre la profundidad de campo.<\/span><\/li>\n<li><span style=\"font-size: small;\">El recubrimiento Super Spectra se ha aplicado a elementos individuales para minimizar las im\u00e1genes fantasma y los destellos para un mayor contraste y neutralidad de color cuando se trabaja en condiciones de iluminaci\u00f3n intensas.<\/span><\/li>\n<li><span style=\"font-size: small;\">Un estabilizador \u00f3ptico de imagen ayuda a minimizar la apariencia de movimiento de la c\u00e1mara hasta en cinco paradas para permitir un mejor trabajo en condiciones de poca luz y con velocidades de obturaci\u00f3n m\u00e1s lentas.<\/span><\/li>\n<li><span style=\"font-size: small;\">El dise\u00f1o macro beneficia el trabajo de sujetos en primer plano y proporciona un aumento m\u00e1ximo de 1:2 junto con una distancia m\u00ednima de enfoque de 6.7&#8243;<\/span><\/li>\n<li><span style=\"font-size: small;\">El motor paso a paso STM ofrece un rendimiento de enfoque autom\u00e1tico r\u00e1pido, silencioso, suave y preciso que es ideal para la grabaci\u00f3n de videos y fotograf\u00edas.<\/span><\/li>\n<li><span style=\"font-size: small;\">El anillo de control configurable se puede utilizar para ajustar una variedad de configuraciones de exposici\u00f3n, incluida la apertura, ISO y compensaci\u00f3n de exposici\u00f3n.<\/span><\/li>\n<li><span style=\"font-size: small;\">El diafragma redondeado de nueve hojas contribuye a una agradable calidad de bokeh.<\/span><\/li>\n<\/ul>\n<\/div>\n<div><span style=\"font-size: small;\">&nbsp;<\/span><\/div>\n<div>\n<p style=\"margin-bottom: 0cm;\"><span style=\"font-size: small;\">&nbsp;<\/span><\/p>\n<p><span style=\"font-size: small;\"> <\/span><\/p>\n<table style=\"width: 563px;\" border=\"0\" cellspacing=\"0\" cellpadding=\"2\">\n<colgroup>\n<col width=\"241\"><\/colgroup>\n<colgroup>\n<col width=\"314\"><\/colgroup>\n<tbody>\n<tr>\n<th colspan=\"2\" width=\"559\">\n<p style=\"border: none; padding: 0cm; font-style: normal; font-weight: normal;\"><span style=\"font-size: small;\"><a name=\"11011\"><\/a><span style=\"font-size: x-large;\">interino<\/span><\/span><\/p>\n<\/th>\n<\/tr>\n<tr>\n<td width=\"241\">\n<p style=\"border-top: none; border-bottom: 1px solid #e6e7e8; border-left: none; border-right: none; padding: 0cm 0cm 0.53cm 0cm;\"><span style=\"font-size: small;\">Distancia focal<\/span><\/p>\n<\/td>\n<td width=\"314\">\n<p style=\"border-top: none; border-bottom: 1px solid #e6e7e8; border-left: none; border-right: none; padding: 0cm 0cm 0.53cm 0cm;\"><span style=\"font-size: small;\">35 mm<\/span><\/p>\n<\/td>\n<\/tr>\n<tr>\n<td width=\"241\">\n<p style=\"border-top: none; border-bottom: 1px solid #e6e7e8; border-left: none; border-right: none; padding: 0cm 0cm 0.53cm 0cm;\"><span style=\"font-size: small;\">Abertura<\/span><\/p>\n<\/td>\n<td width=\"314\">\n<p style=\"border-top: none; border-bottom: 1px solid #e6e7e8; border-left: none; border-right: none; padding: 0cm 0cm 0.53cm 0cm;\"><span style=\"font-size: small;\">M\u00e1ximo: f\/1.8<br \/>M\u00ednimo: f\/22<\/span><\/p>\n<\/td>\n<\/tr>\n<tr>\n<td width=\"241\">\n<p style=\"border-top: none; border-bottom: 1px solid #e6e7e8; border-left: none; border-right: none; padding: 0cm 0cm 0.53cm 0cm;\"><span style=\"font-size: small;\">Tipo de montaje de la c\u00e1mara<\/span><\/p>\n<\/td>\n<td width=\"314\">\n<p style=\"border-top: none; border-bottom: 1px solid #e6e7e8; border-left: none; border-right: none; padding: 0cm 0cm 0.53cm 0cm;\"><span style=\"font-size: small;\">Canon RF<\/span><\/p>\n<\/td>\n<\/tr>\n<tr>\n<td width=\"241\">\n<p style=\"border-top: none; border-bottom: 1px solid #e6e7e8; border-left: none; border-right: none; padding: 0cm 0cm 0.53cm 0cm;\"><span style=\"font-size: small;\">Compatibilidad de formatos<\/span><\/p>\n<\/td>\n<td width=\"314\">\n<p style=\"border-top: none; border-bottom: 1px solid #e6e7e8; border-left: none; border-right: none; padding: 0cm 0cm 0.53cm 0cm;\"><span style=\"font-size: small;\">Pel\u00edcula de 35 mm \/ sensor digital de fotograma completo<\/span><\/p>\n<\/td>\n<\/tr>\n<tr>\n<td width=\"241\">\n<p style=\"border-top: none; border-bottom: 1px solid #e6e7e8; border-left: none; border-right: none; padding: 0cm 0cm 0.53cm 0cm;\"><span style=\"font-size: small;\">\u00c1ngulo<\/span><\/p>\n<\/td>\n<td width=\"314\">\n<p style=\"border-top: none; border-bottom: 1px solid #e6e7e8; border-left: none; border-right: none; padding: 0cm 0cm 0.53cm 0cm;\"><span style=\"font-size: small;\">63\u00b0<\/span><\/p>\n<\/td>\n<\/tr>\n<tr>\n<td width=\"241\">\n<p style=\"border-top: none; border-bottom: 1px solid #e6e7e8; border-left: none; border-right: none; padding: 0cm 0cm 0.53cm 0cm;\"><span style=\"font-size: small;\">Distancia m\u00ednima de enfoque<\/span><\/p>\n<\/td>\n<td width=\"314\">\n<p style=\"border-top: none; border-bottom: 1px solid #e6e7e8; border-left: none; border-right: none; padding: 0cm 0cm 0.53cm 0cm;\"><span style=\"font-size: small;\">6,69&#8243; \/ 17 cm<\/span><\/p>\n<\/td>\n<\/tr>\n<tr>\n<td width=\"241\">\n<p style=\"border-top: none; border-bottom: 1px solid #e6e7e8; border-left: none; border-right: none; padding: 0cm 0cm 0.53cm 0cm;\"><span style=\"font-size: small;\">Ampliaci\u00f3n<\/span><\/p>\n<\/td>\n<td width=\"314\">\n<p style=\"border-top: none; border-bottom: 1px solid #e6e7e8; border-left: none; border-right: none; padding: 0cm 0cm 0.53cm 0cm;\"><span style=\"font-size: small;\">0,5 veces<\/span><\/p>\n<\/td>\n<\/tr>\n<tr>\n<td width=\"241\">\n<p style=\"border-top: none; border-bottom: 1px solid #e6e7e8; border-left: none; border-right: none; padding: 0cm 0cm 0.53cm 0cm;\"><span style=\"font-size: small;\">Velocidad m\u00e1xima de reproducci\u00f3n<\/span><\/p>\n<\/td>\n<td width=\"314\">\n<p style=\"border-top: none; border-bottom: 1px solid #e6e7e8; border-left: none; border-right: none; padding: 0cm 0cm 0.53cm 0cm;\"><span style=\"font-size: small;\">1:2<\/span><\/p>\n<\/td>\n<\/tr>\n<tr>\n<td width=\"241\">\n<p style=\"border-top: none; border-bottom: 1px solid #e6e7e8; border-left: none; border-right: none; padding: 0cm 0cm 0.53cm 0cm;\"><span style=\"font-size: small;\">Dise\u00f1o \u00f3ptico<\/span><\/p>\n<\/td>\n<td width=\"314\">\n<p style=\"border-top: none; border-bottom: 1px solid #e6e7e8; border-left: none; border-right: none; padding: 0cm 0cm 0.53cm 0cm;\"><span style=\"font-size: small;\">11 elementos en 9 grupos<\/span><\/p>\n<\/td>\n<\/tr>\n<tr>\n<td width=\"241\">\n<p style=\"border-top: none; border-bottom: 1px solid #e6e7e8; border-left: none; border-right: none; padding: 0cm 0cm 0.53cm 0cm;\"><span style=\"font-size: small;\">Hojas de diafragma<\/span><\/p>\n<\/td>\n<td width=\"314\">\n<p style=\"border-top: none; border-bottom: 1px solid #e6e7e8; border-left: none; border-right: none; padding: 0cm 0cm 0.53cm 0cm;\"><span style=\"font-size: small;\">9, redondeado<\/span><\/p>\n<\/td>\n<\/tr>\n<\/tbody>\n<\/table>\n<p><span style=\"font-size: small;\"> <\/span><\/p>\n<table style=\"width: 201px;\" border=\"0\" cellspacing=\"0\" cellpadding=\"2\">\n<colgroup>\n<col width=\"156\"><\/colgroup>\n<colgroup>\n<col width=\"37\"><\/colgroup>\n<tbody>\n<tr>\n<th colspan=\"2\" width=\"197\">\n<p style=\"border: none; padding: 0cm; font-style: normal; font-weight: normal;\"><span style=\"font-size: small;\"><a name=\"23001\"><\/a><span style=\"font-size: x-large;\">Recursos<\/span><\/span><\/p>\n<\/th>\n<\/tr>\n<tr>\n<td width=\"156\">\n<p style=\"border-top: none; border-bottom: 1px solid #e6e7e8; border-left: none; border-right: none; padding: 0cm 0cm 0.53cm 0cm;\"><span style=\"font-size: small;\">Estabilizaci\u00f3n de imagen<\/span><\/p>\n<\/td>\n<td width=\"37\">\n<p style=\"border-top: none; border-bottom: 1px solid #e6e7e8; border-left: none; border-right: none; padding: 0cm 0cm 0.53cm 0cm;\"><span style=\"font-size: small;\">S\u00ed<\/span><\/p>\n<\/td>\n<\/tr>\n<tr>\n<td width=\"156\">\n<p style=\"border-top: none; border-bottom: 1px solid #e6e7e8; border-left: none; border-right: none; padding: 0cm 0cm 0.53cm 0cm;\"><span style=\"font-size: small;\">Autom\u00e1tico<\/span><\/p>\n<\/td>\n<td width=\"37\">\n<p style=\"border-top: none; border-bottom: 1px solid #e6e7e8; border-left: none; border-right: none; padding: 0cm 0cm 0.53cm 0cm;\"><span style=\"font-size: small;\">S\u00ed<\/span><\/p>\n<\/td>\n<\/tr>\n<\/tbody>\n<\/table>\n<p><span style=\"font-size: small;\"> <\/span><\/p>\n<table style=\"width: 395px;\" border=\"0\" cellspacing=\"0\" cellpadding=\"2\">\n<colgroup>\n<col width=\"147\"><\/colgroup>\n<colgroup>\n<col width=\"240\"><\/colgroup>\n<tbody>\n<tr>\n<th colspan=\"2\" width=\"391\">\n<p style=\"border: none; padding: 0cm; font-style: normal; font-weight: normal;\"><span style=\"font-size: small;\"><a name=\"11501\"><\/a><span style=\"font-size: x-large;\">F\u00edsico<\/span><\/span><\/p>\n<\/th>\n<\/tr>\n<tr>\n<td width=\"147\">\n<p style=\"border-top: none; border-bottom: 1px solid #e6e7e8; border-left: none; border-right: none; padding: 0cm 0cm 0.53cm 0cm;\"><span style=\"font-size: small;\">Tema de filtro<\/span><\/p>\n<\/td>\n<td width=\"240\">\n<p style=\"border-top: none; border-bottom: 1px solid #e6e7e8; border-left: none; border-right: none; padding: 0cm 0cm 0.53cm 0cm;\"><span style=\"font-size: small;\">Frontal: 52 mm<\/span><\/p>\n<\/td>\n<\/tr>\n<tr>\n<td width=\"147\">\n<p style=\"border-top: none; border-bottom: 1px solid #e6e7e8; border-left: none; border-right: none; padding: 0cm 0cm 0.53cm 0cm;\"><span style=\"font-size: small;\">Dimensiones (DxL)<\/span><\/p>\n<\/td>\n<td width=\"240\">\n<p style=\"border-top: none; border-bottom: 1px solid #e6e7e8; border-left: none; border-right: none; padding: 0cm 0cm 0.53cm 0cm;\"><span style=\"font-size: small;\">2,93 x 2,47&#8243; \/ 74,4 x 62,8 mm<\/span><\/p>\n<\/td>\n<\/tr>\n<tr>\n<td width=\"147\">\n<p style=\"border-top: none; border-bottom: 1px solid #e6e7e8; border-left: none; border-right: none; padding: 0cm 0cm 0.53cm 0cm;\"><span style=\"font-size: small;\">Peso<\/span><\/p>\n<\/td>\n<td width=\"240\">\n<p style=\"border-top: none; border-bottom: 1px solid #e6e7e8; border-left: none; border-right: none; padding: 0cm 0cm 0.53cm 0cm;\"><span style=\"font-size: small;\">10.76 onzas \/ 305 g<\/span><\/p>\n<\/td>\n<\/tr>\n<\/tbody>\n<\/table>\n<p style=\"margin-bottom: 0cm;\"><span style=\"font-size: small;\">&nbsp;<\/span><\/p>\n<\/div>\n<div><span style=\"font-size: small;\">&nbsp;<\/span><\/div>\n","protected":false},"excerpt":{"rendered":"<p>ASPECTOS DESTACADOS DEL PRODUCTO Lente de montura RF \/ formato de fotograma completo Rango de apertura: f\/1.8 a f\/22 Recubrimiento<\/p>\n","protected":false},"featured_media":48128,"comment_status":"closed","ping_status":"closed","template":"","meta":{"_acf_changed":false},"product_brand":[2538],"product_cat":[1062],"product_tag":[],"class_list":{"0":"post-71502","1":"product","2":"type-product","3":"status-publish","4":"has-post-thumbnail","6":"product_brand-canon-es","7":"product_cat-mirrorless-objectivos","8":"pa_abertura-maxima-f-1-8-es","9":"pa_cor-negro","10":"pa_designs-especiais-macro-es","11":"pa_diametro-52mm-es","12":"pa_estabilizacao-de-imagem-si","13":"pa_montagem-da-objetiva-canon-rf-es","14":"pa_sensor-fotograma-completo","15":"pa_tipo-de-foco-enfoque-automatico","16":"pa_tipo-de-objetiva-estandar","17":"pa_zoom-fixa-fijo","19":"first","20":"instock","21":"sale","22":"taxable","23":"shipping-taxable","24":"purchasable","25":"product-type-simple"},"bundled_by":[],"bundle_stock_status":"instock","bundle_stock_quantity":1,"bundle_virtual":false,"bundle_layout":"","bundle_add_to_cart_form_location":"","bundle_editable_in_cart":false,"bundle_sold_individually_context":"","bundle_item_grouping":"","bundle_min_size":"","bundle_max_size":"","bundle_price":[],"bundled_items":[],"bundle_sell_ids":[],"acf":[],"_links":{"self":[{"href":"https:\/\/hi-techwonder.com\/es\/wp-json\/wp\/v2\/product\/71502","targetHints":{"allow":["GET"]}}],"collection":[{"href":"https:\/\/hi-techwonder.com\/es\/wp-json\/wp\/v2\/product"}],"about":[{"href":"https:\/\/hi-techwonder.com\/es\/wp-json\/wp\/v2\/types\/product"}],"replies":[{"embeddable":true,"href":"https:\/\/hi-techwonder.com\/es\/wp-json\/wp\/v2\/comments?post=71502"}],"wp:featuredmedia":[{"embeddable":true,"href":"https:\/\/hi-techwonder.com\/es\/wp-json\/wp\/v2\/media\/48128"}],"wp:attachment":[{"href":"https:\/\/hi-techwonder.com\/es\/wp-json\/wp\/v2\/media?parent=71502"}],"wp:term":[{"taxonomy":"product_brand","embeddable":true,"href":"https:\/\/hi-techwonder.com\/es\/wp-json\/wp\/v2\/product_brand?post=71502"},{"taxonomy":"product_cat","embeddable":true,"href":"https:\/\/hi-techwonder.com\/es\/wp-json\/wp\/v2\/product_cat?post=71502"},{"taxonomy":"product_tag","embeddable":true,"href":"https:\/\/hi-techwonder.com\/es\/wp-json\/wp\/v2\/product_tag?post=71502"}],"curies":[{"name":"wp","href":"https:\/\/api.w.org\/{rel}","templated":true}]}}