{"id":71504,"date":"2025-07-29T09:22:31","date_gmt":"2025-07-29T09:22:31","guid":{"rendered":"https:\/\/fv6qoy3ls0.wpdns.site\/produto\/canon-rf-28-70mm-f-2l-usm\/"},"modified":"2026-05-07T00:55:35","modified_gmt":"2026-05-06T23:55:35","slug":"canon-rf-28-70mm-f-2l-usm","status":"publish","type":"product","link":"https:\/\/hi-techwonder.com\/es\/producto\/canon-rf-28-70mm-f-2l-usm\/","title":{"rendered":"CANON RF 28-70mm f\/2L USM"},"content":{"rendered":"<p><span style=\"font-size: small;\"><strong>ASPECTOS DESTACADOS DEL PRODUCTO<\/strong><\/p>\n<p><\/span><\/p>\n<ul>\n<li><span style=\"font-size: small;\">Lente de montura RF \/ formato de fotograma completo<\/span><\/li>\n<li><span style=\"font-size: small;\">Rango de apertura: f\/2 a f\/22<\/span><\/li>\n<li><span style=\"font-size: small;\">Elementos de dispersi\u00f3n ultrabaja<\/span><\/li>\n<li><span style=\"font-size: small;\">Sistema AF de motor ultras\u00f3nico tipo anillo<\/span><\/li>\n<li><span style=\"font-size: small;\">Anillo de control personalizable<\/span><\/li>\n<li><span style=\"font-size: small;\">Diafragma redondeado de 9 hojas<\/span><\/li>\n<\/ul>\n<div><span style=\"font-size: small;\">&nbsp;<\/span><\/div>\n<div><span style=\"font-size: small;\">Combinando la versatilidad de un zoom con la velocidad normalmente reservada para un prime, el RF 28-70mm f\/2L USM de Canon es un objetivo gran angular para retratos que se distingue por su impresionante apertura m\u00e1xima constante de f\/2. Este brillante dise\u00f1o produce un excelente rendimiento con poca luz, junto con un mejor control de la profundidad de campo para aislar al sujeto. El vidrio de dispersi\u00f3n ultrabaja se emplea en el dise\u00f1o \u00f3ptico y reduce en gran medida las franjas de color y las aberraciones crom\u00e1ticas para lograr una alta claridad y precisi\u00f3n del color. Complementando las propiedades \u00f3pticas avanzadas est\u00e1 el probado motor ultras\u00f3nico de tipo anillo de Canon, que ofrece un rendimiento de enfoque autom\u00e1tico r\u00e1pido y silencioso, junto con un control de enfoque manual a tiempo completo. Adem\u00e1s, exclusivo de los objetivos RF, este 28-70 mm incorpora un anillo de control configurable para ajustar intuitivamente los ajustes de exposici\u00f3n, incluidos el ISO, la apertura y la compensaci\u00f3n de exposici\u00f3n, desde el propio objetivo.    <\/p>\n<p><\/span><\/p>\n<ul>\n<li><span style=\"font-size: small;\">El objetivo zoom est\u00e1ndar de gran angular a teleobjetivo corto est\u00e1 dise\u00f1ado para su uso con c\u00e1maras mirrorless con montura RF de fotograma completo de Canon.<\/span><\/li>\n<li><span style=\"font-size: small;\">La impresionante apertura m\u00e1xima de f\/2 mantiene una iluminaci\u00f3n constante en todo el rango de zoom y es adecuada para trabajar en condiciones de poca luz, adem\u00e1s de ofrecer un mayor control sobre la profundidad de campo para trabajar con t\u00e9cnicas de enfoque selectivo.<\/span><\/li>\n<li><span style=\"font-size: small;\">Los elementos de dispersi\u00f3n ultrabaja (UD) se presentan en el dise\u00f1o \u00f3ptico y ayudan a suprimir las franjas de color y las aberraciones crom\u00e1ticas para una mayor claridad y precisi\u00f3n de color en todo el rango del zoom.<\/span><\/li>\n<li><span style=\"font-size: small;\">Se emplea un motor ultras\u00f3nico de tipo anillo (USM), junto con un dise\u00f1o de enfoque interno, algoritmos de enfoque optimizados y una CPU de alta velocidad, para proporcionar un rendimiento de enfoque autom\u00e1tico r\u00e1pido, preciso y silencioso, as\u00ed como un reemplazo de enfoque manual a tiempo completo.<\/span><\/li>\n<li><span style=\"font-size: small;\">El anillo de control configurable se puede utilizar para ajustar una variedad de configuraciones de exposici\u00f3n, incluida la apertura, ISO y compensaci\u00f3n de exposici\u00f3n.<\/span><\/li>\n<li><span style=\"font-size: small;\">Como miembro de la estimada serie L, esta lente presenta un dise\u00f1o resistente a la intemperie que protege contra el polvo y la humedad para permitir su uso en condiciones adversas.<\/span><\/li>\n<li><span style=\"font-size: small;\">El diafragma redondeado de nueve hojas contribuye a una agradable calidad de bokeh.<\/span><\/li>\n<\/ul>\n<\/div>\n<div><span style=\"font-size: small;\">&nbsp;<\/span><\/div>\n<div>\n<p style=\"margin-bottom: 0cm;\"><span style=\"font-size: small;\">&nbsp;<\/span><\/p>\n<p><span style=\"font-size: small;\"> <\/span><\/p>\n<table style=\"width: 563px;\" border=\"0\" cellspacing=\"0\" cellpadding=\"2\">\n<colgroup>\n<col width=\"241\"><\/colgroup>\n<colgroup>\n<col width=\"314\"><\/colgroup>\n<tbody>\n<tr>\n<th colspan=\"2\" width=\"559\">\n<p style=\"border: none; padding: 0cm; font-style: normal; font-weight: normal;\"><span style=\"font-size: small;\"><a name=\"11011\"><\/a><span style=\"font-size: x-large;\">interino<\/span><\/span><\/p>\n<\/th>\n<\/tr>\n<tr>\n<td width=\"241\">\n<p style=\"border-top: none; border-bottom: 1px solid #e6e7e8; border-left: none; border-right: none; padding: 0cm 0cm 0.53cm 0cm;\"><span style=\"font-size: small;\">Distancia focal<\/span><\/p>\n<\/td>\n<td width=\"314\">\n<p style=\"border-top: none; border-bottom: 1px solid #e6e7e8; border-left: none; border-right: none; padding: 0cm 0cm 0.53cm 0cm;\"><span style=\"font-size: small;\">28 &#8211; 70 mm<\/span><\/p>\n<\/td>\n<\/tr>\n<tr>\n<td width=\"241\">\n<p style=\"border-top: none; border-bottom: 1px solid #e6e7e8; border-left: none; border-right: none; padding: 0cm 0cm 0.53cm 0cm;\"><span style=\"font-size: small;\">Abertura<\/span><\/p>\n<\/td>\n<td width=\"314\">\n<p style=\"border-top: none; border-bottom: 1px solid #e6e7e8; border-left: none; border-right: none; padding: 0cm 0cm 0.53cm 0cm;\"><span style=\"font-size: small;\">M\u00e1ximo: f\/2<br \/>M\u00ednimo: f\/22<\/span><\/p>\n<\/td>\n<\/tr>\n<tr>\n<td width=\"241\">\n<p style=\"border-top: none; border-bottom: 1px solid #e6e7e8; border-left: none; border-right: none; padding: 0cm 0cm 0.53cm 0cm;\"><span style=\"font-size: small;\">Tipo de montaje de la c\u00e1mara<\/span><\/p>\n<\/td>\n<td width=\"314\">\n<p style=\"border-top: none; border-bottom: 1px solid #e6e7e8; border-left: none; border-right: none; padding: 0cm 0cm 0.53cm 0cm;\"><span style=\"font-size: small;\">Canon RF<\/span><\/p>\n<\/td>\n<\/tr>\n<tr>\n<td width=\"241\">\n<p style=\"border-top: none; border-bottom: 1px solid #e6e7e8; border-left: none; border-right: none; padding: 0cm 0cm 0.53cm 0cm;\"><span style=\"font-size: small;\">Compatibilidad de formatos<\/span><\/p>\n<\/td>\n<td width=\"314\">\n<p style=\"border-top: none; border-bottom: 1px solid #e6e7e8; border-left: none; border-right: none; padding: 0cm 0cm 0.53cm 0cm;\"><span style=\"font-size: small;\">Pel\u00edcula de 35 mm \/ sensor digital de fotograma completo<\/span><\/p>\n<\/td>\n<\/tr>\n<tr>\n<td width=\"241\">\n<p style=\"border-top: none; border-bottom: 1px solid #e6e7e8; border-left: none; border-right: none; padding: 0cm 0cm 0.53cm 0cm;\"><span style=\"font-size: small;\">\u00c1ngulo<\/span><\/p>\n<\/td>\n<td width=\"314\">\n<p style=\"border-top: none; border-bottom: 1px solid #e6e7e8; border-left: none; border-right: none; padding: 0cm 0cm 0.53cm 0cm;\"><span style=\"font-size: small;\">75\u00b0 &#8211; 34\u00b0<\/span><\/p>\n<\/td>\n<\/tr>\n<tr>\n<td width=\"241\">\n<p style=\"border-top: none; border-bottom: 1px solid #e6e7e8; border-left: none; border-right: none; padding: 0cm 0cm 0.53cm 0cm;\"><span style=\"font-size: small;\">Distancia m\u00ednima de enfoque<\/span><\/p>\n<\/td>\n<td width=\"314\">\n<p style=\"border-top: none; border-bottom: 1px solid #e6e7e8; border-left: none; border-right: none; padding: 0cm 0cm 0.53cm 0cm;\"><span style=\"font-size: small;\">1,28&#8242; \/ 39 cm<\/span><\/p>\n<\/td>\n<\/tr>\n<tr>\n<td width=\"241\">\n<p style=\"border-top: none; border-bottom: 1px solid #e6e7e8; border-left: none; border-right: none; padding: 0cm 0cm 0.53cm 0cm;\"><span style=\"font-size: small;\">Ampliaci\u00f3n<\/span><\/p>\n<\/td>\n<td width=\"314\">\n<p style=\"border-top: none; border-bottom: 1px solid #e6e7e8; border-left: none; border-right: none; padding: 0cm 0cm 0.53cm 0cm;\"><span style=\"font-size: small;\">0,18 veces<\/span><\/p>\n<\/td>\n<\/tr>\n<tr>\n<td width=\"241\">\n<p style=\"border-top: none; border-bottom: 1px solid #e6e7e8; border-left: none; border-right: none; padding: 0cm 0cm 0.53cm 0cm;\"><span style=\"font-size: small;\">Velocidad m\u00e1xima de reproducci\u00f3n<\/span><\/p>\n<\/td>\n<td width=\"314\">\n<p style=\"border-top: none; border-bottom: 1px solid #e6e7e8; border-left: none; border-right: none; padding: 0cm 0cm 0.53cm 0cm;\"><span style=\"font-size: small;\">1:5.555<\/span><\/p>\n<\/td>\n<\/tr>\n<tr>\n<td width=\"241\">\n<p style=\"border-top: none; border-bottom: 1px solid #e6e7e8; border-left: none; border-right: none; padding: 0cm 0cm 0.53cm 0cm;\"><span style=\"font-size: small;\">Dise\u00f1o \u00f3ptico<\/span><\/p>\n<\/td>\n<td width=\"314\">\n<p style=\"border-top: none; border-bottom: 1px solid #e6e7e8; border-left: none; border-right: none; padding: 0cm 0cm 0.53cm 0cm;\"><span style=\"font-size: small;\">19 elementos en 13 grupos<\/span><\/p>\n<\/td>\n<\/tr>\n<tr>\n<td width=\"241\">\n<p style=\"border-top: none; border-bottom: 1px solid #e6e7e8; border-left: none; border-right: none; padding: 0cm 0cm 0.53cm 0cm;\"><span style=\"font-size: small;\">Hojas de diafragma<\/span><\/p>\n<\/td>\n<td width=\"314\">\n<p style=\"border-top: none; border-bottom: 1px solid #e6e7e8; border-left: none; border-right: none; padding: 0cm 0cm 0.53cm 0cm;\"><span style=\"font-size: small;\">9, redondeado<\/span><\/p>\n<\/td>\n<\/tr>\n<\/tbody>\n<\/table>\n<p><span style=\"font-size: small;\"> <\/span><\/p>\n<table style=\"width: 211px;\" border=\"0\" cellspacing=\"0\" cellpadding=\"2\">\n<colgroup>\n<col width=\"156\"><\/colgroup>\n<colgroup>\n<col width=\"47\"><\/colgroup>\n<tbody>\n<tr>\n<th colspan=\"2\" width=\"207\">\n<p style=\"border: none; padding: 0cm; font-style: normal; font-weight: normal;\"><span style=\"font-size: small;\"><a name=\"23001\"><\/a><span style=\"font-size: x-large;\">Recursos<\/span><\/span><\/p>\n<\/th>\n<\/tr>\n<tr>\n<td width=\"156\">\n<p style=\"border-top: none; border-bottom: 1px solid #e6e7e8; border-left: none; border-right: none; padding: 0cm 0cm 0.53cm 0cm;\"><span style=\"font-size: small;\">Estabilizaci\u00f3n de imagen<\/span><\/p>\n<\/td>\n<td width=\"47\">\n<p style=\"border: none; padding: 0cm;\"><span style=\"font-size: small;\"><em>Ninguno<\/em><\/span><\/p>\n<\/td>\n<\/tr>\n<tr>\n<td width=\"156\">\n<p style=\"border-top: none; border-bottom: 1px solid #e6e7e8; border-left: none; border-right: none; padding: 0cm 0cm 0.53cm 0cm;\"><span style=\"font-size: small;\">Autom\u00e1tico<\/span><\/p>\n<\/td>\n<td width=\"47\">\n<p style=\"border-top: none; border-bottom: 1px solid #e6e7e8; border-left: none; border-right: none; padding: 0cm 0cm 0.53cm 0cm;\"><span style=\"font-size: small;\">S\u00ed<\/span><\/p>\n<\/td>\n<\/tr>\n<\/tbody>\n<\/table>\n<p><span style=\"font-size: small;\"> <\/span><\/p>\n<table style=\"width: 415px;\" border=\"0\" cellspacing=\"0\" cellpadding=\"2\">\n<colgroup>\n<col width=\"147\"><\/colgroup>\n<colgroup>\n<col width=\"260\"><\/colgroup>\n<tbody>\n<tr>\n<th colspan=\"2\" width=\"411\">\n<p style=\"border: none; padding: 0cm; font-style: normal; font-weight: normal;\"><span style=\"font-size: small;\"><a name=\"11501\"><\/a><span style=\"font-size: x-large;\">F\u00edsico<\/span><\/span><\/p>\n<\/th>\n<\/tr>\n<tr>\n<td width=\"147\">\n<p style=\"border-top: none; border-bottom: 1px solid #e6e7e8; border-left: none; border-right: none; padding: 0cm 0cm 0.53cm 0cm;\"><span style=\"font-size: small;\">Tema de filtro<\/span><\/p>\n<\/td>\n<td width=\"260\">\n<p style=\"border-top: none; border-bottom: 1px solid #e6e7e8; border-left: none; border-right: none; padding: 0cm 0cm 0.53cm 0cm;\"><span style=\"font-size: small;\">Frontal: 95 mm<\/span><\/p>\n<\/td>\n<\/tr>\n<tr>\n<td width=\"147\">\n<p style=\"border-top: none; border-bottom: 1px solid #e6e7e8; border-left: none; border-right: none; padding: 0cm 0cm 0.53cm 0cm;\"><span style=\"font-size: small;\">Dimensiones (DxL)<\/span><\/p>\n<\/td>\n<td width=\"260\">\n<p style=\"border-top: none; border-bottom: 1px solid #e6e7e8; border-left: none; border-right: none; padding: 0cm 0cm 0.53cm 0cm;\"><span style=\"font-size: small;\">4,09 x 5,50&#8243; \/ 103,8 x 139,8 mm<\/span><\/p>\n<\/td>\n<\/tr>\n<tr>\n<td width=\"147\">\n<p style=\"border-top: none; border-bottom: 1px solid #e6e7e8; border-left: none; border-right: none; padding: 0cm 0cm 0.53cm 0cm;\"><span style=\"font-size: small;\">Peso<\/span><\/p>\n<\/td>\n<td width=\"260\">\n<p style=\"border-top: none; border-bottom: 1px solid #e6e7e8; border-left: none; border-right: none; padding: 0cm 0cm 0.53cm 0cm;\"><span style=\"font-size: small;\">3,15 libras \/ 1430 g<\/span><\/p>\n<\/td>\n<\/tr>\n<\/tbody>\n<\/table>\n<p style=\"margin-bottom: 0cm;\"><span style=\"font-size: small;\">&nbsp;<\/span><\/p>\n<\/div>\n","protected":false},"excerpt":{"rendered":"<p>ASPECTOS DESTACADOS DEL PRODUCTO Lente de montura RF \/ formato de fotograma completo Rango de apertura: f\/2 a f\/22 Elementos<\/p>\n","protected":false},"featured_media":48125,"comment_status":"closed","ping_status":"closed","template":"","meta":{"_acf_changed":false},"product_brand":[138],"product_cat":[355],"product_tag":[],"class_list":{"0":"post-71504","1":"product","2":"type-product","3":"status-publish","4":"has-post-thumbnail","6":"product_brand-canon","7":"product_cat-mirrorless-objetivas","8":"pa_abertura-maxima-f-2","9":"pa_cor-preto","10":"pa_diametro-95mm","11":"pa_estabilizacao-de-imagem-nao","12":"pa_montagem-da-objetiva-canon-rf","13":"pa_sensor-full-frame","14":"pa_tipo-de-foco-foco-automatico","15":"pa_tipo-de-objetiva-standard","16":"pa_zoom-fixa-zoom-externo","18":"first","19":"pre-order","20":"taxable","21":"shipping-taxable","22":"purchasable","23":"product-type-simple"},"bundled_by":["90932"],"bundle_stock_status":"pre-order","bundle_stock_quantity":null,"bundle_virtual":false,"bundle_layout":"","bundle_add_to_cart_form_location":"","bundle_editable_in_cart":false,"bundle_sold_individually_context":"","bundle_item_grouping":"","bundle_min_size":"","bundle_max_size":"","bundle_price":[],"bundled_items":[],"bundle_sell_ids":[],"acf":[],"_links":{"self":[{"href":"https:\/\/hi-techwonder.com\/es\/wp-json\/wp\/v2\/product\/71504","targetHints":{"allow":["GET"]}}],"collection":[{"href":"https:\/\/hi-techwonder.com\/es\/wp-json\/wp\/v2\/product"}],"about":[{"href":"https:\/\/hi-techwonder.com\/es\/wp-json\/wp\/v2\/types\/product"}],"replies":[{"embeddable":true,"href":"https:\/\/hi-techwonder.com\/es\/wp-json\/wp\/v2\/comments?post=71504"}],"wp:featuredmedia":[{"embeddable":true,"href":"https:\/\/hi-techwonder.com\/es\/wp-json\/wp\/v2\/media\/48125"}],"wp:attachment":[{"href":"https:\/\/hi-techwonder.com\/es\/wp-json\/wp\/v2\/media?parent=71504"}],"wp:term":[{"taxonomy":"product_brand","embeddable":true,"href":"https:\/\/hi-techwonder.com\/es\/wp-json\/wp\/v2\/product_brand?post=71504"},{"taxonomy":"product_cat","embeddable":true,"href":"https:\/\/hi-techwonder.com\/es\/wp-json\/wp\/v2\/product_cat?post=71504"},{"taxonomy":"product_tag","embeddable":true,"href":"https:\/\/hi-techwonder.com\/es\/wp-json\/wp\/v2\/product_tag?post=71504"}],"curies":[{"name":"wp","href":"https:\/\/api.w.org\/{rel}","templated":true}]}}