{"id":71506,"date":"2025-07-29T09:23:54","date_gmt":"2025-07-29T09:23:54","guid":{"rendered":"https:\/\/fv6qoy3ls0.wpdns.site\/produto\/canon-rf-28-70mm-f-2-8-is-stm\/"},"modified":"2026-04-21T11:04:20","modified_gmt":"2026-04-21T10:04:20","slug":"canon-rf-28-70mm-f-2-8-is-stm","status":"publish","type":"product","link":"https:\/\/hi-techwonder.com\/es\/producto\/canon-rf-28-70mm-f-2-8-is-stm\/","title":{"rendered":"CANON RF 28-70mm f\/2.8 IS STM"},"content":{"rendered":"<p><b>CANON RF 28-70mm f\/2.8 IS STM<\/b><\/p>\n<p><\/p>\n<p><b>Funciones:<\/b><\/p>\n<ul>\n<li>Fotograma completo<\/li>\n<li>Apertura: f\/2.8 a f\/22<\/li>\n<li>Zoom est\u00e1ndar compacto y r\u00e1pido<\/li>\n<li>Enfoque autom\u00e1tico del motor paso a paso (STM)<\/li>\n<li>Estabilizador \u00f3ptico de imagen<\/li>\n<li>Dise\u00f1o plegable<\/li>\n<li>Anillo de control personalizable<\/li>\n<li>Dos elementos UD y dos asf\u00e9ricos<\/li>\n<li>Recubrimiento Super Spectra (SSC)<\/li>\n<li>Diafragma redondeado de 9 hojas<\/li>\n<\/ul>\n<p><\/p>\n<p><b>Contenido del paquete:<\/b><\/p>\n<ul>\n<li>Canon RF 28-70mm f\/2.8 IS STM (Canon RF)<\/li>\n<li>Tapa frontal del objetivo Canon E-67 II<\/li>\n<li>Tapa trasera del objetivo RF de Canon<\/li>\n<\/ul>\n<div><\/div>\n<p><b>La lente de uso diario que lo hace todo<\/b><\/p>\n<p>Combinando una apertura r\u00e1pida, un tama\u00f1o compacto y un rango de zoom de teleobjetivo vers\u00e1til desde gran angular hasta corto, el objetivo RF 28-70mm f\/2.8 IS USM de Canon puede ser un objetivo de uso diario para todo tipo de creadores de contenido. El rango de zoom de 28-70 mm y la r\u00e1pida apertura de f\/2.8 hacen que este objetivo sea adecuado para todo, desde paisajes hasta retratos y todo lo dem\u00e1s. La lente tambi\u00e9n tiene una \u00f3ptica de calidad de la serie L mientras mantiene un factor de forma m\u00e1s peque\u00f1o y un precio relativamente asequible para el rendimiento y las caracter\u00edsticas.  <\/p>\n<p><\/p>\n<p><b>R\u00e1pido y peque\u00f1o<\/b><\/p>\n<p>El RF 28-70 mm se diferencia de su contraparte de la serie L (el RF 24-70 mm f\/2.8 L) por mantener un factor de forma mucho m\u00e1s peque\u00f1o y liviano. Lo hace a trav\u00e9s de un dise\u00f1o \u00f3ptico avanzado y un punto de partida gran angular de 28 mm m\u00e1s conservador, pero a\u00fan muy capaz. Cuando no est\u00e1 en uso, la lente puede romperse, lo que resulta en un ahorro de espacio a\u00fan mayor en una bolsa o cuando se cuelga sobre el hombro.  <\/p>\n<p><\/p>\n<p>La apertura m\u00e1xima constante de f\/2.8 relativamente r\u00e1pida permite que este objetivo tenga importantes ventajas sobre las opciones de tama\u00f1o similar que optan por una apertura f\/4 m\u00e1s convencional, lo que permite la creaci\u00f3n de im\u00e1genes con una profundidad de campo menor. Los retratos y las fotos con poca luz se beneficiar\u00e1n de un agradable bokeh y de una mayor capacidad de captaci\u00f3n de luz, respectivamente. <\/p>\n<p><\/p>\n<p><b>\u00d3ptica de calidad de la serie L<\/b><\/p>\n<p>Canon ha puesto el rendimiento \u00f3ptico del RF 28-70 mm a la par con sus famosos lentes de la serie L. El dise\u00f1o \u00f3ptico avanzado del objetivo ayuda a garantizar que se capturen im\u00e1genes detalladas en todo el rango del zoom e incluso cuando se dispara con una apertura amplia. <\/p>\n<ul>\n<li>Dos elementos de dispersi\u00f3n ultrabaja (UD) se encuentran en la parte frontal del dise\u00f1o de la lente, una configuraci\u00f3n que anteriormente solo se encontraba en las lentes de la serie L, que corrigen la aberraci\u00f3n crom\u00e1tica y reducen el peso del grupo de lentes frontal.<\/li>\n<li>Dos elementos asf\u00e9ricos moldeados en vidrio suprimen las aberraciones y ayudan a mantener un tama\u00f1o de lente general compacto.<\/li>\n<li>El recubrimiento Super Spectra (SSC) reduce el destello de la luz de fondo y las im\u00e1genes fantasma para mantener la transmisi\u00f3n de luz y el alto contraste en condiciones de iluminaci\u00f3n brillante.<\/li>\n<\/ul>\n<p><\/p>\n<p><b>Enfoque autom\u00e1tico r\u00e1pido y estabilizaci\u00f3n incorporada<\/b><\/p>\n<\/p>\n<div>Aproveche al m\u00e1ximo la \u00f3ptica de alta calidad de su objetivo utilizando el sistema de enfoque autom\u00e1tico paso a paso r\u00e1pido (STM) del RF 28-70 mm y el estabilizador \u00f3ptico de imagen para garantizar im\u00e1genes n\u00edtidas. Estas dos funciones lo ayudar\u00e1n a proteger sus objetos y garantizar que se controle el movimiento de la c\u00e1mara. <\/div>\n<ul>\n<li>El motor de enfoque autom\u00e1tico paso a paso (STM) es r\u00e1pido y silencioso para un funcionamiento \u00f3ptimo durante la captura de fotos y videos.<\/li>\n<li>La respiraci\u00f3n de enfoque est\u00e1 bien controlada, lo que da como resultado enfoques suaves durante la grabaci\u00f3n de video.<\/li>\n<li>El estabilizador \u00f3ptico de imagen tiene una capacidad nominal de hasta 5.5 paradas por s\u00ed solo, o hasta 7.5 paradas cuando se usa en coordinaci\u00f3n con el sistema de estabilizaci\u00f3n incorporado de una c\u00e1mara compatible. Este sistema ayudar\u00e1 a reducir el desenfoque causado por el movimiento de la c\u00e1mara al disparar sin tr\u00edpode, incluso en situaciones de disparo oscuras y con velocidades de obturaci\u00f3n m\u00e1s largas. <\/li>\n<\/ul>\n<p><\/p>\n<p><b>Dise\u00f1o ligero y compacto<\/b><\/p>\n<p>La clave del \u00e9xito del RF 28-70 mm es la construcci\u00f3n f\u00edsica. Es peque\u00f1o, ligero y duradero. Una construcci\u00f3n sellada contra la intemperie, como el vidrio de la serie L, ayuda a garantizar que esta lente pueda usarse llueva o truene. Esto lo convierte en una opci\u00f3n confiable para fot\u00f3grafos y vide\u00f3grafos.   <\/p>\n<ul>\n<li>El dise\u00f1o plegable mantiene el tama\u00f1o de la lente a\u00fan m\u00e1s compacto cuando no est\u00e1 en uso.<\/li>\n<li>El anillo de control personalizable y el anillo de enfoque manual suave permiten el funcionamiento t\u00e1ctil de la lente.<\/li>\n<li>La construcci\u00f3n sellada contra la intemperie permite la operaci\u00f3n en condiciones clim\u00e1ticas menos que ideales.<\/li>\n<\/ul>\n<p><\/p>\n<p><b>Compatibilidad:<\/b><\/p>\n<ul>\n<li>Canon EOS R<\/li>\n<li>Canon EOS R1<\/li>\n<li>Canon EOS R10<\/li>\n<li>Canon EOS R100<\/li>\n<li>Canon EOS R3<\/li>\n<li>Canon EOS R5<\/li>\n<li>Canon EOS R5 Mark II<\/li>\n<li>Canon EOS R50<\/li>\n<li>Canon EOS R6<\/li>\n<li>Canon EOS R6 Mark II<\/li>\n<li>Canon EOS R7<\/li>\n<li>Canon EOS R8<\/li>\n<li>Canon EOS RP<\/li>\n<li>Canon EOS Ra<\/li>\n<\/ul>\n<p><\/p>\n<p><b>Caracter\u00edsticas t\u00e9cnicas:<\/b><\/p>\n<table class=\"table_fDXOr6EpR9\" data-selenium=\"specsItemGroupTable\" style=\"box-sizing: inherit; width: 936.662px; font-family: OpenSans, \"Segoe UI\", Helvetica, Roboto, Arial, sans-serif; font-size: 16px; background-color: rgb(255, 255, 255);\">\n<tbody style=\"box-sizing: inherit;\">\n<tr class=\"pair_KqJ3Q3GPKv\" data-selenium=\"specsItemGroupTableRow\" style=\"box-sizing: inherit; border-bottom: 0.0625rem solid rgb(229, 229, 229);\">\n<td class=\"label_KqJ3Q3GPKv \" data-selenium=\"specsItemGroupTableColumnLabel\" style=\"box-sizing: inherit; border-top: none; padding: 1.25rem 0px; width: 355.923px; color: rgb(102, 102, 102); font-size: 1.125rem; line-height: 1.375rem; vertical-align: baseline;\"><font style=\"box-sizing: inherit; vertical-align: inherit;\">Apertura m\u00e1xima<\/font><\/td>\n<td class=\"value_KqJ3Q3GPKv \" data-selenium=\"specsItemGroupTableColumnValue\" style=\"box-sizing: inherit; color: rgb(102, 102, 102); font-size: 1.125rem; line-height: 1.375rem; vertical-align: baseline; padding: 1.25rem 0px 1.25rem 2.5rem;\">\n<div class=\"expandableValue_KqJ3Q3GPKv\" style=\"box-sizing: inherit;\">f\/2.8<\/div>\n<\/td>\n<\/tr>\n<tr class=\"pair_KqJ3Q3GPKv\" data-selenium=\"specsItemGroupTableRow\" style=\"box-sizing: inherit; border-bottom: 0.0625rem solid rgb(229, 229, 229);\">\n<td class=\"label_KqJ3Q3GPKv\" data-selenium=\"specsItemGroupTableColumnLabel\" style=\"box-sizing: inherit; border-top: none; padding: 1.25rem 0px; width: 355.923px; color: rgb(102, 102, 102); font-size: 1.125rem; line-height: 1.375rem; vertical-align: baseline;\"><font style=\"box-sizing: inherit; vertical-align: inherit;\">Apertura m\u00ednima<\/font><\/td>\n<td class=\"value_KqJ3Q3GPKv\" data-selenium=\"specsItemGroupTableColumnValue\" style=\"box-sizing: inherit; color: rgb(102, 102, 102); font-size: 1.125rem; line-height: 1.375rem; vertical-align: baseline; padding: 1.25rem 0px 1.25rem 2.5rem;\">\n<div class=\"expandableValue_KqJ3Q3GPKv\" style=\"box-sizing: inherit;\">f\/22<\/div>\n<\/td>\n<\/tr>\n<tr class=\"pair_KqJ3Q3GPKv\" data-selenium=\"specsItemGroupTableRow\" style=\"box-sizing: inherit; border-bottom: 0.0625rem solid rgb(229, 229, 229);\">\n<td class=\"label_KqJ3Q3GPKv\" data-selenium=\"specsItemGroupTableColumnLabel\" style=\"box-sizing: inherit; border-top: none; padding: 1.25rem 0px; width: 355.923px; color: rgb(102, 102, 102); font-size: 1.125rem; line-height: 1.375rem; vertical-align: baseline;\"><font style=\"box-sizing: inherit; vertical-align: inherit;\">Montura de lente<\/font><\/td>\n<td class=\"value_KqJ3Q3GPKv\" data-selenium=\"specsItemGroupTableColumnValue\" style=\"box-sizing: inherit; color: rgb(102, 102, 102); font-size: 1.125rem; line-height: 1.375rem; vertical-align: baseline; padding: 1.25rem 0px 1.25rem 2.5rem;\">\n<div class=\"expandableValue_KqJ3Q3GPKv\" style=\"box-sizing: inherit;\">Canon RF<\/div>\n<\/td>\n<\/tr>\n<tr class=\"pair_KqJ3Q3GPKv\" data-selenium=\"specsItemGroupTableRow\" style=\"box-sizing: inherit; border-bottom: 0.0625rem solid rgb(229, 229, 229);\">\n<td class=\"label_KqJ3Q3GPKv\" data-selenium=\"specsItemGroupTableColumnLabel\" style=\"box-sizing: inherit; border-top: none; padding: 1.25rem 0px; width: 355.923px; color: rgb(102, 102, 102); font-size: 1.125rem; line-height: 1.375rem; vertical-align: baseline;\"><font style=\"box-sizing: inherit; vertical-align: inherit;\">Cobertura de la forma de la lente<\/font><\/td>\n<td class=\"value_KqJ3Q3GPKv\" data-selenium=\"specsItemGroupTableColumnValue\" style=\"box-sizing: inherit; color: rgb(102, 102, 102); font-size: 1.125rem; line-height: 1.375rem; vertical-align: baseline; padding: 1.25rem 0px 1.25rem 2.5rem;\">\n<div class=\"expandableValue_KqJ3Q3GPKv\" style=\"box-sizing: inherit;\">Imagen completa<\/div>\n<\/td>\n<\/tr>\n<tr class=\"pair_KqJ3Q3GPKv\" data-selenium=\"specsItemGroupTableRow\" style=\"box-sizing: inherit; border-bottom: 0.0625rem solid rgb(229, 229, 229);\">\n<td class=\"label_KqJ3Q3GPKv\" data-selenium=\"specsItemGroupTableColumnLabel\" style=\"box-sizing: inherit; border-top: none; padding: 1.25rem 0px; width: 355.923px; color: rgb(102, 102, 102); font-size: 1.125rem; line-height: 1.375rem; vertical-align: baseline;\"><font style=\"box-sizing: inherit; vertical-align: inherit;\">\u00c1ngulo<\/font><\/td>\n<td class=\"value_KqJ3Q3GPKv\" data-selenium=\"specsItemGroupTableColumnValue\" style=\"box-sizing: inherit; color: rgb(102, 102, 102); font-size: 1.125rem; line-height: 1.375rem; vertical-align: baseline; padding: 1.25rem 0px 1.25rem 2.5rem;\">\n<div class=\"expandableValue_KqJ3Q3GPKv\" style=\"box-sizing: inherit;\">De 75\u00b0 a 34\u00b0<\/div>\n<\/td>\n<\/tr>\n<tr class=\"pair_KqJ3Q3GPKv\" data-selenium=\"specsItemGroupTableRow\" style=\"box-sizing: inherit; border-bottom: 0.0625rem solid rgb(229, 229, 229);\">\n<td class=\"label_KqJ3Q3GPKv\" data-selenium=\"specsItemGroupTableColumnLabel\" style=\"box-sizing: inherit; border-top: none; padding: 1.25rem 0px; width: 355.923px; color: rgb(102, 102, 102); font-size: 1.125rem; line-height: 1.375rem; vertical-align: baseline;\"><font style=\"box-sizing: inherit; vertical-align: inherit;\">Distancia m\u00ednima de enfoque<\/font><\/td>\n<td class=\"value_KqJ3Q3GPKv\" data-selenium=\"specsItemGroupTableColumnValue\" style=\"box-sizing: inherit; color: rgb(102, 102, 102); font-size: 1.125rem; line-height: 1.375rem; vertical-align: baseline; padding: 1.25rem 0px 1.25rem 2.5rem;\">\n<div class=\"expandableValue_KqJ3Q3GPKv\" style=\"box-sizing: inherit;\">9,4&#8243; \/ 24 cm<\/div>\n<\/td>\n<\/tr>\n<tr class=\"pair_KqJ3Q3GPKv\" data-selenium=\"specsItemGroupTableRow\" style=\"box-sizing: inherit; border-bottom: 0.0625rem solid rgb(229, 229, 229);\">\n<td class=\"label_KqJ3Q3GPKv\" data-selenium=\"specsItemGroupTableColumnLabel\" style=\"box-sizing: inherit; border-top: none; padding: 1.25rem 0px; width: 355.923px; color: rgb(102, 102, 102); font-size: 1.125rem; line-height: 1.375rem; vertical-align: baseline;\"><font style=\"box-sizing: inherit; vertical-align: inherit;\">Aumento m\u00e1ximo<\/font><\/td>\n<td class=\"value_KqJ3Q3GPKv\" data-selenium=\"specsItemGroupTableColumnValue\" style=\"box-sizing: inherit; color: rgb(102, 102, 102); font-size: 1.125rem; line-height: 1.375rem; vertical-align: baseline; padding: 1.25rem 0px 1.25rem 2.5rem;\">\n<div class=\"expandableValue_KqJ3Q3GPKv\" style=\"box-sizing: inherit;\">0,24 veces<\/div>\n<\/td>\n<\/tr>\n<tr class=\"pair_KqJ3Q3GPKv\" data-selenium=\"specsItemGroupTableRow\" style=\"box-sizing: inherit; border-bottom: 0.0625rem solid rgb(229, 229, 229);\">\n<td class=\"label_KqJ3Q3GPKv\" data-selenium=\"specsItemGroupTableColumnLabel\" style=\"box-sizing: inherit; border-top: none; padding: 1.25rem 0px; width: 355.923px; color: rgb(102, 102, 102); font-size: 1.125rem; line-height: 1.375rem; vertical-align: baseline;\"><font style=\"box-sizing: inherit; vertical-align: inherit;\">Dise\u00f1o \u00f3ptico<\/font><\/td>\n<td class=\"value_KqJ3Q3GPKv\" data-selenium=\"specsItemGroupTableColumnValue\" style=\"box-sizing: inherit; color: rgb(102, 102, 102); font-size: 1.125rem; line-height: 1.375rem; vertical-align: baseline; padding: 1.25rem 0px 1.25rem 2.5rem;\">\n<div class=\"expandableValue_KqJ3Q3GPKv\" style=\"box-sizing: inherit;\">15 elementos en 12 grupos<\/div>\n<\/td>\n<\/tr>\n<tr class=\"pair_KqJ3Q3GPKv\" data-selenium=\"specsItemGroupTableRow\" style=\"box-sizing: inherit; border-bottom: 0.0625rem solid rgb(229, 229, 229);\">\n<td class=\"label_KqJ3Q3GPKv\" data-selenium=\"specsItemGroupTableColumnLabel\" style=\"box-sizing: inherit; border-top: none; padding: 1.25rem 0px; width: 355.923px; color: rgb(102, 102, 102); font-size: 1.125rem; line-height: 1.375rem; vertical-align: baseline;\"><font style=\"box-sizing: inherit; vertical-align: inherit;\">Hojas de diafragma<\/font><\/td>\n<td class=\"value_KqJ3Q3GPKv\" data-selenium=\"specsItemGroupTableColumnValue\" style=\"box-sizing: inherit; color: rgb(102, 102, 102); font-size: 1.125rem; line-height: 1.375rem; vertical-align: baseline; padding: 1.25rem 0px 1.25rem 2.5rem;\">\n<div class=\"expandableValue_KqJ3Q3GPKv\" style=\"box-sizing: inherit;\">9, redondeado<\/div>\n<\/td>\n<\/tr>\n<tr class=\"pair_KqJ3Q3GPKv\" data-selenium=\"specsItemGroupTableRow\" style=\"box-sizing: inherit; border-bottom: 0.0625rem solid rgb(229, 229, 229);\">\n<td class=\"label_KqJ3Q3GPKv\" data-selenium=\"specsItemGroupTableColumnLabel\" style=\"box-sizing: inherit; border-top: none; padding: 1.25rem 0px; width: 355.923px; color: rgb(102, 102, 102); font-size: 1.125rem; line-height: 1.375rem; vertical-align: baseline;\"><font style=\"box-sizing: inherit; vertical-align: inherit;\">Tipo de enfoque<\/font><\/td>\n<td class=\"value_KqJ3Q3GPKv\" data-selenium=\"specsItemGroupTableColumnValue\" style=\"box-sizing: inherit; color: rgb(102, 102, 102); font-size: 1.125rem; line-height: 1.375rem; vertical-align: baseline; padding: 1.25rem 0px 1.25rem 2.5rem;\">\n<div class=\"expandableValue_KqJ3Q3GPKv\" style=\"box-sizing: inherit;\">Enfoque autom\u00e1tico<\/div>\n<\/td>\n<\/tr>\n<tr class=\"pair_KqJ3Q3GPKv\" data-selenium=\"specsItemGroupTableRow\" style=\"box-sizing: inherit; border-bottom: 0.0625rem solid rgb(229, 229, 229);\">\n<td class=\"label_KqJ3Q3GPKv\" data-selenium=\"specsItemGroupTableColumnLabel\" style=\"box-sizing: inherit; border-top: none; padding: 1.25rem 0px; width: 355.923px; color: rgb(102, 102, 102); font-size: 1.125rem; line-height: 1.375rem; vertical-align: baseline;\"><font style=\"box-sizing: inherit; vertical-align: inherit;\">Estabilizaci\u00f3n de imagen<\/font><\/td>\n<td class=\"value_KqJ3Q3GPKv\" data-selenium=\"specsItemGroupTableColumnValue\" style=\"box-sizing: inherit; color: rgb(102, 102, 102); font-size: 1.125rem; line-height: 1.375rem; vertical-align: baseline; padding: 1.25rem 0px 1.25rem 2.5rem;\">\n<div class=\"expandableValue_KqJ3Q3GPKv\" style=\"box-sizing: inherit;\">S\u00ed<\/div>\n<\/td>\n<\/tr>\n<tr class=\"pair_KqJ3Q3GPKv\" data-selenium=\"specsItemGroupTableRow\" style=\"box-sizing: inherit; border-bottom: 0.0625rem solid rgb(229, 229, 229);\">\n<td class=\"label_KqJ3Q3GPKv\" data-selenium=\"specsItemGroupTableColumnLabel\" style=\"box-sizing: inherit; border-top: none; padding: 1.25rem 0px; width: 355.923px; color: rgb(102, 102, 102); font-size: 1.125rem; line-height: 1.375rem; vertical-align: baseline;\"><font style=\"box-sizing: inherit; vertical-align: inherit;\">Tama\u00f1o del filtro<\/font><\/td>\n<td class=\"value_KqJ3Q3GPKv\" data-selenium=\"specsItemGroupTableColumnValue\" style=\"box-sizing: inherit; color: rgb(102, 102, 102); font-size: 1.125rem; line-height: 1.375rem; vertical-align: baseline; padding: 1.25rem 0px 1.25rem 2.5rem;\">\n<div class=\"expandableValue_KqJ3Q3GPKv\" style=\"box-sizing: inherit;\">67 mm (Frontal)<\/div>\n<\/td>\n<\/tr>\n<tr class=\"pair_KqJ3Q3GPKv\" data-selenium=\"specsItemGroupTableRow\" style=\"box-sizing: inherit; border-bottom: 0.0625rem solid rgb(229, 229, 229);\">\n<td class=\"label_KqJ3Q3GPKv\" data-selenium=\"specsItemGroupTableColumnLabel\" style=\"box-sizing: inherit; border-top: none; padding: 1.25rem 0px; width: 355.923px; color: rgb(102, 102, 102); font-size: 1.125rem; line-height: 1.375rem; vertical-align: baseline;\"><font style=\"box-sizing: inherit; vertical-align: inherit;\">Dimensiones (\u00f8 x L)<\/font><\/td>\n<td class=\"value_KqJ3Q3GPKv\" data-selenium=\"specsItemGroupTableColumnValue\" style=\"box-sizing: inherit; color: rgb(102, 102, 102); font-size: 1.125rem; line-height: 1.375rem; vertical-align: baseline; padding: 1.25rem 0px 1.25rem 2.5rem;\">\n<div class=\"expandableValue_KqJ3Q3GPKv\" style=\"box-sizing: inherit;\">3 x 3,6&#8243; \/ 76,5 x 92,2 mm<\/div>\n<\/td>\n<\/tr>\n<tr class=\"pair_KqJ3Q3GPKv\" data-selenium=\"specsItemGroupTableRow\" style=\"box-sizing: inherit; border-bottom: 0.0625rem solid rgb(229, 229, 229);\">\n<td class=\"label_KqJ3Q3GPKv\" data-selenium=\"specsItemGroupTableColumnLabel\" style=\"box-sizing: inherit; border-top: none; padding: 1.25rem 0px; width: 355.923px; color: rgb(102, 102, 102); font-size: 1.125rem; line-height: 1.375rem; vertical-align: baseline;\"><font style=\"box-sizing: inherit; vertical-align: inherit;\">Longitud en extensi\u00f3n m\u00e1xima<\/font><\/td>\n<td class=\"value_KqJ3Q3GPKv\" data-selenium=\"specsItemGroupTableColumnValue\" style=\"box-sizing: inherit; color: rgb(102, 102, 102); font-size: 1.125rem; line-height: 1.375rem; vertical-align: baseline; padding: 1.25rem 0px 1.25rem 2.5rem;\">\n<div class=\"expandableValue_KqJ3Q3GPKv\" style=\"box-sizing: inherit;\">5,5&#8243; \/ 138,9 mm<\/div>\n<\/td>\n<\/tr>\n<tr class=\"pair_KqJ3Q3GPKv\" data-selenium=\"specsItemGroupTableRow\" style=\"box-sizing: inherit; border-bottom: 0.0625rem solid rgb(229, 229, 229);\">\n<td class=\"label_KqJ3Q3GPKv\" data-selenium=\"specsItemGroupTableColumnLabel\" style=\"box-sizing: inherit; border-top: none; padding: 1.25rem 0px; width: 355.923px; color: rgb(102, 102, 102); font-size: 1.125rem; line-height: 1.375rem; vertical-align: baseline;\"><font style=\"box-sizing: inherit; vertical-align: inherit;\">Peso<\/font><\/td>\n<td class=\"value_KqJ3Q3GPKv\" data-selenium=\"specsItemGroupTableColumnValue\" style=\"box-sizing: inherit; color: rgb(102, 102, 102); font-size: 1.125rem; line-height: 1.375rem; vertical-align: baseline; padding: 1.25rem 0px 1.25rem 2.5rem;\">\n<div class=\"expandableValue_KqJ3Q3GPKv\" style=\"box-sizing: inherit;\">1,1 libras \/ 495 g<\/div>\n<\/td>\n<\/tr>\n<\/tbody>\n<\/table>\n","protected":false},"excerpt":{"rendered":"<p>CANON RF 28-70mm f\/2.8 IS STM Funciones: Fotograma completo Apertura: f\/2.8 a f\/22 Zoom est\u00e1ndar compacto y r\u00e1pido Enfoque autom\u00e1tico<\/p>\n","protected":false},"featured_media":48452,"comment_status":"closed","ping_status":"closed","template":"","meta":{"_acf_changed":false},"product_brand":[2538],"product_cat":[1062],"product_tag":[],"class_list":{"0":"post-71506","1":"product","2":"type-product","3":"status-publish","4":"has-post-thumbnail","6":"product_brand-canon-es","7":"product_cat-mirrorless-objectivos","8":"pa_abertura-maxima-f-2-8-es","9":"pa_cor-negro","10":"pa_diametro-67mm-es","11":"pa_estabilizacao-de-imagem-si","12":"pa_montagem-da-objetiva-canon-rf-es","13":"pa_sensor-fotograma-completo","14":"pa_tipo-de-foco-enfoque-automatico","15":"pa_tipo-de-objetiva-estandar","16":"pa_zoom-fixa-zoom-externo-es","18":"first","19":"instock","20":"sale","21":"taxable","22":"shipping-taxable","23":"purchasable","24":"product-type-simple"},"bundled_by":["90971","90980","91280"],"bundle_stock_status":"instock","bundle_stock_quantity":1,"bundle_virtual":false,"bundle_layout":"","bundle_add_to_cart_form_location":"","bundle_editable_in_cart":false,"bundle_sold_individually_context":"","bundle_item_grouping":"","bundle_min_size":"","bundle_max_size":"","bundle_price":[],"bundled_items":[],"bundle_sell_ids":[],"acf":[],"_links":{"self":[{"href":"https:\/\/hi-techwonder.com\/es\/wp-json\/wp\/v2\/product\/71506","targetHints":{"allow":["GET"]}}],"collection":[{"href":"https:\/\/hi-techwonder.com\/es\/wp-json\/wp\/v2\/product"}],"about":[{"href":"https:\/\/hi-techwonder.com\/es\/wp-json\/wp\/v2\/types\/product"}],"replies":[{"embeddable":true,"href":"https:\/\/hi-techwonder.com\/es\/wp-json\/wp\/v2\/comments?post=71506"}],"wp:featuredmedia":[{"embeddable":true,"href":"https:\/\/hi-techwonder.com\/es\/wp-json\/wp\/v2\/media\/48452"}],"wp:attachment":[{"href":"https:\/\/hi-techwonder.com\/es\/wp-json\/wp\/v2\/media?parent=71506"}],"wp:term":[{"taxonomy":"product_brand","embeddable":true,"href":"https:\/\/hi-techwonder.com\/es\/wp-json\/wp\/v2\/product_brand?post=71506"},{"taxonomy":"product_cat","embeddable":true,"href":"https:\/\/hi-techwonder.com\/es\/wp-json\/wp\/v2\/product_cat?post=71506"},{"taxonomy":"product_tag","embeddable":true,"href":"https:\/\/hi-techwonder.com\/es\/wp-json\/wp\/v2\/product_tag?post=71506"}],"curies":[{"name":"wp","href":"https:\/\/api.w.org\/{rel}","templated":true}]}}