{"id":71509,"date":"2025-07-29T09:23:13","date_gmt":"2025-07-29T09:23:13","guid":{"rendered":"https:\/\/fv6qoy3ls0.wpdns.site\/produto\/canon-rf-15-30mm-f4-5-6-3-is-stm\/"},"modified":"2026-04-21T11:04:11","modified_gmt":"2026-04-21T10:04:11","slug":"canon-rf-15-30mm-f4-5-6-3-is-stm","status":"publish","type":"product","link":"https:\/\/hi-techwonder.com\/es\/producto\/canon-rf-15-30mm-f4-5-6-3-is-stm\/","title":{"rendered":"CANON RF 15-30mm F4.5-6.3 IS STM"},"content":{"rendered":"<p><strong>CANON RF 15-30mm f\/4.5-6.3 IS STM<\/strong><\/p>\n<p><strong>Caracter\u00edsticas principales:<\/strong><\/p>\n<ul>\n<li>Lente con montura RF\/formato de fotograma completo<\/li>\n<li>Rango de apertura: f\/4.5 a f\/32<\/li>\n<li>UD y elementos asf\u00e9ricos<\/li>\n<li>Recubrimiento Super Spectra<\/li>\n<li>Motor AF paso a paso STM<\/li>\n<li>Aumento 1:2 y enfoque m\u00ednimo de 5,1&#8243;<\/li>\n<li>Estabilizador \u00f3ptico de imagen<\/li>\n<li>Anillo de control personalizable<\/li>\n<li>Diafragma de 7 hojas<\/li>\n<\/ul>\n<p><strong>Contenido del paquete:<\/strong><\/p>\n<ul>\n<li>Objetivo Canon RF 15-30mm f\/4.5-6.3 IS STM<\/li>\n<li>Tapa de lente Canon E-67 II 67mm<\/li>\n<li>Tapa antipolvo de lente Canon RF<\/li>\n<\/ul>\n<p><iframe loading=\"lazy\" style=\"min-height: 500px; width: 100%; height: auto;\" src=\"https:\/\/www.youtube.com\/embed\/EbycJpMu6YU\" width=\"560\" height=\"314\" allowfullscreen=\"allowfullscreen\"><\/iframe><\/p>\n<p><strong>Descripci\u00f3n:<\/strong><\/p>\n<p><strong>Zoom ultra gran angular, dise\u00f1o ultra vers\u00e1til<\/strong><\/p>\n<p>Compacto con versatilidad de gran angular, el RF 15-30mm f\/4.5-6.3 IS STM de Canon combina un dise\u00f1o port\u00e1til con un rango de distancia focal flexible, ideal para paisajes, arquitectura y sujetos de la calle. Complementando el rango ultra gran angular a amplio tambi\u00e9n hay un estabilizador \u00f3ptico de imagen para reducir el movimiento de la c\u00e1mara y un motor AF paso a paso adecuado para usos de fotograf\u00eda y video.<\/p>\n<p><strong>Zoom port\u00e1til<\/strong><\/p>\n<ul>\n<li>Cubriendo campos de visi\u00f3n desde ultra gran angular hasta gran angular, este objetivo cubre una gama \u00fatil de distancias focales para una variedad de tipos de sujetos, incluidos paisajes, arquitectura, interiores y aplicaciones callejeras.<\/li>\n<li>La modesta apertura m\u00e1xima variable lo convierte en un dise\u00f1o compacto y liviano que es ideal para tomas de viajes y giras.<\/li>\n<li>Dos elementos de vidrio UD (dispersi\u00f3n ultrabaja) controlan una variedad de aberraciones crom\u00e1ticas para una alta claridad y precisi\u00f3n de color.<\/li>\n<li>Un elemento asf\u00e9rico reduce las aberraciones esf\u00e9ricas y la distorsi\u00f3n para una representaci\u00f3n m\u00e1s n\u00edtida y precisa.<\/li>\n<li>El revestimiento Super Spectra minimiza los destellos y las im\u00e1genes fantasma para agregar contraste cuando se trabaja en condiciones de iluminaci\u00f3n intensas.<\/li>\n<li>El anillo de control configurable se puede utilizar para ajustar una variedad de configuraciones de exposici\u00f3n, incluida la apertura, ISO y compensaci\u00f3n de exposici\u00f3n.<\/li>\n<\/ul>\n<p><strong>Enfoque autom\u00e1tico y estabilizaci\u00f3n de imagen<\/strong><\/p>\n<ul>\n<li>Un estabilizador \u00f3ptico de imagen ayuda a minimizar la apariencia de movimiento de la c\u00e1mara hasta en 5,5 pasos, o 7 pasos con IS coordinado, para permitir un mejor trabajo en condiciones de poca luz y con velocidades de obturaci\u00f3n m\u00e1s lentas.<\/li>\n<li>El motor paso a paso STM ofrece un rendimiento de enfoque autom\u00e1tico r\u00e1pido, silencioso, suave y preciso que es ideal para la grabaci\u00f3n de videos y fotograf\u00edas.<\/li>\n<li>Las capacidades de enfoque en primer plano le permiten trabajar con un aumento m\u00e1ximo de 1:2 y una distancia m\u00ednima de enfoque de 5.1&#8243; para adaptarse a la fotograf\u00eda de sujetos cercanos.<\/li>\n<\/ul>\n<p><strong>Caracter\u00edsticas t\u00e9cnicas:<\/strong><\/p>\n<div class=\"group_fDXOr6EpR9\" style=\"box-sizing: inherit; margin-bottom: 2.1875rem; font-family: OpenSans, 'Segoe UI', Helvetica, Roboto, Arial, sans-serif; font-size: 16px; background-color: #ffffff;\">aperturam\u00ednimamacro\u00f3ptico<\/p>\n<table class=\"table_fDXOr6EpR9\" style=\"box-sizing: inherit; width: 981.75px;\" data-selenium=\"specsItemGroupTable\">\n<tbody style=\"box-sizing: inherit;\">\n<tr class=\"pair_fDXOr6EpR9\" style=\"box-sizing: inherit; border-bottom: 0.0625rem solid #e7e7e7;\" data-selenium=\"specsItemGroupTableRow\">\n<td class=\"label_fDXOr6EpR9 firstSpecWhenNoGroupName_fDXOr6EpR9\" style=\"box-sizing: inherit; border-top: none; padding: 0px 0px 1.25rem; width: 373.062px; color: #666666; font-size: 1.125rem; line-height: 1.375rem; vertical-align: baseline;\" data-selenium=\"specsItemGroupTableColumnLabel\">Distancia focal<\/td>\n<td class=\"value_fDXOr6EpR9 firstSpecWhenNoGroupName_fDXOr6EpR9\" style=\"box-sizing: inherit; color: #666666; font-size: 1.125rem; line-height: 1.375rem; vertical-align: baseline; padding: 0px 0px 1.25rem 2.5rem;\" data-selenium=\"specsItemGroupTableColumnValue\">De 15 a 30 mm<\/td>\n<\/tr>\n<tr class=\"pair_fDXOr6EpR9\" style=\"box-sizing: inherit; border-bottom: 0.0625rem solid #e7e7e7;\" data-selenium=\"specsItemGroupTableRow\">\n<td class=\"label_fDXOr6EpR9\" style=\"box-sizing: inherit; border-top: none; padding: 1.25rem 0px; width: 373.062px; color: #666666; font-size: 1.125rem; line-height: 1.375rem; vertical-align: baseline;\" data-selenium=\"specsItemGroupTableColumnLabel\">M\u00e1xima<\/td>\n<td class=\"value_fDXOr6EpR9\" style=\"box-sizing: inherit; color: #666666; font-size: 1.125rem; line-height: 1.375rem; vertical-align: baseline; padding: 1.25rem 0px 1.25rem 2.5rem;\" data-selenium=\"specsItemGroupTableColumnValue\">f\/4.5 a 6.3<\/td>\n<\/tr>\n<tr class=\"pair_fDXOr6EpR9\" style=\"box-sizing: inherit; border-bottom: 0.0625rem solid #e7e7e7;\" data-selenium=\"specsItemGroupTableRow\">\n<td class=\"label_fDXOr6EpR9\" style=\"box-sizing: inherit; border-top: none; padding: 1.25rem 0px; width: 373.062px; color: #666666; font-size: 1.125rem; line-height: 1.375rem; vertical-align: baseline;\" data-selenium=\"specsItemGroupTableColumnLabel\">Apertura<\/td>\n<td class=\"value_fDXOr6EpR9\" style=\"box-sizing: inherit; color: #666666; font-size: 1.125rem; line-height: 1.375rem; vertical-align: baseline; padding: 1.25rem 0px 1.25rem 2.5rem;\" data-selenium=\"specsItemGroupTableColumnValue\">f\/22 a 32<\/td>\n<\/tr>\n<tr class=\"pair_fDXOr6EpR9\" style=\"box-sizing: inherit; border-bottom: 0.0625rem solid #e7e7e7;\" data-selenium=\"specsItemGroupTableRow\">\n<td class=\"label_fDXOr6EpR9\" style=\"box-sizing: inherit; border-top: none; padding: 1.25rem 0px; width: 373.062px; color: #666666; font-size: 1.125rem; line-height: 1.375rem; vertical-align: baseline;\" data-selenium=\"specsItemGroupTableColumnLabel\">Montura de lente<\/td>\n<td class=\"value_fDXOr6EpR9\" style=\"box-sizing: inherit; color: #666666; font-size: 1.125rem; line-height: 1.375rem; vertical-align: baseline; padding: 1.25rem 0px 1.25rem 2.5rem;\" data-selenium=\"specsItemGroupTableColumnValue\">Canon RF<\/td>\n<\/tr>\n<tr class=\"pair_fDXOr6EpR9\" style=\"box-sizing: inherit; border-bottom: 0.0625rem solid #e7e7e7;\" data-selenium=\"specsItemGroupTableRow\">\n<td class=\"label_fDXOr6EpR9\" style=\"box-sizing: inherit; border-top: none; padding: 1.25rem 0px; width: 373.062px; color: #666666; font-size: 1.125rem; line-height: 1.375rem; vertical-align: baseline;\" data-selenium=\"specsItemGroupTableColumnLabel\">Cobertura de la forma de la lente<\/td>\n<td class=\"value_fDXOr6EpR9\" style=\"box-sizing: inherit; color: #666666; font-size: 1.125rem; line-height: 1.375rem; vertical-align: baseline; padding: 1.25rem 0px 1.25rem 2.5rem;\" data-selenium=\"specsItemGroupTableColumnValue\">Fotograma completo<\/td>\n<\/tr>\n<tr class=\"pair_fDXOr6EpR9\" style=\"box-sizing: inherit; border-bottom: 0.0625rem solid #e7e7e7;\" data-selenium=\"specsItemGroupTableRow\">\n<td class=\"label_fDXOr6EpR9\" style=\"box-sizing: inherit; border-top: none; padding: 1.25rem 0px; width: 373.062px; color: #666666; font-size: 1.125rem; line-height: 1.375rem; vertical-align: baseline;\" data-selenium=\"specsItemGroupTableColumnLabel\">\u00c1ngulo de visi\u00f3n<\/td>\n<td class=\"value_fDXOr6EpR9\" style=\"box-sizing: inherit; color: #666666; font-size: 1.125rem; line-height: 1.375rem; vertical-align: baseline; padding: 1.25rem 0px 1.25rem 2.5rem;\" data-selenium=\"specsItemGroupTableColumnValue\">110\u00b0 30&#8242; hasta 71\u00b0 35&#8242;<\/td>\n<\/tr>\n<tr class=\"pair_fDXOr6EpR9\" style=\"box-sizing: inherit; border-bottom: 0.0625rem solid #e7e7e7;\" data-selenium=\"specsItemGroupTableRow\">\n<td class=\"label_fDXOr6EpR9\" style=\"box-sizing: inherit; border-top: none; padding: 1.25rem 0px; width: 373.062px; color: #666666; font-size: 1.125rem; line-height: 1.375rem; vertical-align: baseline;\" data-selenium=\"specsItemGroupTableColumnLabel\">Distancia m\u00ednima de enfoque<\/td>\n<td class=\"value_fDXOr6EpR9\" style=\"box-sizing: inherit; color: #666666; font-size: 1.125rem; line-height: 1.375rem; vertical-align: baseline; padding: 1.25rem 0px 1.25rem 2.5rem;\" data-selenium=\"specsItemGroupTableColumnValue\">5,1&#8243; \/ 13 cm<\/td>\n<\/tr>\n<tr class=\"pair_fDXOr6EpR9\" style=\"box-sizing: inherit; border-bottom: 0.0625rem solid #e7e7e7;\" data-selenium=\"specsItemGroupTableRow\">\n<td class=\"label_fDXOr6EpR9\" style=\"box-sizing: inherit; border-top: none; padding: 1.25rem 0px; width: 373.062px; color: #666666; font-size: 1.125rem; line-height: 1.375rem; vertical-align: baseline;\" data-selenium=\"specsItemGroupTableColumnLabel\">Aumento m\u00e1ximo<\/td>\n<td class=\"value_fDXOr6EpR9\" style=\"box-sizing: inherit; color: #666666; font-size: 1.125rem; line-height: 1.375rem; vertical-align: baseline; padding: 1.25rem 0px 1.25rem 2.5rem;\" data-selenium=\"specsItemGroupTableColumnValue\">0,52 veces<\/td>\n<\/tr>\n<tr class=\"pair_fDXOr6EpR9\" style=\"box-sizing: inherit; border-bottom: 0.0625rem solid #e7e7e7;\" data-selenium=\"specsItemGroupTableRow\">\n<td class=\"label_fDXOr6EpR9\" style=\"box-sizing: inherit; border-top: none; padding: 1.25rem 0px; width: 373.062px; color: #666666; font-size: 1.125rem; line-height: 1.375rem; vertical-align: baseline;\" data-selenium=\"specsItemGroupTableColumnLabel\">Tasa de reproducci\u00f3n<\/td>\n<td class=\"value_fDXOr6EpR9\" style=\"box-sizing: inherit; color: #666666; font-size: 1.125rem; line-height: 1.375rem; vertical-align: baseline; padding: 1.25rem 0px 1.25rem 2.5rem;\" data-selenium=\"specsItemGroupTableColumnValue\">1:2<\/td>\n<\/tr>\n<tr class=\"pair_fDXOr6EpR9\" style=\"box-sizing: inherit; border-bottom: 0.0625rem solid #e7e7e7;\" data-selenium=\"specsItemGroupTableRow\">\n<td class=\"label_fDXOr6EpR9\" style=\"box-sizing: inherit; border-top: none; padding: 1.25rem 0px; width: 373.062px; color: #666666; font-size: 1.125rem; line-height: 1.375rem; vertical-align: baseline;\" data-selenium=\"specsItemGroupTableColumnLabel\">Dise\u00f1o<\/td>\n<td class=\"value_fDXOr6EpR9\" style=\"box-sizing: inherit; color: #666666; font-size: 1.125rem; line-height: 1.375rem; vertical-align: baseline; padding: 1.25rem 0px 1.25rem 2.5rem;\" data-selenium=\"specsItemGroupTableColumnValue\">13 elementos en 11 grupos<\/td>\n<\/tr>\n<tr class=\"pair_fDXOr6EpR9\" style=\"box-sizing: inherit; border-bottom: 0.0625rem solid #e7e7e7;\" data-selenium=\"specsItemGroupTableRow\">\n<td class=\"label_fDXOr6EpR9\" style=\"box-sizing: inherit; border-top: none; padding: 1.25rem 0px; width: 373.062px; color: #666666; font-size: 1.125rem; line-height: 1.375rem; vertical-align: baseline;\" data-selenium=\"specsItemGroupTableColumnLabel\">Hojas de diafragma<\/td>\n<td class=\"value_fDXOr6EpR9\" style=\"box-sizing: inherit; color: #666666; font-size: 1.125rem; line-height: 1.375rem; vertical-align: baseline; padding: 1.25rem 0px 1.25rem 2.5rem;\" data-selenium=\"specsItemGroupTableColumnValue\">7<\/td>\n<\/tr>\n<tr class=\"pair_fDXOr6EpR9\" style=\"box-sizing: inherit; border-bottom: 0.0625rem solid #e7e7e7;\" data-selenium=\"specsItemGroupTableRow\">\n<td class=\"label_fDXOr6EpR9\" style=\"box-sizing: inherit; border-top: none; padding: 1.25rem 0px; width: 373.062px; color: #666666; font-size: 1.125rem; line-height: 1.375rem; vertical-align: baseline;\" data-selenium=\"specsItemGroupTableColumnLabel\">Tipo de enfoque<\/td>\n<td class=\"value_fDXOr6EpR9\" style=\"box-sizing: inherit; color: #666666; font-size: 1.125rem; line-height: 1.375rem; vertical-align: baseline; padding: 1.25rem 0px 1.25rem 2.5rem;\" data-selenium=\"specsItemGroupTableColumnValue\">Autom\u00e1tico<\/td>\n<\/tr>\n<tr class=\"pair_fDXOr6EpR9\" style=\"box-sizing: inherit; border-bottom: 0.0625rem solid #e7e7e7;\" data-selenium=\"specsItemGroupTableRow\">\n<td class=\"label_fDXOr6EpR9\" style=\"box-sizing: inherit; border-top: none; padding: 1.25rem 0px; width: 373.062px; color: #666666; font-size: 1.125rem; line-height: 1.375rem; vertical-align: baseline;\" data-selenium=\"specsItemGroupTableColumnLabel\">Estabilizaci\u00f3n de imagen<\/td>\n<td class=\"value_fDXOr6EpR9\" style=\"box-sizing: inherit; color: #666666; font-size: 1.125rem; line-height: 1.375rem; vertical-align: baseline; padding: 1.25rem 0px 1.25rem 2.5rem;\" data-selenium=\"specsItemGroupTableColumnValue\">S\u00ed<\/td>\n<\/tr>\n<tr class=\"pair_fDXOr6EpR9\" style=\"box-sizing: inherit; border-bottom: 0.0625rem solid #e7e7e7;\" data-selenium=\"specsItemGroupTableRow\">\n<td class=\"label_fDXOr6EpR9\" style=\"box-sizing: inherit; border-top: none; padding: 1.25rem 0px; width: 373.062px; color: #666666; font-size: 1.125rem; line-height: 1.375rem; vertical-align: baseline;\" data-selenium=\"specsItemGroupTableColumnLabel\">Tama\u00f1o del filtro<\/td>\n<td class=\"value_fDXOr6EpR9\" style=\"box-sizing: inherit; color: #666666; font-size: 1.125rem; line-height: 1.375rem; vertical-align: baseline; padding: 1.25rem 0px 1.25rem 2.5rem;\" data-selenium=\"specsItemGroupTableColumnValue\">67 mm (Frontal)<\/td>\n<\/tr>\n<tr class=\"pair_fDXOr6EpR9\" style=\"box-sizing: inherit; border-bottom: 0.0625rem solid #e7e7e7;\" data-selenium=\"specsItemGroupTableRow\">\n<td class=\"label_fDXOr6EpR9\" style=\"box-sizing: inherit; border-top: none; padding: 1.25rem 0px; width: 373.062px; color: #666666; font-size: 1.125rem; line-height: 1.375rem; vertical-align: baseline;\" data-selenium=\"specsItemGroupTableColumnLabel\">Dimensiones (\u00f8 x L)<\/td>\n<td class=\"value_fDXOr6EpR9\" style=\"box-sizing: inherit; color: #666666; font-size: 1.125rem; line-height: 1.375rem; vertical-align: baseline; padding: 1.25rem 0px 1.25rem 2.5rem;\" data-selenium=\"specsItemGroupTableColumnValue\">3 x 3,5&#8243; \/ 76,6 x 88,4 mm<\/td>\n<\/tr>\n<tr class=\"pair_fDXOr6EpR9\" style=\"box-sizing: inherit; border-bottom: 0.0625rem solid #e7e7e7;\" data-selenium=\"specsItemGroupTableRow\">\n<td class=\"label_fDXOr6EpR9\" style=\"box-sizing: inherit; border-top: none; padding: 1.25rem 0px; width: 373.062px; color: #666666; font-size: 1.125rem; line-height: 1.375rem; vertical-align: baseline;\" data-selenium=\"specsItemGroupTableColumnLabel\">Peso<\/td>\n<td class=\"value_fDXOr6EpR9\" style=\"box-sizing: inherit; color: #666666; font-size: 1.125rem; line-height: 1.375rem; vertical-align: baseline; padding: 1.25rem 0px 1.25rem 2.5rem;\" data-selenium=\"specsItemGroupTableColumnValue\">13.8 oz \/ 390 g<\/td>\n<\/tr>\n<\/tbody>\n<\/table>\n<\/div>\n","protected":false},"excerpt":{"rendered":"<p>CANON RF 15-30mm f\/4.5-6.3 IS STM Caracter\u00edsticas principales: Lente con montura RF\/formato de fotograma completo Rango de apertura: f\/4.5 a<\/p>\n","protected":false},"featured_media":48265,"comment_status":"closed","ping_status":"closed","template":"","meta":{"_acf_changed":false},"product_brand":[2538],"product_cat":[1062],"product_tag":[],"class_list":{"0":"post-71509","1":"product","2":"type-product","3":"status-publish","4":"has-post-thumbnail","6":"product_brand-canon-es","7":"product_cat-mirrorless-objectivos","8":"pa_abertura-maxima-f-4-6-3-es","9":"pa_cor-negro","10":"pa_diametro-67mm-es","11":"pa_estabilizacao-de-imagem-si","12":"pa_montagem-da-objetiva-canon-rf-es","13":"pa_sensor-fotograma-completo","14":"pa_tipo-de-foco-enfoque-automatico","15":"pa_tipo-de-objetiva-gran-angular","16":"pa_zoom-fixa-zoom-externo-es","18":"first","19":"instock","20":"sale","21":"taxable","22":"shipping-taxable","23":"purchasable","24":"product-type-simple"},"bundled_by":[],"bundle_stock_status":"instock","bundle_stock_quantity":1,"bundle_virtual":false,"bundle_layout":"","bundle_add_to_cart_form_location":"","bundle_editable_in_cart":false,"bundle_sold_individually_context":"","bundle_item_grouping":"","bundle_min_size":"","bundle_max_size":"","bundle_price":[],"bundled_items":[],"bundle_sell_ids":[],"acf":[],"_links":{"self":[{"href":"https:\/\/hi-techwonder.com\/es\/wp-json\/wp\/v2\/product\/71509","targetHints":{"allow":["GET"]}}],"collection":[{"href":"https:\/\/hi-techwonder.com\/es\/wp-json\/wp\/v2\/product"}],"about":[{"href":"https:\/\/hi-techwonder.com\/es\/wp-json\/wp\/v2\/types\/product"}],"replies":[{"embeddable":true,"href":"https:\/\/hi-techwonder.com\/es\/wp-json\/wp\/v2\/comments?post=71509"}],"wp:featuredmedia":[{"embeddable":true,"href":"https:\/\/hi-techwonder.com\/es\/wp-json\/wp\/v2\/media\/48265"}],"wp:attachment":[{"href":"https:\/\/hi-techwonder.com\/es\/wp-json\/wp\/v2\/media?parent=71509"}],"wp:term":[{"taxonomy":"product_brand","embeddable":true,"href":"https:\/\/hi-techwonder.com\/es\/wp-json\/wp\/v2\/product_brand?post=71509"},{"taxonomy":"product_cat","embeddable":true,"href":"https:\/\/hi-techwonder.com\/es\/wp-json\/wp\/v2\/product_cat?post=71509"},{"taxonomy":"product_tag","embeddable":true,"href":"https:\/\/hi-techwonder.com\/es\/wp-json\/wp\/v2\/product_tag?post=71509"}],"curies":[{"name":"wp","href":"https:\/\/api.w.org\/{rel}","templated":true}]}}