{"id":71511,"date":"2025-07-29T09:23:03","date_gmt":"2025-07-29T09:23:03","guid":{"rendered":"https:\/\/fv6qoy3ls0.wpdns.site\/produto\/canon-rf-14-35mm-f-4l-is-usm\/"},"modified":"2026-04-15T17:15:30","modified_gmt":"2026-04-15T16:15:30","slug":"canon-rf-14-35mm-f-4l-is-usm","status":"publish","type":"product","link":"https:\/\/hi-techwonder.com\/es\/producto\/canon-rf-14-35mm-f-4l-is-usm\/","title":{"rendered":"CANON RF 14-35mm f\/4L IS USM"},"content":{"rendered":"<p>Ultra-gran angular y estabilizado, el Canon RF 14-35mm f\/4L IS USM es un zoom vers\u00e1til \u00fanico caracterizado por su amplio rango de zoom, apertura m\u00e1xima constante de f\/4 y dise\u00f1o \u00f3ptico avanzado. Ganando un poco en el extremo ancho, este zoom ofrece un campo de visi\u00f3n m\u00e1s amplio para adaptarse a aplicaciones de paisaje, naturaleza y arquitectura, y su modesta apertura m\u00e1xima tambi\u00e9n lo convierte en un dise\u00f1o elegante y altamente port\u00e1til para la fotograf\u00eda sobre la marcha.<\/p>\n<p>En t\u00e9rminos de \u00f3ptica, la lente se adapta bien a su designaci\u00f3n de la serie L y cuenta con tres elementos asf\u00e9ricos y tres elementos UD que producen una imagen altamente corregida con alta nitidez y reproducci\u00f3n crom\u00e1tica precisa. Tambi\u00e9n se han aplicado un tr\u00edo de recubrimientos \u00fanicos para suprimir los destellos y las im\u00e1genes fantasma en todo el zoom. La designaci\u00f3n de la serie L tambi\u00e9n es indicativa de un dise\u00f1o f\u00edsico robusto, y este 14-35 mm est\u00e1 sellado contra los elementos y cuenta con un revestimiento de fl\u00faor en los elementos expuestos para una mayor protecci\u00f3n contra las duras condiciones clim\u00e1ticas.<\/p>\n<p>\u00danico entre los ultra gran angular, este objetivo tambi\u00e9n se distingue por su estabilizador \u00f3ptico de imagen (OIS), que compensa hasta 5,5 paradas de movimiento de la c\u00e1mara o hasta 7 paradas cuando se combina con c\u00e1maras habilitadas para IBIS. Adem\u00e1s, tambi\u00e9n contiene un motor Nano USM apto que produce un rendimiento de enfoque autom\u00e1tico r\u00e1pido y silencioso y es capaz de alcanzar una distancia m\u00ednima de enfoque de solo 20 cm en todo el rango de zoom para tomas creativas de gran angular.<\/p>\n<h2 class=\"western\" style=\"font-style: normal; font-weight: normal;\"><strong><span style=\"font-family: OpenSans, Segoe UI, Helvetica, Roboto, Arial, sans-serif;\"><span style=\"font-size: medium;\">Canon RF 14-35mm F\/4L IS USM Ficha Tecnica<\/span><\/span><\/strong><\/h2>\n<table border=\"0\" width=\"347\" cellspacing=\"0\" cellpadding=\"2\">\n<colgroup>\n<col width=\"168\" \/>\n<col width=\"171\" \/> <\/colgroup>\n<tbody>\n<tr>\n<td width=\"168\">\n<p style=\"border: none; padding: 0cm; font-weight: normal;\" align=\"LEFT\">Distancia focal<\/p>\n<\/td>\n<td width=\"171\">\n<p style=\"border: none; padding: 0cm; font-weight: normal;\">De 14 a 35 mm<\/p>\n<\/td>\n<\/tr>\n<tr>\n<td width=\"168\">\n<p style=\"border: none; padding: 0cm; font-weight: normal;\" align=\"LEFT\">Apertura m\u00e1xima<\/p>\n<\/td>\n<td width=\"171\">\n<p style=\"border: none; padding: 0cm; font-weight: normal;\">f\/4<\/p>\n<\/td>\n<\/tr>\n<tr>\n<td width=\"168\">\n<p style=\"border: none; padding: 0cm; font-weight: normal;\" align=\"LEFT\">Apertura m\u00ednima<\/p>\n<\/td>\n<td width=\"171\">\n<p style=\"border: none; padding: 0cm; font-weight: normal;\">f\/22<\/p>\n<\/td>\n<\/tr>\n<tr>\n<td width=\"168\">\n<p style=\"border: none; padding: 0cm; font-weight: normal;\" align=\"LEFT\">Montura de lente<\/p>\n<\/td>\n<td width=\"171\">\n<p style=\"border: none; padding: 0cm; font-weight: normal;\">Canon RF<\/p>\n<\/td>\n<\/tr>\n<tr>\n<td width=\"168\">\n<p style=\"border: none; padding: 0cm; font-weight: normal;\" align=\"LEFT\">Compatibilidad de formatos<\/p>\n<\/td>\n<td width=\"171\">\n<p style=\"border: none; padding: 0cm; font-weight: normal;\">Fotograma completo<\/p>\n<\/td>\n<\/tr>\n<tr>\n<td width=\"168\">\n<p style=\"border: none; padding: 0cm; font-weight: normal;\" align=\"LEFT\">\u00c1ngulo de visi\u00f3n<\/p>\n<\/td>\n<td width=\"171\">\n<p style=\"border: none; padding: 0cm; font-weight: normal;\">De 114\u00b0 a 63\u00b0<\/p>\n<\/td>\n<\/tr>\n<tr>\n<td width=\"168\">\n<p style=\"border: none; padding: 0cm; font-weight: normal;\" align=\"LEFT\">Distancia m\u00ednima de enfoque<\/p>\n<\/td>\n<td width=\"171\">\n<p style=\"border: none; padding: 0cm; font-weight: normal;\">7,9&#8243; \/ 20,1 cm<\/p>\n<\/td>\n<\/tr>\n<tr>\n<td width=\"168\">\n<p style=\"border: none; padding: 0cm; font-weight: normal;\" align=\"LEFT\">Aumento m\u00e1ximo<\/p>\n<\/td>\n<td width=\"171\">\n<p style=\"border: none; padding: 0cm; font-weight: normal;\">0,38 veces<\/p>\n<\/td>\n<\/tr>\n<tr>\n<td width=\"168\">\n<p style=\"border: none; padding: 0cm; font-weight: normal;\" align=\"LEFT\">Dise\u00f1o \u00f3ptico<\/p>\n<\/td>\n<td width=\"171\">\n<p style=\"border: none; padding: 0cm; font-weight: normal;\">16 elementos en 12 grupos<\/p>\n<\/td>\n<\/tr>\n<tr>\n<td width=\"168\">\n<p style=\"border: none; padding: 0cm; font-weight: normal;\" align=\"LEFT\">Hojas de diafragma<\/p>\n<\/td>\n<td width=\"171\">\n<p style=\"border: none; padding: 0cm; font-weight: normal;\">9, redondeado<\/p>\n<\/td>\n<\/tr>\n<tr>\n<td width=\"168\">\n<p style=\"border: none; padding: 0cm; font-weight: normal;\" align=\"LEFT\">Tipo de enfoque<\/p>\n<\/td>\n<td width=\"171\">\n<p style=\"border: none; padding: 0cm; font-weight: normal;\">Enfoque autom\u00e1tico<\/p>\n<\/td>\n<\/tr>\n<tr>\n<td width=\"168\">\n<p style=\"border: none; padding: 0cm; font-weight: normal;\" align=\"LEFT\">Estabilizaci\u00f3n de imagen<\/p>\n<\/td>\n<td width=\"171\">\n<p style=\"border: none; padding: 0cm; font-weight: normal;\">S\u00ed<\/p>\n<\/td>\n<\/tr>\n<tr>\n<td width=\"168\">\n<p style=\"border: none; padding: 0cm; font-weight: normal;\" align=\"LEFT\">Tama\u00f1o del filtro<\/p>\n<\/td>\n<td width=\"171\">\n<p style=\"border: none; padding: 0cm; font-weight: normal;\">77 mm (delantero)<\/p>\n<\/td>\n<\/tr>\n<tr>\n<td width=\"168\">\n<p style=\"border: none; padding: 0cm; font-weight: normal;\" align=\"LEFT\">Dimensiones (\u00f8 x L)<\/p>\n<\/td>\n<td width=\"171\">\n<p style=\"border: none; padding: 0cm; font-weight: normal;\">3,3 x 3,9&#8243; \/ 8,4 x 9,9 cm<\/p>\n<\/td>\n<\/tr>\n<tr>\n<td width=\"168\">\n<p style=\"border: none; padding: 0cm; font-weight: normal;\" align=\"LEFT\">Peso<\/p>\n<\/td>\n<td width=\"171\">\n<p style=\"border: none; padding: 0cm; font-weight: normal;\">1,2 libras \/ 544 g<\/p>\n<\/td>\n<\/tr>\n<\/tbody>\n<\/table>\n","protected":false},"excerpt":{"rendered":"<p>Ultra-gran angular y estabilizado, el Canon RF 14-35mm f\/4L IS USM es un zoom vers\u00e1til \u00fanico caracterizado por su amplio<\/p>\n","protected":false},"featured_media":48185,"comment_status":"closed","ping_status":"closed","template":"","meta":{"_acf_changed":false},"product_brand":[2538],"product_cat":[1062],"product_tag":[],"class_list":{"0":"post-71511","1":"product","2":"type-product","3":"status-publish","4":"has-post-thumbnail","6":"product_brand-canon-es","7":"product_cat-mirrorless-objectivos","8":"pa_abertura-maxima-f-4-es","9":"pa_cor-negro","10":"pa_diametro-77mm-es","11":"pa_estabilizacao-de-imagem-si","12":"pa_montagem-da-objetiva-canon-rf-es","13":"pa_sensor-fotograma-completo","14":"pa_tipo-de-foco-enfoque-automatico","15":"pa_tipo-de-objetiva-gran-angular","16":"pa_zoom-fixa-zoom-externo-es","18":"first","19":"pre-order","20":"taxable","21":"shipping-taxable","22":"purchasable","23":"product-type-simple"},"bundled_by":[],"bundle_stock_status":"pre-order","bundle_stock_quantity":null,"bundle_virtual":false,"bundle_layout":"","bundle_add_to_cart_form_location":"","bundle_editable_in_cart":false,"bundle_sold_individually_context":"","bundle_item_grouping":"","bundle_min_size":"","bundle_max_size":"","bundle_price":[],"bundled_items":[],"bundle_sell_ids":[],"acf":[],"_links":{"self":[{"href":"https:\/\/hi-techwonder.com\/es\/wp-json\/wp\/v2\/product\/71511","targetHints":{"allow":["GET"]}}],"collection":[{"href":"https:\/\/hi-techwonder.com\/es\/wp-json\/wp\/v2\/product"}],"about":[{"href":"https:\/\/hi-techwonder.com\/es\/wp-json\/wp\/v2\/types\/product"}],"replies":[{"embeddable":true,"href":"https:\/\/hi-techwonder.com\/es\/wp-json\/wp\/v2\/comments?post=71511"}],"wp:featuredmedia":[{"embeddable":true,"href":"https:\/\/hi-techwonder.com\/es\/wp-json\/wp\/v2\/media\/48185"}],"wp:attachment":[{"href":"https:\/\/hi-techwonder.com\/es\/wp-json\/wp\/v2\/media?parent=71511"}],"wp:term":[{"taxonomy":"product_brand","embeddable":true,"href":"https:\/\/hi-techwonder.com\/es\/wp-json\/wp\/v2\/product_brand?post=71511"},{"taxonomy":"product_cat","embeddable":true,"href":"https:\/\/hi-techwonder.com\/es\/wp-json\/wp\/v2\/product_cat?post=71511"},{"taxonomy":"product_tag","embeddable":true,"href":"https:\/\/hi-techwonder.com\/es\/wp-json\/wp\/v2\/product_tag?post=71511"}],"curies":[{"name":"wp","href":"https:\/\/api.w.org\/{rel}","templated":true}]}}