{"id":71515,"date":"2025-07-29T09:23:03","date_gmt":"2025-07-29T09:23:03","guid":{"rendered":"https:\/\/fv6qoy3ls0.wpdns.site\/produto\/canon-rf-100mm-f-2-8l-macro-is-usm\/"},"modified":"2026-04-21T11:04:09","modified_gmt":"2026-04-21T10:04:09","slug":"canon-rf-100mm-f-2-8l-macro-is-usm","status":"publish","type":"product","link":"https:\/\/hi-techwonder.com\/es\/producto\/canon-rf-100mm-f-2-8l-macro-is-usm\/","title":{"rendered":"CANON RF 100mm f\/2.8L Macro IS USM"},"content":{"rendered":"<p>Desarrollado espec\u00edficamente para las c\u00e1maras de fotograma completo de la serie EOS R, el objetivo RF 100mm f\/2.8L Macro IS USM de Canon combina un campo de visi\u00f3n de teleobjetivo medio con un dise\u00f1o elegante y un rendimiento de enfoque cercano. Dise\u00f1ado para im\u00e1genes de primer plano, este objetivo de enfoque autom\u00e1tico es la opci\u00f3n ideal para retratos y fotograf\u00eda macro. Con una distancia focal fija de 100 mm, una apertura m\u00e1xima brillante de f\/2.8, enfoque autom\u00e1tico r\u00e1pido y de alta precisi\u00f3n y un anillo de control de aberraci\u00f3n esf\u00e9rica, este lente eleva el aspecto de los retratos y las fotos macro y ofrece la capacidad de crear im\u00e1genes rom\u00e1nticas y on\u00edricas con un aspecto de enfoque suave. Su dise\u00f1o de enfoque cercano le permite trabajar con el sujeto a una distancia de hasta 26 cm en las proximidades y un revestimiento Super Spectra minimiza las im\u00e1genes fantasma y los destellos cuando se trabaja en condiciones de iluminaci\u00f3n brillante. El objetivo tambi\u00e9n cuenta con estabilizaci\u00f3n \u00f3ptica de imagen, junto con Hybrid IS, para suprimir hasta cinco paradas de movimiento de la c\u00e1mara para obtener tomas m\u00e1s limpias y estables, y los creadores de im\u00e1genes pueden esperar resultados sorprendentes que mejoran su visi\u00f3n creativa y art\u00edstica.<\/p>\n<h2 class=\"western\" style=\"font-style: normal; font-weight: normal;\"><\/h2>\n<h2 class=\"western\" style=\"font-style: normal; font-weight: normal;\"><strong><span style=\"font-family: OpenSans, Segoe UI, Helvetica, Roboto, Arial, sans-serif;\"><span style=\"font-size: medium;\">Canon RF 100mm F\/2.8L Macro IS USM Ficha Tecnica<\/span><\/span><\/strong><\/h2>\n<table border=\"0\" width=\"349\" cellspacing=\"0\" cellpadding=\"2\">\n<colgroup>\n<col width=\"168\" \/>\n<col width=\"173\" \/> <\/colgroup>\n<tbody>\n<tr>\n<td width=\"168\">\n<p style=\"border: none; padding: 0cm; font-weight: normal;\" align=\"LEFT\">Distancia focal<\/p>\n<\/td>\n<td width=\"173\">\n<p style=\"border: none; padding: 0cm; font-weight: normal;\">100 mm<\/p>\n<\/td>\n<\/tr>\n<tr>\n<td width=\"168\">\n<p style=\"border: none; padding: 0cm; font-weight: normal;\" align=\"LEFT\">Apertura m\u00e1xima<\/p>\n<\/td>\n<td width=\"173\">\n<p style=\"border: none; padding: 0cm; font-weight: normal;\">f\/2.8<\/p>\n<\/td>\n<\/tr>\n<tr>\n<td width=\"168\">\n<p style=\"border: none; padding: 0cm; font-weight: normal;\" align=\"LEFT\">Apertura m\u00ednima<\/p>\n<\/td>\n<td width=\"173\">\n<p style=\"border: none; padding: 0cm; font-weight: normal;\">f\/32<\/p>\n<\/td>\n<\/tr>\n<tr>\n<td width=\"168\">\n<p style=\"border: none; padding: 0cm; font-weight: normal;\" align=\"LEFT\">Montura de lente<\/p>\n<\/td>\n<td width=\"173\">\n<p style=\"border: none; padding: 0cm; font-weight: normal;\">Canon RF<\/p>\n<\/td>\n<\/tr>\n<tr>\n<td width=\"168\">\n<p style=\"border: none; padding: 0cm; font-weight: normal;\" align=\"LEFT\">Compatibilidad de formatos<\/p>\n<\/td>\n<td width=\"173\">\n<p style=\"border: none; padding: 0cm; font-weight: normal;\">Fotograma completo<\/p>\n<\/td>\n<\/tr>\n<tr>\n<td width=\"168\">\n<p style=\"border: none; padding: 0cm; font-weight: normal;\" align=\"LEFT\">\u00c1ngulo de visi\u00f3n<\/p>\n<\/td>\n<td width=\"173\">\n<p style=\"border: none; padding: 0cm; font-weight: normal;\">24\u00b0<\/p>\n<\/td>\n<\/tr>\n<tr>\n<td width=\"168\">\n<p style=\"border: none; padding: 0cm; font-weight: normal;\" align=\"LEFT\">Distancia m\u00ednima de enfoque<\/p>\n<\/td>\n<td width=\"173\">\n<p style=\"border: none; padding: 0cm; font-weight: normal;\">10,2&#8243; \/ 26 cm<\/p>\n<\/td>\n<\/tr>\n<tr>\n<td width=\"168\">\n<p style=\"border: none; padding: 0cm; font-weight: normal;\" align=\"LEFT\">Aumento m\u00e1ximo<\/p>\n<\/td>\n<td width=\"173\">\n<p style=\"border: none; padding: 0cm; font-weight: normal;\">1,4 veces<\/p>\n<\/td>\n<\/tr>\n<tr>\n<td width=\"168\">\n<p style=\"border: none; padding: 0cm; font-weight: normal;\" align=\"LEFT\">Dise\u00f1o \u00f3ptico<\/p>\n<\/td>\n<td width=\"173\">\n<p style=\"border: none; padding: 0cm; font-weight: normal;\">17 elementos en 13 grupos<\/p>\n<\/td>\n<\/tr>\n<tr>\n<td width=\"168\">\n<p style=\"border: none; padding: 0cm; font-weight: normal;\" align=\"LEFT\">Hojas de diafragma<\/p>\n<\/td>\n<td width=\"173\">\n<p style=\"border: none; padding: 0cm; font-weight: normal;\">9<\/p>\n<\/td>\n<\/tr>\n<tr>\n<td width=\"168\">\n<p style=\"border: none; padding: 0cm; font-weight: normal;\" align=\"LEFT\">Tipo de enfoque<\/p>\n<\/td>\n<td width=\"173\">\n<p style=\"border: none; padding: 0cm; font-weight: normal;\">Enfoque autom\u00e1tico<\/p>\n<\/td>\n<\/tr>\n<tr>\n<td width=\"168\">\n<p style=\"border: none; padding: 0cm; font-weight: normal;\" align=\"LEFT\">Estabilizaci\u00f3n de imagen<\/p>\n<\/td>\n<td width=\"173\">\n<p style=\"border: none; padding: 0cm; font-weight: normal;\">S\u00ed<\/p>\n<\/td>\n<\/tr>\n<tr>\n<td width=\"168\">\n<p style=\"border: none; padding: 0cm; font-weight: normal;\" align=\"LEFT\">Tama\u00f1o del filtro<\/p>\n<\/td>\n<td width=\"173\">\n<p style=\"border: none; padding: 0cm; font-weight: normal;\">67 mm (Frontal)<\/p>\n<\/td>\n<\/tr>\n<tr>\n<td width=\"168\">\n<p style=\"border: none; padding: 0cm; font-weight: normal;\" align=\"LEFT\">Dimensiones (\u00f8 x L)<\/p>\n<\/td>\n<td width=\"173\">\n<p style=\"border: none; padding: 0cm; font-weight: normal;\">3,2 x 5,8&#8243; \/ 81,5 x 148 mm<\/p>\n<\/td>\n<\/tr>\n<tr>\n<td width=\"168\">\n<p style=\"border: none; padding: 0cm; font-weight: normal;\" align=\"LEFT\">Peso<\/p>\n<\/td>\n<td width=\"173\">\n<p style=\"border: none; padding: 0cm; font-weight: normal;\">1,6 libras \/ 730 g<\/p>\n<\/td>\n<\/tr>\n<\/tbody>\n<\/table>\n","protected":false},"excerpt":{"rendered":"<p>Desarrollado espec\u00edficamente para las c\u00e1maras de fotograma completo de la serie EOS R, el objetivo RF 100mm f\/2.8L Macro IS<\/p>\n","protected":false},"featured_media":48180,"comment_status":"closed","ping_status":"closed","template":"","meta":{"_acf_changed":false},"product_brand":[2538],"product_cat":[1062],"product_tag":[],"class_list":{"0":"post-71515","1":"product","2":"type-product","3":"status-publish","4":"has-post-thumbnail","6":"product_brand-canon-es","7":"product_cat-mirrorless-objectivos","8":"pa_abertura-maxima-f-2-8-es","9":"pa_cor-negro","10":"pa_designs-especiais-macro-es","11":"pa_diametro-67mm-es","12":"pa_estabilizacao-de-imagem-si","13":"pa_montagem-da-objetiva-canon-rf-es","14":"pa_sensor-fotograma-completo","15":"pa_tipo-de-foco-enfoque-automatico","16":"pa_tipo-de-objetiva-teleobjetivo","17":"pa_zoom-fixa-fijo","19":"first","20":"onbackorder","21":"sale","22":"taxable","23":"shipping-taxable","24":"purchasable","25":"product-type-simple"},"bundled_by":[],"bundle_stock_status":"onbackorder","bundle_stock_quantity":null,"bundle_virtual":false,"bundle_layout":"","bundle_add_to_cart_form_location":"","bundle_editable_in_cart":false,"bundle_sold_individually_context":"","bundle_item_grouping":"","bundle_min_size":"","bundle_max_size":"","bundle_price":[],"bundled_items":[],"bundle_sell_ids":[],"acf":[],"_links":{"self":[{"href":"https:\/\/hi-techwonder.com\/es\/wp-json\/wp\/v2\/product\/71515","targetHints":{"allow":["GET"]}}],"collection":[{"href":"https:\/\/hi-techwonder.com\/es\/wp-json\/wp\/v2\/product"}],"about":[{"href":"https:\/\/hi-techwonder.com\/es\/wp-json\/wp\/v2\/types\/product"}],"replies":[{"embeddable":true,"href":"https:\/\/hi-techwonder.com\/es\/wp-json\/wp\/v2\/comments?post=71515"}],"wp:featuredmedia":[{"embeddable":true,"href":"https:\/\/hi-techwonder.com\/es\/wp-json\/wp\/v2\/media\/48180"}],"wp:attachment":[{"href":"https:\/\/hi-techwonder.com\/es\/wp-json\/wp\/v2\/media?parent=71515"}],"wp:term":[{"taxonomy":"product_brand","embeddable":true,"href":"https:\/\/hi-techwonder.com\/es\/wp-json\/wp\/v2\/product_brand?post=71515"},{"taxonomy":"product_cat","embeddable":true,"href":"https:\/\/hi-techwonder.com\/es\/wp-json\/wp\/v2\/product_cat?post=71515"},{"taxonomy":"product_tag","embeddable":true,"href":"https:\/\/hi-techwonder.com\/es\/wp-json\/wp\/v2\/product_tag?post=71515"}],"curies":[{"name":"wp","href":"https:\/\/api.w.org\/{rel}","templated":true}]}}