{"id":71516,"date":"2025-07-29T10:30:08","date_gmt":"2025-07-29T10:30:08","guid":{"rendered":"https:\/\/fv6qoy3ls0.wpdns.site\/produto\/canon-hg-100tbr-empunadura-y-mini-tripode\/"},"modified":"2025-11-17T15:29:30","modified_gmt":"2025-11-17T15:29:30","slug":"canon-hg-100tbr-empunadura-y-mini-tripode","status":"publish","type":"product","link":"https:\/\/hi-techwonder.com\/es\/producto\/canon-hg-100tbr-empunadura-y-mini-tripode\/","title":{"rendered":"CANON HG-100TBR Empu\u00f1adura y Mini Tr\u00edpode"},"content":{"rendered":"<p><strong>Funciones:<\/strong><\/p>\n<ul>\n<li>F\u00e1cil de sostener<\/li>\n<li>F\u00e1cil de usar<\/li>\n<li>Tama\u00f1o compacto<\/li>\n<li>Dise\u00f1o ligero<\/li>\n<li>Soporte de c\u00e1mara ajustable<\/li>\n<li>Mando a distancia desmontable BR-E1<\/li>\n<\/ul>\n<p>Dispara con confianza y s\u00e9 creativo gracias a una empu\u00f1adura de tr\u00edpode \u00fanica con control remoto, cabezal ajustable y excelente ergonom\u00eda, dise\u00f1ada para proporcionar una experiencia de disparo estable.<\/p>\n<p><strong>Compacto, estable y muy flexible<\/strong><\/p>\n<p>Captura v\u00eddeos y fotos de formas nuevas y din\u00e1micas con esta empu\u00f1adura de tr\u00edpode de mano con mando a distancia inal\u00e1mbrico para una versatilidad creativa excepcional.<\/p>\n<p><strong>Graba videos con creatividad original<\/strong><\/p>\n<p>Gracias a un cabezal giratorio e inclinado que se puede fijar en varias posiciones diferentes en ciertos \u00e1ngulos, la empu\u00f1adura del tr\u00edpode ofrece una flexibilidad \u00f3ptima.<\/p>\n<p><strong>Explora nuevos \u00e1ngulos con una sola mano<\/strong><\/p>\n<p>Graba en \u00e1ngulos altos m\u00e1s favorecedores para vlogs y monta tu micr\u00f3fono externo en diferentes posiciones, lo que te permite concentrarte en rendir al m\u00e1ximo.<\/p>\n<p><strong>Dispara durante m\u00e1s tiempo gracias a su excelente ergonom\u00eda<\/strong><\/p>\n<p>Gracias a su dise\u00f1o liviano con un gran manejo, grabe m\u00e1s im\u00e1genes utilizables y disfrute del control remoto con hasta 10,000 horas de duraci\u00f3n de la bater\u00eda.<\/p>\n<p><strong>Ampl\u00ede su alcance con un pr\u00e1ctico mando a distancia<\/strong><\/p>\n<p>La empu\u00f1adura del tr\u00edpode viene con el control remoto inal\u00e1mbrico Canon BR-E1 que controla el obturador, el zoom, la grabaci\u00f3n de videos y el AF de la c\u00e1mara a distancia.<\/p>\n<p><strong>C\u00e1maras compatibles:<\/strong><\/p>\n<ul>\n<li>PowerShot G5 X Mark II<\/li>\n<li>PowerShot G7 Mark III<\/li>\n<li>EOS M200<\/li>\n<li>EOS M50<\/li>\n<li>EOS M6 Mark II<\/li>\n<\/ul>\n<p><strong><span style=\"font-size: 14pt;\">Caracter\u00edsticas t\u00e9cnicas:<\/strong><\/span><\/p>\n<p><strong style=\"font-size: 18.6667px;\">Mango HG-100TBR<\/strong><\/p>\n<table border=\"1\" width=\"100%\" cellspacing=\"0\" cellpadding=\"4\">\n<colgroup>\n<col width=\"128*\">\n<col width=\"128*\"> <\/colgroup>\n<tbody>\n<tr valign=\"TOP\">\n<td width=\"50%\">\n<p>Material<\/p>\n<\/td>\n<td width=\"50%\">\n<p>Resina de policarbonato (partes exteriores principales)<\/p>\n<\/td>\n<\/tr>\n<tr valign=\"TOP\">\n<td width=\"50%\">\n<p>Color exterior<\/p>\n<\/td>\n<td width=\"50%\">\n<p>Negro (disponible en un solo color)<\/p>\n<\/td>\n<\/tr>\n<tr valign=\"TOP\">\n<td width=\"50%\">\n<p>Tornillo de tr\u00edpode<\/p>\n<\/td>\n<td width=\"50%\">\n<p>1\/4 CU<\/p>\n<\/td>\n<\/tr>\n<tr valign=\"TOP\">\n<td width=\"50%\">\n<p>Rotaci\u00f3n y bloqueo del soporte de la c\u00e1mara<\/p>\n<\/td>\n<td width=\"50%\">\n<p>El accesorio gira 360\u00b0 hacia la izquierda o hacia la derecha y se puede bloquear en las siguientes posiciones:<\/p>\n<p>\u2022 Izquierda: 0\u00b0, 90\u00b0, 180\u00b0, 270\u00b0<\/p>\n<p>\u2022 Derecha: 0\u00b0, 90\u00b0, 180\u00b0, 270\u00b0<\/p>\n<\/td>\n<\/tr>\n<tr valign=\"TOP\">\n<td width=\"50%\">\n<p>Ajuste y bloqueo de la inclinaci\u00f3n del soporte de la c\u00e1mara<\/p>\n<\/td>\n<td width=\"50%\">\n<p>El accesorio se inclina hacia adelante y hacia atr\u00e1s y se puede bloquear en las siguientes posiciones:<\/p>\n<p>\u2022 Adelante: 15\u00b0, 30\u00b0, 45\u00b0<\/p>\n<p>\u2022 Hacia atr\u00e1s: 15\u00b0, 30\u00b0, 45\u00b0, 60\u00b0, 75\u00b0, 90\u00b0<\/p>\n<\/td>\n<\/tr>\n<tr valign=\"TOP\">\n<td width=\"50%\">\n<p>Capacidad de carga<\/p>\n<\/td>\n<td width=\"50%\">\n<p>Menos de 1 kg<\/p>\n<\/td>\n<\/tr>\n<tr valign=\"TOP\">\n<td width=\"50%\">\n<p>Dimensiones<\/p>\n<\/td>\n<td width=\"50%\">\n<p>Como mango: aprox. 38,6 (ancho) x 190,0 (profundidad) x 43,4 (alto) mm <\/p>\n<p>Como tr\u00edpode: aprox. 172,4 mm (ancho) x 148,5 mm (profundidad) x 174,1 mm (alto) <\/p>\n<\/td>\n<\/tr>\n<tr valign=\"TOP\">\n<td width=\"50%\">\n<p>Peso<\/p>\n<\/td>\n<td width=\"50%\">\n<p>Solo cuerpo: aprox. 163 g <\/p>\n<p>Cuerpo y BR-E1: aprox. 179 g <\/p>\n<\/td>\n<\/tr>\n<tr valign=\"TOP\">\n<td width=\"50%\">\n<p>Accesorios incluidos<\/p>\n<\/td>\n<td width=\"50%\">\n<p>Mando a distancia inal\u00e1mbrico BR-E1<\/p>\n<p>Correa<\/p>\n<p>Accesorio de micr\u00f3fono L<\/p>\n<p>Accesorio de micr\u00f3fono S<\/p>\n<p>Manual<\/p>\n<\/td>\n<\/tr>\n<\/tbody>\n<\/table>\n<p><strong><span style=\"font-size: 14pt;\">Mando a distancia inal\u00e1mbrico BR-E1<\/strong><\/span><\/p>\n<table border=\"1\" width=\"100%\" cellspacing=\"0\" cellpadding=\"4\">\n<colgroup>\n<col width=\"128*\">\n<col width=\"128*\"> <\/colgroup>\n<tbody>\n<tr valign=\"TOP\">\n<td width=\"50%\">\n<p>Est\u00e1ndares de cumplimiento<\/p>\n<\/td>\n<td width=\"50%\">\n<p>Especificaciones de Bluetooth: Versi\u00f3n 4.1<\/p>\n<p>(Tecnolog\u00eda Bluetooth Low Energy)<\/p>\n<\/td>\n<\/tr>\n<tr valign=\"TOP\">\n<td width=\"50%\">\n<p>M\u00e9todo de transmisi\u00f3n<\/p>\n<\/td>\n<td width=\"50%\">\n<p>Modulaci\u00f3n GFSK<\/p>\n<\/td>\n<\/tr>\n<tr valign=\"TOP\">\n<td width=\"50%\">\n<p>Distancia de trabajo<\/p>\n<\/td>\n<td width=\"50%\">\n<p>Aprox. 5 m de la c\u00e1mara en cualquier direcci\u00f3n <\/p>\n<\/td>\n<\/tr>\n<tr valign=\"TOP\">\n<td width=\"50%\">\n<p>Poder<\/p>\n<\/td>\n<td width=\"50%\">\n<p>Bater\u00eda de bot\u00f3n de litio CR2032<\/p>\n<\/td>\n<\/tr>\n<tr valign=\"TOP\">\n<td width=\"50%\">\n<p>Duraci\u00f3n de la bater\u00eda<\/p>\n<\/td>\n<td width=\"50%\">\n<p>Aprox. un a\u00f1o <\/p>\n<\/td>\n<\/tr>\n<tr valign=\"TOP\">\n<td width=\"50%\">\n<p>Dimensiones (ancho x alto x profundidad)<\/p>\n<\/td>\n<td width=\"50%\">\n<p>Aprox. 27,0 x 91,5 x 12,0 mm <\/p>\n<\/td>\n<\/tr>\n<tr valign=\"TOP\">\n<td width=\"50%\">\n<p>Peso<\/p>\n<\/td>\n<td width=\"50%\">\n<p>Aprox. 14 g (sin bater\u00eda) <\/p>\n<\/td>\n<\/tr>\n<tr valign=\"TOP\">\n<td width=\"50%\">\n<p>Rango de temperatura de funcionamiento<\/p>\n<\/td>\n<td width=\"50%\">\n<p>0 \u00b0C \u2013 40 \u00b0C \/ 32 \u00b0F \u2013 104 \u00b0F<\/p>\n<\/td>\n<\/tr>\n<tr valign=\"TOP\">\n<td width=\"50%\">\n<p>Humedad de funcionamiento<\/p>\n<\/td>\n<td width=\"50%\">\n<p>85% o menos<\/p>\n<\/td>\n<\/tr>\n<\/tbody>\n<\/table>\n","protected":false},"excerpt":{"rendered":"<p>Funciones: F\u00e1cil de sostener F\u00e1cil de usar Tama\u00f1o compacto Dise\u00f1o ligero Soporte de c\u00e1mara ajustable Mando a distancia desmontable BR-E1<\/p>\n","protected":false},"featured_media":64146,"comment_status":"closed","ping_status":"open","template":"","meta":{"_acf_changed":false},"product_brand":[2538],"product_cat":[1093],"product_tag":[],"class_list":{"0":"post-71516","1":"product","2":"type-product","3":"status-publish","4":"has-post-thumbnail","6":"product_brand-canon-es","7":"product_cat-mini-tripodes","9":"first","10":"onbackorder","11":"taxable","12":"shipping-taxable","13":"purchasable","14":"product-type-simple"},"bundled_by":[],"bundle_stock_status":"onbackorder","bundle_stock_quantity":null,"bundle_virtual":false,"bundle_layout":"","bundle_add_to_cart_form_location":"","bundle_editable_in_cart":false,"bundle_sold_individually_context":"","bundle_item_grouping":"","bundle_min_size":"","bundle_max_size":"","bundle_price":[],"bundled_items":[],"bundle_sell_ids":[],"acf":[],"_links":{"self":[{"href":"https:\/\/hi-techwonder.com\/es\/wp-json\/wp\/v2\/product\/71516","targetHints":{"allow":["GET"]}}],"collection":[{"href":"https:\/\/hi-techwonder.com\/es\/wp-json\/wp\/v2\/product"}],"about":[{"href":"https:\/\/hi-techwonder.com\/es\/wp-json\/wp\/v2\/types\/product"}],"replies":[{"embeddable":true,"href":"https:\/\/hi-techwonder.com\/es\/wp-json\/wp\/v2\/comments?post=71516"}],"wp:featuredmedia":[{"embeddable":true,"href":"https:\/\/hi-techwonder.com\/es\/wp-json\/wp\/v2\/media\/64146"}],"wp:attachment":[{"href":"https:\/\/hi-techwonder.com\/es\/wp-json\/wp\/v2\/media?parent=71516"}],"wp:term":[{"taxonomy":"product_brand","embeddable":true,"href":"https:\/\/hi-techwonder.com\/es\/wp-json\/wp\/v2\/product_brand?post=71516"},{"taxonomy":"product_cat","embeddable":true,"href":"https:\/\/hi-techwonder.com\/es\/wp-json\/wp\/v2\/product_cat?post=71516"},{"taxonomy":"product_tag","embeddable":true,"href":"https:\/\/hi-techwonder.com\/es\/wp-json\/wp\/v2\/product_tag?post=71516"}],"curies":[{"name":"wp","href":"https:\/\/api.w.org\/{rel}","templated":true}]}}