{"id":71520,"date":"2025-07-29T09:17:15","date_gmt":"2025-07-29T09:17:15","guid":{"rendered":"https:\/\/fv6qoy3ls0.wpdns.site\/produto\/parasol-canon-es-65b\/"},"modified":"2026-02-25T10:15:11","modified_gmt":"2026-02-25T10:15:11","slug":"caruba-parasol-canon-es-65b","status":"publish","type":"product","link":"https:\/\/hi-techwonder.com\/es\/producto\/caruba-parasol-canon-es-65b\/","title":{"rendered":"Parasol CANON ES-65B"},"content":{"rendered":"<h2 data-start=\"0\" data-end=\"31\"><strong data-start=\"0\" data-end=\"25\">Parasol Canon ES-65B<\/strong><\/h2>\n<h3 data-start=\"33\" data-end=\"58\"><strong data-start=\"37\" data-end=\"56\">Funciones<\/strong><\/h3>\n<ul data-start=\"59\" data-end=\"636\">\n<li data-start=\"59\" data-end=\"180\"><strong data-start=\"61\" data-end=\"81\">Compatibilidad:<\/strong> Dise\u00f1ado para una variedad de objetivos Canon*, se ajusta a la parte frontal para bloquear la luz no deseada.<\/li>\n<li data-start=\"181\" data-end=\"294\"><strong data-start=\"183\" data-end=\"204\">Funci\u00f3n principal:<\/strong> Reduce los destellos y los efectos de destellos al mejorar el contraste y la saturaci\u00f3n de las im\u00e1genes.<\/li>\n<li data-start=\"295\" data-end=\"439\"><strong data-start=\"297\" data-end=\"322\">Construcci\u00f3n duradera:<\/strong> Hecho de materiales duraderos para una protecci\u00f3n adicional de la lente contra impactos ligeros y contacto accidental.<\/li>\n<li data-start=\"440\" data-end=\"523\"><strong data-start=\"442\" data-end=\"461\">Ajuste r\u00e1pido:<\/strong> Montura de bayoneta para facilitar la fijaci\u00f3n y extracci\u00f3n.<\/li>\n<li data-start=\"524\" data-end=\"636\"><strong data-start=\"526\" data-end=\"546\">Dise\u00f1o compacto:<\/strong> Cuando est\u00e1 invertido, ocupa poco espacio y puede seguir la lente durante el transporte.<\/li>\n<\/ul>\n<p data-start=\"638\" data-end=\"761\">*Por ejemplo, el objetivo RF 50mm F1.8 STM de Canon. Siempre verifique la compatibilidad en el sitio web o manual oficial del fabricante. <\/p>\n<hr data-start=\"763\" data-end=\"766\">\n<h3 data-start=\"768\" data-end=\"799\"><strong data-start=\"772\" data-end=\"797\">Contenido del paquete<\/strong><\/h3>\n<ul data-start=\"800\" data-end=\"832\">\n<li data-start=\"800\" data-end=\"832\"><strong data-start=\"802\" data-end=\"810\">1Un.<\/strong>  Parasol Canon ES-65B<\/li>\n<\/ul>\n<p data-start=\"834\" data-end=\"896\"><em data-start=\"834\" data-end=\"896\">(La lente y los accesorios se venden por separado).<\/em><\/p>\n<hr data-start=\"898\" data-end=\"901\">\n<h3 data-start=\"903\" data-end=\"932\"><strong data-start=\"907\" data-end=\"930\">Descripci\u00f3n detallada<\/strong><\/h3>\n<p data-start=\"933\" data-end=\"1230\">El <strong data-start=\"935\" data-end=\"960\">parasol ES-65B de Canon<\/strong> es un accesorio esencial para maximizar el rendimiento \u00f3ptico de tu objetivo, evitando la entrada de luz lateral que puede provocar destellos internos y p\u00e9rdida de contraste. Esto da como resultado fotos m\u00e1s n\u00edtidas, con colores fieles y una excelente definici\u00f3n de detalles. <\/p>\n<p data-start=\"1232\" data-end=\"1558\">Construido con materiales de alta calidad, tambi\u00e9n ofrece protecci\u00f3n adicional a la parte frontal de la lente contra golpes menores o toques accidentales. La instalaci\u00f3n se realiza a trav\u00e9s de un sistema de fijaci\u00f3n simple y seguro, y se puede colocar invertido en la propia lente para ocupar menos espacio en la bolsa de transporte. <\/p>\n<hr data-start=\"1560\" data-end=\"1563\">\n<h3 data-start=\"1565\" data-end=\"1598\"><strong data-start=\"1569\" data-end=\"1596\">Especificaciones t\u00e9cnicas<\/strong><\/h3>\n<ul data-start=\"1599\" data-end=\"1791\">\n<li data-start=\"1599\" data-end=\"1621\"><strong data-start=\"1601\" data-end=\"1612\">Modelo:<\/strong> ES-65B<\/li>\n<li data-start=\"1622\" data-end=\"1670\"><strong data-start=\"1624\" data-end=\"1645\">Tipo de sombrilla:<\/strong> Montura de bayoneta<\/li>\n<li data-start=\"1671\" data-end=\"1717\"><strong data-start=\"1673\" data-end=\"1686\">Material:<\/strong> Pl\u00e1stico de alta resistencia<\/li>\n<li data-start=\"1718\" data-end=\"1772\"><strong data-start=\"1720\" data-end=\"1740\">Compatibilidad:<\/strong> Objetivos Canon seleccionados*<\/li>\n<li data-start=\"1773\" data-end=\"1791\"><strong data-start=\"1775\" data-end=\"1783\">Color:<\/strong> Negro<\/li>\n<\/ul>\n<p data-start=\"1793\" data-end=\"1887\"><em data-start=\"1793\" data-end=\"1887\">(Confirme el modelo exacto de lente compatible con el fabricante o en el manual del producto).<\/em><\/p>\n<hr data-start=\"1889\" data-end=\"1892\">\n<h3 data-start=\"1894\" data-end=\"1926\"><strong data-start=\"1898\" data-end=\"1924\">Dimensiones del paquete<\/strong><\/h3>\n<p data-start=\"1927\" data-end=\"2026\"><em data-start=\"1927\" data-end=\"2026\">(Informaci\u00f3n no proporcionada por el fabricante. Consulte las fuentes oficiales para obtener detalles exactos).<\/em><\/p>\n<hr data-start=\"2028\" data-end=\"2031\">\n<h3 data-start=\"2033\" data-end=\"2065\"><strong data-start=\"2037\" data-end=\"2063\">Informaci\u00f3n adicional<\/strong><\/h3>\n<p data-start=\"2066\" data-end=\"2205\">Nota: Im\u00e1genes ilustrativas. Equipo adicional no incluido. Consulte el contenido y las especificaciones del paquete para obtener m\u00e1s detalles.  <\/p>\n","protected":false},"excerpt":{"rendered":"<p>Parasol Canon ES-65B Funciones Compatibilidad: Dise\u00f1ado para una variedad de objetivos Canon*, se ajusta a la parte frontal para bloquear<\/p>\n","protected":false},"featured_media":98752,"comment_status":"closed","ping_status":"closed","template":"","meta":{"_acf_changed":false},"product_brand":[2546],"product_cat":[1039],"product_tag":[],"class_list":{"0":"post-71520","1":"product","2":"type-product","3":"status-publish","4":"has-post-thumbnail","6":"product_brand-caruba-es","7":"product_cat-parasoles","9":"first","10":"instock","11":"taxable","12":"shipping-taxable","13":"purchasable","14":"product-type-simple"},"bundled_by":[],"bundle_stock_status":"instock","bundle_stock_quantity":2,"bundle_virtual":false,"bundle_layout":"","bundle_add_to_cart_form_location":"","bundle_editable_in_cart":false,"bundle_sold_individually_context":"","bundle_item_grouping":"","bundle_min_size":"","bundle_max_size":"","bundle_price":[],"bundled_items":[],"bundle_sell_ids":[],"acf":[],"_links":{"self":[{"href":"https:\/\/hi-techwonder.com\/es\/wp-json\/wp\/v2\/product\/71520","targetHints":{"allow":["GET"]}}],"collection":[{"href":"https:\/\/hi-techwonder.com\/es\/wp-json\/wp\/v2\/product"}],"about":[{"href":"https:\/\/hi-techwonder.com\/es\/wp-json\/wp\/v2\/types\/product"}],"replies":[{"embeddable":true,"href":"https:\/\/hi-techwonder.com\/es\/wp-json\/wp\/v2\/comments?post=71520"}],"wp:featuredmedia":[{"embeddable":true,"href":"https:\/\/hi-techwonder.com\/es\/wp-json\/wp\/v2\/media\/98752"}],"wp:attachment":[{"href":"https:\/\/hi-techwonder.com\/es\/wp-json\/wp\/v2\/media?parent=71520"}],"wp:term":[{"taxonomy":"product_brand","embeddable":true,"href":"https:\/\/hi-techwonder.com\/es\/wp-json\/wp\/v2\/product_brand?post=71520"},{"taxonomy":"product_cat","embeddable":true,"href":"https:\/\/hi-techwonder.com\/es\/wp-json\/wp\/v2\/product_cat?post=71520"},{"taxonomy":"product_tag","embeddable":true,"href":"https:\/\/hi-techwonder.com\/es\/wp-json\/wp\/v2\/product_tag?post=71520"}],"curies":[{"name":"wp","href":"https:\/\/api.w.org\/{rel}","templated":true}]}}