{"id":71524,"date":"2025-07-29T10:01:07","date_gmt":"2025-07-29T10:01:07","guid":{"rendered":"https:\/\/fv6qoy3ls0.wpdns.site\/produto\/anillo-de-luz-macro-canon-mr-14ex-ii\/"},"modified":"2026-01-31T01:51:09","modified_gmt":"2026-01-31T01:51:09","slug":"canon-anillo-de-luz-macro-canon-mr-14ex-ii","status":"publish","type":"product","link":"https:\/\/hi-techwonder.com\/es\/producto\/canon-anillo-de-luz-macro-canon-mr-14ex-ii\/","title":{"rendered":"Anillo de luz macro CANON MR-14EX II"},"content":{"rendered":"<h1>Canon Macro Ring Lite MR-14EX II<\/h1>\n<p>Iluminando el mundo macro<\/p>\n<p>Un flash Macrolite de alto rendimiento ofrece soluciones de iluminaci\u00f3n creativas para fot\u00f3grafos de primeros planos, en exteriores o en el estudio.<\/p>\n<div>\n<h2>Ventajas<\/h2>\n<ul>\n<li>  Dise\u00f1o de flash anular para una iluminaci\u00f3n vers\u00e1til al tomar primeros planos  <\/li>\n<li>  Potente rendimiento con n\u00famero de gu\u00eda 14 (ISO 100, m)  <\/li>\n<li>  Dos tubos de flash variables de forma independiente para un control creativo de la iluminaci\u00f3n  <\/li>\n<li>  Las luces de modelado LED permiten una composici\u00f3n y un enfoque m\u00e1s f\u00e1ciles  <\/li>\n<li>  R\u00e1pido y f\u00e1cil de usar: controlable desde la c\u00e1mara o el flash  <\/li>\n<\/ul>\n<\/div>\n<h2>Caracter\u00edsticas detalladas<\/h2>\n<div>\n<div>\n<h3>Fotograf\u00eda creativa de primeros planos con flash<\/h3>\n<p>El dise\u00f1o del flash anular permite una iluminaci\u00f3n uniforme de objetos peque\u00f1os, ideal para que los fot\u00f3grafos de vida silvestre fotograf\u00eden flores e insectos, y para trabajar en aplicaciones cient\u00edficas especializadas. La medici\u00f3n E-TTL II facilita la obtenci\u00f3n de exposiciones precisas con flash. <\/p>\n<\/div>\n<div>\n<h3>Control creativo de sombras<\/h3>\n<p>Los dos tubos de flash se pueden ajustar de forma independiente en una relaci\u00f3n de seis pasos, lo que permite diferentes estilos de iluminaci\u00f3n. Use los dos tubos de manera uniforme para obtener un efecto sin sombras, o haga que un tubo sea m\u00e1s brillante que el otro para una iluminaci\u00f3n lateral que resalte las texturas. El cabezal de flash del MR-14EX II Macro Ring Flash Lite puede girar alrededor de la lente, lo que permite que la fuente de luz dominante emerja desde cualquier \u00e1ngulo.  <\/p>\n<\/div>\n<\/div>\n<div>\n<div>\n<h3>Alto rendimiento<\/h3>\n<p>La salida de alta potencia, con un n\u00famero gu\u00eda de 14 (ISO 100, m), permite el uso de aperturas reducidas para una mayor profundidad de campo cuando se trabaja con primeros planos. La informaci\u00f3n de temperatura de color se devuelve a la c\u00e1mara al disparar, lo que ayuda a optimizar el balance de blancos autom\u00e1tico. <\/p>\n<\/div>\n<div>\n<h3>Se integra con otros flashes<\/h3>\n<p>El MR-14EX II Macro Ring Flash Lite se puede utilizar como flash \u00f3ptico primario inal\u00e1mbrico en una configuraci\u00f3n de iluminaci\u00f3n de varios flashes, activando los flashes Speedlite en modo secundario. Esta funci\u00f3n es \u00fatil cuando se usa un segundo flash para iluminar un fondo, por ejemplo. <\/p>\n<\/div>\n<\/div>\n<div>\n<div>\n<h3>Dise\u00f1o innovador e instintivo<\/h3>\n<p>Controla el MR-14EX II Macro Ring Flash Lite con los controles de tu c\u00e1mara EOS o mediante una pantalla de matriz de puntos f\u00e1cil de leer. Una luz de modelado LED brillante facilita el enfoque y la composici\u00f3n en condiciones de poca luz, mientras que los ajustes personalizados te permiten ajustar las funciones a tu forma de trabajar. <\/p>\n<\/div>\n<div>\n<h3>Rendimiento fiable en el que puede confiar<\/h3>\n<p>El reciclaje r\u00e1pido y silencioso garantiza que estar\u00e1s listo para disparar en el momento adecuado. El MR-14EX II Macro Ring Flash Lite est\u00e1 listo para disparar nuevamente en solo 5.5 segundos despu\u00e9s de una descarga de potencia completa. Un accesorio de contacto activo de limpieza autom\u00e1tica con una transmisi\u00f3n electr\u00f3nica de dos l\u00edneas garantiza la conexi\u00f3n correcta con su c\u00e1mara.  <\/p>\n<div>\n<div>\n<div>\n<h2 id=\"p-specification1\">PODER<\/h2>\n<\/div>\n<\/div>\n<table border=\"1\" cellspacing=\"0\" cellpadding=\"0\">\n<tbody>\n<tr>\n<th scope=\"row\">N\u00ba de gu\u00eda (ISO100).metros<\/th>\n<td>14<\/td>\n<\/tr>\n<\/tbody>\n<\/table>\n<\/div>\n<div>\n<div>\n<div>\n<h2 id=\"p-specification2\">ZOOM<\/h2>\n<\/div>\n<\/div>\n<table border=\"1\" cellspacing=\"0\" cellpadding=\"0\">\n<tbody>\n<tr>\n<th scope=\"row\">Cabezal de zoom<\/th>\n<td>No<\/td>\n<\/tr>\n<\/tbody>\n<\/table>\n<\/div>\n<div>\n<div>\n<div>\n<h2 id=\"p-specification3\">MODOS DE FLASH<\/h2>\n<\/div>\n<\/div>\n<table border=\"1\" cellspacing=\"0\" cellpadding=\"0\">\n<tbody>\n<tr>\n<th scope=\"row\">Control autom\u00e1tico de la exposici\u00f3n<\/th>\n<td>E-TTLII\/E-TTL\/TTL<\/td>\n<\/tr>\n<tr>\n<th scope=\"row\">Sincronizaci\u00f3n de alta velocidad (FP)<\/th>\n<td>S\u00ed<\/td>\n<\/tr>\n<tr>\n<th scope=\"row\">Configuraci\u00f3n manual \/ de salida<\/th>\n<td>S\u00ed &#8211; 1\/1-1\/128<\/td>\n<\/tr>\n<tr>\n<th scope=\"row\">Pasos manuales<\/th>\n<td>Paso 1\/3<\/td>\n<\/tr>\n<\/tbody>\n<\/table>\n<\/div>\n<div>\n<div>\n<div>\n<h2 id=\"p-specification4\">FUNCI\u00d3N RELACIONADA CON FLASH<\/h2>\n<\/div>\n<\/div>\n<table border=\"1\" cellspacing=\"0\" cellpadding=\"0\">\n<tbody>\n<tr>\n<th scope=\"row\">\n Bloqueo FE<\/th>\n<td>S\u00ed<\/td>\n<\/tr>\n<tr>\nCompensaci\u00f3n de la exposici\u00f3n <\/p>\n<th scope=\"row\">con flash<\/th>\n<td>S\u00ed<\/td>\n<\/tr>\n<tr>\n<th scope=\"row\">Variaci\u00f3n de la exposici\u00f3n con flash<\/th>\n<td>S\u00ed<\/td>\n<\/tr>\n<tr>\nSincronizaci\u00f3n de flash de <\/p>\n<th scope=\"row\">segunda cortinilla<\/th>\n<td>S\u00ed<\/td>\n<\/tr>\n<tr>\n<th scope=\"row\">Flash de modelado<\/th>\n<td>S\u00ed<\/td>\n<\/tr>\n<tr>\n<th scope=\"row\">Comunicaci\u00f3n de informaci\u00f3n de temperatura de color<\/th>\n<td>S\u00ed<\/td>\n<\/tr>\n<\/tbody>\n<\/table>\n<\/div>\n<div>\n<div>\n<div>\n<h2 id=\"p-specification5\">FLASH INAL\u00c1MBRICO<\/h2>\n<\/div>\n<\/div>\n<table border=\"1\" cellspacing=\"0\" cellpadding=\"0\">\n<tbody>\n<tr>\n<th scope=\"row\">Transmisor<\/th>\n<td>S\u00ed<\/td>\n<\/tr>\n<tr>\n<th scope=\"row\">Tipo de transmisi\u00f3n<\/th>\n<td>Infrarrojo<\/td>\n<\/tr>\n<tr>\n<th scope=\"row\">Alcance m\u00e1ximo de aprox. <\/th>\n<td>Interior: 5 m <br \/>Exterior: 3 m<\/td>\n<\/tr>\n<tr>\n<th scope=\"row\">Servidor<\/th>\n<td>No<\/td>\n<\/tr>\n<tr>\n<th scope=\"row\">N\u00ba de grupos<\/th>\n<td>3\u00b9<\/td>\n<\/tr>\n<tr>\n<th scope=\"row\">N\u00ba de canales<\/th>\n<td>4<\/td>\n<\/tr>\n<\/tbody>\n<\/table>\n<\/div>\n<div>\n<div>\n<div>\n<h2 id=\"p-specification6\">ASISTENCIA DE AF<\/h2>\n<\/div>\n<\/div>\n<table border=\"1\" cellspacing=\"0\" cellpadding=\"0\">\n<tbody>\n<tr>\n<th scope=\"row\">\n Luz auxiliar AF<\/th>\n<td>No (luz de enfoque)<\/td>\n<\/tr>\n<\/tbody>\n<\/table>\n<\/div>\n<div>\n<div>\n<div>\n<h2 id=\"p-specification7\">FUENTE DE ALIMENTACI\u00d3N<\/h2>\n<\/div>\n<\/div>\n<table border=\"1\" cellspacing=\"0\" cellpadding=\"0\">\n<tbody>\n<tr>\n<th scope=\"row\">Bater\u00edas<\/th>\n<td>4 pilas AA<\/td>\n<\/tr>\n<tr>\n<th scope=\"row\">Tiempo de reciclaje m\u00ednimo*<\/th>\n<td>Aprox. 5,5 seg. <\/td>\n<\/tr>\n<tr>\n<th scope=\"row\">Fuente<\/th>\n<p> de alimentaci\u00f3n externa <\/p>\n<td>S\u00ed &#8211; CP-E4<\/td>\n<\/tr>\n<\/tbody>\n<\/table>\n<\/div>\n<div>\n<div>\n<div>\n<h2 id=\"p-specification8\">CONSTRUCCI\u00d3N<\/h2>\n<\/div>\n<\/div>\n<table border=\"1\" cellspacing=\"0\" cellpadding=\"0\">\n<tbody>\n<tr>\n<th scope=\"row\">Resistente al polvo y al agua<\/th>\n<td>No<\/td>\n<\/tr>\n<tr>\n<th scope=\"row\">Material del pie de montaje<\/th>\n<td>Metal<\/td>\n<\/tr>\n<\/tbody>\n<\/table>\n<\/div>\n<div>\n<div>\n<div>\n<h2 id=\"p-specification9\">DIV.<\/h2>\n<\/div>\n<\/div>\n<table border=\"1\" cellspacing=\"0\" cellpadding=\"0\">\n<tbody>\n<tr>\n<th scope=\"row\">Funci\u00f3n<\/th>\n<p> personalizada<\/p>\n<td>12 (27 opciones) + 3 funciones personales<\/td>\n<\/tr>\n<tr>\n<th scope=\"row\">Ajustes de flash desde los men\u00fas de la c\u00e1mara**<\/th>\n<td>S\u00ed<\/td>\n<\/tr>\n<tr>\n<th scope=\"row\">Sensor de exposici\u00f3n con flash<\/th>\n<p> externo <\/p>\n<td>No<\/td>\n<\/tr>\n<tr>\nTerminal <\/p>\n<th scope=\"row\">de PC<\/th>\n<td>No<\/td>\n<\/tr>\n<tr>\n<th scope=\"row\">Accesorios compatibles<\/th>\n<td>Adaptador Macro Lite 72c, 67<br \/>Bater\u00eda compacta CP-E4 <br \/>Flash Speedlite de la serie EX con funci\u00f3n externa<\/td>\n<\/tr>\n<tr>\n<th scope=\"row\">Soporte flash dedicado<\/th>\n<td>No<\/td>\n<\/tr>\n<\/tbody>\n<\/table>\n<\/div>\n<div>\n<div>\n<h2 id=\"p-specification10\">DIMENSIONES Y PESO<\/h2>\n<\/div>\n<\/div>\n<table border=\"1\" cellspacing=\"0\" cellpadding=\"0\">\n<tbody>\n<tr>\n<th scope=\"row\">Tama\u00f1o (ancho x alto x profundidad), mm<\/th>\n<td>Unidad de control 69,6 x 118,8 x 71,4<br \/>Unidad flash 129.6 x 112.1 x 25.3<\/td>\n<\/tr>\n<tr>\n<th scope=\"row\">Peso (excluyendo bater\u00edas), gramos<\/th>\n<td>Art\u00edculo 455<\/td>\n<\/tr>\n<\/tbody>\n<\/table>\n<\/div>\n<\/div>\n","protected":false},"excerpt":{"rendered":"<p>Canon Macro Ring Lite MR-14EX II Iluminando el mundo macro Un flash Macrolite de alto rendimiento ofrece soluciones de iluminaci\u00f3n<\/p>\n","protected":false},"featured_media":57140,"comment_status":"closed","ping_status":"open","template":"","meta":{"_acf_changed":false},"product_brand":[2538],"product_cat":[1021],"product_tag":[],"class_list":{"0":"post-71524","1":"product","2":"type-product","3":"status-publish","4":"has-post-thumbnail","6":"product_brand-canon-es","7":"product_cat-macro-es","9":"first","10":"onbackorder","11":"taxable","12":"shipping-taxable","13":"purchasable","14":"product-type-simple"},"bundled_by":[],"bundle_stock_status":"onbackorder","bundle_stock_quantity":null,"bundle_virtual":false,"bundle_layout":"","bundle_add_to_cart_form_location":"","bundle_editable_in_cart":false,"bundle_sold_individually_context":"","bundle_item_grouping":"","bundle_min_size":"","bundle_max_size":"","bundle_price":[],"bundled_items":[],"bundle_sell_ids":[],"acf":[],"_links":{"self":[{"href":"https:\/\/hi-techwonder.com\/es\/wp-json\/wp\/v2\/product\/71524","targetHints":{"allow":["GET"]}}],"collection":[{"href":"https:\/\/hi-techwonder.com\/es\/wp-json\/wp\/v2\/product"}],"about":[{"href":"https:\/\/hi-techwonder.com\/es\/wp-json\/wp\/v2\/types\/product"}],"replies":[{"embeddable":true,"href":"https:\/\/hi-techwonder.com\/es\/wp-json\/wp\/v2\/comments?post=71524"}],"wp:featuredmedia":[{"embeddable":true,"href":"https:\/\/hi-techwonder.com\/es\/wp-json\/wp\/v2\/media\/57140"}],"wp:attachment":[{"href":"https:\/\/hi-techwonder.com\/es\/wp-json\/wp\/v2\/media?parent=71524"}],"wp:term":[{"taxonomy":"product_brand","embeddable":true,"href":"https:\/\/hi-techwonder.com\/es\/wp-json\/wp\/v2\/product_brand?post=71524"},{"taxonomy":"product_cat","embeddable":true,"href":"https:\/\/hi-techwonder.com\/es\/wp-json\/wp\/v2\/product_cat?post=71524"},{"taxonomy":"product_tag","embeddable":true,"href":"https:\/\/hi-techwonder.com\/es\/wp-json\/wp\/v2\/product_tag?post=71524"}],"curies":[{"name":"wp","href":"https:\/\/api.w.org\/{rel}","templated":true}]}}