{"id":71530,"date":"2025-07-29T09:53:15","date_gmt":"2025-07-29T09:53:15","guid":{"rendered":"https:\/\/fv6qoy3ls0.wpdns.site\/produto\/canon-imageprograf-pro-310\/"},"modified":"2026-01-01T03:43:42","modified_gmt":"2026-01-01T03:43:42","slug":"canon-imageprograf-pro-310","status":"publish","type":"product","link":"https:\/\/hi-techwonder.com\/es\/producto\/canon-imageprograf-pro-310\/","title":{"rendered":"CANON imagePROGRAF PRO-310"},"content":{"rendered":"<h3>Canon imagePROGRAF PRO-310<\/h3>\n<p><strong>Confianza en la impresi\u00f3n, siempre<\/strong><\/p>\n<p><img decoding=\"async\" src=\"https:\/\/i1.adis.ws\/i\/canon\/imageprograf-pro-310_hero_f9ba44eba8aa47bd9eeb8ee83bd792ef?%24block-hero-header-3by2-dt%24\" style=\"width: 25%;\" alt=\"\"><strong><br \/><\/strong><\/p>\n<hr>\n<h4>La <strong style=\"font-family: sans-serif; font-size: 14px;\">imagePROGRAF PRO-310 de Canon<\/strong> es una impresora profesional A3+ extremadamente compacta, dise\u00f1ada para ofrecer resultados con calidad de galer\u00eda con un flujo de trabajo eficiente y fiable. La tecnolog\u00eda avanzada de la gama imagePROGRAF PRO ofrece colores ricos y vibrantes, respaldados por tintas pigmentadas LUCIA PRO II de 10 colores, incluido Chroma Optimizer, que puede igualar los reflejos y minimizar el bronceado. <\/h4>\n<p>Gracias al procesador L-COA PRO, el PRO-310 procesa grandes vol\u00famenes de datos de imagen de forma r\u00e1pida y precisa, ofreciendo una alta productividad sin comprometer la calidad. La certificaci\u00f3n IPX1 y la tecnolog\u00eda de cartuchos de tinta pigmentada garantizan la durabilidad de la impresi\u00f3n, con una excelente resistencia a la luz y un menor riesgo de abrasi\u00f3n. Todo en un dise\u00f1o compacto y elegante que cabe en cualquier espacio, listo para conectarse a trav\u00e9s de USB, Wi-Fi o Ethernet.  <\/p>\n<p><img decoding=\"async\" src=\"https:\/\/i1.adis.ws\/i\/canon\/imageprograf-pro-310_free-professional-print-and-layout-ppl-plugin-and-software_fbd045a1e0684c75b2e8e87230e983fb?%24block-media-16by9-dt%24\" style=\"width: 25%;\" alt=\"\"><\/p>\n<hr>\n<h4>Caracter\u00edsticas principales<\/h4>\n<ul>\n<li><strong>Dise\u00f1o compacto (A3+)<\/strong><br \/>Impresora profesional de formato A3+ con menos espacio, ideal para estudios y entornos creativos.<\/li>\n<li><strong>Cartuchos de tinta LUCIA PRO II de 10 colores<\/strong><br \/>Incluye Chroma Optimizer para suavizar los reflejos, mejorar el brillo y reducir los efectos bronceadores.<\/li>\n<li><strong>Resistencia y durabilidad<\/strong><br \/>Impresiones con calidad de galer\u00eda que resisten la decoloraci\u00f3n hasta por 200 a\u00f1os, con tinta pigmentada robusta.<\/li>\n<li><strong>Impresi\u00f3n sin bordes en m\u00faltiples soportes<\/strong><br \/>Admite papeles brillantes y art\u00edsticos y personalizaci\u00f3n de formatos de hasta 1800 mm de longitud.<\/li>\n<li><strong>Pantalla LCD de 3&#8243;<\/strong><br \/>Permite una navegaci\u00f3n intuitiva a trav\u00e9s de funciones, niveles de tinta y configuraciones de papel.<\/li>\n<li><strong>Impresi\u00f3n y maquetaci\u00f3n profesional de Canon (PPL)<\/strong><br \/>Software gratuito y complementos que facilitan el ajuste del color y la gesti\u00f3n de perfiles, lo que garantiza un control absoluto sobre la calidad de impresi\u00f3n.<\/li>\n<li><strong>Procesador L-COA PRO<\/strong><br \/>Procesamiento r\u00e1pido de archivos de imagen grandes con una definici\u00f3n precisa de la colocaci\u00f3n de la tinta.<\/li>\n<li><strong>USB, Wi-Fi y Ethernet<\/strong><br \/>Conectividad flexible a PC\/Mac y entornos de red, lo que garantiza un flujo de trabajo optimizado.<\/li>\n<\/ul>\n<hr>\n<h4>Contenido<\/h4>\n<ul>\n<li>1 Un. <strong>Impresora imagePROGRAF PRO-310 de Canon<\/strong> (A3+) <\/li>\n<li>1 Un. Cabezal de impresi\u00f3n <\/li>\n<li>1 Un. Juego de 10 cartuchos de tinta LUCIA PRO II (MBK, PBK, C, M, Y, PC, PM, Gy, R, Co) <\/li>\n<li>1 Un. Cable de alimentaci\u00f3n <\/li>\n<li>Introducci\u00f3n y manual de documentaci\u00f3n<\/li>\n<li>CD-ROM de configuraci\u00f3n (Windows); Controladores de Mac disponibles en l\u00ednea<\/li>\n<\/ul>\n<p><em>(Nota: Los papeles y consumibles adicionales se venden por separado).<\/em><\/p>\n<p><img decoding=\"async\" src=\"https:\/\/i1.adis.ws\/i\/canon\/imageprograf-pro-310_key-benefit_03_00cdc61a3b654b4f96e6eb2d61215dd1?%24block-multitext-2by3-dt%24\" style=\"width: 25%;\" alt=\"\"><em><br \/><\/em><\/p>\n<hr>\n<h4>Especificaciones t\u00e9cnicas<\/h4>\n<p><strong>Tecnolog\u00eda de impresi\u00f3n<\/strong><\/p>\n<ul>\n<li>Cabezal de impresi\u00f3n permanente<\/li>\n<li>Cartuchos de tinta: 10 colores (MBK, PBK, C, M, Y, PC, PM, GY, R, CO)<\/li>\n<li>Resoluci\u00f3n m\u00e1xima Tama\u00f1o de impresi\u00f3n: 4800 x 2400 ppp <\/li>\n<\/ul>\n<p><strong>Velocidad de impresi\u00f3n (11 \u00abx14\u00bb en A3 + con m\u00e1rgenes)<\/strong><\/p>\n<ul>\n<li>PT-101 Papel: aprox. 4 min 15 s (tanto en color como en negro) <\/li>\n<\/ul>\n<p><strong>Tama\u00f1os m\u00e1ximos de papel<\/strong><\/p>\n<ul>\n<li>Soporte sin bordes de hasta A3+\/329 mm de ancho<\/li>\n<li>Formatos personalizados de hasta 1800 mm de longitud<\/li>\n<\/ul>\n<p><strong>Tipo de papel<\/strong><\/p>\n<ul>\n<li>Bandeja superior: Varios papeles fotogr\u00e1ficos y papel normal de hasta 380 g\/m\u00b2<\/li>\n<li>Alimentaci\u00f3n manual: papeles de bellas artes y papeles especiales, espesores de hasta 0,6 mm<\/li>\n<\/ul>\n<p><strong>Conectividad<\/strong><\/p>\n<ul>\n<li>USB de alta velocidad<\/li>\n<li>LAN con cable (10\/100 Ethernet)<\/li>\n<li>Wi-Fi IEEE 802.11 (b\/g\/n)<\/li>\n<li>Soporte para AirPrint, Mopria, Canon PRINT, etc.<\/li>\n<\/ul>\n<p><strong>Pantalla\/Interfaz<\/strong><\/p>\n<ul>\n<li>LCD a color de 3.0&#8243;<\/li>\n<li>Navegaci\u00f3n intuitiva para ajustes y monitoreo de niveles de tinta<\/li>\n<\/ul>\n<p><strong>Dimensiones (ancho x profundidad x alto)<\/strong><\/p>\n<ul>\n<li>Bandejas plegadas: 639 x 379 x 200 mm<\/li>\n<li>Bandejas extendidas: 639 x 837 x 416 mm<\/li>\n<\/ul>\n<p><strong>Peso<\/strong><\/p>\n<ul>\n<li>Aprox. 14,4 kg <\/li>\n<\/ul>\n<p><strong>Entorno operativo<\/strong><\/p>\n<ul>\n<li>Temperatura: 5 \u2013 35 \u00b0C<\/li>\n<li>Humedad: 10 \u2013 90% HR (sin condensaci\u00f3n)<\/li>\n<\/ul>\n<p><em>(Consulte el manual o el sitio web de Canon para obtener una lista completa de especificaciones y requisitos del sistema).<\/em><\/p>\n","protected":false},"excerpt":{"rendered":"<p>Canon imagePROGRAF PRO-310 Confianza en la impresi\u00f3n, siempre La imagePROGRAF PRO-310 de Canon es una impresora profesional A3+ extremadamente compacta,<\/p>\n","protected":false},"featured_media":55455,"comment_status":"closed","ping_status":"closed","template":"","meta":{"_acf_changed":false},"product_brand":[2538],"product_cat":[980],"product_tag":[],"class_list":{"0":"post-71530","1":"product","2":"type-product","3":"status-publish","4":"has-post-thumbnail","6":"product_brand-canon-es","7":"product_cat-impresoras","9":"first","10":"pre-order","11":"taxable","12":"shipping-taxable","13":"purchasable","14":"product-type-simple"},"bundled_by":[],"bundle_stock_status":"pre-order","bundle_stock_quantity":null,"bundle_virtual":false,"bundle_layout":"","bundle_add_to_cart_form_location":"","bundle_editable_in_cart":false,"bundle_sold_individually_context":"","bundle_item_grouping":"","bundle_min_size":"","bundle_max_size":"","bundle_price":[],"bundled_items":[],"bundle_sell_ids":[],"acf":[],"_links":{"self":[{"href":"https:\/\/hi-techwonder.com\/es\/wp-json\/wp\/v2\/product\/71530","targetHints":{"allow":["GET"]}}],"collection":[{"href":"https:\/\/hi-techwonder.com\/es\/wp-json\/wp\/v2\/product"}],"about":[{"href":"https:\/\/hi-techwonder.com\/es\/wp-json\/wp\/v2\/types\/product"}],"replies":[{"embeddable":true,"href":"https:\/\/hi-techwonder.com\/es\/wp-json\/wp\/v2\/comments?post=71530"}],"wp:featuredmedia":[{"embeddable":true,"href":"https:\/\/hi-techwonder.com\/es\/wp-json\/wp\/v2\/media\/55455"}],"wp:attachment":[{"href":"https:\/\/hi-techwonder.com\/es\/wp-json\/wp\/v2\/media?parent=71530"}],"wp:term":[{"taxonomy":"product_brand","embeddable":true,"href":"https:\/\/hi-techwonder.com\/es\/wp-json\/wp\/v2\/product_brand?post=71530"},{"taxonomy":"product_cat","embeddable":true,"href":"https:\/\/hi-techwonder.com\/es\/wp-json\/wp\/v2\/product_cat?post=71530"},{"taxonomy":"product_tag","embeddable":true,"href":"https:\/\/hi-techwonder.com\/es\/wp-json\/wp\/v2\/product_tag?post=71530"}],"curies":[{"name":"wp","href":"https:\/\/api.w.org\/{rel}","templated":true}]}}