{"id":71531,"date":"2025-07-29T09:19:06","date_gmt":"2025-07-29T09:19:06","guid":{"rendered":"https:\/\/fv6qoy3ls0.wpdns.site\/produto\/extensor-de-rf-2x-de-canon\/"},"modified":"2026-01-31T02:26:35","modified_gmt":"2026-01-31T02:26:35","slug":"canon-extensor-de-rf-2x-de-canon","status":"publish","type":"product","link":"https:\/\/hi-techwonder.com\/es\/producto\/canon-extensor-de-rf-2x-de-canon\/","title":{"rendered":"Extensor de RF 2x de CANON"},"content":{"rendered":"<p><strong>Extensor de RF 2x de CANON<\/strong><\/p>\n<p><strong>Funciones:<\/strong><\/p>\n<ul>\n<li>Excelente construcci\u00f3n, 9 elementos de lente, 5 grupos<\/li>\n<li>Ligero con 340 g<\/li>\n<li>Dise\u00f1o compacto de 71,2 x 39,3 mm<\/li>\n<\/ul>\n<p><strong>Extensor de RF 2x<\/strong><\/p>\n<p>Ampl\u00ede a\u00fan m\u00e1s el alcance con un extensor 2x dise\u00f1ado espec\u00edficamente para el sistema de lentes RF, sin perder calidad de imagen y comunicaci\u00f3n de alta velocidad entre la c\u00e1mara y la lente.<\/p>\n<p><strong>Aumenta tu alcance<\/strong><\/p>\n<p>El extensor RF 2x es la elecci\u00f3n perfecta para fot\u00f3grafos entusiastas y profesionales que buscan un mayor aumento de sus lentes RF. Al duplicar la distancia focal, es ideal para fot\u00f3grafos de impresi\u00f3n, naturaleza y deportes. <\/p>\n<p><strong>Mayor alcance, sin p\u00e9rdida de calidad de imagen<\/strong><\/p>\n<p>El extensor cuenta con vidrio de alta refracci\u00f3n y baja dispersi\u00f3n para controlar la curvatura del campo y la aberraci\u00f3n crom\u00e1tica del aumento para ofrecer la m\u00e1s alta calidad de imagen.<\/p>\n<p><strong>Dise\u00f1o avanzado de lentes<\/strong><\/p>\n<p>Adem\u00e1s de los recubrimientos optimizados de la lente, la lente combinada de 3 capas ayuda a minimizar las im\u00e1genes fantasma, reduciendo al m\u00e1ximo las superficies en contacto con el aire.<\/p>\n<p><strong>Dise\u00f1ado para condiciones extremas<\/strong><\/p>\n<p>El exterior est\u00e1 recubierto con el mismo revestimiento de protecci\u00f3n t\u00e9rmica blanco utilizado en los objetivos RF 100-500mm F4.5-7.1L IS USM y RF 70-200mm para evitar el deterioro del rendimiento a temperaturas elevadas.<\/p>\n<p><strong>Caracter\u00edsticas t\u00e9cnicas:<\/strong><\/p>\n<table border=\"0\" width=\"100%\" cellspacing=\"0\" cellpadding=\"2\">\n<colgroup>\n<col width=\"121*\">\n<col width=\"135*\"><\/colgroup>\n<tbody>\n<tr>\n<td width=\"47%\"> <span style=\"color: #666666\">Montar <\/span><\/td>\n<td width=\"53%\"> <span style=\"color: #666666\">Canon RF <\/span><\/td>\n<\/tr>\n<tr>\n<td width=\"47%\"> <span style=\"color: #666666\">Magnificaci\u00f3n <\/span><\/td>\n<td width=\"53%\"> <span style=\"color: #666666\">2 veces <\/span><\/td>\n<\/tr>\n<tr>\n<td width=\"47%\"> <span style=\"color: #666666\">P\u00e9rdida de <\/span><\/td>\n<p> luz<\/p>\n<td width=\"53%\"> <span style=\"color: #666666\">2 Parada <\/span><\/td>\n<\/tr>\n<tr>\n<td width=\"47%\"> <span style=\"color: #666666\">Largura <\/span><\/td>\n<td width=\"53%\"> <span style=\"color: #666666\">38,1 mil\u00edmetros <\/span><\/td>\n<\/tr>\n<tr>\n<td width=\"47%\"> <span style=\"color: #666666\">Di\u00e1metro <\/span><\/td>\n<td width=\"53%\"> <span style=\"color: #666666\">71,12 mil\u00edmetros <\/span><\/td>\n<\/tr>\n<tr>\n<td width=\"47%\"> <span style=\"color: #666666\">Peso <\/span><\/td>\n<td width=\"53%\"> <span style=\"color: #666666\">340 gramos <\/span><\/td>\n<\/tr>\n<\/tbody>\n<\/table>\n<p> <\/p>\n","protected":false},"excerpt":{"rendered":"<p>Extensor de RF 2x de CANON Funciones: Excelente construcci\u00f3n, 9 elementos de lente, 5 grupos Ligero con 340 g Dise\u00f1o<\/p>\n","protected":false},"featured_media":47457,"comment_status":"closed","ping_status":"open","template":"","meta":{"_acf_changed":false},"product_brand":[2538],"product_cat":[1064],"product_tag":[],"class_list":{"0":"post-71531","1":"product","2":"type-product","3":"status-publish","4":"has-post-thumbnail","6":"product_brand-canon-es","7":"product_cat-teleconvertidores","9":"first","10":"onbackorder","11":"taxable","12":"shipping-taxable","13":"purchasable","14":"product-type-simple"},"bundled_by":[],"bundle_stock_status":"onbackorder","bundle_stock_quantity":null,"bundle_virtual":false,"bundle_layout":"","bundle_add_to_cart_form_location":"","bundle_editable_in_cart":false,"bundle_sold_individually_context":"","bundle_item_grouping":"","bundle_min_size":"","bundle_max_size":"","bundle_price":[],"bundled_items":[],"bundle_sell_ids":[],"acf":[],"_links":{"self":[{"href":"https:\/\/hi-techwonder.com\/es\/wp-json\/wp\/v2\/product\/71531","targetHints":{"allow":["GET"]}}],"collection":[{"href":"https:\/\/hi-techwonder.com\/es\/wp-json\/wp\/v2\/product"}],"about":[{"href":"https:\/\/hi-techwonder.com\/es\/wp-json\/wp\/v2\/types\/product"}],"replies":[{"embeddable":true,"href":"https:\/\/hi-techwonder.com\/es\/wp-json\/wp\/v2\/comments?post=71531"}],"wp:featuredmedia":[{"embeddable":true,"href":"https:\/\/hi-techwonder.com\/es\/wp-json\/wp\/v2\/media\/47457"}],"wp:attachment":[{"href":"https:\/\/hi-techwonder.com\/es\/wp-json\/wp\/v2\/media?parent=71531"}],"wp:term":[{"taxonomy":"product_brand","embeddable":true,"href":"https:\/\/hi-techwonder.com\/es\/wp-json\/wp\/v2\/product_brand?post=71531"},{"taxonomy":"product_cat","embeddable":true,"href":"https:\/\/hi-techwonder.com\/es\/wp-json\/wp\/v2\/product_cat?post=71531"},{"taxonomy":"product_tag","embeddable":true,"href":"https:\/\/hi-techwonder.com\/es\/wp-json\/wp\/v2\/product_tag?post=71531"}],"curies":[{"name":"wp","href":"https:\/\/api.w.org\/{rel}","templated":true}]}}