{"id":71533,"date":"2025-07-29T09:19:11","date_gmt":"2025-07-29T09:19:11","guid":{"rendered":"https:\/\/fv6qoy3ls0.wpdns.site\/produto\/extensor-rf-1-4x-de-canon\/"},"modified":"2026-01-31T02:26:30","modified_gmt":"2026-01-31T02:26:30","slug":"canon-extensor-rf-1-4x-de-canon","status":"publish","type":"product","link":"https:\/\/hi-techwonder.com\/es\/producto\/canon-extensor-rf-1-4x-de-canon\/","title":{"rendered":"Extensor RF 1.4x de Canon"},"content":{"rendered":"<p><strong>LUCES<\/strong><\/p>\n<ul>\n<li>  Teleconvertidor de montaje RF<\/li>\n<li>  Factor de aumento de 1,4x<\/li>\n<li>  Mantiene la medici\u00f3n, el enfoque autom\u00e1tico y el IS<\/li>\n<li>  Resistente al polvo y al agua<\/li>\n<\/ul>\n<p>  Ampl\u00eda el alcance de algunos objetivos con montura RF de Canon con el extensor RF de 1,4x. Este teleconvertidor ampl\u00eda la imagen en 1,4x y mantiene una comunicaci\u00f3n completa entre la lente y el cuerpo de la c\u00e1mara, lo que permite la medici\u00f3n, el enfoque autom\u00e1tico y la estabilizaci\u00f3n de imagen, as\u00ed como la transmisi\u00f3n de datos Exif. Adem\u00e1s, el extensor de RF es resistente al polvo y al agua y cuenta con un escudo t\u00e9rmico externo para garantizar un rendimiento \u00f3ptimo en una variedad de condiciones.  <\/p>\n<p> <strong>Compatibilidad de lentes<\/strong><\/p>\n<ul>\n<li>  RF 100-500 mm f\/4,5-7,1L IS USM (solo se puede utilizar en el rango de 300-500 mm)<\/li>\n<li>  RF 600mm f\/11 IS STM<\/li>\n<li>  RF 800mm f\/11 IS STM  <\/li>\n<\/ul>\n<table class=\"table_o418fscimQZEg1oshu4aX\" style=\"width: 828px;font-family: OpenSans, 'Segoe UI', Helvetica, Roboto, Arial, sans-serif;font-size: 16px;background-color: #ffffff\" data-selenium=\"specsItemGroupTable\">\n<tbody>\n<tr class=\"pair_3u9fnESIQrtuEu6ye_zM4k\" style=\"border-bottom: 0.0625rem solid #e7e7e7\" data-selenium=\"specsItemGroupTableRow\">\n<td class=\"label_3bLwbW8ibvYc5tUwpKVQsL firstSpecWhenNoGroupName_2L9ob5rxYHNpmiwoNrY0FE\" style=\"width: 314px;padding: 0px 0px 1.25rem;border-top: none;vertical-align: baseline;font-size: 1.125rem;color: #666666;line-height: 1.375rem\" data-selenium=\"specsItemGroupTableColumnLabel\"> Montura <\/td>\n<td class=\"value_11Av1yGkVYn9TX48mQeu9v firstSpecWhenNoGroupName_2L9ob5rxYHNpmiwoNrY0FE\" style=\"padding: 0px 0px 1.25rem 2.5rem;vertical-align: baseline;font-size: 1.125rem;color: #666666;line-height: 1.375rem\" data-selenium=\"specsItemGroupTableColumnValue\"> Canon RF <\/td>\n<\/tr>\n<tr class=\"pair_3u9fnESIQrtuEu6ye_zM4k\" style=\"border-bottom: 0.0625rem solid #e7e7e7\" data-selenium=\"specsItemGroupTableRow\">\n<td class=\"label_3bLwbW8ibvYc5tUwpKVQsL\" style=\"width: 314px;padding: 1.25rem 0px;border-top: none;vertical-align: baseline;font-size: 1.125rem;color: #666666;line-height: 1.375rem\" data-selenium=\"specsItemGroupTableColumnLabel\"> Aumento de <\/td>\n<td class=\"value_11Av1yGkVYn9TX48mQeu9v\" style=\"padding: 1.25rem 0px 1.25rem 2.5rem;vertical-align: baseline;font-size: 1.125rem;color: #666666;line-height: 1.375rem\" data-selenium=\"specsItemGroupTableColumnValue\"> 1,4x <\/td>\n<\/tr>\n<tr class=\"pair_3u9fnESIQrtuEu6ye_zM4k\" style=\"border-bottom: 0.0625rem solid #e7e7e7\" data-selenium=\"specsItemGroupTableRow\">\n<td class=\"label_3bLwbW8ibvYc5tUwpKVQsL\" style=\"width: 314px;padding: 1.25rem 0px;border-top: none;vertical-align: baseline;font-size: 1.125rem;color: #666666;line-height: 1.375rem\" data-selenium=\"specsItemGroupTableColumnLabel\"> P\u00e9rdida de luz <\/td>\n<td class=\"value_11Av1yGkVYn9TX48mQeu9v\" style=\"padding: 1.25rem 0px 1.25rem 2.5rem;vertical-align: baseline;font-size: 1.125rem;color: #666666;line-height: 1.375rem\" data-selenium=\"specsItemGroupTableColumnValue\"> 1 paso <\/td>\n<\/tr>\n<tr class=\"pair_3u9fnESIQrtuEu6ye_zM4k\" style=\"border-bottom: 0.0625rem solid #e7e7e7\" data-selenium=\"specsItemGroupTableRow\">\n<td class=\"label_3bLwbW8ibvYc5tUwpKVQsL\" style=\"width: 314px;padding: 1.25rem 0px;border-top: none;vertical-align: baseline;font-size: 1.125rem;color: #666666;line-height: 1.375rem\" data-selenium=\"specsItemGroupTableColumnLabel\"> Longitud <\/td>\n<td class=\"value_11Av1yGkVYn9TX48mQeu9v\" style=\"padding: 1.25rem 0px 1.25rem 2.5rem;vertical-align: baseline;font-size: 1.125rem;color: #666666;line-height: 1.375rem\" data-selenium=\"specsItemGroupTableColumnValue\"> 0.8&#8243; \/ 20.32 mm <\/td>\n<\/tr>\n<tr class=\"pair_3u9fnESIQrtuEu6ye_zM4k\" style=\"border-bottom: 0.0625rem solid #e7e7e7\" data-selenium=\"specsItemGroupTableRow\">\n<td class=\"label_3bLwbW8ibvYc5tUwpKVQsL\" style=\"width: 314px;padding: 1.25rem 0px;border-top: none;vertical-align: baseline;font-size: 1.125rem;color: #666666;line-height: 1.375rem\" data-selenium=\"specsItemGroupTableColumnLabel\"> Di\u00e1metro <\/td>\n<td class=\"value_11Av1yGkVYn9TX48mQeu9v\" style=\"padding: 1.25rem 0px 1.25rem 2.5rem;vertical-align: baseline;font-size: 1.125rem;color: #666666;line-height: 1.375rem\" data-selenium=\"specsItemGroupTableColumnValue\"> 2.8&#8243; \/ 71.12 mm <\/td>\n<\/tr>\n<tr class=\"pair_3u9fnESIQrtuEu6ye_zM4k\" style=\"border-bottom: 0.0625rem solid #e7e7e7\" data-selenium=\"specsItemGroupTableRow\">\n<td class=\"label_3bLwbW8ibvYc5tUwpKVQsL\" style=\"width: 314px;padding: 1.25rem 0px;border-top: none;vertical-align: baseline;font-size: 1.125rem;color: #666666;line-height: 1.375rem\" data-selenium=\"specsItemGroupTableColumnLabel\"> Peso <\/td>\n<td class=\"value_11Av1yGkVYn9TX48mQeu9v\" style=\"padding: 1.25rem 0px 1.25rem 2.5rem;vertical-align: baseline;font-size: 1.125rem;color: #666666;line-height: 1.375rem\" data-selenium=\"specsItemGroupTableColumnValue\"> 7.9 oz \/ 224 g<\/td>\n<\/tr>\n<\/tbody>\n<\/table>\n","protected":false},"excerpt":{"rendered":"<p>LUCES Teleconvertidor de montaje RF Factor de aumento de 1,4x Mantiene la medici\u00f3n, el enfoque autom\u00e1tico y el IS Resistente<\/p>\n","protected":false},"featured_media":47462,"comment_status":"closed","ping_status":"open","template":"","meta":{"_acf_changed":false},"product_brand":[2538],"product_cat":[1064],"product_tag":[],"class_list":{"0":"post-71533","1":"product","2":"type-product","3":"status-publish","4":"has-post-thumbnail","6":"product_brand-canon-es","7":"product_cat-teleconvertidores","9":"first","10":"onbackorder","11":"taxable","12":"shipping-taxable","13":"purchasable","14":"product-type-simple"},"bundled_by":[],"bundle_stock_status":"onbackorder","bundle_stock_quantity":null,"bundle_virtual":false,"bundle_layout":"","bundle_add_to_cart_form_location":"","bundle_editable_in_cart":false,"bundle_sold_individually_context":"","bundle_item_grouping":"","bundle_min_size":"","bundle_max_size":"","bundle_price":[],"bundled_items":[],"bundle_sell_ids":[],"acf":[],"_links":{"self":[{"href":"https:\/\/hi-techwonder.com\/es\/wp-json\/wp\/v2\/product\/71533","targetHints":{"allow":["GET"]}}],"collection":[{"href":"https:\/\/hi-techwonder.com\/es\/wp-json\/wp\/v2\/product"}],"about":[{"href":"https:\/\/hi-techwonder.com\/es\/wp-json\/wp\/v2\/types\/product"}],"replies":[{"embeddable":true,"href":"https:\/\/hi-techwonder.com\/es\/wp-json\/wp\/v2\/comments?post=71533"}],"wp:featuredmedia":[{"embeddable":true,"href":"https:\/\/hi-techwonder.com\/es\/wp-json\/wp\/v2\/media\/47462"}],"wp:attachment":[{"href":"https:\/\/hi-techwonder.com\/es\/wp-json\/wp\/v2\/media?parent=71533"}],"wp:term":[{"taxonomy":"product_brand","embeddable":true,"href":"https:\/\/hi-techwonder.com\/es\/wp-json\/wp\/v2\/product_brand?post=71533"},{"taxonomy":"product_cat","embeddable":true,"href":"https:\/\/hi-techwonder.com\/es\/wp-json\/wp\/v2\/product_cat?post=71533"},{"taxonomy":"product_tag","embeddable":true,"href":"https:\/\/hi-techwonder.com\/es\/wp-json\/wp\/v2\/product_tag?post=71533"}],"curies":[{"name":"wp","href":"https:\/\/api.w.org\/{rel}","templated":true}]}}