{"id":71534,"date":"2025-07-29T09:57:38","date_gmt":"2025-07-29T09:57:38","guid":{"rendered":"https:\/\/fv6qoy3ls0.wpdns.site\/produto\/canon-flash-speedlite-el-5\/"},"modified":"2026-05-04T15:32:58","modified_gmt":"2026-05-04T14:32:58","slug":"canon-flash-speedlite-el-5","status":"publish","type":"product","link":"https:\/\/hi-techwonder.com\/es\/producto\/canon-flash-speedlite-el-5\/","title":{"rendered":"CANON Flash Speedlite EL-5"},"content":{"rendered":"<p><strong>CANON Flash Speedlite EL-5<\/strong><\/p>\n<p><strong>Caracter\u00edsticas principales:<\/strong><\/p>\n<ul>\n<li>Transmisi\u00f3n de radio inal\u00e1mbrica de 2,4 GHz<\/li>\n<li>N\u00famero de gu\u00eda: 197&#8242; a ISO 100 y 200 mm<\/li>\n<li>Funciona con una bater\u00eda de iones de litio LP-EL<\/li>\n<li>L\u00e1mpara de modelado; Zapato multifuncional<\/li>\n<li>Rango de zoom: 24-200 mm (14 mm con panel)<\/li>\n<li>Tiempo de reciclaje: 0.1-1.2 segundos<\/li>\n<li>Control extendido de 1\/1 a 1\/1024<\/li>\n<li>Joystick, dial y LCD de alta definici\u00f3n<\/li>\n<li>Control remoto con la aplicaci\u00f3n Camera Connect<\/li>\n<li>Construcci\u00f3n resistente al polvo y la humedad<\/li>\n<\/ul>\n<p>Potente y repleto de funciones modernas, el Canon Speedlite EL-5 est\u00e1 optimizado para fot\u00f3grafos avanzados. Este modelo elimina algunas de las mejores caracter\u00edsticas, como una bater\u00eda recargable de iones de litio y una l\u00e1mpara de modelado, del buque insignia y las trae en un paquete m\u00e1s peque\u00f1o y asequible. <\/p>\n<p><strong>Observaci\u00f3n:<\/strong><\/p>\n<p>La Speedlite EL-5 utiliza la \u00faltima zapatilla multifuncional. Esto solo es compatible con determinados cuerpos de c\u00e1mara de la serie EOS R de Canon y no funcionar\u00e1 con c\u00e1maras m\u00e1s antiguas que utilicen un dise\u00f1o de zapata diferente. <\/p>\n<p><strong>Poder<\/strong><\/p>\n<p>Realice destellos de alta potencia con velocidad y largos tiempos de disparo con una combinaci\u00f3n de caracter\u00edsticas EL-5.<\/p>\n<p>N\u00famero gu\u00eda m\u00e1ximo de 197&#8242; a ISO 100 y 200 mm (76Ws)<\/p>\n<p>Funciona con una bater\u00eda recargable de iones de litio LP-EL<\/p>\n<p>Hasta 350 flashes a plena potencia con una sola carga<\/p>\n<p>Capaz de disparar continuamente hasta 95 destellos seguidos<\/p>\n<p>Potencia manual de 1\/1 a 1\/1024<\/p>\n<p><strong>Control avanzado<\/strong><\/p>\n<p>Los usuarios avanzados pueden aprovechar al m\u00e1ximo el EL-5 gracias a un esquema de control revisado y a\u00fan m\u00e1s opciones inal\u00e1mbricas integradas.<\/p>\n<p>Transmisi\u00f3n de radio inal\u00e1mbrica de 2.4 GHZ como emisor o receptor para disparo y control inal\u00e1mbricos de hasta 15 unidades de flash desde una distancia de hasta 98 pies<\/p>\n<p>La zapata multifuncional permite el control directo de la configuraci\u00f3n de la c\u00e1mara compatible<\/p>\n<p>Controla la configuraci\u00f3n con tu smartphone mediante la aplicaci\u00f3n Canon Camera Connect<\/p>\n<p><strong>Compatibilidad<\/strong><\/p>\n<p>El Speedlite EL-5 tiene la zapata multifuncional y requiere una c\u00e1mara compatible.<\/p>\n<p>Esto incluye:<\/p>\n<ul>\n<li>EOS R6 Mark II<\/li>\n<li>EOS R7<\/li>\n<li>EOS R10<\/li>\n<li>EOS R3<\/li>\n<\/ul>\n<p><strong>Caracter\u00edsticas t\u00e9cnicas:<\/strong><\/p>\n<div class=\"group_fDXOr6EpR9\" style=\"box-sizing: inherit; margin-bottom: 2.1875rem; font-family: OpenSans, 'Segoe UI', Helvetica, Roboto, Arial, sans-serif; font-size: 16px; background-color: #ffffff;\">\n<div class=\"name_fDXOr6EpR9 firstGroupInItem_fDXOr6EpR9\" style=\"box-sizing: inherit; border-bottom: 0.125rem solid #cdcdcd; color: #769e2d; font-size: 2rem; line-height: 2rem; padding: 0px 0px 0.875rem;\" data-selenium=\"specsItemGroupName\"><strong style=\"color: #000000; font-family: -apple-system, BlinkMacSystemFont, 'Segoe UI', Roboto, Oxygen, Ubuntu, Cantarell, 'Open Sans', 'Helvetica Neue', sans-serif; font-size: medium;\">Cabezal de flash<\/strong><\/div>\n<table class=\"table_fDXOr6EpR9\" style=\"box-sizing: inherit; width: 982.5px;\" data-selenium=\"specsItemGroupTable\">\n<tbody style=\"box-sizing: inherit;\">\n<tr class=\"pair_fDXOr6EpR9\" style=\"box-sizing: inherit; border-bottom: 0.0625rem solid #e7e7e7;\" data-selenium=\"specsItemGroupTableRow\">\n<td class=\"label_fDXOr6EpR9 \" style=\"box-sizing: inherit; border-top: none; padding: 1.25rem 0px; width: 373.344px; color: #666666; font-size: 1.125rem; line-height: 1.375rem; vertical-align: baseline;\" data-selenium=\"specsItemGroupTableColumnLabel\">N\u00famero de gu\u00eda<\/td>\n<td class=\"value_fDXOr6EpR9 \" style=\"box-sizing: inherit; color: #666666; font-size: 1.125rem; line-height: 1.375rem; vertical-align: baseline; padding: 1.25rem 0px 1.25rem 2.5rem;\" data-selenium=\"specsItemGroupTableColumnValue\">196,9&#8242; \/ 60 m a ISO 100 (posici\u00f3n de 200 mm)<\/td>\n<\/tr>\n<tr class=\"pair_fDXOr6EpR9\" style=\"box-sizing: inherit; border-bottom: 0.0625rem solid #e7e7e7;\" data-selenium=\"specsItemGroupTableRow\">\n<td class=\"label_fDXOr6EpR9\" style=\"box-sizing: inherit; border-top: none; padding: 1.25rem 0px; width: 373.344px; color: #666666; font-size: 1.125rem; line-height: 1.375rem; vertical-align: baseline;\" data-selenium=\"specsItemGroupTableColumnLabel\">Cubrir<\/td>\n<td class=\"value_fDXOr6EpR9\" style=\"box-sizing: inherit; color: #666666; font-size: 1.125rem; line-height: 1.375rem; vertical-align: baseline; padding: 1.25rem 0px 1.25rem 2.5rem;\" data-selenium=\"specsItemGroupTableColumnValue\"><span style=\"box-sizing: inherit; font-weight: bolder;\"><span style=\"box-sizing: inherit; vertical-align: inherit;\"><span style=\"box-sizing: inherit; vertical-align: inherit;\">Fotograma completo<\/span><\/span><br style=\"box-sizing: inherit;\"><span style=\"box-sizing: inherit; vertical-align: inherit;\">De 24 a 200 mm<\/span><br style=\"box-sizing: inherit;\"><span style=\"box-sizing: inherit; vertical-align: inherit;\">14 mm (con adaptador gran angular)<\/span><\/span><\/td>\n<\/tr>\n<tr class=\"pair_fDXOr6EpR9\" style=\"box-sizing: inherit; border-bottom: 0.0625rem solid #e7e7e7;\" data-selenium=\"specsItemGroupTableRow\">\n<td class=\"label_fDXOr6EpR9\" style=\"box-sizing: inherit; border-top: none; padding: 1.25rem 0px; width: 373.344px; color: #666666; font-size: 1.125rem; line-height: 1.375rem; vertical-align: baseline;\" data-selenium=\"specsItemGroupTableColumnLabel\">Cabezal de zoom autom\u00e1tico<\/td>\n<td class=\"value_fDXOr6EpR9\" style=\"box-sizing: inherit; color: #666666; font-size: 1.125rem; line-height: 1.375rem; vertical-align: baseline; padding: 1.25rem 0px 1.25rem 2.5rem;\" data-selenium=\"specsItemGroupTableColumnValue\">S\u00ed<\/td>\n<\/tr>\n<tr class=\"pair_fDXOr6EpR9\" style=\"box-sizing: inherit; border-bottom: 0.0625rem solid #e7e7e7;\" data-selenium=\"specsItemGroupTableRow\">\n<td class=\"label_fDXOr6EpR9\" style=\"box-sizing: inherit; border-top: none; padding: 1.25rem 0px; width: 373.344px; color: #666666; font-size: 1.125rem; line-height: 1.375rem; vertical-align: baseline;\" data-selenium=\"specsItemGroupTableColumnLabel\">Cabeza plegada<\/td>\n<td class=\"value_fDXOr6EpR9\" style=\"box-sizing: inherit; color: #666666; font-size: 1.125rem; line-height: 1.375rem; vertical-align: baseline; padding: 1.25rem 0px 1.25rem 2.5rem;\" data-selenium=\"specsItemGroupTableColumnValue\">De -7 a +120\u00b0<\/td>\n<\/tr>\n<tr class=\"pair_fDXOr6EpR9\" style=\"box-sizing: inherit; border-bottom: 0.0625rem solid #e7e7e7;\" data-selenium=\"specsItemGroupTableRow\">\n<td class=\"label_fDXOr6EpR9\" style=\"box-sizing: inherit; border-top: none; padding: 1.25rem 0px; width: 373.344px; color: #666666; font-size: 1.125rem; line-height: 1.375rem; vertical-align: baseline;\" data-selenium=\"specsItemGroupTableColumnLabel\">Cabezal giratorio<\/td>\n<td class=\"value_fDXOr6EpR9\" style=\"box-sizing: inherit; color: #666666; font-size: 1.125rem; line-height: 1.375rem; vertical-align: baseline; padding: 1.25rem 0px 1.25rem 2.5rem;\" data-selenium=\"specsItemGroupTableColumnValue\">360\u00b0<\/td>\n<\/tr>\n<tr class=\"pair_fDXOr6EpR9\" style=\"box-sizing: inherit; border-bottom: 0.0625rem solid #e7e7e7;\" data-selenium=\"specsItemGroupTableRow\">\n<td class=\"label_fDXOr6EpR9\" style=\"box-sizing: inherit; border-top: none; padding: 1.25rem 0px; width: 373.344px; color: #666666; font-size: 1.125rem; line-height: 1.375rem; vertical-align: baseline;\" data-selenium=\"specsItemGroupTableColumnLabel\">Tiempo de reciclaje<\/td>\n<td class=\"value_fDXOr6EpR9\" style=\"box-sizing: inherit; color: #666666; font-size: 1.125rem; line-height: 1.375rem; vertical-align: baseline; padding: 1.25rem 0px 1.25rem 2.5rem;\" data-selenium=\"specsItemGroupTableColumnValue\"><span style=\"box-sizing: inherit; vertical-align: inherit;\"><span style=\"box-sizing: inherit; vertical-align: inherit;\">Aprox. 0,1 a 1,2 segundos<\/span><\/span><\/td>\n<\/tr>\n<tr class=\"pair_fDXOr6EpR9\" style=\"box-sizing: inherit; border-bottom: 0.0625rem solid #e7e7e7;\" data-selenium=\"specsItemGroupTableRow\">\n<td class=\"label_fDXOr6EpR9\" style=\"box-sizing: inherit; border-top: none; padding: 1.25rem 0px; width: 373.344px; color: #666666; font-size: 1.125rem; line-height: 1.375rem; vertical-align: baseline;\" data-selenium=\"specsItemGroupTableColumnLabel\">Iluminaci\u00f3n secundaria<\/td>\n<td class=\"value_fDXOr6EpR9\" style=\"box-sizing: inherit; color: #666666; font-size: 1.125rem; line-height: 1.375rem; vertical-align: baseline; padding: 1.25rem 0px 1.25rem 2.5rem;\" data-selenium=\"specsItemGroupTableColumnValue\">Luz de modelado<\/td>\n<\/tr>\n<\/tbody>\n<\/table>\n<\/div>\n<div class=\"group_fDXOr6EpR9\" style=\"box-sizing: inherit; margin-bottom: 2.1875rem; font-family: OpenSans, 'Segoe UI', Helvetica, Roboto, Arial, sans-serif; font-size: 16px; background-color: #ffffff;\">\n<div class=\"name_fDXOr6EpR9\" style=\"box-sizing: inherit; border-bottom: 0.125rem solid #cdcdcd; color: #769e2d; font-size: 2rem; line-height: 2rem; padding: 1rem 0px 0.875rem;\" data-selenium=\"specsItemGroupName\"><strong style=\"color: #000000; font-family: -apple-system, BlinkMacSystemFont, 'Segoe UI', Roboto, Oxygen, Ubuntu, Cantarell, 'Open Sans', 'Helvetica Neue', sans-serif; font-size: medium;\">Control de exposici\u00f3n<\/strong><\/div>\n<table class=\"table_fDXOr6EpR9\" style=\"box-sizing: inherit; width: 982.5px;\" data-selenium=\"specsItemGroupTable\">\n<tbody style=\"box-sizing: inherit;\">\n<tr class=\"pair_fDXOr6EpR9\" style=\"box-sizing: inherit; border-bottom: 0.0625rem solid #e7e7e7;\" data-selenium=\"specsItemGroupTableRow\">\n<td class=\"label_fDXOr6EpR9 \" style=\"box-sizing: inherit; border-top: none; padding: 1.25rem 0px; width: 373.344px; color: #666666; font-size: 1.125rem; line-height: 1.375rem; vertical-align: baseline;\" data-selenium=\"specsItemGroupTableColumnLabel\">Control de exposici\u00f3n<\/td>\n<td class=\"value_fDXOr6EpR9 \" style=\"box-sizing: inherit; color: #666666; font-size: 1.125rem; line-height: 1.375rem; vertical-align: baseline; padding: 1.25rem 0px 1.25rem 2.5rem;\" data-selenium=\"specsItemGroupTableColumnValue\">Canon E-TTL \/ E-TTL II, Manual<\/td>\n<\/tr>\n<tr class=\"pair_fDXOr6EpR9\" style=\"box-sizing: inherit; border-bottom: 0.0625rem solid #e7e7e7;\" data-selenium=\"specsItemGroupTableRow\">\nModos <\/p>\n<td class=\"label_fDXOr6EpR9\" style=\"box-sizing: inherit; border-top: none; padding: 1.25rem 0px; width: 373.344px; color: #666666; font-size: 1.125rem; line-height: 1.375rem; vertical-align: baseline;\" data-selenium=\"specsItemGroupTableColumnLabel\">de flash<\/td>\n<td class=\"value_fDXOr6EpR9\" style=\"box-sizing: inherit; color: #666666; font-size: 1.125rem; line-height: 1.375rem; vertical-align: baseline; padding: 1.25rem 0px 1.25rem 2.5rem;\" data-selenium=\"specsItemGroupTableColumnValue\">Sincronizaci\u00f3n de alta velocidad, sincronizaci\u00f3n de segunda cortina<\/td>\n<\/tr>\n<tr class=\"pair_fDXOr6EpR9\" style=\"box-sizing: inherit; border-bottom: 0.0625rem solid #e7e7e7;\" data-selenium=\"specsItemGroupTableRow\">\n<td class=\"label_fDXOr6EpR9\" style=\"box-sizing: inherit; border-top: none; padding: 1.25rem 0px; width: 373.344px; color: #666666; font-size: 1.125rem; line-height: 1.375rem; vertical-align: baseline;\" data-selenium=\"specsItemGroupTableColumnLabel\">Rango de<\/td>\n<p> potencia<\/p>\n<td class=\"value_fDXOr6EpR9\" style=\"box-sizing: inherit; color: #666666; font-size: 1.125rem; line-height: 1.375rem; vertical-align: baseline; padding: 1.25rem 0px 1.25rem 2.5rem;\" data-selenium=\"specsItemGroupTableColumnValue\">1\/1 al 1\/1024<\/td>\n<\/tr>\n<tr class=\"pair_fDXOr6EpR9\" style=\"box-sizing: inherit; border-bottom: 0.0625rem solid #e7e7e7;\" data-selenium=\"specsItemGroupTableRow\">\n<td class=\"label_fDXOr6EpR9\" style=\"box-sizing: inherit; border-top: none; padding: 1.25rem 0px; width: 373.344px; color: #666666; font-size: 1.125rem; line-height: 1.375rem; vertical-align: baseline;\" data-selenium=\"specsItemGroupTableColumnLabel\">Compensaci\u00f3n de flash<\/td>\n<td class=\"value_fDXOr6EpR9\" style=\"box-sizing: inherit; color: #666666; font-size: 1.125rem; line-height: 1.375rem; vertical-align: baseline; padding: 1.25rem 0px 1.25rem 2.5rem;\" data-selenium=\"specsItemGroupTableColumnValue\">De -3 a +3 EV (pasos de 1\/3 EV)<\/td>\n<\/tr>\n<\/tbody>\n<\/table>\n<\/div>\n<div class=\"group_fDXOr6EpR9\" style=\"box-sizing: inherit; margin-bottom: 2.1875rem; font-family: OpenSans, 'Segoe UI', Helvetica, Roboto, Arial, sans-serif; font-size: 16px; background-color: #ffffff;\">\n<div class=\"name_fDXOr6EpR9\" style=\"box-sizing: inherit; border-bottom: 0.125rem solid #cdcdcd; color: #769e2d; font-size: 2rem; line-height: 2rem; padding: 1rem 0px 0.875rem;\" data-selenium=\"specsItemGroupName\"><strong style=\"color: #000000; font-family: -apple-system, BlinkMacSystemFont, 'Segoe UI', Roboto, Oxygen, Ubuntu, Cantarell, 'Open Sans', 'Helvetica Neue', sans-serif; font-size: medium;\">Sistema inal\u00e1mbrico<\/strong><\/div>\n<table class=\"table_fDXOr6EpR9\" style=\"box-sizing: inherit; width: 982.5px;\" data-selenium=\"specsItemGroupTable\">\n<tbody style=\"box-sizing: inherit;\">\n<tr class=\"pair_fDXOr6EpR9\" style=\"box-sizing: inherit; border-bottom: 0.0625rem solid #e7e7e7;\" data-selenium=\"specsItemGroupTableRow\">\n<td class=\"label_fDXOr6EpR9 \" style=\"box-sizing: inherit; border-top: none; padding: 1.25rem 0px; width: 373.344px; color: #666666; font-size: 1.125rem; line-height: 1.375rem; vertical-align: baseline;\" data-selenium=\"specsItemGroupTableColumnLabel\">Funcionamiento inal\u00e1mbrico<\/td>\n<td class=\"value_fDXOr6EpR9 \" style=\"box-sizing: inherit; color: #666666; font-size: 1.125rem; line-height: 1.375rem; vertical-align: baseline; padding: 1.25rem 0px 1.25rem 2.5rem;\" data-selenium=\"specsItemGroupTableColumnValue\"><span style=\"box-sizing: inherit; font-weight: bolder;\"><span style=\"box-sizing: inherit; vertical-align: inherit;\"><span style=\"box-sizing: inherit; vertical-align: inherit;\">Radio (TTL\/Manual)<\/span><\/span><br style=\"box-sizing: inherit;\"><span style=\"box-sizing: inherit; vertical-align: inherit;\">Hasta 98,4&#8217;\/30 m (maestro, esclavo)<\/span><\/span><\/td>\n<\/tr>\n<tr class=\"pair_fDXOr6EpR9\" style=\"box-sizing: inherit; border-bottom: 0.0625rem solid #e7e7e7;\" data-selenium=\"specsItemGroupTableRow\">\n<td class=\"label_fDXOr6EpR9\" style=\"box-sizing: inherit; border-top: none; padding: 1.25rem 0px; width: 373.344px; color: #666666; font-size: 1.125rem; line-height: 1.375rem; vertical-align: baseline;\" data-selenium=\"specsItemGroupTableColumnLabel\">Canales<\/td>\n<p> inal\u00e1mbricos<\/p>\n<td class=\"value_fDXOr6EpR9\" style=\"box-sizing: inherit; color: #666666; font-size: 1.125rem; line-height: 1.375rem; vertical-align: baseline; padding: 1.25rem 0px 1.25rem 2.5rem;\" data-selenium=\"specsItemGroupTableColumnValue\">15<\/td>\n<\/tr>\n<tr class=\"pair_fDXOr6EpR9\" style=\"box-sizing: inherit; border-bottom: 0.0625rem solid #e7e7e7;\" data-selenium=\"specsItemGroupTableRow\">\n<td class=\"label_fDXOr6EpR9\" style=\"box-sizing: inherit; border-top: none; padding: 1.25rem 0px; width: 373.344px; color: #666666; font-size: 1.125rem; line-height: 1.375rem; vertical-align: baseline;\" data-selenium=\"specsItemGroupTableColumnLabel\">Grupos inal\u00e1mbricos<\/td>\n<td class=\"value_fDXOr6EpR9\" style=\"box-sizing: inherit; color: #666666; font-size: 1.125rem; line-height: 1.375rem; vertical-align: baseline; padding: 1.25rem 0px 1.25rem 2.5rem;\" data-selenium=\"specsItemGroupTableColumnValue\">5<\/td>\n<\/tr>\n<\/tbody>\n<\/table>\n<\/div>\n<div class=\"group_fDXOr6EpR9\" style=\"box-sizing: inherit; margin-bottom: 2.1875rem; font-family: OpenSans, 'Segoe UI', Helvetica, Roboto, Arial, sans-serif; font-size: 16px; background-color: #ffffff;\">\n<div class=\"name_fDXOr6EpR9\" style=\"box-sizing: inherit; border-bottom: 0.125rem solid #cdcdcd; color: #769e2d; font-size: 2rem; line-height: 2rem; padding: 1rem 0px 0.875rem;\" data-selenium=\"specsItemGroupName\"><strong style=\"color: #000000; font-family: -apple-system, BlinkMacSystemFont, 'Segoe UI', Roboto, Oxygen, Ubuntu, Cantarell, 'Open Sans', 'Helvetica Neue', sans-serif; font-size: medium;\">Poder<\/strong><\/div>\n<table class=\"table_fDXOr6EpR9\" style=\"box-sizing: inherit; width: 982.5px;\" data-selenium=\"specsItemGroupTable\">\n<tbody style=\"box-sizing: inherit;\">\n<tr class=\"pair_fDXOr6EpR9\" style=\"box-sizing: inherit; border-bottom: 0.0625rem solid #e7e7e7;\" data-selenium=\"specsItemGroupTableRow\">\n<td class=\"label_fDXOr6EpR9 \" style=\"box-sizing: inherit; border-top: none; padding: 1.25rem 0px; width: 373.344px; color: #666666; font-size: 1.125rem; line-height: 1.375rem; vertical-align: baseline;\" data-selenium=\"specsItemGroupTableColumnLabel\">Energ\u00eda<\/td>\n<p> interna<\/p>\n<td class=\"value_fDXOr6EpR9 \" style=\"box-sizing: inherit; color: #666666; font-size: 1.125rem; line-height: 1.375rem; vertical-align: baseline; padding: 1.25rem 0px 1.25rem 2.5rem;\" data-selenium=\"specsItemGroupTableColumnValue\"><span style=\"box-sizing: inherit; font-weight: bolder;\"><span style=\"box-sizing: inherit; vertical-align: inherit;\"><span style=\"box-sizing: inherit; vertical-align: inherit;\">1 x<\/span><\/span><span style=\"box-sizing: inherit; vertical-align: inherit;\"> recargable (iones de litio)<\/span><\/span><\/td>\n<\/tr>\n<\/tbody>\n<\/table>\n<\/div>\n<div class=\"group_fDXOr6EpR9\" style=\"box-sizing: inherit; margin-bottom: 2.1875rem; font-family: OpenSans, 'Segoe UI', Helvetica, Roboto, Arial, sans-serif; font-size: 16px; background-color: #ffffff;\">\n<div class=\"name_fDXOr6EpR9\" style=\"box-sizing: inherit; border-bottom: 0.125rem solid #cdcdcd; color: #769e2d; font-size: 2rem; line-height: 2rem; padding: 1rem 0px 0.875rem;\" data-selenium=\"specsItemGroupName\"><strong style=\"color: #000000; font-family: -apple-system, BlinkMacSystemFont, 'Segoe UI', Roboto, Oxygen, Ubuntu, Cantarell, 'Open Sans', 'Helvetica Neue', sans-serif; font-size: medium;\">General<\/strong><\/div>\n<table class=\"table_fDXOr6EpR9\" style=\"box-sizing: inherit; width: 982.5px;\" data-selenium=\"specsItemGroupTable\">\n<tbody style=\"box-sizing: inherit;\">\n<tr class=\"pair_fDXOr6EpR9\" style=\"box-sizing: inherit; border-bottom: 0.0625rem solid #e7e7e7;\" data-selenium=\"specsItemGroupTableRow\">\n<td class=\"label_fDXOr6EpR9 \" style=\"box-sizing: inherit; border-top: none; padding: 1.25rem 0px; width: 373.344px; color: #666666; font-size: 1.125rem; line-height: 1.375rem; vertical-align: baseline;\" data-selenium=\"specsItemGroupTableColumnLabel\">Ensamblar<\/td>\n<td class=\"value_fDXOr6EpR9 \" style=\"box-sizing: inherit; color: #666666; font-size: 1.125rem; line-height: 1.375rem; vertical-align: baseline; padding: 1.25rem 0px 1.25rem 2.5rem;\" data-selenium=\"specsItemGroupTableColumnValue\">Zapato<\/td>\n<\/tr>\n<tr class=\"pair_fDXOr6EpR9\" style=\"box-sizing: inherit; border-bottom: 0.0625rem solid #e7e7e7;\" data-selenium=\"specsItemGroupTableRow\">\n<td class=\"label_fDXOr6EpR9\" style=\"box-sizing: inherit; border-top: none; padding: 1.25rem 0px; width: 373.344px; color: #666666; font-size: 1.125rem; line-height: 1.375rem; vertical-align: baseline;\" data-selenium=\"specsItemGroupTableColumnLabel\">Terminal fuera de c\u00e1mara<\/td>\n<td class=\"value_fDXOr6EpR9\" style=\"box-sizing: inherit; color: #666666; font-size: 1.125rem; line-height: 1.375rem; vertical-align: baseline; padding: 1.25rem 0px 1.25rem 2.5rem;\" data-selenium=\"specsItemGroupTableColumnValue\"><em style=\"box-sizing: inherit;\">Ninguno<\/em><\/td>\n<\/tr>\n<tr class=\"pair_fDXOr6EpR9\" style=\"box-sizing: inherit; border-bottom: 0.0625rem solid #e7e7e7;\" data-selenium=\"specsItemGroupTableRow\">\n<td class=\"label_fDXOr6EpR9\" style=\"box-sizing: inherit; border-top: none; padding: 1.25rem 0px; width: 373.344px; color: #666666; font-size: 1.125rem; line-height: 1.375rem; vertical-align: baseline;\" data-selenium=\"specsItemGroupTableColumnLabel\">Dimensiones (ancho x alto x profundidad)<\/td>\n<td class=\"value_fDXOr6EpR9\" style=\"box-sizing: inherit; color: #666666; font-size: 1.125rem; line-height: 1.375rem; vertical-align: baseline; padding: 1.25rem 0px 1.25rem 2.5rem;\" data-selenium=\"specsItemGroupTableColumnValue\">3,2 x 5,5 x 4,9&#8243; \/ 80,2 x 139,9 x 123,3 mm<\/td>\n<\/tr>\n<tr class=\"pair_fDXOr6EpR9\" style=\"box-sizing: inherit; border-bottom: 0.0625rem solid #e7e7e7;\" data-selenium=\"specsItemGroupTableRow\">\n<td class=\"label_fDXOr6EpR9\" style=\"box-sizing: inherit; border-top: none; padding: 1.25rem 0px; width: 373.344px; color: #666666; font-size: 1.125rem; line-height: 1.375rem; vertical-align: baseline;\" data-selenium=\"specsItemGroupTableColumnLabel\">Peso<\/td>\n<td class=\"value_fDXOr6EpR9\" style=\"box-sizing: inherit; color: #666666; font-size: 1.125rem; line-height: 1.375rem; vertical-align: baseline; padding: 1.25rem 0px 1.25rem 2.5rem;\" data-selenium=\"specsItemGroupTableColumnValue\">17.3 onzas \/ 491 g<\/td>\n<\/tr>\n<\/tbody>\n<\/table>\n<\/div>\n","protected":false},"excerpt":{"rendered":"<p>CANON Flash Speedlite EL-5 Caracter\u00edsticas principales: Transmisi\u00f3n de radio inal\u00e1mbrica de 2,4 GHz N\u00famero de gu\u00eda: 197&#8242; a ISO 100<\/p>\n","protected":false},"featured_media":56496,"comment_status":"closed","ping_status":"closed","template":"","meta":{"_acf_changed":false},"product_brand":[2538],"product_cat":[1024],"product_tag":[],"class_list":{"0":"post-71534","1":"product","2":"type-product","3":"status-publish","4":"has-post-thumbnail","6":"product_brand-canon-es","7":"product_cat-ttl-es","9":"first","10":"onbackorder","11":"taxable","12":"shipping-taxable","13":"purchasable","14":"product-type-simple"},"bundled_by":[],"bundle_stock_status":"onbackorder","bundle_stock_quantity":null,"bundle_virtual":false,"bundle_layout":"","bundle_add_to_cart_form_location":"","bundle_editable_in_cart":false,"bundle_sold_individually_context":"","bundle_item_grouping":"","bundle_min_size":"","bundle_max_size":"","bundle_price":[],"bundled_items":[],"bundle_sell_ids":[],"acf":[],"_links":{"self":[{"href":"https:\/\/hi-techwonder.com\/es\/wp-json\/wp\/v2\/product\/71534","targetHints":{"allow":["GET"]}}],"collection":[{"href":"https:\/\/hi-techwonder.com\/es\/wp-json\/wp\/v2\/product"}],"about":[{"href":"https:\/\/hi-techwonder.com\/es\/wp-json\/wp\/v2\/types\/product"}],"replies":[{"embeddable":true,"href":"https:\/\/hi-techwonder.com\/es\/wp-json\/wp\/v2\/comments?post=71534"}],"wp:featuredmedia":[{"embeddable":true,"href":"https:\/\/hi-techwonder.com\/es\/wp-json\/wp\/v2\/media\/56496"}],"wp:attachment":[{"href":"https:\/\/hi-techwonder.com\/es\/wp-json\/wp\/v2\/media?parent=71534"}],"wp:term":[{"taxonomy":"product_brand","embeddable":true,"href":"https:\/\/hi-techwonder.com\/es\/wp-json\/wp\/v2\/product_brand?post=71534"},{"taxonomy":"product_cat","embeddable":true,"href":"https:\/\/hi-techwonder.com\/es\/wp-json\/wp\/v2\/product_cat?post=71534"},{"taxonomy":"product_tag","embeddable":true,"href":"https:\/\/hi-techwonder.com\/es\/wp-json\/wp\/v2\/product_tag?post=71534"}],"curies":[{"name":"wp","href":"https:\/\/api.w.org\/{rel}","templated":true}]}}