{"id":71536,"date":"2025-07-28T23:24:31","date_gmt":"2025-07-28T23:24:31","guid":{"rendered":"https:\/\/fv6qoy3ls0.wpdns.site\/produto\/proteccion-de-filtro-drop-in-canon-a\/"},"modified":"2026-01-31T04:00:43","modified_gmt":"2026-01-31T04:00:43","slug":"canon-proteccion-de-filtro-drop-in-canon-a","status":"publish","type":"product","link":"https:\/\/hi-techwonder.com\/es\/producto\/canon-proteccion-de-filtro-drop-in-canon-a\/","title":{"rendered":"Protecci\u00f3n de filtro drop-in CANON A"},"content":{"rendered":"<p><span style=\"font-size: small\"><strong><span style=\"font-size: large\"><span style=\"color: #ff0000\">DISPONIBILIDAD PREVISTA EN 2019<\/span><\/p>\n<p> ASPECTOS DESTACADOS DEL PRODUCTO<\/strong><\/p>\n<p><\/span><\/span><\/p>\n<ul>\n<li> <span style=\"font-size: small\">Para Adapt. EF-EOS R <\/span><\/li>\n<li> <span style=\"font-size: small\">Filtro transparente y protector<\/span><\/li>\n<li> <span style=\"font-size: small\">Para usar cuando no se desea ning\u00fan efecto de filtro<\/span><\/li>\n<\/ul>\n<div> <span style=\"font-size: small\">Dise\u00f1ado para su uso con el adaptador de montura de filtro drop-in EF-EOS R de Canon, este filtro A transparente es un filtro de protecci\u00f3n transparente simple que se utiliza para proteger el interior del cuerpo de la c\u00e1mara y el elemento trasero del objetivo cuando el adaptador de objetivo est\u00e1 en uso. Se utiliza principalmente cuando el adaptador de montaje del filtro drop-in est\u00e1 en su lugar, pero no se desea ning\u00fan efecto de filtro. <\/span><\/div>\n","protected":false},"excerpt":{"rendered":"<p>DISPONIBILIDAD PREVISTA EN 2019 ASPECTOS DESTACADOS DEL PRODUCTO Para Adapt. EF-EOS R Filtro transparente y protector Para usar cuando no<\/p>\n","protected":false},"featured_media":21411,"comment_status":"closed","ping_status":"open","template":"","meta":{"_acf_changed":false},"product_brand":[2538],"product_cat":[1052],"product_tag":[],"class_list":{"0":"post-71536","1":"product","2":"type-product","3":"status-publish","4":"has-post-thumbnail","6":"product_brand-canon-es","7":"product_cat-proteccion-uv","9":"first","10":"onbackorder","11":"taxable","12":"shipping-taxable","13":"purchasable","14":"product-type-simple"},"bundled_by":[],"bundle_stock_status":"onbackorder","bundle_stock_quantity":null,"bundle_virtual":false,"bundle_layout":"","bundle_add_to_cart_form_location":"","bundle_editable_in_cart":false,"bundle_sold_individually_context":"","bundle_item_grouping":"","bundle_min_size":"","bundle_max_size":"","bundle_price":[],"bundled_items":[],"bundle_sell_ids":[],"acf":[],"_links":{"self":[{"href":"https:\/\/hi-techwonder.com\/es\/wp-json\/wp\/v2\/product\/71536","targetHints":{"allow":["GET"]}}],"collection":[{"href":"https:\/\/hi-techwonder.com\/es\/wp-json\/wp\/v2\/product"}],"about":[{"href":"https:\/\/hi-techwonder.com\/es\/wp-json\/wp\/v2\/types\/product"}],"replies":[{"embeddable":true,"href":"https:\/\/hi-techwonder.com\/es\/wp-json\/wp\/v2\/comments?post=71536"}],"wp:featuredmedia":[{"embeddable":true,"href":"https:\/\/hi-techwonder.com\/es\/wp-json\/wp\/v2\/media\/21411"}],"wp:attachment":[{"href":"https:\/\/hi-techwonder.com\/es\/wp-json\/wp\/v2\/media?parent=71536"}],"wp:term":[{"taxonomy":"product_brand","embeddable":true,"href":"https:\/\/hi-techwonder.com\/es\/wp-json\/wp\/v2\/product_brand?post=71536"},{"taxonomy":"product_cat","embeddable":true,"href":"https:\/\/hi-techwonder.com\/es\/wp-json\/wp\/v2\/product_cat?post=71536"},{"taxonomy":"product_tag","embeddable":true,"href":"https:\/\/hi-techwonder.com\/es\/wp-json\/wp\/v2\/product_tag?post=71536"}],"curies":[{"name":"wp","href":"https:\/\/api.w.org\/{rel}","templated":true}]}}