{"id":71537,"date":"2025-07-29T00:18:17","date_gmt":"2025-07-29T00:18:17","guid":{"rendered":"https:\/\/fv6qoy3ls0.wpdns.site\/produto\/cuerpo-de-la-eos-rp-de-canon\/"},"modified":"2026-05-05T22:22:22","modified_gmt":"2026-05-05T21:22:22","slug":"canon-cuerpo-de-la-eos-rp-de-canon","status":"publish","type":"product","link":"https:\/\/hi-techwonder.com\/es\/producto\/canon-cuerpo-de-la-eos-rp-de-canon\/","title":{"rendered":"Canon EOS RP Cuerpo"},"content":{"rendered":"<p>La <strong>EOS RP de Canon<\/strong> ofrece la potencia de una c\u00e1mara mirrorless de fotograma completo en un cuerpo ligero y compacto de la serie EOS, lo que abre un mundo de posibilidades creativas y emocionantes para llevar tus habilidades fotogr\u00e1ficas a\u00fan m\u00e1s lejos. El sensor CMOS de 26,2 megap\u00edxeles de la EOS RP de Canon funciona a la perfecci\u00f3n con poca luz gracias al procesador DIGIC 8 y al DLO integrado, que a su vez ofrece resultados sorprendentes directamente a la c\u00e1mara. <\/p>\n<p><iframe loading=\"lazy\" src=\"\/\/www.youtube.com\/embed\/2b_Es-LBXW4\" width=\"100%\" height=\"auto\" allowfullscreen=\"allowfullscreen\"><\/iframe><\/p>\n<p><strong><span style=\"color: #000000\">Productos destacados:<\/span><\/strong><\/p>\n<ul>\n<li><span style=\"color: #000000\">Sensor CMOS de fotograma completo de 26,2 MP<\/span><\/li>\n<li><span style=\"color: #000000\">Procesador de imagen DIGIC 8<\/span><\/li>\n<li><span style=\"color: #000000\">AF CMOS de doble p\u00edxel<\/span><\/li>\n<li><span style=\"color: #000000\">Visor electr\u00f3nico de 2,36 m de puntos<\/span><\/li>\n<li><span style=\"color: #000000\">Pantalla t\u00e1ctil LCD de \u00e1ngulo variable<\/span><\/li>\n<li><span style=\"color: #000000\">Conectividad Wi-Fi y Bluetooth<\/span><\/li>\n<\/ul>\n<p><span style=\"color: #000000\">&nbsp;<\/span><\/p>\n<p><span style=\"color: #000000\">Impresionantemente peque\u00f1a a pesar de tener un gran sensor de fotograma completo, la Canon EOS RP ofrece capacidades de imagen flexibles junto con un factor de forma port\u00e1til. Con un sensor CMOS de fotograma completo de alta resoluci\u00f3n de 26,2 MP, junto con un procesador de imagen DIGIC 8, se pueden grabar fotos y v\u00eddeos utilizando un amplio rango de sensibilidad para adaptarse al trabajo en una variedad de condiciones de iluminaci\u00f3n. El sensor tambi\u00e9n facilita un avanzado sistema Dual Pixel CMOS AF, que identifica los puntos de detecci\u00f3n de fase en el sensor para adquirir el enfoque de forma r\u00e1pida y precisa durante el funcionamiento de fotos y v\u00eddeos. Como complemento del sensor y el procesador, el RP tambi\u00e9n cuenta con un visor electr\u00f3nico de 2,36 m de puntos junto con un monitor LCD de pantalla t\u00e1ctil de \u00e1ngulo variable trasero para facilitar la visualizaci\u00f3n de \u00e1ngulos altos y bajos. Adem\u00e1s, Wi-Fi y Bluetooth permiten el control remoto inal\u00e1mbrico de la c\u00e1mara, junto con el intercambio directo de im\u00e1genes a dispositivos m\u00f3viles vinculados.    <\/span><\/p>\n<p><strong><span style=\"color: #000000\">Montura de lente Canon RF<\/span><\/strong><\/p>\n<p><span style=\"color: #000000\">La EOS RP cuenta con la montura de lente RF, que es compatible con la l\u00ednea de lentes con montura RF de Canon. Esta montura se caracteriza por su amplio di\u00e1metro de 54 mm y su corta distancia de brida trasera de 20 mm, lo que promueve la capacidad de dise\u00f1ar lentes que son m\u00e1s r\u00e1pidos y peque\u00f1os que sus contrapartes SLR. La montura tambi\u00e9n incorpora un sistema de contacto electr\u00f3nico de 12 pines para capacidades de enfoque autom\u00e1tico y estabilizaci\u00f3n de imagen m\u00e1s sofisticadas. Este dise\u00f1o de montura tambi\u00e9n proporciona compatibilidad total con los objetivos de montura EF y EF-S existentes a trav\u00e9s de un adaptador de montura EF-EOS R opcional.   <\/span><\/p>\n<p><strong><span style=\"color: #000000\">Sensor CMOS de fotograma completo de 26,2 MP y procesador de imagen DIGIC 8<\/span><\/strong><\/p>\n<p><span style=\"color: #000000\">Se presenta un gran sensor CMOS de fotograma completo de 26,2 MP que sirve como un equilibrio ideal entre salida de alta resoluci\u00f3n, rendimiento con poca luz y capacidades de alta velocidad. Cuando se combina con el procesador de imagen DIGIC 8, la EOS RP tiene un amplio rango de sensibilidad para trabajar en una variedad de condiciones de iluminaci\u00f3n. <\/span><\/p>\n<p><strong><span style=\"color: #000000\">AF CMOS de doble p\u00edxel<\/span><\/strong><\/p>\n<p><span style=\"color: #000000\">Dual Pixel CMOS AF ofrece un rendimiento de enfoque r\u00e1pido y suave de manera similar a c\u00f3mo una videoc\u00e1mara adquiere el enfoque. Este sistema integra dos fotodiodos separados en cada p\u00edxel para proporcionar una red amplia y densa de elementos de recolecci\u00f3n de detecci\u00f3n de fase en la mayor parte del sensor de imagen para reducir la b\u00fasqueda de enfoque para un control m\u00e1s r\u00e1pido y directo del posicionamiento del enfoque. Cuando se trabaja con im\u00e1genes fijas, este sistema de enfoque funciona para lograr un enfoque r\u00e1pido y preciso, lo que lo hace ideal para fotografiar y rastrear sujetos en movimiento para lograr un enfoque cr\u00edtico en cada toma. Al grabar v\u00eddeo, el modo AF Servo de v\u00eddeo ofrece un enfoque suave y natural al cambiar de diferentes sujetos o diferentes distancias dentro de la escena, as\u00ed como la capacidad de especificar la sensibilidad de seguimiento, la velocidad de AF y la prioridad de seguimiento de rostros. Benefici\u00e1ndose del sistema Touch AF, el enfoque en rack es posible simplemente tocando elementos dentro de la escena en la pantalla t\u00e1ctil para cambiar el enfoque de forma intuitiva. El seguimiento del sujeto en las pel\u00edculas tambi\u00e9n se ha mejorado debido a la capacidad del sistema Dual Pixel CMOS AF para reconocer sujetos y mantenerse enfocado cuando se trabaja en escenarios cambiantes o desordenados.     <\/span><\/p>\n<p><strong><span style=\"color: #000000\">Dise\u00f1o del cuerpo<\/span><\/strong><\/p>\n<ul>\n<li><span style=\"color: #000000\">El visor electr\u00f3nico integrado de 2,36 m de puntos proporciona un medio claro y brillante para una visualizaci\u00f3n a la altura de los ojos.<\/span><\/li>\n<li><span style=\"color: #000000\">La pantalla LCD trasera presenta un dise\u00f1o de \u00e1ngulo variable para facilitar su uso cuando se trabaja en \u00e1ngulos altos, bajos y orientados hacia adelante. Tambi\u00e9n es una pantalla t\u00e1ctil para un control intuitivo sobre los controles de disparo, reproducci\u00f3n y navegaci\u00f3n por men\u00fas. <\/span><\/li>\n<li><span style=\"color: #000000\">La conectividad Wi-Fi y Bluetooth integrada te permite compartir, controlar y transferir im\u00e1genes de forma inal\u00e1mbrica con un dispositivo inteligente compatible a trav\u00e9s de la aplicaci\u00f3n Canon Camera Connect, que tambi\u00e9n admite el geoetiquetado de tus archivos utilizando los datos de ubicaci\u00f3n de tu dispositivo m\u00f3vil.<\/span><\/li>\n<li><span style=\"color: #000000\">La carga en la c\u00e1mara a trav\u00e9s de USB es compatible para una carga f\u00e1cil sobre la marcha.<\/span><\/li>\n<\/ul>\n<h2 class=\"western\" style=\"font-weight: normal\"><span style=\"font-size: small\"><span style=\"color: #000000\">Especificaciones de Canon PR<\/span><\/span><\/h2>\n<table style=\"width: 365px\" border=\"0\" cellspacing=\"0\" cellpadding=\"2\">\n<colgroup>\n<col width=\"214\">\n<col width=\"143\"><\/colgroup>\n<tbody>\n<tr>\n<th colspan=\"2\" width=\"361\">\n<p class=\"western\" style=\"border: none;padding: 0cm;font-weight: normal\"><span style=\"color: #000000\"><a name=\"9002\"><\/a><span style=\"font-size: x-large\">Imagen<\/span><\/span><\/p>\n<\/th>\n<\/tr>\n<tr>\n<td width=\"214\">\n<p style=\"border-top: none;border-bottom: 1px solid #e6e7e8;border-left: none;border-right: none;padding: 0cm 0cm 0.53cm 0cm\"><span style=\"color: #000000\">Montura de lente<\/span><\/p>\n<\/td>\n<td width=\"143\">\n<p style=\"border-top: none;border-bottom: 1px solid #e6e7e8;border-left: none;border-right: none;padding: 0cm 0cm 0.53cm 0cm\"><span style=\"color: #000000\">Canon RF<\/span><\/p>\n<\/td>\n<\/tr>\n<tr>\n<td width=\"214\">\n<p style=\"border-top: none;border-bottom: 1px solid #e6e7e8;border-left: none;border-right: none;padding: 0cm 0cm 0.53cm 0cm\"><span style=\"color: #000000\">Formato de c\u00e1mara<\/span><\/p>\n<\/td>\n<td width=\"143\">\n<p style=\"border-top: none;border-bottom: 1px solid #e6e7e8;border-left: none;border-right: none;padding: 0cm 0cm 0.53cm 0cm\"><span style=\"color: #000000\">Imagen completa<\/span><\/p>\n<\/td>\n<\/tr>\n<tr>\n<td width=\"214\">\n<p style=\"border-top: none;border-bottom: 1px solid #e6e7e8;border-left: none;border-right: none;padding: 0cm 0cm 0.53cm 0cm\"><span style=\"color: #000000\">P\u00edxeles<\/span><\/p>\n<\/td>\n<td width=\"143\">\n<p style=\"border-top: none;border-bottom: 1px solid #e6e7e8;border-left: none;border-right: none;padding: 0cm 0cm 0.53cm 0cm\"><span style=\"color: #000000\">26,2 megap\u00edxeles<\/span><\/p>\n<\/td>\n<\/tr>\n<tr>\n<td width=\"214\">\n<p style=\"border-top: none;border-bottom: 1px solid #e6e7e8;border-left: none;border-right: none;padding: 0cm 0cm 0.53cm 0cm\"><span style=\"color: #000000\">Relaci\u00f3n de aspecto<\/span><\/p>\n<\/td>\n<td width=\"143\">\n<p style=\"border-top: none;border-bottom: 1px solid #e6e7e8;border-left: none;border-right: none;padding: 0cm 0cm 0.53cm 0cm\"><span style=\"color: #000000\">3:2<\/span><\/p>\n<\/td>\n<\/tr>\n<tr>\n<td width=\"214\">\n<p style=\"border-top: none;border-bottom: 1px solid #e6e7e8;border-left: none;border-right: none;padding: 0cm 0cm 0.53cm 0cm\"><span style=\"color: #000000\">Sistema de reducci\u00f3n de polvo<\/span><\/p>\n<\/td>\n<td width=\"143\">\n<p style=\"border-top: none;border-bottom: 1px solid #e6e7e8;border-left: none;border-right: none;padding: 0cm 0cm 0.53cm 0cm\"><span style=\"color: #000000\">S\u00ed<\/span><\/p>\n<\/td>\n<\/tr>\n<tr>\n<td width=\"214\">\n<p style=\"border-top: none;border-bottom: 1px solid #e6e7e8;border-left: none;border-right: none;padding: 0cm 0cm 0.53cm 0cm\"><span style=\"color: #000000\">Tipo de tarjeta de memoria<\/span><\/p>\n<\/td>\n<td width=\"143\">\n<p style=\"border-top: none;border-bottom: 1px solid #e6e7e8;border-left: none;border-right: none;padding: 0cm 0cm 0.53cm 0cm\"><span style=\"color: #000000\">SD<br \/>SDHC<br \/>S\u00edgueme<\/span><\/p>\n<\/td>\n<\/tr>\n<\/tbody>\n<\/table>\n<table style=\"width: 223px\" border=\"0\" cellspacing=\"0\" cellpadding=\"2\">\n<colgroup>\n<col width=\"164\">\n<col width=\"51\"><\/colgroup>\n<tbody>\n<tr>\n<th colspan=\"2\" width=\"219\">\n<p class=\"western\" style=\"border: none;padding: 0cm;font-weight: normal\"><span style=\"color: #000000\"><a name=\"41504\"><\/a><span style=\"font-size: x-large\">Grabaci\u00f3n AV<\/span><\/span><\/p>\n<\/th>\n<\/tr>\n<tr>\n<td width=\"164\">\n<p style=\"border-top: none;border-bottom: 1px solid #e6e7e8;border-left: none;border-right: none;padding: 0cm 0cm 0.53cm 0cm\"><span style=\"color: #000000\">Grabaci\u00f3n de video<\/span><\/p>\n<\/td>\n<td width=\"51\">\n<p style=\"border-top: none;border-bottom: 1px solid #e6e7e8;border-left: none;border-right: none;padding: 0cm 0cm 0.53cm 0cm\"><span style=\"color: #000000\">S\u00ed<\/span><\/p>\n<\/td>\n<\/tr>\n<tr>\n<td width=\"164\">\n<p style=\"border-top: none;border-bottom: 1px solid #e6e7e8;border-left: none;border-right: none;padding: 0cm 0cm 0.53cm 0cm\"><span style=\"color: #000000\">Relaci\u00f3n de aspecto<\/span><\/p>\n<\/td>\n<td width=\"51\">\n<p style=\"border-top: none;border-bottom: 1px solid #e6e7e8;border-left: none;border-right: none;padding: 0cm 0cm 0.53cm 0cm\"><span style=\"color: #000000\">16:9<\/span><\/p>\n<\/td>\n<\/tr>\n<\/tbody>\n<\/table>\n<table style=\"width: 305px\" border=\"0\" cellspacing=\"0\" cellpadding=\"2\">\n<colgroup>\n<col width=\"102\">\n<col width=\"195\"><\/colgroup>\n<tbody>\n<tr>\n<th colspan=\"2\" width=\"301\">\n<p class=\"western\" style=\"border: none;padding: 0cm;font-weight: normal\"><span style=\"color: #000000\"><a name=\"43001\"><\/a><span style=\"font-size: x-large\">Control de enfoque<\/span><\/span><\/p>\n<\/th>\n<\/tr>\n<tr>\n<td width=\"102\">\n<p style=\"border-top: none;border-bottom: 1px solid #e6e7e8;border-left: none;border-right: none;padding: 0cm 0cm 0.53cm 0cm\"><span style=\"color: #000000\">Tipo de enfoque<\/span><\/p>\n<\/td>\n<td width=\"195\">\n<p style=\"border-top: none;border-bottom: 1px solid #e6e7e8;border-left: none;border-right: none;padding: 0cm 0cm 0.53cm 0cm\"><span style=\"color: #000000\">Enfoque autom\u00e1tico y manual<\/span><\/p>\n<\/td>\n<\/tr>\n<\/tbody>\n<\/table>\n<table style=\"width: 312px\" border=\"0\" cellspacing=\"0\" cellpadding=\"2\">\n<colgroup>\n<col width=\"206\">\n<col width=\"97\"><\/colgroup>\n<tbody>\n<tr>\n<th colspan=\"2\" width=\"308\">\n<p class=\"western\" style=\"border: none;padding: 0cm;font-weight: normal\"><span style=\"color: #000000\"><a name=\"12001\"><\/a><span style=\"font-size: x-large\">Pantalla\/Pantalla<\/span><\/span><\/p>\n<\/th>\n<\/tr>\n<tr>\n<td width=\"206\">\n<p style=\"border-top: none;border-bottom: 1px solid #e6e7e8;border-left: none;border-right: none;padding: 0cm 0cm 0.53cm 0cm\"><span style=\"color: #000000\">Tipo de pantalla<\/span><\/p>\n<\/td>\n<td width=\"97\">\n<p style=\"border-top: none;border-bottom: 1px solid #e6e7e8;border-left: none;border-right: none;padding: 0cm 0cm 0.53cm 0cm\"><span style=\"color: #000000\">Electr\u00f3nico<\/span><\/p>\n<\/td>\n<\/tr>\n<tr>\n<td width=\"206\">\n<p style=\"border-top: none;border-bottom: 1px solid #e6e7e8;border-left: none;border-right: none;padding: 0cm 0cm 0.53cm 0cm\"><span style=\"color: #000000\">Recuento de p\u00edxeles de pantalla<\/span><\/p>\n<\/td>\n<td width=\"97\">\n<p style=\"border-top: none;border-bottom: 1px solid #e6e7e8;border-left: none;border-right: none;padding: 0cm 0cm 0.53cm 0cm\"><span style=\"color: #000000\">2.360.000<\/span><\/p>\n<\/td>\n<\/tr>\n<tr>\n<td width=\"206\">\n<p style=\"border-top: none;border-bottom: 1px solid #e6e7e8;border-left: none;border-right: none;padding: 0cm 0cm 0.53cm 0cm\"><span style=\"color: #000000\">Cubierta de pantalla<\/span><\/p>\n<\/td>\n<td width=\"97\">\n<p style=\"border-top: none;border-bottom: 1px solid #e6e7e8;border-left: none;border-right: none;padding: 0cm 0cm 0.53cm 0cm\"><span style=\"color: #000000\">100%<\/span><\/p>\n<\/td>\n<\/tr>\n<tr>\n<td width=\"206\">\n<p style=\"border-top: none;border-bottom: 1px solid #e6e7e8;border-left: none;border-right: none;padding: 0cm 0cm 0.53cm 0cm\"><span style=\"color: #000000\">Cubierta de pantalla<\/span><\/p>\n<\/td>\n<td width=\"97\">\n<p style=\"border-top: none;border-bottom: 1px solid #e6e7e8;border-left: none;border-right: none;padding: 0cm 0cm 0.53cm 0cm\"><span style=\"color: #000000\">100%<\/span><\/p>\n<\/td>\n<\/tr>\n<\/tbody>\n<\/table>\n<table style=\"width: 335px\" border=\"0\" cellspacing=\"0\" cellpadding=\"2\">\n<colgroup>\n<col width=\"239\">\n<col width=\"88\"><\/colgroup>\n<tbody>\n<tr>\n<th colspan=\"2\" width=\"331\">\n<p class=\"western\" style=\"border: none;padding: 0cm;font-weight: normal\"><span style=\"color: #000000\"><a name=\"11005\"><\/a><span style=\"font-size: x-large\">Instant\u00e1nea<\/span><\/span><\/p>\n<\/th>\n<\/tr>\n<tr>\n<td width=\"239\">\n<p style=\"border-top: none;border-bottom: 1px solid #e6e7e8;border-left: none;border-right: none;padding: 0cm 0cm 0.53cm 0cm\"><span style=\"color: #000000\">Conexi\u00f3n flash externa<\/span><\/p>\n<\/td>\n<td width=\"88\">\n<p style=\"border-top: none;border-bottom: 1px solid #e6e7e8;border-left: none;border-right: none;padding: 0cm 0cm 0.53cm 0cm\"><span style=\"color: #000000\">Zapata<\/span><\/p>\n<\/td>\n<\/tr>\n<\/tbody>\n<\/table>\n<table style=\"width: 214px\" border=\"0\" cellspacing=\"0\" cellpadding=\"2\">\n<colgroup>\n<col width=\"141\">\n<col width=\"65\"><\/colgroup>\n<tbody>\n<tr>\n<th colspan=\"2\" width=\"210\">\n<p class=\"western\" style=\"border: none;padding: 0cm;font-weight: normal\"><span style=\"color: #000000\"><a name=\"11011\"><\/a><span style=\"font-size: x-large\">interino<\/span><\/span><\/p>\n<\/th>\n<\/tr>\n<tr>\n<td width=\"141\">\n<p style=\"border-top: none;border-bottom: 1px solid #e6e7e8;border-left: none;border-right: none;padding: 0cm 0cm 0.53cm 0cm\"><span style=\"color: #000000\">Compatible con Wi-Fi<\/span><\/p>\n<\/td>\n<td width=\"65\">\n<p style=\"border-top: none;border-bottom: 1px solid #e6e7e8;border-left: none;border-right: none;padding: 0cm 0cm 0.53cm 0cm\"><span style=\"color: #000000\">S\u00ed<\/span><\/p>\n<\/td>\n<\/tr>\n<\/tbody>\n<\/table>\n<table style=\"width: 597px\" border=\"0\" cellspacing=\"0\" cellpadding=\"2\">\n<colgroup>\n<col width=\"71\">\n<col width=\"518\"><\/colgroup>\n<tbody>\n<tr>\n<th colspan=\"2\" width=\"593\">\n<p class=\"western\" style=\"border: none;padding: 0cm;font-weight: normal\"><span style=\"color: #000000\"><a name=\"11504\"><\/a><span style=\"font-size: x-large\">Poder<\/span><\/span><\/p>\n<\/th>\n<\/tr>\n<tr>\n<td width=\"71\">\n<p style=\"border-top: none;border-bottom: 1px solid #e6e7e8;border-left: none;border-right: none;padding: 0cm 0cm 0.53cm 0cm\"><span style=\"color: #000000\">Bater\u00eda<\/span><\/p>\n<\/td>\n<td width=\"518\">\n<p style=\"border: none;padding: 0cm\"><span style=\"color: #000000\"><strong>1 x<\/strong> Bater\u00eda recargable de iones de litio LP-E17, 7.2VDC, 1040mAh<\/span><\/p>\n<\/td>\n<\/tr>\n<\/tbody>\n<\/table>\n<table style=\"width: 597px\" border=\"0\" cellspacing=\"0\" cellpadding=\"2\">\n<colgroup>\n<col width=\"217\">\n<col width=\"371\"><\/colgroup>\n<tbody>\n<tr>\n<th colspan=\"2\" width=\"593\">\n<p class=\"western\" style=\"border: none;padding: 0cm;font-weight: normal\"><span style=\"color: #000000\"><a name=\"11501\"><\/a><span style=\"font-size: x-large\">F\u00edsico<\/span><\/span><\/p>\n<\/th>\n<\/tr>\n<tr>\n<td width=\"217\">\n<p style=\"border-top: none;border-bottom: 1px solid #e6e7e8;border-left: none;border-right: none;padding: 0cm 0cm 0.53cm 0cm\"><span style=\"color: #000000\">Dimensiones (ancho x alto x profundidad)<\/span><\/p>\n<\/td>\n<td width=\"371\">\n<p style=\"border-top: none;border-bottom: 1px solid #e6e7e8;border-left: none;border-right: none;padding: 0cm 0cm 0.53cm 0cm\"><span style=\"color: #000000\">132,1 x 83,8 x 71,1 mil\u00edmetros<\/span><\/p>\n<\/td>\n<\/tr>\n<tr>\n<td width=\"217\">\n<p style=\"border-top: none;border-bottom: 1px solid #e6e7e8;border-left: none;border-right: none;padding: 0cm 0cm 0.53cm 0cm\"><span style=\"color: #000000\">Peso<\/span><\/p>\n<\/td>\n<td width=\"371\">\n<p style=\"border-top: none;border-bottom: 1px solid #e6e7e8;border-left: none;border-right: none;padding: 0cm 0cm 0.53cm 0cm\"><span style=\"color: #000000\">485 gramos<\/span><\/p>\n<\/td>\n<\/tr>\n<\/tbody>\n<\/table>\n<p style=\"margin-bottom: 0cm\"><strong><span style=\"color: #000000\">En la caja:<\/span><\/strong><\/p>\n<ul>\n<li><span style=\"color: #000000\">C\u00e1mara digital sin espejo Canon EOS RP (solo cuerpo)<\/span><\/li>\n<li><span style=\"color: #000000\">Bater\u00eda de iones de litio LP-E17<\/span><\/li>\n<li><span style=\"color: #000000\">Cargador LC-E17 para bater\u00eda LP-E17<\/span><\/li>\n<li><span style=\"color: #000000\">Cubierta de la c\u00e1mara RF-5<\/span><\/li>\n<li><span style=\"color: #000000\">Correa ER-EOSRP<\/span><\/li>\n<\/ul>\n<p><object><\/object><\/p>\n","protected":false},"excerpt":{"rendered":"<p>La EOS RP de Canon ofrece la potencia de una c\u00e1mara mirrorless de fotograma completo en un cuerpo ligero y<\/p>\n","protected":false},"featured_media":37535,"comment_status":"closed","ping_status":"open","template":"","meta":{"_acf_changed":false},"product_brand":[2538],"product_cat":[932],"product_tag":[],"class_list":{"0":"post-71537","1":"product","2":"type-product","3":"status-publish","4":"has-post-thumbnail","6":"product_brand-canon-es","7":"product_cat-mirrorless-es","8":"pa_cartoes-memoria-compativeis-sd-es","9":"pa_cor-negro","10":"pa_estabilizacao-de-imagem-si","11":"pa_iso-40000-es","12":"pa_montagem-canon-rf-es","13":"pa_resolucao-de-video-4k-es","14":"pa_resolucao-mp-262-mp","15":"pa_sensor-aps-c-es","16":"pa_tamanho-resolucao-lcd-3-0-1-04m-puntos","17":"pa_tipo-de-lcd-totalmente-articulada","19":"first","20":"onbackorder","21":"sale","22":"taxable","23":"shipping-taxable","24":"purchasable","25":"product-type-simple"},"bundled_by":[],"bundle_stock_status":"onbackorder","bundle_stock_quantity":null,"bundle_virtual":false,"bundle_layout":"","bundle_add_to_cart_form_location":"","bundle_editable_in_cart":false,"bundle_sold_individually_context":"","bundle_item_grouping":"","bundle_min_size":"","bundle_max_size":"","bundle_price":[],"bundled_items":[],"bundle_sell_ids":[],"acf":[],"_links":{"self":[{"href":"https:\/\/hi-techwonder.com\/es\/wp-json\/wp\/v2\/product\/71537","targetHints":{"allow":["GET"]}}],"collection":[{"href":"https:\/\/hi-techwonder.com\/es\/wp-json\/wp\/v2\/product"}],"about":[{"href":"https:\/\/hi-techwonder.com\/es\/wp-json\/wp\/v2\/types\/product"}],"replies":[{"embeddable":true,"href":"https:\/\/hi-techwonder.com\/es\/wp-json\/wp\/v2\/comments?post=71537"}],"wp:featuredmedia":[{"embeddable":true,"href":"https:\/\/hi-techwonder.com\/es\/wp-json\/wp\/v2\/media\/37535"}],"wp:attachment":[{"href":"https:\/\/hi-techwonder.com\/es\/wp-json\/wp\/v2\/media?parent=71537"}],"wp:term":[{"taxonomy":"product_brand","embeddable":true,"href":"https:\/\/hi-techwonder.com\/es\/wp-json\/wp\/v2\/product_brand?post=71537"},{"taxonomy":"product_cat","embeddable":true,"href":"https:\/\/hi-techwonder.com\/es\/wp-json\/wp\/v2\/product_cat?post=71537"},{"taxonomy":"product_tag","embeddable":true,"href":"https:\/\/hi-techwonder.com\/es\/wp-json\/wp\/v2\/product_tag?post=71537"}],"curies":[{"name":"wp","href":"https:\/\/api.w.org\/{rel}","templated":true}]}}