{"id":71538,"date":"2025-07-28T23:24:31","date_gmt":"2025-07-28T23:24:31","guid":{"rendered":"https:\/\/fv6qoy3ls0.wpdns.site\/produto\/filtro-polarizador-circular-canon-drop-in-a\/"},"modified":"2026-01-31T04:00:46","modified_gmt":"2026-01-31T04:00:46","slug":"canon-filtro-polarizador-circular-canon-drop-in-a","status":"publish","type":"product","link":"https:\/\/hi-techwonder.com\/es\/producto\/canon-filtro-polarizador-circular-canon-drop-in-a\/","title":{"rendered":"Filtro polarizador circular CANON Drop-In A"},"content":{"rendered":"<p><span style=\"font-size: small\"><strong><span style=\"color: #ff0000\"><span style=\"font-size: large\">DISPONIBILIDAD PREVISTA EN 2019<\/span><br \/><\/strong><\/span><\/span><\/p>\n<p> <span style=\"font-size: small\"><strong>ASPECTOS DESTACADOS DEL PRODUCTO<br \/><\/strong><\/span><\/p>\n<ul>\n<li> <span style=\"font-size: small\">Para Adapt. EF-EOS R <\/span><\/li>\n<li> <span style=\"font-size: small\">Rueda de rotaci\u00f3n de filtro integrada<\/span><\/li>\n<li> <span style=\"font-size: small\">Minimiza los reflejos y el deslumbramiento<\/span><\/li>\n<li> <span style=\"font-size: small\">Reduce la neblina y el tinte azul en los paisajes<\/span><\/li>\n<li> <span style=\"font-size: small\">Mejora la saturaci\u00f3n tonal y de color<\/span><\/li>\n<\/ul>\n<div> <span style=\"font-size: small\">&nbsp;<\/span><\/div>\n<div> <span style=\"font-size: small\">Dise\u00f1ado para su uso con el adaptador de montura de filtro drop-in EF-EOS R de Canon, este filtro polarizador circular drop-in A es un medio intuitivo y elegante para usar un polarizador junto con un objetivo adaptado, especialmente aquellos objetivos que no tienen roscas de filtro tradicionales. Este polarizador se instala permanentemente dentro de un soporte directo y tiene una rueda integrada para ajustar la posici\u00f3n de rotaci\u00f3n y cambiar el efecto de polarizaci\u00f3n. <\/p>\n<p>  El filtro polarizador circular es \u00fatil para minimizar los reflejos y el deslumbramiento, y mejora la saturaci\u00f3n general del color y el tono al filtrar la luz que se ha polarizado debido a la reflexi\u00f3n de una superficie no met\u00e1lica. Tambi\u00e9n ayuda a disminuir la neblina en paisajes lejanos y aumentar el contraste aparente. <\/span><\/div>\n","protected":false},"excerpt":{"rendered":"<p>DISPONIBILIDAD PREVISTA EN 2019 ASPECTOS DESTACADOS DEL PRODUCTO Para Adapt. EF-EOS R Rueda de rotaci\u00f3n de filtro integrada Minimiza los<\/p>\n","protected":false},"featured_media":21414,"comment_status":"closed","ping_status":"open","template":"","meta":{"_acf_changed":false},"product_brand":[2538],"product_cat":[1051],"product_tag":[],"class_list":{"0":"post-71538","1":"product","2":"type-product","3":"status-publish","4":"has-post-thumbnail","6":"product_brand-canon-es","7":"product_cat-polarizadores-es","9":"first","10":"onbackorder","11":"taxable","12":"shipping-taxable","13":"purchasable","14":"product-type-simple"},"bundled_by":[],"bundle_stock_status":"onbackorder","bundle_stock_quantity":null,"bundle_virtual":false,"bundle_layout":"","bundle_add_to_cart_form_location":"","bundle_editable_in_cart":false,"bundle_sold_individually_context":"","bundle_item_grouping":"","bundle_min_size":"","bundle_max_size":"","bundle_price":[],"bundled_items":[],"bundle_sell_ids":[],"acf":[],"_links":{"self":[{"href":"https:\/\/hi-techwonder.com\/es\/wp-json\/wp\/v2\/product\/71538","targetHints":{"allow":["GET"]}}],"collection":[{"href":"https:\/\/hi-techwonder.com\/es\/wp-json\/wp\/v2\/product"}],"about":[{"href":"https:\/\/hi-techwonder.com\/es\/wp-json\/wp\/v2\/types\/product"}],"replies":[{"embeddable":true,"href":"https:\/\/hi-techwonder.com\/es\/wp-json\/wp\/v2\/comments?post=71538"}],"wp:featuredmedia":[{"embeddable":true,"href":"https:\/\/hi-techwonder.com\/es\/wp-json\/wp\/v2\/media\/21414"}],"wp:attachment":[{"href":"https:\/\/hi-techwonder.com\/es\/wp-json\/wp\/v2\/media?parent=71538"}],"wp:term":[{"taxonomy":"product_brand","embeddable":true,"href":"https:\/\/hi-techwonder.com\/es\/wp-json\/wp\/v2\/product_brand?post=71538"},{"taxonomy":"product_cat","embeddable":true,"href":"https:\/\/hi-techwonder.com\/es\/wp-json\/wp\/v2\/product_cat?post=71538"},{"taxonomy":"product_tag","embeddable":true,"href":"https:\/\/hi-techwonder.com\/es\/wp-json\/wp\/v2\/product_tag?post=71538"}],"curies":[{"name":"wp","href":"https:\/\/api.w.org\/{rel}","templated":true}]}}