{"id":71540,"date":"2025-07-29T10:44:29","date_gmt":"2025-07-29T10:44:29","guid":{"rendered":"https:\/\/fv6qoy3ls0.wpdns.site\/produto\/caruba-chc-3-hdmi-a-micro-hdmi-cable-en-espiral-100cm\/"},"modified":"2026-03-11T17:14:44","modified_gmt":"2026-03-11T17:14:44","slug":"caruba-chc-3-hdmi-a-micro-hdmi-cable-en-espiral-100cm","status":"publish","type":"product","link":"https:\/\/hi-techwonder.com\/es\/producto\/caruba-chc-3-hdmi-a-micro-hdmi-cable-en-espiral-100cm\/","title":{"rendered":"CARUBA CHC-3 HDMI a Micro-HDMI Cable en espiral 100cm"},"content":{"rendered":"<p><strong>CARUBA <\/strong><strong>CHC-3 <\/strong><strong>HDMI a Micro HDMI Cable en espiral 100cm<\/strong><\/p>\n<p><strong>Contenido del paquete:<\/strong><\/p>\n<ul>\n<li>1 x Cable en espiral HDMI-MICRO HDMI de 1 m<\/li>\n<\/ul>\n<p>Cable en espiral HDMI a Micro-HDMI con 150 cm (estirado).<\/p>\n<p>El cable HDMI a Micro-HDMI se puede utilizar para dispositivos de audio y video digital.&nbsp;<\/p>\n<p>Conecta se\u00f1ales entre Micro-HDMI y dispositivos de puerto HDMI est\u00e1ndar como PC, computadoras port\u00e1tiles, tabletas, grabadora de video digital, c\u00e1mara, HDTV digital, TV de plasma, TV de plasma, TV LCD, proyector, grabadora de DVD, reproductor de DVD.&nbsp;<\/p>\n","protected":false},"excerpt":{"rendered":"<p>CARUBA CHC-3 HDMI a Micro HDMI Cable en espiral 100cm Contenido del paquete: 1 x Cable en espiral HDMI-MICRO HDMI<\/p>\n","protected":false},"featured_media":66880,"comment_status":"closed","ping_status":"closed","template":"","meta":{"_acf_changed":false},"product_brand":[2546],"product_cat":[1102],"product_tag":[],"class_list":{"0":"post-71540","1":"product","2":"type-product","3":"status-publish","4":"has-post-thumbnail","6":"product_brand-caruba-es","7":"product_cat-cables-y-conversores","9":"first","10":"outofstock","11":"taxable","12":"shipping-taxable","13":"purchasable","14":"product-type-simple"},"bundled_by":[],"bundle_stock_status":"outofstock","bundle_stock_quantity":null,"bundle_virtual":false,"bundle_layout":"","bundle_add_to_cart_form_location":"","bundle_editable_in_cart":false,"bundle_sold_individually_context":"","bundle_item_grouping":"","bundle_min_size":"","bundle_max_size":"","bundle_price":[],"bundled_items":[],"bundle_sell_ids":[],"acf":[],"_links":{"self":[{"href":"https:\/\/hi-techwonder.com\/es\/wp-json\/wp\/v2\/product\/71540","targetHints":{"allow":["GET"]}}],"collection":[{"href":"https:\/\/hi-techwonder.com\/es\/wp-json\/wp\/v2\/product"}],"about":[{"href":"https:\/\/hi-techwonder.com\/es\/wp-json\/wp\/v2\/types\/product"}],"replies":[{"embeddable":true,"href":"https:\/\/hi-techwonder.com\/es\/wp-json\/wp\/v2\/comments?post=71540"}],"wp:featuredmedia":[{"embeddable":true,"href":"https:\/\/hi-techwonder.com\/es\/wp-json\/wp\/v2\/media\/66880"}],"wp:attachment":[{"href":"https:\/\/hi-techwonder.com\/es\/wp-json\/wp\/v2\/media?parent=71540"}],"wp:term":[{"taxonomy":"product_brand","embeddable":true,"href":"https:\/\/hi-techwonder.com\/es\/wp-json\/wp\/v2\/product_brand?post=71540"},{"taxonomy":"product_cat","embeddable":true,"href":"https:\/\/hi-techwonder.com\/es\/wp-json\/wp\/v2\/product_cat?post=71540"},{"taxonomy":"product_tag","embeddable":true,"href":"https:\/\/hi-techwonder.com\/es\/wp-json\/wp\/v2\/product_tag?post=71540"}],"curies":[{"name":"wp","href":"https:\/\/api.w.org\/{rel}","templated":true}]}}