{"id":71545,"date":"2025-07-29T08:55:16","date_gmt":"2025-07-29T08:55:16","guid":{"rendered":"https:\/\/fv6qoy3ls0.wpdns.site\/produto\/funda-para-lluvia-caruba-b1-negro-pequena\/"},"modified":"2026-01-31T02:51:40","modified_gmt":"2026-01-31T02:51:40","slug":"caruba-funda-para-lluvia-caruba-b1-negro-pequena","status":"publish","type":"product","link":"https:\/\/hi-techwonder.com\/es\/producto\/caruba-funda-para-lluvia-caruba-b1-negro-pequena\/","title":{"rendered":"Funda para lluvia CARUBA B1 Negro &#8211; Peque\u00f1a"},"content":{"rendered":"<p>La cubierta para la lluvia protege una c\u00e1mara con la lente colocada y est\u00e1 hecha de material liviano, transpirable e impermeable.<br \/>Se puede poner y quitar r\u00e1pidamente y enfocar manualmente sin dificultad.<br \/>En condiciones de lluvia o polvo excesivo, puede disparar normalmente.<br \/>Se puede usar conectado al tr\u00edpode o sostenido por las manos del usuario mientras se mantiene la c\u00e1mara protegida.<\/p>\n<p><strong>Contenido de la caja:<\/strong><\/p>\n<ul>\n<li>1x cubierta de lluvia para c\u00e1mara y lente<\/li>\n<\/ul>\n<p><strong>Especificaciones t\u00e9cnicas:<\/strong><\/p>\n<ul>\n<li><strong>Compatibilidad: <\/strong>C\u00e1maras r\u00e9flex con objetivo de hasta 55 cm de longitud<\/li>\n<li><strong>Fijaci\u00f3n: <\/strong>Cinta de velcro<\/li>\n<\/ul>\n","protected":false},"excerpt":{"rendered":"<p>La cubierta para la lluvia protege una c\u00e1mara con la lente colocada y est\u00e1 hecha de material liviano, transpirable e<\/p>\n","protected":false},"featured_media":42805,"comment_status":"closed","ping_status":"closed","template":"","meta":{"_acf_changed":false},"product_brand":[2546],"product_cat":[1069],"product_tag":[],"class_list":{"0":"post-71545","1":"product","2":"type-product","3":"status-publish","4":"has-post-thumbnail","6":"product_brand-caruba-es","7":"product_cat-fundas-de-lluvia","9":"first","10":"instock","11":"taxable","12":"shipping-taxable","13":"purchasable","14":"product-type-simple"},"bundled_by":[],"bundle_stock_status":"instock","bundle_stock_quantity":1,"bundle_virtual":false,"bundle_layout":"","bundle_add_to_cart_form_location":"","bundle_editable_in_cart":false,"bundle_sold_individually_context":"","bundle_item_grouping":"","bundle_min_size":"","bundle_max_size":"","bundle_price":[],"bundled_items":[],"bundle_sell_ids":[],"acf":[],"_links":{"self":[{"href":"https:\/\/hi-techwonder.com\/es\/wp-json\/wp\/v2\/product\/71545","targetHints":{"allow":["GET"]}}],"collection":[{"href":"https:\/\/hi-techwonder.com\/es\/wp-json\/wp\/v2\/product"}],"about":[{"href":"https:\/\/hi-techwonder.com\/es\/wp-json\/wp\/v2\/types\/product"}],"replies":[{"embeddable":true,"href":"https:\/\/hi-techwonder.com\/es\/wp-json\/wp\/v2\/comments?post=71545"}],"wp:featuredmedia":[{"embeddable":true,"href":"https:\/\/hi-techwonder.com\/es\/wp-json\/wp\/v2\/media\/42805"}],"wp:attachment":[{"href":"https:\/\/hi-techwonder.com\/es\/wp-json\/wp\/v2\/media?parent=71545"}],"wp:term":[{"taxonomy":"product_brand","embeddable":true,"href":"https:\/\/hi-techwonder.com\/es\/wp-json\/wp\/v2\/product_brand?post=71545"},{"taxonomy":"product_cat","embeddable":true,"href":"https:\/\/hi-techwonder.com\/es\/wp-json\/wp\/v2\/product_cat?post=71545"},{"taxonomy":"product_tag","embeddable":true,"href":"https:\/\/hi-techwonder.com\/es\/wp-json\/wp\/v2\/product_tag?post=71545"}],"curies":[{"name":"wp","href":"https:\/\/api.w.org\/{rel}","templated":true}]}}