{"id":71549,"date":"2025-07-29T08:55:28","date_gmt":"2025-07-29T08:55:28","guid":{"rendered":"https:\/\/fv6qoy3ls0.wpdns.site\/produto\/caruba-a2-chubasquero-con-ventana-verde\/"},"modified":"2025-09-29T15:51:35","modified_gmt":"2025-09-29T15:51:35","slug":"caruba-a2-chubasquero-con-ventana-verde","status":"publish","type":"product","link":"https:\/\/hi-techwonder.com\/es\/producto\/caruba-a2-chubasquero-con-ventana-verde\/","title":{"rendered":"CARUBA A2 Chubasquero con Ventana (Verde)"},"content":{"rendered":"<h3 data-start=\"748\" data-end=\"771\" class=\"\"><b>CARUBA <\/b><b>A2 Chubasquero con Ventana (Verde)<\/b><\/h3>\n<h3 data-start=\"748\" data-end=\"771\" class=\"\"><strong data-start=\"752\" data-end=\"771\">Funciones<\/strong><\/h3>\n<ul data-start=\"773\" data-end=\"1264\">\n<li data-start=\"773\" data-end=\"844\" class=\"\">\n<\/li>\n<li data-start=\"202\" data-end=\"267\" class=\"\">\n<p data-start=\"204\" data-end=\"267\" class=\"\">Protege contra la lluvia, la nieve y las variaciones bruscas de temperatura<\/p>\n<\/li>\n<li data-start=\"268\" data-end=\"336\" class=\"\">\n<p data-start=\"270\" data-end=\"336\" class=\"\">Compatible con DSLR profesionales y c\u00e1maras con empu\u00f1adura de bater\u00eda<\/p>\n<\/li>\n<li data-start=\"337\" data-end=\"393\" class=\"\">\n<p data-start=\"339\" data-end=\"393\" class=\"\">Hecho de material ligero, impermeable y transpirable<\/p>\n<\/li>\n<li data-start=\"394\" data-end=\"474\" class=\"\">\n<p data-start=\"396\" data-end=\"474\" class=\"\">Ventana trasera transparente para una vista completa de la pantalla y los controles<\/p>\n<\/li>\n<li data-start=\"475\" data-end=\"544\" class=\"\">\n<p data-start=\"477\" data-end=\"544\" class=\"\">Cierre de velcro para montaje en tr\u00edpode o uso manual<\/p>\n<\/li>\n<li data-start=\"545\" data-end=\"612\" class=\"\">\n<p data-start=\"547\" data-end=\"612\" class=\"\">Forro interior con espuma t\u00e9rmica para mayor protecci\u00f3n<\/p>\n<\/li>\n<li data-start=\"613\" data-end=\"687\" class=\"\">\n<p data-start=\"615\" data-end=\"687\" class=\"\">Longitud total de 33 cm, ideal para configuraciones de teleobjetivo<\/p>\n<\/li>\n<li data-start=\"688\" data-end=\"741\" class=\"\">\n<p data-start=\"690\" data-end=\"741\" class=\"\">Incluye estuche de transporte para un almacenamiento conveniente<\/p>\n<\/li>\n<\/ul>\n<hr data-start=\"1266\" data-end=\"1269\" class=\"\">\n<h3 data-start=\"1271\" data-end=\"1300\" class=\"\"><strong data-start=\"1275\" data-end=\"1300\">Contenido del paquete<\/strong><\/h3>\n<ul data-start=\"1302\" data-end=\"1374\">\n<li data-start=\"1302\" data-end=\"1347\" class=\"\">\n<p data-start=\"1304\" data-end=\"1347\" class=\"\">1x Funda impermeable Caruba A2 con ventana (verde)<\/p>\n<\/li>\n<li data-start=\"1348\" data-end=\"1374\" class=\"\">\n<p data-start=\"1350\" data-end=\"1374\" class=\"\">1x bolsa de transporte<\/p>\n<\/li>\n<\/ul>\n<hr data-start=\"1376\" data-end=\"1379\" class=\"\">\n<h3 data-start=\"1381\" data-end=\"1408\" class=\"\"><strong data-start=\"1385\" data-end=\"1408\">Descripci\u00f3n detallada<\/strong><\/h3>\n<p data-start=\"1410\" data-end=\"1711\" class=\"\">La <strong data-start=\"1412\" data-end=\"1454\">funda para lluvia Caruba A2 con ventana (verde)<\/strong> es la soluci\u00f3n perfecta para los fot\u00f3grafos que se enfrentan a las condiciones m\u00e1s desafiantes de la naturaleza. Ya sea bajo la lluvia, en nevadas o en entornos con variaciones repentinas de temperatura, esta cubierta protege su equipo sin comprometer la funcionalidad. <\/p>\n<p data-start=\"1713\" data-end=\"2076\" class=\"\">Fabricada en <strong data-start=\"1726\" data-end=\"1740\">politricot<\/strong>, un tejido ligero, impermeable y transpirable, la Raincover A2 incorpora una capa interior de espuma t\u00e9rmica que ayuda a proteger la c\u00e1mara contra los choques t\u00e9rmicos. Su pr\u00e1ctico dise\u00f1o permite utilizar la c\u00e1mara con <strong data-start=\"1952\" data-end=\"1990\">tr\u00edpode, monopi\u00e9 o incluso manualmente<\/strong>, gracias a la apertura <strong data-start=\"2014\" data-end=\"2033\">de velcro<\/strong> que aporta versatilidad y seguridad. <\/p>\n<p data-start=\"2078\" data-end=\"2469\" class=\"\">La <strong data-start=\"2080\" data-end=\"2103\">ventana transparente<\/strong> colocada en la parte trasera garantiza una visibilidad completa de la pantalla y el acceso a los controles, ideal para ajustar la configuraci\u00f3n sin quitar la protecci\u00f3n. Compatible con cuerpos de c\u00e1mara grandes como <strong data-start=\"2295\" data-end=\"2313\">Canon EOS 1D C<\/strong>, as\u00ed como con DSLR est\u00e1ndar equipadas con una empu\u00f1adura de bater\u00eda, este estuche tiene una longitud total de <strong data-start=\"2410\" data-end=\"2419\">33 cm<\/strong>, suficiente para acomodar un teleobjetivo. <\/p>\n<p data-start=\"2471\" data-end=\"2651\" class=\"\">Con una <strong data-start=\"2479\" data-end=\"2501\">garant\u00eda de 3 a\u00f1os<\/strong>, el Caruba Raincover A2 es la opci\u00f3n inteligente para los fot\u00f3grafos de naturaleza, deportes o aventuras que no quieren que el tiempo se interponga en su trabajo.<\/p>\n","protected":false},"excerpt":{"rendered":"<p>CARUBA A2 Chubasquero con Ventana (Verde) Funciones Protege contra la lluvia, la nieve y las variaciones bruscas de temperatura Compatible<\/p>\n","protected":false},"featured_media":42845,"comment_status":"closed","ping_status":"closed","template":"","meta":{"_acf_changed":false},"product_brand":[2546],"product_cat":[1069],"product_tag":[],"class_list":{"0":"post-71549","1":"product","2":"type-product","3":"status-publish","4":"has-post-thumbnail","6":"product_brand-caruba-es","7":"product_cat-fundas-de-lluvia","9":"first","10":"instock","11":"taxable","12":"shipping-taxable","13":"purchasable","14":"product-type-simple"},"bundled_by":[],"bundle_stock_status":"instock","bundle_stock_quantity":1,"bundle_virtual":false,"bundle_layout":"","bundle_add_to_cart_form_location":"","bundle_editable_in_cart":false,"bundle_sold_individually_context":"","bundle_item_grouping":"","bundle_min_size":"","bundle_max_size":"","bundle_price":[],"bundled_items":[],"bundle_sell_ids":[],"acf":[],"_links":{"self":[{"href":"https:\/\/hi-techwonder.com\/es\/wp-json\/wp\/v2\/product\/71549","targetHints":{"allow":["GET"]}}],"collection":[{"href":"https:\/\/hi-techwonder.com\/es\/wp-json\/wp\/v2\/product"}],"about":[{"href":"https:\/\/hi-techwonder.com\/es\/wp-json\/wp\/v2\/types\/product"}],"replies":[{"embeddable":true,"href":"https:\/\/hi-techwonder.com\/es\/wp-json\/wp\/v2\/comments?post=71549"}],"wp:featuredmedia":[{"embeddable":true,"href":"https:\/\/hi-techwonder.com\/es\/wp-json\/wp\/v2\/media\/42845"}],"wp:attachment":[{"href":"https:\/\/hi-techwonder.com\/es\/wp-json\/wp\/v2\/media?parent=71549"}],"wp:term":[{"taxonomy":"product_brand","embeddable":true,"href":"https:\/\/hi-techwonder.com\/es\/wp-json\/wp\/v2\/product_brand?post=71549"},{"taxonomy":"product_cat","embeddable":true,"href":"https:\/\/hi-techwonder.com\/es\/wp-json\/wp\/v2\/product_cat?post=71549"},{"taxonomy":"product_tag","embeddable":true,"href":"https:\/\/hi-techwonder.com\/es\/wp-json\/wp\/v2\/product_tag?post=71549"}],"curies":[{"name":"wp","href":"https:\/\/api.w.org\/{rel}","templated":true}]}}