{"id":71552,"date":"2025-07-28T23:39:59","date_gmt":"2025-07-28T23:39:59","guid":{"rendered":"https:\/\/fv6qoy3ls0.wpdns.site\/produto\/caruba-cacc-1-juego-de-calibracion-de-color-y-enfoque-automatico\/"},"modified":"2025-11-12T18:53:18","modified_gmt":"2025-11-12T18:53:18","slug":"caruba-cacc-1-juego-de-calibracion-de-color-y-enfoque-automatico","status":"publish","type":"product","link":"https:\/\/hi-techwonder.com\/es\/producto\/caruba-cacc-1-juego-de-calibracion-de-color-y-enfoque-automatico\/","title":{"rendered":"CARUBA CACC-1 Juego de calibraci\u00f3n de color y enfoque autom\u00e1tico"},"content":{"rendered":"<p><strong>Conjunto de calibraci\u00f3n de color y enfoque autom\u00e1tico CARUBA<\/strong><\/p>\n<p><strong>Contenido del paquete:<\/strong><\/p>\n<ul>\n<li>1 x Ayuda para la calibraci\u00f3n del enfoque autom\u00e1tico<\/li>\n<li>1 x Tarjeta de balance de color<\/li>\n<li>1 x Bolsa de almacenamiento<\/li>\n<\/ul>\n<p>Consta de una ayuda de calibraci\u00f3n de enfoque autom\u00e1tico y una tarjeta de balance de color.<\/p>\n<p>El asistente de calibraci\u00f3n de enfoque autom\u00e1tico ajusta la c\u00e1mara con la funci\u00f3n \u00abAF Fine Tune\u00bb o \u00abAF Micro Adjustment\u00bb.&nbsp;<\/p>\n<p>Le permite probar el rendimiento del enfoque autom\u00e1tico de su c\u00e1mara y le ayuda a ajustar la funci\u00f3n de enfoque autom\u00e1tico de su c\u00e1mara y lente.<\/p>\n<p>La ayuda de calibraci\u00f3n de enfoque autom\u00e1tico viene con un nivel de burbuja incorporado para mantenerlo nivelado.<\/p>\n<p>Tambi\u00e9n tiene una rosca hembra de 1\/4&#8243; para montarlo en un tr\u00edpode.<\/p>\n<p>La tarjeta de balance de color es una herramienta \u00fatil para lograr un equilibrio de color perfecto en tus fotos.<\/p>\n<p>El producto presenta una tarjeta gris neutro en un lado y una negra en el otro.<\/p>\n<p>El lado gris se puede utilizar para controlar la exposici\u00f3n y ayudar a definir el balance de blancos.<\/p>\n<p>Si tomas fotos al anochecer, el lado oscuro puede ayudarte a obtener una exposici\u00f3n normal.&nbsp;<\/p>\n<p>Adem\u00e1s, la tarjeta de balance de color est\u00e1 hecha de material resistente al agua, lo que significa que puede usarla en circunstancias h\u00famedas para disparar libremente.<\/p>\n","protected":false},"excerpt":{"rendered":"<p>Conjunto de calibraci\u00f3n de color y enfoque autom\u00e1tico CARUBA Contenido del paquete: 1 x Ayuda para la calibraci\u00f3n del enfoque<\/p>\n","protected":false},"featured_media":25787,"comment_status":"closed","ping_status":"open","template":"","meta":{"_acf_changed":false},"product_brand":[2546],"product_cat":[939],"product_tag":[],"class_list":{"0":"post-71552","1":"product","2":"type-product","3":"status-publish","4":"has-post-thumbnail","6":"product_brand-caruba-es","7":"product_cat-calibradores-es","9":"first","10":"instock","11":"taxable","12":"shipping-taxable","13":"purchasable","14":"product-type-simple"},"bundled_by":[],"bundle_stock_status":"instock","bundle_stock_quantity":2,"bundle_virtual":false,"bundle_layout":"","bundle_add_to_cart_form_location":"","bundle_editable_in_cart":false,"bundle_sold_individually_context":"","bundle_item_grouping":"","bundle_min_size":"","bundle_max_size":"","bundle_price":[],"bundled_items":[],"bundle_sell_ids":[],"acf":[],"_links":{"self":[{"href":"https:\/\/hi-techwonder.com\/es\/wp-json\/wp\/v2\/product\/71552","targetHints":{"allow":["GET"]}}],"collection":[{"href":"https:\/\/hi-techwonder.com\/es\/wp-json\/wp\/v2\/product"}],"about":[{"href":"https:\/\/hi-techwonder.com\/es\/wp-json\/wp\/v2\/types\/product"}],"replies":[{"embeddable":true,"href":"https:\/\/hi-techwonder.com\/es\/wp-json\/wp\/v2\/comments?post=71552"}],"wp:featuredmedia":[{"embeddable":true,"href":"https:\/\/hi-techwonder.com\/es\/wp-json\/wp\/v2\/media\/25787"}],"wp:attachment":[{"href":"https:\/\/hi-techwonder.com\/es\/wp-json\/wp\/v2\/media?parent=71552"}],"wp:term":[{"taxonomy":"product_brand","embeddable":true,"href":"https:\/\/hi-techwonder.com\/es\/wp-json\/wp\/v2\/product_brand?post=71552"},{"taxonomy":"product_cat","embeddable":true,"href":"https:\/\/hi-techwonder.com\/es\/wp-json\/wp\/v2\/product_cat?post=71552"},{"taxonomy":"product_tag","embeddable":true,"href":"https:\/\/hi-techwonder.com\/es\/wp-json\/wp\/v2\/product_tag?post=71552"}],"curies":[{"name":"wp","href":"https:\/\/api.w.org\/{rel}","templated":true}]}}