{"id":71554,"date":"2025-07-29T10:23:11","date_gmt":"2025-07-29T10:23:11","guid":{"rendered":"https:\/\/fv6qoy3ls0.wpdns.site\/produto\/cabezal-panoramico-caruba-pan-tilt-vh-10\/"},"modified":"2026-01-31T01:37:30","modified_gmt":"2026-01-31T01:37:30","slug":"caruba-cabezal-panoramico-caruba-pan-tilt-vh-10","status":"publish","type":"product","link":"https:\/\/hi-techwonder.com\/es\/producto\/caruba-cabezal-panoramico-caruba-pan-tilt-vh-10\/","title":{"rendered":"Cabezal panor\u00e1mico CARUBA &#8211; Pan &amp; Tilt (VH-10)"},"content":{"rendered":"<p><strong>Cabeza panor\u00e1mica Caruba &#8211; Pan &amp; Tilt (VH-10)<\/strong><\/p>\n<p><strong>Caracter\u00edsticas principales:<\/strong><\/p>\n<ul>\n<li>Dise\u00f1o compacto y robusto.<\/li>\n<li>Gire 360 grados e incline 180 grados.<\/li>\n<li>Placa de liberaci\u00f3n r\u00e1pida incluida.<\/li>\n<li>Tres niveles integrados de la mente.<\/li>\n<li>Compatible con Arca-Swiss.<\/li>\n<li>Conexi\u00f3n de tr\u00edpode de 3\/8&#8243;.<\/li>\n<li>Adaptador de rosca y bolsa de almacenamiento incluidos.<\/li>\n<\/ul>\n<p><strong>Contenido del paquete:<\/strong><\/p>\n<ul>\n<li>1 x Cabezal Panorama Caruba &#8211; Pan &amp; Tilt (VH-10).<\/li>\n<li>1 x llave Allen.<\/li>\n<li>1 x Adaptador de rosca.<\/li>\n<li>1 x Herramienta para adaptador.<\/li>\n<li>1 x Bolsa de almacenamiento protectora.<\/li>\n<\/ul>\n<p style=\"text-align: justify\">El cabezal panor\u00e1mico Caruba &#8211; Pan &amp; Tilt (VH-10) es un cabezal panor\u00e1mico compacto, estable y ajustable con mucha precisi\u00f3n, con posibilidades de giro e inclinaci\u00f3n. El cabezal es adecuado para el montaje en monopi\u00e9 y est\u00e1 equipado con un mecanismo de liberaci\u00f3n r\u00e1pida compatible con Arca-Swiss. La placa superior se puede girar 360 grados y la base se puede inclinar 180 grados. Ambos tienen escala grabada con l\u00e1ser para un ajuste preciso de su equipo. En la parte inferior, la cabeza panor\u00e1mica tiene una cola de milano y una conexi\u00f3n roscada de 3\/8&#8243; para sujetarla a un riel, tr\u00edpode o deslizador. Se incluye una conexi\u00f3n de rosca de 3\/8&#8243; a 1\/4&#8243; y una bolsa de almacenamiento protectora.    <\/p>\n","protected":false},"excerpt":{"rendered":"<p>Cabeza panor\u00e1mica Caruba &#8211; Pan &amp; Tilt (VH-10) Caracter\u00edsticas principales: Dise\u00f1o compacto y robusto. Gire 360 grados e incline 180<\/p>\n","protected":false},"featured_media":62537,"comment_status":"closed","ping_status":"open","template":"","meta":{"_acf_changed":false},"product_brand":[2546],"product_cat":[1076],"product_tag":[],"class_list":{"0":"post-71554","1":"product","2":"type-product","3":"status-publish","4":"has-post-thumbnail","6":"product_brand-caruba-es","7":"product_cat-gimbals-es","9":"first","10":"instock","11":"taxable","12":"shipping-taxable","13":"purchasable","14":"product-type-simple"},"bundled_by":[],"bundle_stock_status":"instock","bundle_stock_quantity":1,"bundle_virtual":false,"bundle_layout":"","bundle_add_to_cart_form_location":"","bundle_editable_in_cart":false,"bundle_sold_individually_context":"","bundle_item_grouping":"","bundle_min_size":"","bundle_max_size":"","bundle_price":[],"bundled_items":[],"bundle_sell_ids":[],"acf":[],"_links":{"self":[{"href":"https:\/\/hi-techwonder.com\/es\/wp-json\/wp\/v2\/product\/71554","targetHints":{"allow":["GET"]}}],"collection":[{"href":"https:\/\/hi-techwonder.com\/es\/wp-json\/wp\/v2\/product"}],"about":[{"href":"https:\/\/hi-techwonder.com\/es\/wp-json\/wp\/v2\/types\/product"}],"replies":[{"embeddable":true,"href":"https:\/\/hi-techwonder.com\/es\/wp-json\/wp\/v2\/comments?post=71554"}],"wp:featuredmedia":[{"embeddable":true,"href":"https:\/\/hi-techwonder.com\/es\/wp-json\/wp\/v2\/media\/62537"}],"wp:attachment":[{"href":"https:\/\/hi-techwonder.com\/es\/wp-json\/wp\/v2\/media?parent=71554"}],"wp:term":[{"taxonomy":"product_brand","embeddable":true,"href":"https:\/\/hi-techwonder.com\/es\/wp-json\/wp\/v2\/product_brand?post=71554"},{"taxonomy":"product_cat","embeddable":true,"href":"https:\/\/hi-techwonder.com\/es\/wp-json\/wp\/v2\/product_cat?post=71554"},{"taxonomy":"product_tag","embeddable":true,"href":"https:\/\/hi-techwonder.com\/es\/wp-json\/wp\/v2\/product_tag?post=71554"}],"curies":[{"name":"wp","href":"https:\/\/api.w.org\/{rel}","templated":true}]}}