{"id":71573,"date":"2025-07-29T08:55:23","date_gmt":"2025-07-29T08:55:23","guid":{"rendered":"https:\/\/fv6qoy3ls0.wpdns.site\/produto\/caruba-crs-1-cubiertas-de-lluvia-paquete-de-2\/"},"modified":"2026-03-02T17:08:51","modified_gmt":"2026-03-02T17:08:51","slug":"caruba-crs-1-cubiertas-de-lluvia-paquete-de-2","status":"publish","type":"product","link":"https:\/\/hi-techwonder.com\/es\/producto\/caruba-crs-1-cubiertas-de-lluvia-paquete-de-2\/","title":{"rendered":"CARUBA CRS-1 Cubiertas de lluvia (Paquete de 2)"},"content":{"rendered":"<p><strong>CARUBA CRS-1 Cubiertas de lluvia (Paquete de 2)<\/strong><\/p>\n<p><strong>Contenido del paquete:<\/strong><\/p>\n<ul>\n<li>2 x Cubierta para la lluvia<\/li>\n<\/ul>\n<p>Esta funda para la lluvia de Caruba proteger\u00e1 su c\u00e1mara contra la arena, el agua y otras condiciones clim\u00e1ticas adversas. Tiene una abertura para el visor, tiene espacio y es adecuado para disparar sin tr\u00edpode y usar un tr\u00edpode. Los botones de la c\u00e1mara permanecer\u00e1n visibles, lo que permitir\u00e1 una f\u00e1cil operaci\u00f3n.  <\/p>\n<p>Es compatible con la mayor\u00eda de las c\u00e1maras DSLR, permitiendo una combinaci\u00f3n con una lente con un di\u00e1metro m\u00e1ximo de 17,8 cm y una longitud m\u00e1xima de 45,7 cm.&nbsp;<\/p>\n","protected":false},"excerpt":{"rendered":"<p>CARUBA CRS-1 Cubiertas de lluvia (Paquete de 2) Contenido del paquete: 2 x Cubierta para la lluvia Esta funda para<\/p>\n","protected":false},"featured_media":42823,"comment_status":"closed","ping_status":"closed","template":"","meta":{"_acf_changed":false},"product_brand":[2546],"product_cat":[1069],"product_tag":[],"class_list":{"0":"post-71573","1":"product","2":"type-product","3":"status-publish","4":"has-post-thumbnail","6":"product_brand-caruba-es","7":"product_cat-fundas-de-lluvia","9":"first","10":"instock","11":"taxable","12":"shipping-taxable","13":"purchasable","14":"product-type-simple"},"bundled_by":[],"bundle_stock_status":"instock","bundle_stock_quantity":3,"bundle_virtual":false,"bundle_layout":"","bundle_add_to_cart_form_location":"","bundle_editable_in_cart":false,"bundle_sold_individually_context":"","bundle_item_grouping":"","bundle_min_size":"","bundle_max_size":"","bundle_price":[],"bundled_items":[],"bundle_sell_ids":[],"acf":[],"_links":{"self":[{"href":"https:\/\/hi-techwonder.com\/es\/wp-json\/wp\/v2\/product\/71573","targetHints":{"allow":["GET"]}}],"collection":[{"href":"https:\/\/hi-techwonder.com\/es\/wp-json\/wp\/v2\/product"}],"about":[{"href":"https:\/\/hi-techwonder.com\/es\/wp-json\/wp\/v2\/types\/product"}],"replies":[{"embeddable":true,"href":"https:\/\/hi-techwonder.com\/es\/wp-json\/wp\/v2\/comments?post=71573"}],"wp:featuredmedia":[{"embeddable":true,"href":"https:\/\/hi-techwonder.com\/es\/wp-json\/wp\/v2\/media\/42823"}],"wp:attachment":[{"href":"https:\/\/hi-techwonder.com\/es\/wp-json\/wp\/v2\/media?parent=71573"}],"wp:term":[{"taxonomy":"product_brand","embeddable":true,"href":"https:\/\/hi-techwonder.com\/es\/wp-json\/wp\/v2\/product_brand?post=71573"},{"taxonomy":"product_cat","embeddable":true,"href":"https:\/\/hi-techwonder.com\/es\/wp-json\/wp\/v2\/product_cat?post=71573"},{"taxonomy":"product_tag","embeddable":true,"href":"https:\/\/hi-techwonder.com\/es\/wp-json\/wp\/v2\/product_tag?post=71573"}],"curies":[{"name":"wp","href":"https:\/\/api.w.org\/{rel}","templated":true}]}}