{"id":71581,"date":"2025-07-29T10:45:34","date_gmt":"2025-07-29T10:45:34","guid":{"rendered":"https:\/\/fv6qoy3ls0.wpdns.site\/produto\/claqueta-de-cine-caruba-245x30cm-negro-y-color\/"},"modified":"2026-01-31T01:27:47","modified_gmt":"2026-01-31T01:27:47","slug":"caruba-claqueta-de-cine-caruba-245x30cm-negro-y-color","status":"publish","type":"product","link":"https:\/\/hi-techwonder.com\/es\/producto\/caruba-claqueta-de-cine-caruba-245x30cm-negro-y-color\/","title":{"rendered":"Claqueta de cine CARUBA 24,5x30cm Negro y color"},"content":{"rendered":"<p><strong>Claqueta de cine profesional CARUBA 24,5x30cm negro y color<\/strong><\/p>\n<p><strong>Funciones:<\/strong><\/p>\n<ul>\n<li>Para sincronizar imagen y sonido<\/li>\n<li>Construcci\u00f3n acr\u00edlica<\/li>\n<li>Dimensiones de 24,5 x 30 cent\u00edmetros<\/li>\n<li>Color base: negro tiza, tiras verdes \/ amarillas \/ azules \/ rojas \/ blancas \/ negras<\/li>\n<\/ul>\n<p><strong>Contenido del paquete:<\/strong><\/p>\n<ul>\n<li>1 x Claqueta de cine profesional 24,5x30cm Negro y color<\/li>\n<\/ul>\n<p><strong>Descripci\u00f3n:<\/strong><\/p>\n<ul>\n<li style=\"text-align: justify\">Este claqueta de director, profesional de Caruba, c\u00f3digo pl\u00e1stico Negro\/Color (Tiza) es una herramienta muy \u00fatil para cineastas y vide\u00f3grafos.<\/li>\n<li style=\"text-align: justify\">Con esta claqueta, sincronizar imagen y sonido es muy f\u00e1cil. Adem\u00e1s, la claqueta se puede utilizar para resaltar ciertas escenas y tomas. <\/li>\n<li style=\"text-align: justify\">El sonido agudo de \u00abaplausos\u00bb que hace la claqueta se identifica f\u00e1cilmente en la grabaci\u00f3n de audio y el cierre de la puerta de la claqueta se puede ver f\u00e1cilmente en la grabaci\u00f3n de video. Las dos pistas se pueden sincronizar con precisi\u00f3n, haciendo coincidir el sonido con el movimiento. <\/li>\n<li style=\"text-align: justify\">Esta claqueta de cine profesional, contiene una banda magn\u00e9tica incorporada, profesional y resonante cuando se activa. La informaci\u00f3n de la escena se puede escribir f\u00e1cilmente con un marcador blanco (no incluido). &nbsp;&nbsp;<\/li>\n<\/ul>\n<p><strong>Caracter\u00edsticas t\u00e9cnicas:<\/strong><\/p>\n<ul>\n<li style=\"text-align: justify\">Altura 24,5 cm<\/li>\n<li style=\"text-align: justify\">Ancho: 30 cm<\/li>\n<li style=\"text-align: justify\">Grosor: 0,3 cm<\/li>\n<li style=\"text-align: justify\">Color de la base de la claqueta: base de tiza negra, barrera de apertura\/cierre con bandas de color, verde\/amarillo\/azul\/rojo\/blanco\/negro.<\/li>\n<li style=\"text-align: justify\">Color de relieve impreso: blanco + rayas<\/li>\n<li style=\"text-align: justify\">Versi\u00f3n de grabaci\u00f3n impresa: Versi\u00f3n en ingl\u00e9s<\/li>\n<li style=\"text-align: justify\">Material: Acr\u00edlico<\/li>\n<li style=\"text-align: justify\">Peso: 540 g<\/li>\n<\/ul>\n","protected":false},"excerpt":{"rendered":"<p>Claqueta de cine profesional CARUBA 24,5x30cm negro y color Funciones: Para sincronizar imagen y sonido Construcci\u00f3n acr\u00edlica Dimensiones de 24,5<\/p>\n","protected":false},"featured_media":67088,"comment_status":"closed","ping_status":"open","template":"","meta":{"_acf_changed":false},"product_brand":[2546],"product_cat":[1109],"product_tag":[],"class_list":{"0":"post-71581","1":"product","2":"type-product","3":"status-publish","4":"has-post-thumbnail","6":"product_brand-caruba-es","7":"product_cat-claquetas","9":"first","10":"instock","11":"taxable","12":"shipping-taxable","13":"purchasable","14":"product-type-simple"},"bundled_by":[],"bundle_stock_status":"instock","bundle_stock_quantity":1,"bundle_virtual":false,"bundle_layout":"","bundle_add_to_cart_form_location":"","bundle_editable_in_cart":false,"bundle_sold_individually_context":"","bundle_item_grouping":"","bundle_min_size":"","bundle_max_size":"","bundle_price":[],"bundled_items":[],"bundle_sell_ids":[],"acf":[],"_links":{"self":[{"href":"https:\/\/hi-techwonder.com\/es\/wp-json\/wp\/v2\/product\/71581","targetHints":{"allow":["GET"]}}],"collection":[{"href":"https:\/\/hi-techwonder.com\/es\/wp-json\/wp\/v2\/product"}],"about":[{"href":"https:\/\/hi-techwonder.com\/es\/wp-json\/wp\/v2\/types\/product"}],"replies":[{"embeddable":true,"href":"https:\/\/hi-techwonder.com\/es\/wp-json\/wp\/v2\/comments?post=71581"}],"wp:featuredmedia":[{"embeddable":true,"href":"https:\/\/hi-techwonder.com\/es\/wp-json\/wp\/v2\/media\/67088"}],"wp:attachment":[{"href":"https:\/\/hi-techwonder.com\/es\/wp-json\/wp\/v2\/media?parent=71581"}],"wp:term":[{"taxonomy":"product_brand","embeddable":true,"href":"https:\/\/hi-techwonder.com\/es\/wp-json\/wp\/v2\/product_brand?post=71581"},{"taxonomy":"product_cat","embeddable":true,"href":"https:\/\/hi-techwonder.com\/es\/wp-json\/wp\/v2\/product_cat?post=71581"},{"taxonomy":"product_tag","embeddable":true,"href":"https:\/\/hi-techwonder.com\/es\/wp-json\/wp\/v2\/product_tag?post=71581"}],"curies":[{"name":"wp","href":"https:\/\/api.w.org\/{rel}","templated":true}]}}