{"id":71582,"date":"2025-07-29T09:16:36","date_gmt":"2025-07-29T09:16:36","guid":{"rendered":"https:\/\/fv6qoy3ls0.wpdns.site\/produto\/juego-de-tapas-de-cuerpo-caruba-bayoneta-canon-eos\/"},"modified":"2026-03-17T12:59:12","modified_gmt":"2026-03-17T12:59:12","slug":"caruba-juego-de-tapas-de-cuerpo-caruba-bayoneta-canon-eos","status":"publish","type":"product","link":"https:\/\/hi-techwonder.com\/es\/producto\/caruba-juego-de-tapas-de-cuerpo-caruba-bayoneta-canon-eos\/","title":{"rendered":"Juego de tapas de cuerpo CARUBA + bayoneta Canon EOS"},"content":{"rendered":"<p style=\"color: #4b4b4b;font-family: 'Open Sans', sans-serif;font-size: 14.4px;text-align: justify\"><strong>Tapa del cuerpo de la c\u00e1mara + tapa de montaje de la lente<\/strong><\/p>\n<p>Tapa de protecci\u00f3n del cuerpo de la c\u00e1mara y tapa de montura del objetivo (bayoneta) cuando no est\u00e9 en uso.<\/p>\n<p><strong>Contenido del paquete:<\/strong><\/p>\n<ul style=\"color: #4b4b4b;font-family: 'Open Sans', sans-serif;font-size: 14.4px;text-align: justify\">\n<li>1 x Cubierta del cuerpo de la c\u00e1mara<\/li>\n<li>1 x Tapa de montura de lente<\/li>\n<\/ul>\n","protected":false},"excerpt":{"rendered":"<p>Tapa del cuerpo de la c\u00e1mara + tapa de montaje de la lente Tapa de protecci\u00f3n del cuerpo de la<\/p>\n","protected":false},"featured_media":46943,"comment_status":"closed","ping_status":"open","template":"","meta":{"_acf_changed":false},"product_brand":[2546],"product_cat":[1040],"product_tag":[],"class_list":{"0":"post-71582","1":"product","2":"type-product","3":"status-publish","4":"has-post-thumbnail","6":"product_brand-caruba-es","7":"product_cat-tapas","9":"first","10":"pre-order","11":"taxable","12":"shipping-taxable","13":"purchasable","14":"product-type-simple"},"bundled_by":[],"bundle_stock_status":"pre-order","bundle_stock_quantity":null,"bundle_virtual":false,"bundle_layout":"","bundle_add_to_cart_form_location":"","bundle_editable_in_cart":false,"bundle_sold_individually_context":"","bundle_item_grouping":"","bundle_min_size":"","bundle_max_size":"","bundle_price":[],"bundled_items":[],"bundle_sell_ids":[],"acf":[],"_links":{"self":[{"href":"https:\/\/hi-techwonder.com\/es\/wp-json\/wp\/v2\/product\/71582","targetHints":{"allow":["GET"]}}],"collection":[{"href":"https:\/\/hi-techwonder.com\/es\/wp-json\/wp\/v2\/product"}],"about":[{"href":"https:\/\/hi-techwonder.com\/es\/wp-json\/wp\/v2\/types\/product"}],"replies":[{"embeddable":true,"href":"https:\/\/hi-techwonder.com\/es\/wp-json\/wp\/v2\/comments?post=71582"}],"wp:featuredmedia":[{"embeddable":true,"href":"https:\/\/hi-techwonder.com\/es\/wp-json\/wp\/v2\/media\/46943"}],"wp:attachment":[{"href":"https:\/\/hi-techwonder.com\/es\/wp-json\/wp\/v2\/media?parent=71582"}],"wp:term":[{"taxonomy":"product_brand","embeddable":true,"href":"https:\/\/hi-techwonder.com\/es\/wp-json\/wp\/v2\/product_brand?post=71582"},{"taxonomy":"product_cat","embeddable":true,"href":"https:\/\/hi-techwonder.com\/es\/wp-json\/wp\/v2\/product_cat?post=71582"},{"taxonomy":"product_tag","embeddable":true,"href":"https:\/\/hi-techwonder.com\/es\/wp-json\/wp\/v2\/product_tag?post=71582"}],"curies":[{"name":"wp","href":"https:\/\/api.w.org\/{rel}","templated":true}]}}