{"id":71583,"date":"2025-07-29T10:45:26","date_gmt":"2025-07-29T10:45:26","guid":{"rendered":"https:\/\/fv6qoy3ls0.wpdns.site\/produto\/claqueta-de-cine-caruba-245x30cm-negro\/"},"modified":"2026-01-31T01:27:51","modified_gmt":"2026-01-31T01:27:51","slug":"caruba-claqueta-de-cine-caruba-245x30cm-negro","status":"publish","type":"product","link":"https:\/\/hi-techwonder.com\/es\/producto\/caruba-claqueta-de-cine-caruba-245x30cm-negro\/","title":{"rendered":"Claqueta de cine CARUBA 24,5x30cm Negro"},"content":{"rendered":"<p><strong>Badajo CARUBA 24,5x30cm<\/strong><\/p>\n<p><strong>Funciones:<\/strong><\/p>\n<ul>\n<li>Material acr\u00edlico<\/li>\n<li>Banda magn\u00e9tica<\/li>\n<li>F\u00e1cil de escribir<\/li>\n<li>F\u00e1cil de limpiar<\/li>\n<li>24,5 x 30 cm<\/li>\n<\/ul>\n<p><strong>Contenido del paquete:<\/strong><\/p>\n<ul>\n<li>Claqueta<\/li>\n<\/ul>\n<p style=\"margin-bottom: 0cm\">La claqueta de cine es un panel de dos tableros, cuya funci\u00f3n principal es proporcionar informaci\u00f3n sobre las escenas y tomas grabadas, para facilitar la posterior edici\u00f3n de pel\u00edculas y v\u00eddeos.<\/p>\n<p style=\"margin-bottom: 0cm\">La claqueta de cine Caruba contiene una banda magn\u00e9tica incorporada, profesional y resonante cuando se activa. La informaci\u00f3n de la escena se puede escribir f\u00e1cilmente con un marcador blanco (no incluido). &nbsp;&nbsp;<\/p>\n<p><strong>Caracter\u00edsticas t\u00e9cnicas:<\/strong><\/p>\n<table border=\"0\" width=\"642\" cellspacing=\"0\" cellpadding=\"2\">\n<colgroup>\n<col width=\"298\">\n<col width=\"336\"> <\/colgroup>\n<tbody>\n<tr>\n<td width=\"298\"> <span style=\"color: #666666\">Altura: <\/span><\/td>\n<td width=\"336\"> <span style=\"color: #666666\">24,5 cm <\/span><\/td>\n<\/tr>\n<tr>\n<td width=\"298\"> <span style=\"color: #666666\">Ancho: <\/span><\/td>\n<td width=\"336\"> <span style=\"color: #666666\">30 cm <\/span><\/td>\n<\/tr>\n<tr>\n<td width=\"298\"> <span style=\"color: #666666\">Espesor: <\/span><\/td>\n<td width=\"336\"> <span style=\"color: #666666\">0,3 cm <\/span><\/td>\n<\/tr>\n<tr>\n<td width=\"298\"> <span style=\"color: #666666\">Color base de la claqueta: <\/span><\/td>\n<td width=\"336\"> <span style=\"color: #666666\">Negro <\/span><\/td>\n<\/tr>\n<tr>\n<td width=\"298\"> <span style=\"color: #666666\">Color de relieve impreso: <\/span><\/td>\n<td width=\"336\"> <span style=\"color: #666666\">Blanco <\/span><\/td>\n<\/tr>\n<tr>\n<td width=\"298\"> <span style=\"color: #666666\">Versi\u00f3n de grabaci\u00f3n impresa: <\/span><\/td>\n<td width=\"336\"> <span style=\"color: #666666\">Versi\u00f3n en ingl\u00e9s <\/span><\/td>\n<\/tr>\n<tr>\n<td width=\"298\"> <span style=\"color: #666666\">Material: <\/span><\/td>\n<td width=\"336\"> <span style=\"color: #666666\">Acr\u00edlico <\/span><\/td>\n<\/tr>\n<tr>\n<td width=\"298\"> <span style=\"color: #666666\">Peso: <\/span><\/td>\n<td width=\"336\"> <span style=\"color: #666666\">540 gramos <\/span><\/td>\n<\/tr>\n<\/tbody>\n<\/table>\n","protected":false},"excerpt":{"rendered":"<p>Badajo CARUBA 24,5x30cm Funciones: Material acr\u00edlico Banda magn\u00e9tica F\u00e1cil de escribir F\u00e1cil de limpiar 24,5 x 30 cm Contenido del<\/p>\n","protected":false},"featured_media":67078,"comment_status":"closed","ping_status":"open","template":"","meta":{"_acf_changed":false},"product_brand":[2546],"product_cat":[1109],"product_tag":[],"class_list":{"0":"post-71583","1":"product","2":"type-product","3":"status-publish","4":"has-post-thumbnail","6":"product_brand-caruba-es","7":"product_cat-claquetas","9":"first","10":"instock","11":"taxable","12":"shipping-taxable","13":"purchasable","14":"product-type-simple"},"bundled_by":[],"bundle_stock_status":"instock","bundle_stock_quantity":2,"bundle_virtual":false,"bundle_layout":"","bundle_add_to_cart_form_location":"","bundle_editable_in_cart":false,"bundle_sold_individually_context":"","bundle_item_grouping":"","bundle_min_size":"","bundle_max_size":"","bundle_price":[],"bundled_items":[],"bundle_sell_ids":[],"acf":[],"_links":{"self":[{"href":"https:\/\/hi-techwonder.com\/es\/wp-json\/wp\/v2\/product\/71583","targetHints":{"allow":["GET"]}}],"collection":[{"href":"https:\/\/hi-techwonder.com\/es\/wp-json\/wp\/v2\/product"}],"about":[{"href":"https:\/\/hi-techwonder.com\/es\/wp-json\/wp\/v2\/types\/product"}],"replies":[{"embeddable":true,"href":"https:\/\/hi-techwonder.com\/es\/wp-json\/wp\/v2\/comments?post=71583"}],"wp:featuredmedia":[{"embeddable":true,"href":"https:\/\/hi-techwonder.com\/es\/wp-json\/wp\/v2\/media\/67078"}],"wp:attachment":[{"href":"https:\/\/hi-techwonder.com\/es\/wp-json\/wp\/v2\/media?parent=71583"}],"wp:term":[{"taxonomy":"product_brand","embeddable":true,"href":"https:\/\/hi-techwonder.com\/es\/wp-json\/wp\/v2\/product_brand?post=71583"},{"taxonomy":"product_cat","embeddable":true,"href":"https:\/\/hi-techwonder.com\/es\/wp-json\/wp\/v2\/product_cat?post=71583"},{"taxonomy":"product_tag","embeddable":true,"href":"https:\/\/hi-techwonder.com\/es\/wp-json\/wp\/v2\/product_tag?post=71583"}],"curies":[{"name":"wp","href":"https:\/\/api.w.org\/{rel}","templated":true}]}}