{"id":71591,"date":"2025-07-28T23:24:35","date_gmt":"2025-07-28T23:24:35","guid":{"rendered":"https:\/\/fv6qoy3ls0.wpdns.site\/produto\/empunaduras-de-filtro-caruba-46-62mm-paquete-de-2\/"},"modified":"2026-01-31T04:00:39","modified_gmt":"2026-01-31T04:00:39","slug":"caruba-empunaduras-de-filtro-caruba-46-62mm-paquete-de-2","status":"publish","type":"product","link":"https:\/\/hi-techwonder.com\/es\/producto\/caruba-empunaduras-de-filtro-caruba-46-62mm-paquete-de-2\/","title":{"rendered":"Empu\u00f1aduras de filtro CARUBA 46-62mm (paquete de 2)"},"content":{"rendered":"<p style=\"margin-bottom: 0cm\"><strong>Empu\u00f1aduras de filtro CARUBA 46-62mm (paquete de 2)<\/strong><\/p>\n<p style=\"margin-bottom: 0cm\"><strong>Funciones:<\/strong><\/p>\n<p><strong> <\/strong><\/p>\n<ul>\n<li>Ayuda a eliminar los filtros bloqueados<\/li>\n<li>Dise\u00f1o ergon\u00f3mico para un uso c\u00f3modo<\/li>\n<\/ul>\n<p style=\"margin-bottom: 0cm\"><strong>Contenido del paquete:<\/strong><\/p>\n<p><strong> <\/strong><\/p>\n<ul>\n<li>2 x Abrazadera de filtro 46-62 mm<\/li>\n<\/ul>\n<p style=\"margin-bottom: 0cm\">Juego de dos agarres para desenroscar de forma segura los filtros demasiado apretados.<\/p>\n<p style=\"margin-bottom: 0cm\">Necesita ambas unidades juntas cuando desea apretar o aflojar un filtro.<\/p>\n<p style=\"margin-bottom: 0cm\">Aplicable a filtros de entre 46 y 62 mm de di\u00e1metro.<\/p>\n<p style=\"margin-bottom: 0cm\"><strong>Caracter\u00edsticas t\u00e9cnicas:<\/strong><\/p>\n<table border=\"0\" width=\"100%\" cellspacing=\"0\" cellpadding=\"2\">\n<colgroup>\n<col width=\"105*\">\n<col width=\"151*\"> <\/colgroup>\n<tbody>\n<tr>\n<td width=\"41%\">\n<p style=\"border: none;padding: 0cm;font-weight: normal\" align=\"LEFT\">Compatibilidad<\/p>\n<\/td>\n<td width=\"59%\">\n<p style=\"border: none;padding: 0cm\">Filtros de 46 a 62 mm de di\u00e1metro<\/p>\n<\/td>\n<\/tr>\n<tr>\n<td width=\"41%\">\n<p style=\"border: none;padding: 0cm;font-weight: normal\" align=\"LEFT\">Construcci\u00f3n<\/p>\n<\/td>\n<td width=\"59%\">\n<p style=\"border: none;padding: 0cm;font-weight: normal\">Pl\u00e1stico<\/p>\n<\/td>\n<\/tr>\n<\/tbody>\n<\/table>\n","protected":false},"excerpt":{"rendered":"<p>Empu\u00f1aduras de filtro CARUBA 46-62mm (paquete de 2) Funciones: Ayuda a eliminar los filtros bloqueados Dise\u00f1o ergon\u00f3mico para un uso<\/p>\n","protected":false},"featured_media":21426,"comment_status":"closed","ping_status":"open","template":"","meta":{"_acf_changed":false},"product_brand":[2546],"product_cat":[1044],"product_tag":[],"class_list":{"0":"post-71591","1":"product","2":"type-product","3":"status-publish","4":"has-post-thumbnail","6":"product_brand-caruba-es","7":"product_cat-accesorios-filtros-circulares","9":"first","10":"instock","11":"taxable","12":"shipping-taxable","13":"purchasable","14":"product-type-simple"},"bundled_by":[],"bundle_stock_status":"instock","bundle_stock_quantity":1,"bundle_virtual":false,"bundle_layout":"","bundle_add_to_cart_form_location":"","bundle_editable_in_cart":false,"bundle_sold_individually_context":"","bundle_item_grouping":"","bundle_min_size":"","bundle_max_size":"","bundle_price":[],"bundled_items":[],"bundle_sell_ids":[],"acf":[],"_links":{"self":[{"href":"https:\/\/hi-techwonder.com\/es\/wp-json\/wp\/v2\/product\/71591","targetHints":{"allow":["GET"]}}],"collection":[{"href":"https:\/\/hi-techwonder.com\/es\/wp-json\/wp\/v2\/product"}],"about":[{"href":"https:\/\/hi-techwonder.com\/es\/wp-json\/wp\/v2\/types\/product"}],"replies":[{"embeddable":true,"href":"https:\/\/hi-techwonder.com\/es\/wp-json\/wp\/v2\/comments?post=71591"}],"wp:featuredmedia":[{"embeddable":true,"href":"https:\/\/hi-techwonder.com\/es\/wp-json\/wp\/v2\/media\/21426"}],"wp:attachment":[{"href":"https:\/\/hi-techwonder.com\/es\/wp-json\/wp\/v2\/media?parent=71591"}],"wp:term":[{"taxonomy":"product_brand","embeddable":true,"href":"https:\/\/hi-techwonder.com\/es\/wp-json\/wp\/v2\/product_brand?post=71591"},{"taxonomy":"product_cat","embeddable":true,"href":"https:\/\/hi-techwonder.com\/es\/wp-json\/wp\/v2\/product_cat?post=71591"},{"taxonomy":"product_tag","embeddable":true,"href":"https:\/\/hi-techwonder.com\/es\/wp-json\/wp\/v2\/product_tag?post=71591"}],"curies":[{"name":"wp","href":"https:\/\/api.w.org\/{rel}","templated":true}]}}