{"id":71592,"date":"2025-07-29T09:02:19","date_gmt":"2025-07-29T09:02:19","guid":{"rendered":"https:\/\/fv6qoy3ls0.wpdns.site\/produto\/anillo-inversor-caruba-52mm-canon\/"},"modified":"2026-01-31T02:46:22","modified_gmt":"2026-01-31T02:46:22","slug":"caruba-anillo-inversor-caruba-52mm-canon","status":"publish","type":"product","link":"https:\/\/hi-techwonder.com\/es\/producto\/caruba-anillo-inversor-caruba-52mm-canon\/","title":{"rendered":"Anillo inversor CARUBA 52mm Canon"},"content":{"rendered":"<p style=\"text-align: justify\"><span style=\"font-size: small\">Anillos inversos Caruba rosca en un lado para adaptarse a la rosca del filtro de su lente. El otro lado tiene una montura como la lente de la c\u00e1mara. Atornille el adaptador en la rosca del filtro de su lente, g\u00edrelo y col\u00f3quelo en el cuerpo de la c\u00e1mara. Esto aumenta considerablemente las capacidades de rango de reproducci\u00f3n de macros.   <\/span><\/p>\n<p style=\"text-align: justify\"> <span style=\"font-size: small\">RR-EOS 52MM &#8212; Rosca de 52 mm con cuerpo CANON EOS<\/span><\/p>\n<p style=\"text-align: justify\"> <span style=\"font-size: small\"><strong>&nbsp;<\/strong><\/span><\/p>\n","protected":false},"excerpt":{"rendered":"<p>Anillos inversos Caruba rosca en un lado para adaptarse a la rosca del filtro de su lente. El otro lado<\/p>\n","protected":false},"featured_media":44441,"comment_status":"closed","ping_status":"open","template":"","meta":{"_acf_changed":false},"product_brand":[2546],"product_cat":[972],"product_tag":[],"class_list":{"0":"post-71592","1":"product","2":"type-product","3":"status-publish","4":"has-post-thumbnail","6":"product_brand-caruba-es","7":"product_cat-fotografia-macro-es","9":"first","10":"instock","11":"taxable","12":"shipping-taxable","13":"purchasable","14":"product-type-simple"},"bundled_by":[],"bundle_stock_status":"instock","bundle_stock_quantity":2,"bundle_virtual":false,"bundle_layout":"","bundle_add_to_cart_form_location":"","bundle_editable_in_cart":false,"bundle_sold_individually_context":"","bundle_item_grouping":"","bundle_min_size":"","bundle_max_size":"","bundle_price":[],"bundled_items":[],"bundle_sell_ids":[],"acf":[],"_links":{"self":[{"href":"https:\/\/hi-techwonder.com\/es\/wp-json\/wp\/v2\/product\/71592","targetHints":{"allow":["GET"]}}],"collection":[{"href":"https:\/\/hi-techwonder.com\/es\/wp-json\/wp\/v2\/product"}],"about":[{"href":"https:\/\/hi-techwonder.com\/es\/wp-json\/wp\/v2\/types\/product"}],"replies":[{"embeddable":true,"href":"https:\/\/hi-techwonder.com\/es\/wp-json\/wp\/v2\/comments?post=71592"}],"wp:featuredmedia":[{"embeddable":true,"href":"https:\/\/hi-techwonder.com\/es\/wp-json\/wp\/v2\/media\/44441"}],"wp:attachment":[{"href":"https:\/\/hi-techwonder.com\/es\/wp-json\/wp\/v2\/media?parent=71592"}],"wp:term":[{"taxonomy":"product_brand","embeddable":true,"href":"https:\/\/hi-techwonder.com\/es\/wp-json\/wp\/v2\/product_brand?post=71592"},{"taxonomy":"product_cat","embeddable":true,"href":"https:\/\/hi-techwonder.com\/es\/wp-json\/wp\/v2\/product_cat?post=71592"},{"taxonomy":"product_tag","embeddable":true,"href":"https:\/\/hi-techwonder.com\/es\/wp-json\/wp\/v2\/product_tag?post=71592"}],"curies":[{"name":"wp","href":"https:\/\/api.w.org\/{rel}","templated":true}]}}