{"id":71596,"date":"2025-07-28T23:33:39","date_gmt":"2025-07-28T23:33:39","guid":{"rendered":"https:\/\/fv6qoy3ls0.wpdns.site\/produto\/adaptador-caruba-v-mount-para-baterias-np-f\/"},"modified":"2026-01-31T03:48:58","modified_gmt":"2026-01-31T03:48:58","slug":"caruba-adaptador-caruba-v-mount-para-baterias-np-f","status":"publish","type":"product","link":"https:\/\/hi-techwonder.com\/es\/producto\/caruba-adaptador-caruba-v-mount-para-baterias-np-f\/","title":{"rendered":"Adaptador CARUBA V-Mount para bater\u00edas NP-F"},"content":{"rendered":"<p>Adaptador V-Mount para bater\u00edas NP-F, compatible con bater\u00edas NP-F550\/570\/770\/970.<\/p>\n<p><strong>Especificaci\u00f3n<\/strong>:<\/p>\n<ul>\n<li>Salida: 13-16,8 V<\/li>\n<li>5,0 A (M\u00c1X.)<\/li>\n<li>Peso neto: 119g<\/li>\n<li>Tama\u00f1o: 12,5 * 9 * 2,5 cm<\/li>\n<\/ul>\n","protected":false},"excerpt":{"rendered":"<p>Adaptador V-Mount para bater\u00edas NP-F, compatible con bater\u00edas NP-F550\/570\/770\/970. Especificaci\u00f3n: Salida: 13-16,8 V 5,0 A (M\u00c1X.) Peso neto: 119g Tama\u00f1o:<\/p>\n","protected":false},"featured_media":23884,"comment_status":"closed","ping_status":"open","template":"","meta":{"_acf_changed":false},"product_brand":[2546],"product_cat":[876],"product_tag":[],"class_list":{"0":"post-71596","1":"product","2":"type-product","3":"status-publish","4":"has-post-thumbnail","6":"product_brand-caruba-es","7":"product_cat-cables-adaptadores","9":"first","10":"instock","11":"taxable","12":"shipping-taxable","13":"purchasable","14":"product-type-simple"},"bundled_by":[],"bundle_stock_status":"instock","bundle_stock_quantity":1,"bundle_virtual":false,"bundle_layout":"","bundle_add_to_cart_form_location":"","bundle_editable_in_cart":false,"bundle_sold_individually_context":"","bundle_item_grouping":"","bundle_min_size":"","bundle_max_size":"","bundle_price":[],"bundled_items":[],"bundle_sell_ids":[],"acf":[],"_links":{"self":[{"href":"https:\/\/hi-techwonder.com\/es\/wp-json\/wp\/v2\/product\/71596","targetHints":{"allow":["GET"]}}],"collection":[{"href":"https:\/\/hi-techwonder.com\/es\/wp-json\/wp\/v2\/product"}],"about":[{"href":"https:\/\/hi-techwonder.com\/es\/wp-json\/wp\/v2\/types\/product"}],"replies":[{"embeddable":true,"href":"https:\/\/hi-techwonder.com\/es\/wp-json\/wp\/v2\/comments?post=71596"}],"wp:featuredmedia":[{"embeddable":true,"href":"https:\/\/hi-techwonder.com\/es\/wp-json\/wp\/v2\/media\/23884"}],"wp:attachment":[{"href":"https:\/\/hi-techwonder.com\/es\/wp-json\/wp\/v2\/media?parent=71596"}],"wp:term":[{"taxonomy":"product_brand","embeddable":true,"href":"https:\/\/hi-techwonder.com\/es\/wp-json\/wp\/v2\/product_brand?post=71596"},{"taxonomy":"product_cat","embeddable":true,"href":"https:\/\/hi-techwonder.com\/es\/wp-json\/wp\/v2\/product_cat?post=71596"},{"taxonomy":"product_tag","embeddable":true,"href":"https:\/\/hi-techwonder.com\/es\/wp-json\/wp\/v2\/product_tag?post=71596"}],"curies":[{"name":"wp","href":"https:\/\/api.w.org\/{rel}","templated":true}]}}