{"id":71597,"date":"2025-07-29T09:02:16","date_gmt":"2025-07-29T09:02:16","guid":{"rendered":"https:\/\/fv6qoy3ls0.wpdns.site\/produto\/anillo-inversor-caruba-58mm-canon\/"},"modified":"2026-04-07T17:35:12","modified_gmt":"2026-04-07T16:35:12","slug":"caruba-anillo-inversor-caruba-58mm-canon","status":"publish","type":"product","link":"https:\/\/hi-techwonder.com\/es\/producto\/caruba-anillo-inversor-caruba-58mm-canon\/","title":{"rendered":"Anillo inversor CARUBA 58mm Canon"},"content":{"rendered":"<p>Graba macro a bajo precio montando un objetivo al rev\u00e9s en el cuerpo de <strong>Canon<\/strong>.<\/p>\n<p>Con este anillo, puede convertir cualquier lente en una lente macro de gran aumento con buena calidad de imagen. <\/p>\n<p>Este anillo de inversi\u00f3n est\u00e1 preparado para lentes con rosca frontal de 58 mm, para otros di\u00e1metros use el adaptador de filtro respectivo.<\/p>\n<p>La gran ventaja de este macro equipo es la inversi\u00f3n extremadamente baja<br \/>En comparaci\u00f3n con el resultado, depende solo de la calidad de la lente.<\/p>\n<p>Se puede utilizar incluso cualquier lente, independientemente de la marca y el sistema,<br \/>ya sea enfoque autom\u00e1tico o manual.<\/p>\n<p>Recomendamos lentes con un gran angular a una distancia focal normal,<br \/>preferiblemente fijo.<\/p>\n<p>Una lente manual tiene la ventaja del ajuste del diafragma por s\u00ed sola.<\/p>\n<p>Se deben elegir aperturas entre f8 y f16 para obtener una buena profundidad de campo.<\/p>\n<p>Esencial para obtener buenos resultados es tambi\u00e9n el uso de un tr\u00edpode y un disparador de cable.<\/p>\n<p>El enfoque y la apertura se ajustan manualmente.<\/p>\n<p><strong>Modelos compatibles<\/strong>:<br \/>Canon EOS: 1100D, 1000D, 600D, 550D, 500D, 450D, 400D, 350D, 300D <br \/>Canon EOS: 60D, 50D, 40D, 30D, 20D, 10D, 7D, 5D, 5D Mark II <br \/>Canon EOS: 1D, 1Ds, 1D Mark II, 1Ds Mark II, 1D Mark II N, 1D Mark III, 1Ds Mark III <br \/>y as\u00ed sucesivamente<\/p>\n","protected":false},"excerpt":{"rendered":"<p>Graba macro a bajo precio montando un objetivo al rev\u00e9s en el cuerpo de Canon. Con este anillo, puede convertir<\/p>\n","protected":false},"featured_media":44435,"comment_status":"closed","ping_status":"open","template":"","meta":{"_acf_changed":false},"product_brand":[2546],"product_cat":[972],"product_tag":[],"class_list":{"0":"post-71597","1":"product","2":"type-product","3":"status-publish","4":"has-post-thumbnail","6":"product_brand-caruba-es","7":"product_cat-fotografia-macro-es","9":"first","10":"pre-order","11":"taxable","12":"shipping-taxable","13":"purchasable","14":"product-type-simple"},"bundled_by":[],"bundle_stock_status":"pre-order","bundle_stock_quantity":null,"bundle_virtual":false,"bundle_layout":"","bundle_add_to_cart_form_location":"","bundle_editable_in_cart":false,"bundle_sold_individually_context":"","bundle_item_grouping":"","bundle_min_size":"","bundle_max_size":"","bundle_price":[],"bundled_items":[],"bundle_sell_ids":[],"acf":[],"_links":{"self":[{"href":"https:\/\/hi-techwonder.com\/es\/wp-json\/wp\/v2\/product\/71597","targetHints":{"allow":["GET"]}}],"collection":[{"href":"https:\/\/hi-techwonder.com\/es\/wp-json\/wp\/v2\/product"}],"about":[{"href":"https:\/\/hi-techwonder.com\/es\/wp-json\/wp\/v2\/types\/product"}],"replies":[{"embeddable":true,"href":"https:\/\/hi-techwonder.com\/es\/wp-json\/wp\/v2\/comments?post=71597"}],"wp:featuredmedia":[{"embeddable":true,"href":"https:\/\/hi-techwonder.com\/es\/wp-json\/wp\/v2\/media\/44435"}],"wp:attachment":[{"href":"https:\/\/hi-techwonder.com\/es\/wp-json\/wp\/v2\/media?parent=71597"}],"wp:term":[{"taxonomy":"product_brand","embeddable":true,"href":"https:\/\/hi-techwonder.com\/es\/wp-json\/wp\/v2\/product_brand?post=71597"},{"taxonomy":"product_cat","embeddable":true,"href":"https:\/\/hi-techwonder.com\/es\/wp-json\/wp\/v2\/product_cat?post=71597"},{"taxonomy":"product_tag","embeddable":true,"href":"https:\/\/hi-techwonder.com\/es\/wp-json\/wp\/v2\/product_tag?post=71597"}],"curies":[{"name":"wp","href":"https:\/\/api.w.org\/{rel}","templated":true}]}}